{"id":54476,"date":"2025-01-11T17:48:26","date_gmt":"2025-01-11T16:48:26","guid":{"rendered":"https:\/\/www.urbanbiker.com\/?post_type=product&#038;p=54476"},"modified":"2025-09-28T17:46:23","modified_gmt":"2025-09-28T15:46:23","slug":"jante-traseira-com-ubk-systems-x1-motor-para-sidney-26-28","status":"publish","type":"product","link":"https:\/\/www.urbanbiker.com\/pt-pt\/produto\/jante-traseira-com-ubk-systems-x1-motor-para-sidney-26-28\/","title":{"rendered":"Jante traseira com UBK Systems X1 motor para Sidney 26&#8243;\/28&#8243;"},"content":{"rendered":"\t\t<div data-elementor-type=\"wp-post\" data-elementor-id=\"54476\" class=\"elementor elementor-54476 elementor-54458\">\n\t\t\t\t\t\t<section class=\"elementor-section elementor-top-section elementor-element elementor-element-8dc6ae3 elementor-section-boxed elementor-section-height-default elementor-section-height-default\" data-id=\"8dc6ae3\" data-element_type=\"section\" data-e-type=\"section\">\n\t\t\t\t\t\t<div class=\"elementor-container elementor-column-gap-default\">\n\t\t\t\t\t<div class=\"elementor-column elementor-col-100 elementor-top-column elementor-element elementor-element-22bfcdf\" data-id=\"22bfcdf\" data-element_type=\"column\" data-e-type=\"column\">\n\t\t\t<div class=\"elementor-widget-wrap elementor-element-populated\">\n\t\t\t\t\n\t\t<div class=\"elementor-element elementor-element-acfa660 elementor-widget elementor-widget-text-editor\" data-id=\"acfa660\" data-element_type=\"widget\" data-e-type=\"widget\" data-widget_type=\"text-editor.default\">\n\t\t\t\t<div class=\"elementor-widget-container\">\n\t\t\t\t\t\t\t\t\t<p><strong>Importante: Pr\u00e9-diagn\u00f3stico<\/strong><\/p><p>Para garantir que compra a pe\u00e7a correta, \u00e9 essencial um diagn\u00f3stico preciso. Se o problema n\u00e3o for corretamente identificado, o componente pode n\u00e3o resolver a avaria ou pode mesmo danificar o sistema el\u00e9trico.<\/p><p>\u2757\u00a0<strong>N\u00e3o ser\u00e3o aceites devolu\u00e7\u00f5es<\/strong>\u00a0sem um diagn\u00f3stico pr\u00e9vio com a nossa equipa. Por favor, contacte os nossos agentes antes de comprar.<\/p>\t\t\t\t\t\t\t\t<\/div>\n\t\t\t\t<\/div>\n\t\t\t\t\t<\/div>\n\t\t<\/div>\n\t\t\t\t\t<\/div>\n\t\t<\/section>\n\t\t\t\t<\/div>\n\t\t","protected":false},"excerpt":{"rendered":"<h6><strong>Jante traseira com UBK Systems X1 motor para Sidney 26&#8243;\/28&#8243;<\/strong><\/h6>\n<p><strong>V\u00e1lido para modelos adquiridos a partir de 2022. UBK Systems X1 250W Motor<\/strong>, concebido para uma fiabilidade e durabilidade m\u00e1ximas. Funciona com um sistema de <strong>36V.<\/strong> Inclui raios e aro.<\/p>\n","protected":false},"featured_media":36363,"template":"","meta":[],"product_cat":[347,402,414],"product_tag":[],"class_list":{"0":"post-54476","1":"product","2":"type-product","3":"status-publish","4":"has-post-thumbnail","6":"product_cat-componentes","7":"product_cat-motores","8":"product_cat-rodas","9":"pa_ebike-sidney","10":"pa_tamano-rueda-26-pt-pt","11":"pa_tamano-rueda-28-pt-pt","13":"first","14":"instock","15":"taxable","16":"shipping-taxable","17":"purchasable","18":"product-type-variable"},"atum_controlled":true,"out_stock_date":null,"out_stock_threshold":null,"inheritable":true,"stock_on_hold":0,"sold_today":0,"sales_last_days":0,"out_stock_days":0,"lost_sales":0,"update_date":"2026-04-13T00:12:13","atum_locations":[],"atum_stock_status":"instock","restock_status":false,"low_stock_amount":"","sales_update_date":"2026-04-13T00:12:13","calc_backorders":null,"yoast_head":"<!-- This site is optimized with the Yoast SEO plugin v27.3 - https:\/\/yoast.com\/product\/yoast-seo-wordpress\/ -->\n<title>Jante traseira com UBK Systems X1 motor para Sidney 26&quot;\/28&quot;<\/title>\n<meta name=\"description\" content=\"Jante traseira com UBK Systems X1 motor para Sidney 26&quot;\/28&quot;. UBK Systems X1 250W Motor, concebido para uma fiabilidade e durabilidade m\u00e1ximas.\" \/>\n<meta name=\"robots\" content=\"index, follow, max-snippet:-1, max-image-preview:large, max-video-preview:-1\" \/>\n<link rel=\"canonical\" href=\"https:\/\/www.urbanbiker.com\/pt-pt\/produto\/jante-traseira-com-ubk-systems-x1-motor-para-sidney-26-28\/\" \/>\n<meta property=\"og:locale\" content=\"pt_PT\" \/>\n<meta property=\"og:type\" content=\"article\" \/>\n<meta property=\"og:title\" content=\"Jante traseira com UBK Systems X1 motor para Sidney 26&quot;\/28&quot;\" \/>\n<meta property=\"og:description\" content=\"Jante traseira com UBK Systems X1 motor para Sidney 26&quot;\/28&quot;. UBK Systems X1 250W Motor, concebido para uma fiabilidade e durabilidade m\u00e1ximas.\" \/>\n<meta property=\"og:url\" content=\"https:\/\/www.urbanbiker.com\/pt-pt\/produto\/jante-traseira-com-ubk-systems-x1-motor-para-sidney-26-28\/\" \/>\n<meta property=\"og:site_name\" content=\"UrbanBiker\" \/>\n<meta property=\"article:publisher\" content=\"https:\/\/www.facebook.com\/Urbanbikerbiciselectricas\" \/>\n<meta property=\"article:modified_time\" content=\"2025-09-28T15:46:23+00:00\" \/>\n<meta property=\"og:image\" content=\"http:\/\/www.urbanbiker.com\/wp-content\/uploads\/2025\/02\/Llanta-trasera-Dakota-con-motor-X2.png\" \/>\n\t<meta property=\"og:image:width\" content=\"1000\" \/>\n\t<meta property=\"og:image:height\" content=\"1000\" \/>\n\t<meta property=\"og:image:type\" content=\"image\/png\" \/>\n<meta name=\"twitter:card\" content=\"summary_large_image\" \/>\n<meta name=\"twitter:label1\" content=\"Tempo estimado de leitura\" \/>\n\t<meta name=\"twitter:data1\" content=\"1 minuto\" \/>\n<script type=\"application\/ld+json\" class=\"yoast-schema-graph\">{\"@context\":\"https:\\\/\\\/schema.org\",\"@graph\":[{\"@type\":\"WebPage\",\"@id\":\"https:\\\/\\\/www.urbanbiker.com\\\/pt-pt\\\/produto\\\/jante-traseira-com-ubk-systems-x1-motor-para-sidney-26-28\\\/\",\"url\":\"https:\\\/\\\/www.urbanbiker.com\\\/pt-pt\\\/produto\\\/jante-traseira-com-ubk-systems-x1-motor-para-sidney-26-28\\\/\",\"name\":\"Jante traseira com UBK Systems X1 motor para Sidney 26\\\"\\\/28\\\"\",\"isPartOf\":{\"@id\":\"https:\\\/\\\/www.urbanbiker.com\\\/pt-pt\\\/#website\"},\"primaryImageOfPage\":{\"@id\":\"https:\\\/\\\/www.urbanbiker.com\\\/pt-pt\\\/produto\\\/jante-traseira-com-ubk-systems-x1-motor-para-sidney-26-28\\\/#primaryimage\"},\"image\":{\"@id\":\"https:\\\/\\\/www.urbanbiker.com\\\/pt-pt\\\/produto\\\/jante-traseira-com-ubk-systems-x1-motor-para-sidney-26-28\\\/#primaryimage\"},\"thumbnailUrl\":\"https:\\\/\\\/www.urbanbiker.com\\\/wp-content\\\/uploads\\\/2025\\\/02\\\/Llanta-trasera-Dakota-con-motor-X2.png\",\"datePublished\":\"2025-01-11T16:48:26+00:00\",\"dateModified\":\"2025-09-28T15:46:23+00:00\",\"description\":\"Jante traseira com UBK Systems X1 motor para Sidney 26\\\"\\\/28\\\". UBK Systems X1 250W Motor, concebido para uma fiabilidade e durabilidade m\u00e1ximas.\",\"breadcrumb\":{\"@id\":\"https:\\\/\\\/www.urbanbiker.com\\\/pt-pt\\\/produto\\\/jante-traseira-com-ubk-systems-x1-motor-para-sidney-26-28\\\/#breadcrumb\"},\"inLanguage\":\"pt-PT\",\"potentialAction\":[{\"@type\":\"ReadAction\",\"target\":[\"https:\\\/\\\/www.urbanbiker.com\\\/pt-pt\\\/produto\\\/jante-traseira-com-ubk-systems-x1-motor-para-sidney-26-28\\\/\"]}]},{\"@type\":\"ImageObject\",\"inLanguage\":\"pt-PT\",\"@id\":\"https:\\\/\\\/www.urbanbiker.com\\\/pt-pt\\\/produto\\\/jante-traseira-com-ubk-systems-x1-motor-para-sidney-26-28\\\/#primaryimage\",\"url\":\"https:\\\/\\\/www.urbanbiker.com\\\/wp-content\\\/uploads\\\/2025\\\/02\\\/Llanta-trasera-Dakota-con-motor-X2.png\",\"contentUrl\":\"https:\\\/\\\/www.urbanbiker.com\\\/wp-content\\\/uploads\\\/2025\\\/02\\\/Llanta-trasera-Dakota-con-motor-X2.png\",\"width\":1000,\"height\":1000,\"caption\":\"Roda traseira Dakota com motor X2\"},{\"@type\":\"BreadcrumbList\",\"@id\":\"https:\\\/\\\/www.urbanbiker.com\\\/pt-pt\\\/produto\\\/jante-traseira-com-ubk-systems-x1-motor-para-sidney-26-28\\\/#breadcrumb\",\"itemListElement\":[{\"@type\":\"ListItem\",\"position\":1,\"name\":\"Portada\",\"item\":\"https:\\\/\\\/www.urbanbiker.com\\\/pt-pt\\\/\"},{\"@type\":\"ListItem\",\"position\":2,\"name\":\"Loja Bicicletas El\u00e9ctricas\",\"item\":\"https:\\\/\\\/www.urbanbiker.com\\\/pt-pt\\\/ebike-shop\\\/\"},{\"@type\":\"ListItem\",\"position\":3,\"name\":\"Jante traseira com UBK Systems X1 motor para Sidney 26&#8243;\\\/28&#8243;\"}]},{\"@type\":\"WebSite\",\"@id\":\"https:\\\/\\\/www.urbanbiker.com\\\/pt-pt\\\/#website\",\"url\":\"https:\\\/\\\/www.urbanbiker.com\\\/pt-pt\\\/\",\"name\":\"UrbanBiker\",\"description\":\"Bicicletas el\u00e9ctricas\",\"publisher\":{\"@id\":\"https:\\\/\\\/www.urbanbiker.com\\\/pt-pt\\\/#organization\"},\"potentialAction\":[{\"@type\":\"SearchAction\",\"target\":{\"@type\":\"EntryPoint\",\"urlTemplate\":\"https:\\\/\\\/www.urbanbiker.com\\\/pt-pt\\\/?s={search_term_string}\"},\"query-input\":{\"@type\":\"PropertyValueSpecification\",\"valueRequired\":true,\"valueName\":\"search_term_string\"}}],\"inLanguage\":\"pt-PT\"},{\"@type\":\"Organization\",\"@id\":\"https:\\\/\\\/www.urbanbiker.com\\\/pt-pt\\\/#organization\",\"name\":\"UrbanBiker\",\"url\":\"https:\\\/\\\/www.urbanbiker.com\\\/pt-pt\\\/\",\"logo\":{\"@type\":\"ImageObject\",\"inLanguage\":\"pt-PT\",\"@id\":\"https:\\\/\\\/www.urbanbiker.com\\\/pt-pt\\\/#\\\/schema\\\/logo\\\/image\\\/\",\"url\":\"https:\\\/\\\/www.urbanbiker.com\\\/wp-content\\\/uploads\\\/2022\\\/09\\\/Logo-principal-sin-fondo.png\",\"contentUrl\":\"https:\\\/\\\/www.urbanbiker.com\\\/wp-content\\\/uploads\\\/2022\\\/09\\\/Logo-principal-sin-fondo.png\",\"width\":2560,\"height\":934,\"caption\":\"UrbanBiker\"},\"image\":{\"@id\":\"https:\\\/\\\/www.urbanbiker.com\\\/pt-pt\\\/#\\\/schema\\\/logo\\\/image\\\/\"},\"sameAs\":[\"https:\\\/\\\/www.facebook.com\\\/Urbanbikerbiciselectricas\",\"https:\\\/\\\/www.instagram.com\\\/urbanbiker_\\\/\",\"https:\\\/\\\/www.linkedin.com\\\/company\\\/2454235\",\"https:\\\/\\\/www.youtube.com\\\/channel\\\/UCWR__uH_RWJF-OhPfz-9-Qw\"]}]}<\/script>\n<!-- \/ Yoast SEO plugin. -->","yoast_head_json":{"title":"Jante traseira com UBK Systems X1 motor para Sidney 26\"\/28\"","description":"Jante traseira com UBK Systems X1 motor para Sidney 26\"\/28\". UBK Systems X1 250W Motor, concebido para uma fiabilidade e durabilidade m\u00e1ximas.","robots":{"index":"index","follow":"follow","max-snippet":"max-snippet:-1","max-image-preview":"max-image-preview:large","max-video-preview":"max-video-preview:-1"},"canonical":"https:\/\/www.urbanbiker.com\/pt-pt\/produto\/jante-traseira-com-ubk-systems-x1-motor-para-sidney-26-28\/","og_locale":"pt_PT","og_type":"article","og_title":"Jante traseira com UBK Systems X1 motor para Sidney 26\"\/28\"","og_description":"Jante traseira com UBK Systems X1 motor para Sidney 26\"\/28\". UBK Systems X1 250W Motor, concebido para uma fiabilidade e durabilidade m\u00e1ximas.","og_url":"https:\/\/www.urbanbiker.com\/pt-pt\/produto\/jante-traseira-com-ubk-systems-x1-motor-para-sidney-26-28\/","og_site_name":"UrbanBiker","article_publisher":"https:\/\/www.facebook.com\/Urbanbikerbiciselectricas","article_modified_time":"2025-09-28T15:46:23+00:00","og_image":[{"width":1000,"height":1000,"url":"http:\/\/www.urbanbiker.com\/wp-content\/uploads\/2025\/02\/Llanta-trasera-Dakota-con-motor-X2.png","type":"image\/png"}],"twitter_card":"summary_large_image","twitter_misc":{"Tempo estimado de leitura":"1 minuto"},"schema":{"@context":"https:\/\/schema.org","@graph":[{"@type":"WebPage","@id":"https:\/\/www.urbanbiker.com\/pt-pt\/produto\/jante-traseira-com-ubk-systems-x1-motor-para-sidney-26-28\/","url":"https:\/\/www.urbanbiker.com\/pt-pt\/produto\/jante-traseira-com-ubk-systems-x1-motor-para-sidney-26-28\/","name":"Jante traseira com UBK Systems X1 motor para Sidney 26\"\/28\"","isPartOf":{"@id":"https:\/\/www.urbanbiker.com\/pt-pt\/#website"},"primaryImageOfPage":{"@id":"https:\/\/www.urbanbiker.com\/pt-pt\/produto\/jante-traseira-com-ubk-systems-x1-motor-para-sidney-26-28\/#primaryimage"},"image":{"@id":"https:\/\/www.urbanbiker.com\/pt-pt\/produto\/jante-traseira-com-ubk-systems-x1-motor-para-sidney-26-28\/#primaryimage"},"thumbnailUrl":"https:\/\/www.urbanbiker.com\/wp-content\/uploads\/2025\/02\/Llanta-trasera-Dakota-con-motor-X2.png","datePublished":"2025-01-11T16:48:26+00:00","dateModified":"2025-09-28T15:46:23+00:00","description":"Jante traseira com UBK Systems X1 motor para Sidney 26\"\/28\". UBK Systems X1 250W Motor, concebido para uma fiabilidade e durabilidade m\u00e1ximas.","breadcrumb":{"@id":"https:\/\/www.urbanbiker.com\/pt-pt\/produto\/jante-traseira-com-ubk-systems-x1-motor-para-sidney-26-28\/#breadcrumb"},"inLanguage":"pt-PT","potentialAction":[{"@type":"ReadAction","target":["https:\/\/www.urbanbiker.com\/pt-pt\/produto\/jante-traseira-com-ubk-systems-x1-motor-para-sidney-26-28\/"]}]},{"@type":"ImageObject","inLanguage":"pt-PT","@id":"https:\/\/www.urbanbiker.com\/pt-pt\/produto\/jante-traseira-com-ubk-systems-x1-motor-para-sidney-26-28\/#primaryimage","url":"https:\/\/www.urbanbiker.com\/wp-content\/uploads\/2025\/02\/Llanta-trasera-Dakota-con-motor-X2.png","contentUrl":"https:\/\/www.urbanbiker.com\/wp-content\/uploads\/2025\/02\/Llanta-trasera-Dakota-con-motor-X2.png","width":1000,"height":1000,"caption":"Roda traseira Dakota com motor X2"},{"@type":"BreadcrumbList","@id":"https:\/\/www.urbanbiker.com\/pt-pt\/produto\/jante-traseira-com-ubk-systems-x1-motor-para-sidney-26-28\/#breadcrumb","itemListElement":[{"@type":"ListItem","position":1,"name":"Portada","item":"https:\/\/www.urbanbiker.com\/pt-pt\/"},{"@type":"ListItem","position":2,"name":"Loja Bicicletas El\u00e9ctricas","item":"https:\/\/www.urbanbiker.com\/pt-pt\/ebike-shop\/"},{"@type":"ListItem","position":3,"name":"Jante traseira com UBK Systems X1 motor para Sidney 26&#8243;\/28&#8243;"}]},{"@type":"WebSite","@id":"https:\/\/www.urbanbiker.com\/pt-pt\/#website","url":"https:\/\/www.urbanbiker.com\/pt-pt\/","name":"UrbanBiker","description":"Bicicletas el\u00e9ctricas","publisher":{"@id":"https:\/\/www.urbanbiker.com\/pt-pt\/#organization"},"potentialAction":[{"@type":"SearchAction","target":{"@type":"EntryPoint","urlTemplate":"https:\/\/www.urbanbiker.com\/pt-pt\/?s={search_term_string}"},"query-input":{"@type":"PropertyValueSpecification","valueRequired":true,"valueName":"search_term_string"}}],"inLanguage":"pt-PT"},{"@type":"Organization","@id":"https:\/\/www.urbanbiker.com\/pt-pt\/#organization","name":"UrbanBiker","url":"https:\/\/www.urbanbiker.com\/pt-pt\/","logo":{"@type":"ImageObject","inLanguage":"pt-PT","@id":"https:\/\/www.urbanbiker.com\/pt-pt\/#\/schema\/logo\/image\/","url":"https:\/\/www.urbanbiker.com\/wp-content\/uploads\/2022\/09\/Logo-principal-sin-fondo.png","contentUrl":"https:\/\/www.urbanbiker.com\/wp-content\/uploads\/2022\/09\/Logo-principal-sin-fondo.png","width":2560,"height":934,"caption":"UrbanBiker"},"image":{"@id":"https:\/\/www.urbanbiker.com\/pt-pt\/#\/schema\/logo\/image\/"},"sameAs":["https:\/\/www.facebook.com\/Urbanbikerbiciselectricas","https:\/\/www.instagram.com\/urbanbiker_\/","https:\/\/www.linkedin.com\/company\/2454235","https:\/\/www.youtube.com\/channel\/UCWR__uH_RWJF-OhPfz-9-Qw"]}]}},"_links":{"self":[{"href":"https:\/\/www.urbanbiker.com\/pt-pt\/wp-json\/wp\/v2\/product\/54476","targetHints":{"allow":["GET"]}}],"collection":[{"href":"https:\/\/www.urbanbiker.com\/pt-pt\/wp-json\/wp\/v2\/product"}],"about":[{"href":"https:\/\/www.urbanbiker.com\/pt-pt\/wp-json\/wp\/v2\/types\/product"}],"version-history":[{"count":1,"href":"https:\/\/www.urbanbiker.com\/pt-pt\/wp-json\/wp\/v2\/product\/54476\/revisions"}],"predecessor-version":[{"id":54501,"href":"https:\/\/www.urbanbiker.com\/pt-pt\/wp-json\/wp\/v2\/product\/54476\/revisions\/54501"}],"wp:featuredmedia":[{"embeddable":true,"href":"https:\/\/www.urbanbiker.com\/pt-pt\/wp-json\/wp\/v2\/media\/36363"}],"wp:attachment":[{"href":"https:\/\/www.urbanbiker.com\/pt-pt\/wp-json\/wp\/v2\/media?parent=54476"}],"wp:term":[{"taxonomy":"product_cat","embeddable":true,"href":"https:\/\/www.urbanbiker.com\/pt-pt\/wp-json\/wp\/v2\/product_cat?post=54476"},{"taxonomy":"product_tag","embeddable":true,"href":"https:\/\/www.urbanbiker.com\/pt-pt\/wp-json\/wp\/v2\/product_tag?post=54476"}],"curies":[{"name":"wp","href":"https:\/\/api.w.org\/{rel}","templated":true}]}}