{"id":52752,"date":"2025-02-21T14:28:13","date_gmt":"2025-02-21T13:28:13","guid":{"rendered":"https:\/\/www.urbanbiker.com\/?post_type=product&#038;p=52752"},"modified":"2025-10-02T09:42:39","modified_gmt":"2025-10-02T07:42:39","slug":"pneus-maxxis-forekaster-26-28","status":"publish","type":"product","link":"https:\/\/www.urbanbiker.com\/pt-pt\/produto\/pneus-maxxis-forekaster-26-28\/","title":{"rendered":"Pneus Maxxis Forekaster 26&#8243;\/28&#8243;"},"content":{"rendered":"","protected":false},"excerpt":{"rendered":"<h6><strong>Pneus Maxxis Forekaster 26\u201c\/28\u201d<\/strong><\/h6>\n<p><strong>Compat\u00edveis com as bicicletas el\u00e9tricas UrbanBiker Viena, Sidney (PLUS) e UB200<\/strong>. O seu perfil arredondado proporciona conforto e manobrabilidade. Os seus tacos centrais largos e baixos oferecem o desempenho necess\u00e1rio para ir longe sem ter de ficar na estrada. Por \u00faltimo, a sua parte lateral dividida e estriada proporciona a ader\u00eancia necess\u00e1ria em todas as condi\u00e7\u00f5es.<\/p>\n","protected":false},"featured_media":0,"template":"","meta":[],"product_cat":[347,414],"product_tag":[],"class_list":{"0":"post-52752","1":"product","2":"type-product","3":"status-publish","5":"product_cat-componentes","6":"product_cat-rodas","7":"pa_ebike-sidney","8":"pa_ebike-sidney-plus","9":"pa_ebike-ub200","10":"pa_ebike-viena","11":"pa_tamano-rueda-26-pt-pt","12":"pa_tamano-rueda-28-pt-pt","14":"first","15":"instock","16":"taxable","17":"shipping-taxable","18":"purchasable","19":"product-type-variable"},"atum_controlled":true,"out_stock_date":null,"out_stock_threshold":null,"inheritable":true,"stock_on_hold":2,"sold_today":0,"sales_last_days":0,"out_stock_days":0,"lost_sales":0,"update_date":"2026-04-21T00:25:05","atum_locations":[],"atum_stock_status":"instock","restock_status":false,"low_stock_amount":"","sales_update_date":"2026-04-21T00:25:05","calc_backorders":null,"yoast_head":"<!-- This site is optimized with the Yoast SEO plugin v27.4 - https:\/\/yoast.com\/product\/yoast-seo-wordpress\/ -->\n<title>Pneus Maxxis Forekaster 26\u201c\/28\u201d | UrbanBiker Acess\u00f3rios<\/title>\n<meta name=\"description\" content=\"Pneus Maxxis Forekaster 26\u201cx2.15 \/ 28\u201dx2.00. Compat\u00edvel com as bicicletas el\u00e9ctricas UrbanBiker Sidney, Sidney PLUS, Viena e UB200. | UrbanBiker\" \/>\n<meta name=\"robots\" content=\"index, follow, max-snippet:-1, max-image-preview:large, max-video-preview:-1\" \/>\n<link rel=\"canonical\" href=\"https:\/\/www.urbanbiker.com\/pt-pt\/produto\/pneus-maxxis-forekaster-26-28\/\" \/>\n<meta property=\"og:locale\" content=\"pt_PT\" \/>\n<meta property=\"og:type\" content=\"article\" \/>\n<meta property=\"og:title\" content=\"Pneus Maxxis Forekaster 26\u201c\/28\u201d | UrbanBiker Acess\u00f3rios\" \/>\n<meta property=\"og:description\" content=\"Pneus Maxxis Forekaster 26\u201cx2.15 \/ 28\u201dx2.00. Compat\u00edvel com as bicicletas el\u00e9ctricas UrbanBiker Sidney, Sidney PLUS, Viena e UB200. | UrbanBiker\" \/>\n<meta property=\"og:url\" content=\"https:\/\/www.urbanbiker.com\/pt-pt\/produto\/pneus-maxxis-forekaster-26-28\/\" \/>\n<meta property=\"og:site_name\" content=\"UrbanBiker\" \/>\n<meta property=\"article:publisher\" content=\"https:\/\/www.facebook.com\/Urbanbikerbiciselectricas\" \/>\n<meta property=\"article:modified_time\" content=\"2025-10-02T07:42:39+00:00\" \/>\n<meta name=\"twitter:card\" content=\"summary_large_image\" \/>\n<script type=\"application\/ld+json\" class=\"yoast-schema-graph\">{\"@context\":\"https:\\\/\\\/schema.org\",\"@graph\":[{\"@type\":\"WebPage\",\"@id\":\"https:\\\/\\\/www.urbanbiker.com\\\/pt-pt\\\/produto\\\/pneus-maxxis-forekaster-26-28\\\/\",\"url\":\"https:\\\/\\\/www.urbanbiker.com\\\/pt-pt\\\/produto\\\/pneus-maxxis-forekaster-26-28\\\/\",\"name\":\"Pneus Maxxis Forekaster 26\u201c\\\/28\u201d | UrbanBiker Acess\u00f3rios\",\"isPartOf\":{\"@id\":\"https:\\\/\\\/www.urbanbiker.com\\\/pt-pt\\\/#website\"},\"datePublished\":\"2025-02-21T13:28:13+00:00\",\"dateModified\":\"2025-10-02T07:42:39+00:00\",\"description\":\"Pneus Maxxis Forekaster 26\u201cx2.15 \\\/ 28\u201dx2.00. Compat\u00edvel com as bicicletas el\u00e9ctricas UrbanBiker Sidney, Sidney PLUS, Viena e UB200. | UrbanBiker\",\"breadcrumb\":{\"@id\":\"https:\\\/\\\/www.urbanbiker.com\\\/pt-pt\\\/produto\\\/pneus-maxxis-forekaster-26-28\\\/#breadcrumb\"},\"inLanguage\":\"pt-PT\",\"potentialAction\":[{\"@type\":\"ReadAction\",\"target\":[\"https:\\\/\\\/www.urbanbiker.com\\\/pt-pt\\\/produto\\\/pneus-maxxis-forekaster-26-28\\\/\"]}]},{\"@type\":\"BreadcrumbList\",\"@id\":\"https:\\\/\\\/www.urbanbiker.com\\\/pt-pt\\\/produto\\\/pneus-maxxis-forekaster-26-28\\\/#breadcrumb\",\"itemListElement\":[{\"@type\":\"ListItem\",\"position\":1,\"name\":\"Portada\",\"item\":\"https:\\\/\\\/www.urbanbiker.com\\\/pt-pt\\\/\"},{\"@type\":\"ListItem\",\"position\":2,\"name\":\"Loja Bicicletas El\u00e9ctricas\",\"item\":\"https:\\\/\\\/www.urbanbiker.com\\\/pt-pt\\\/ebike-shop\\\/\"},{\"@type\":\"ListItem\",\"position\":3,\"name\":\"Pneus Maxxis Forekaster 26&#8243;\\\/28&#8243;\"}]},{\"@type\":\"WebSite\",\"@id\":\"https:\\\/\\\/www.urbanbiker.com\\\/pt-pt\\\/#website\",\"url\":\"https:\\\/\\\/www.urbanbiker.com\\\/pt-pt\\\/\",\"name\":\"UrbanBiker\",\"description\":\"Bicicletas el\u00e9ctricas\",\"publisher\":{\"@id\":\"https:\\\/\\\/www.urbanbiker.com\\\/pt-pt\\\/#organization\"},\"potentialAction\":[{\"@type\":\"SearchAction\",\"target\":{\"@type\":\"EntryPoint\",\"urlTemplate\":\"https:\\\/\\\/www.urbanbiker.com\\\/pt-pt\\\/?s={search_term_string}\"},\"query-input\":{\"@type\":\"PropertyValueSpecification\",\"valueRequired\":true,\"valueName\":\"search_term_string\"}}],\"inLanguage\":\"pt-PT\"},{\"@type\":\"Organization\",\"@id\":\"https:\\\/\\\/www.urbanbiker.com\\\/pt-pt\\\/#organization\",\"name\":\"UrbanBiker\",\"url\":\"https:\\\/\\\/www.urbanbiker.com\\\/pt-pt\\\/\",\"logo\":{\"@type\":\"ImageObject\",\"inLanguage\":\"pt-PT\",\"@id\":\"https:\\\/\\\/www.urbanbiker.com\\\/pt-pt\\\/#\\\/schema\\\/logo\\\/image\\\/\",\"url\":\"https:\\\/\\\/www.urbanbiker.com\\\/wp-content\\\/uploads\\\/2022\\\/09\\\/Logo-principal-sin-fondo.png\",\"contentUrl\":\"https:\\\/\\\/www.urbanbiker.com\\\/wp-content\\\/uploads\\\/2022\\\/09\\\/Logo-principal-sin-fondo.png\",\"width\":2560,\"height\":934,\"caption\":\"UrbanBiker\"},\"image\":{\"@id\":\"https:\\\/\\\/www.urbanbiker.com\\\/pt-pt\\\/#\\\/schema\\\/logo\\\/image\\\/\"},\"sameAs\":[\"https:\\\/\\\/www.facebook.com\\\/Urbanbikerbiciselectricas\",\"https:\\\/\\\/www.instagram.com\\\/urbanbiker_\\\/\",\"https:\\\/\\\/www.linkedin.com\\\/company\\\/2454235\",\"https:\\\/\\\/www.youtube.com\\\/channel\\\/UCWR__uH_RWJF-OhPfz-9-Qw\"]}]}<\/script>\n<!-- \/ Yoast SEO plugin. -->","yoast_head_json":{"title":"Pneus Maxxis Forekaster 26\u201c\/28\u201d | UrbanBiker Acess\u00f3rios","description":"Pneus Maxxis Forekaster 26\u201cx2.15 \/ 28\u201dx2.00. Compat\u00edvel com as bicicletas el\u00e9ctricas UrbanBiker Sidney, Sidney PLUS, Viena e UB200. | UrbanBiker","robots":{"index":"index","follow":"follow","max-snippet":"max-snippet:-1","max-image-preview":"max-image-preview:large","max-video-preview":"max-video-preview:-1"},"canonical":"https:\/\/www.urbanbiker.com\/pt-pt\/produto\/pneus-maxxis-forekaster-26-28\/","og_locale":"pt_PT","og_type":"article","og_title":"Pneus Maxxis Forekaster 26\u201c\/28\u201d | UrbanBiker Acess\u00f3rios","og_description":"Pneus Maxxis Forekaster 26\u201cx2.15 \/ 28\u201dx2.00. Compat\u00edvel com as bicicletas el\u00e9ctricas UrbanBiker Sidney, Sidney PLUS, Viena e UB200. | UrbanBiker","og_url":"https:\/\/www.urbanbiker.com\/pt-pt\/produto\/pneus-maxxis-forekaster-26-28\/","og_site_name":"UrbanBiker","article_publisher":"https:\/\/www.facebook.com\/Urbanbikerbiciselectricas","article_modified_time":"2025-10-02T07:42:39+00:00","twitter_card":"summary_large_image","schema":{"@context":"https:\/\/schema.org","@graph":[{"@type":"WebPage","@id":"https:\/\/www.urbanbiker.com\/pt-pt\/produto\/pneus-maxxis-forekaster-26-28\/","url":"https:\/\/www.urbanbiker.com\/pt-pt\/produto\/pneus-maxxis-forekaster-26-28\/","name":"Pneus Maxxis Forekaster 26\u201c\/28\u201d | UrbanBiker Acess\u00f3rios","isPartOf":{"@id":"https:\/\/www.urbanbiker.com\/pt-pt\/#website"},"datePublished":"2025-02-21T13:28:13+00:00","dateModified":"2025-10-02T07:42:39+00:00","description":"Pneus Maxxis Forekaster 26\u201cx2.15 \/ 28\u201dx2.00. Compat\u00edvel com as bicicletas el\u00e9ctricas UrbanBiker Sidney, Sidney PLUS, Viena e UB200. | UrbanBiker","breadcrumb":{"@id":"https:\/\/www.urbanbiker.com\/pt-pt\/produto\/pneus-maxxis-forekaster-26-28\/#breadcrumb"},"inLanguage":"pt-PT","potentialAction":[{"@type":"ReadAction","target":["https:\/\/www.urbanbiker.com\/pt-pt\/produto\/pneus-maxxis-forekaster-26-28\/"]}]},{"@type":"BreadcrumbList","@id":"https:\/\/www.urbanbiker.com\/pt-pt\/produto\/pneus-maxxis-forekaster-26-28\/#breadcrumb","itemListElement":[{"@type":"ListItem","position":1,"name":"Portada","item":"https:\/\/www.urbanbiker.com\/pt-pt\/"},{"@type":"ListItem","position":2,"name":"Loja Bicicletas El\u00e9ctricas","item":"https:\/\/www.urbanbiker.com\/pt-pt\/ebike-shop\/"},{"@type":"ListItem","position":3,"name":"Pneus Maxxis Forekaster 26&#8243;\/28&#8243;"}]},{"@type":"WebSite","@id":"https:\/\/www.urbanbiker.com\/pt-pt\/#website","url":"https:\/\/www.urbanbiker.com\/pt-pt\/","name":"UrbanBiker","description":"Bicicletas el\u00e9ctricas","publisher":{"@id":"https:\/\/www.urbanbiker.com\/pt-pt\/#organization"},"potentialAction":[{"@type":"SearchAction","target":{"@type":"EntryPoint","urlTemplate":"https:\/\/www.urbanbiker.com\/pt-pt\/?s={search_term_string}"},"query-input":{"@type":"PropertyValueSpecification","valueRequired":true,"valueName":"search_term_string"}}],"inLanguage":"pt-PT"},{"@type":"Organization","@id":"https:\/\/www.urbanbiker.com\/pt-pt\/#organization","name":"UrbanBiker","url":"https:\/\/www.urbanbiker.com\/pt-pt\/","logo":{"@type":"ImageObject","inLanguage":"pt-PT","@id":"https:\/\/www.urbanbiker.com\/pt-pt\/#\/schema\/logo\/image\/","url":"https:\/\/www.urbanbiker.com\/wp-content\/uploads\/2022\/09\/Logo-principal-sin-fondo.png","contentUrl":"https:\/\/www.urbanbiker.com\/wp-content\/uploads\/2022\/09\/Logo-principal-sin-fondo.png","width":2560,"height":934,"caption":"UrbanBiker"},"image":{"@id":"https:\/\/www.urbanbiker.com\/pt-pt\/#\/schema\/logo\/image\/"},"sameAs":["https:\/\/www.facebook.com\/Urbanbikerbiciselectricas","https:\/\/www.instagram.com\/urbanbiker_\/","https:\/\/www.linkedin.com\/company\/2454235","https:\/\/www.youtube.com\/channel\/UCWR__uH_RWJF-OhPfz-9-Qw"]}]}},"_links":{"self":[{"href":"https:\/\/www.urbanbiker.com\/pt-pt\/wp-json\/wp\/v2\/product\/52752","targetHints":{"allow":["GET"]}}],"collection":[{"href":"https:\/\/www.urbanbiker.com\/pt-pt\/wp-json\/wp\/v2\/product"}],"about":[{"href":"https:\/\/www.urbanbiker.com\/pt-pt\/wp-json\/wp\/v2\/types\/product"}],"version-history":[{"count":3,"href":"https:\/\/www.urbanbiker.com\/pt-pt\/wp-json\/wp\/v2\/product\/52752\/revisions"}],"predecessor-version":[{"id":55308,"href":"https:\/\/www.urbanbiker.com\/pt-pt\/wp-json\/wp\/v2\/product\/52752\/revisions\/55308"}],"wp:attachment":[{"href":"https:\/\/www.urbanbiker.com\/pt-pt\/wp-json\/wp\/v2\/media?parent=52752"}],"wp:term":[{"taxonomy":"product_cat","embeddable":true,"href":"https:\/\/www.urbanbiker.com\/pt-pt\/wp-json\/wp\/v2\/product_cat?post=52752"},{"taxonomy":"product_tag","embeddable":true,"href":"https:\/\/www.urbanbiker.com\/pt-pt\/wp-json\/wp\/v2\/product_tag?post=52752"}],"curies":[{"name":"wp","href":"https:\/\/api.w.org\/{rel}","templated":true}]}}