{"id":37297,"date":"2025-02-25T12:21:46","date_gmt":"2025-02-25T11:21:46","guid":{"rendered":"https:\/\/www.urbanbiker.com\/tienda-bicicletas-electricas\/corrente-kmc\/"},"modified":"2025-11-04T09:42:57","modified_gmt":"2025-11-04T08:42:57","slug":"corrente-kmc","status":"publish","type":"product","link":"https:\/\/www.urbanbiker.com\/pt-pt\/produto\/corrente-kmc\/","title":{"rendered":"Corrente KMC"},"content":{"rendered":"","protected":false},"excerpt":{"rendered":"<h6><strong>Corrente KMC<\/strong><\/h6>\n<p>Corrente KMC para bicicletas da marca UrbanBiker, compat\u00edvel com todos os modelos de bicicletas el\u00e9tricas da marca UrbanBiker.<\/p>\n<p>Escolhe o modelo e o di\u00e2metro da tua roda abaixo.<\/p>\n","protected":false},"featured_media":36565,"template":"","meta":[],"product_cat":[347,425],"product_tag":[],"class_list":{"0":"post-37297","1":"product","2":"type-product","3":"status-publish","4":"has-post-thumbnail","6":"product_cat-componentes","7":"product_cat-transmissao","8":"pa_ebike-berna","9":"pa_ebike-dakota","10":"pa_ebike-dakota-fs","11":"pa_ebike-dakota-plus","12":"pa_ebike-mini","13":"pa_ebike-mini-plus","14":"pa_ebike-sidney","15":"pa_ebike-sidney-plus","16":"pa_ebike-ub100","17":"pa_ebike-ub200","18":"pa_ebike-ub300-pt-pt","19":"pa_ebike-ub400","20":"pa_ebike-viena","21":"pa_tamano-rueda-20-pt-pt","22":"pa_tamano-rueda-24-pt-pt","23":"pa_tamano-rueda-26-pt-pt","24":"pa_tamano-rueda-275-pt-pt","25":"pa_tamano-rueda-28-pt-pt","26":"pa_tamano-rueda-29-pt-pt","28":"first","29":"instock","30":"taxable","31":"shipping-taxable","32":"purchasable","33":"product-type-variable"},"atum_controlled":true,"out_stock_date":null,"out_stock_threshold":null,"inheritable":true,"stock_on_hold":0,"sold_today":0,"sales_last_days":0,"out_stock_days":0,"lost_sales":0,"update_date":"2026-05-07T00:35:08","atum_locations":[],"atum_stock_status":"instock","restock_status":false,"low_stock_amount":"","sales_update_date":"2026-05-07T00:35:08","calc_backorders":null,"yoast_head":"<!-- This site is optimized with the Yoast SEO plugin v27.5 - https:\/\/yoast.com\/product\/yoast-seo-wordpress\/ -->\n<title>Corrente KMC | Acess\u00f3rios UrbanBiker<\/title>\n<meta name=\"description\" content=\"Corrente KMC para bicicletas el\u00e9tricas UrbanBiker, compat\u00edvel com todos os modelos de bicicletas el\u00e9ctricas da marca UrbanBiker. | UrbanBiker\" \/>\n<meta name=\"robots\" content=\"index, follow, max-snippet:-1, max-image-preview:large, max-video-preview:-1\" \/>\n<link rel=\"canonical\" href=\"https:\/\/www.urbanbiker.com\/pt-pt\/produto\/corrente-kmc\/\" \/>\n<meta property=\"og:locale\" content=\"pt_PT\" \/>\n<meta property=\"og:type\" content=\"article\" \/>\n<meta property=\"og:title\" content=\"Corrente KMC | Acess\u00f3rios UrbanBiker\" \/>\n<meta property=\"og:description\" content=\"Corrente KMC para bicicletas el\u00e9tricas UrbanBiker, compat\u00edvel com todos os modelos de bicicletas el\u00e9ctricas da marca UrbanBiker. | UrbanBiker\" \/>\n<meta property=\"og:url\" content=\"https:\/\/www.urbanbiker.com\/pt-pt\/produto\/corrente-kmc\/\" \/>\n<meta property=\"og:site_name\" content=\"UrbanBiker\" \/>\n<meta property=\"article:publisher\" content=\"https:\/\/www.facebook.com\/Urbanbikerbiciselectricas\" \/>\n<meta property=\"article:modified_time\" content=\"2025-11-04T08:42:57+00:00\" \/>\n<meta property=\"og:image\" content=\"https:\/\/www.urbanbiker.com\/wp-content\/uploads\/2025\/02\/Cadena.jpg\" \/>\n\t<meta property=\"og:image:width\" content=\"1000\" \/>\n\t<meta property=\"og:image:height\" content=\"1000\" \/>\n\t<meta property=\"og:image:type\" content=\"image\/jpeg\" \/>\n<meta name=\"twitter:card\" content=\"summary_large_image\" \/>\n<meta name=\"twitter:label1\" content=\"Tempo estimado de leitura\" \/>\n\t<meta name=\"twitter:data1\" content=\"1 minuto\" \/>\n<script type=\"application\/ld+json\" class=\"yoast-schema-graph\">{\"@context\":\"https:\\\/\\\/schema.org\",\"@graph\":[{\"@type\":\"WebPage\",\"@id\":\"https:\\\/\\\/www.urbanbiker.com\\\/pt-pt\\\/produto\\\/corrente-kmc\\\/\",\"url\":\"https:\\\/\\\/www.urbanbiker.com\\\/pt-pt\\\/produto\\\/corrente-kmc\\\/\",\"name\":\"Corrente KMC | Acess\u00f3rios UrbanBiker\",\"isPartOf\":{\"@id\":\"https:\\\/\\\/www.urbanbiker.com\\\/pt-pt\\\/#website\"},\"primaryImageOfPage\":{\"@id\":\"https:\\\/\\\/www.urbanbiker.com\\\/pt-pt\\\/produto\\\/corrente-kmc\\\/#primaryimage\"},\"image\":{\"@id\":\"https:\\\/\\\/www.urbanbiker.com\\\/pt-pt\\\/produto\\\/corrente-kmc\\\/#primaryimage\"},\"thumbnailUrl\":\"https:\\\/\\\/www.urbanbiker.com\\\/wp-content\\\/uploads\\\/2025\\\/02\\\/Cadena.jpg\",\"datePublished\":\"2025-02-25T11:21:46+00:00\",\"dateModified\":\"2025-11-04T08:42:57+00:00\",\"description\":\"Corrente KMC para bicicletas el\u00e9tricas UrbanBiker, compat\u00edvel com todos os modelos de bicicletas el\u00e9ctricas da marca UrbanBiker. | UrbanBiker\",\"breadcrumb\":{\"@id\":\"https:\\\/\\\/www.urbanbiker.com\\\/pt-pt\\\/produto\\\/corrente-kmc\\\/#breadcrumb\"},\"inLanguage\":\"pt-PT\",\"potentialAction\":[{\"@type\":\"ReadAction\",\"target\":[\"https:\\\/\\\/www.urbanbiker.com\\\/pt-pt\\\/produto\\\/corrente-kmc\\\/\"]}]},{\"@type\":\"ImageObject\",\"inLanguage\":\"pt-PT\",\"@id\":\"https:\\\/\\\/www.urbanbiker.com\\\/pt-pt\\\/produto\\\/corrente-kmc\\\/#primaryimage\",\"url\":\"https:\\\/\\\/www.urbanbiker.com\\\/wp-content\\\/uploads\\\/2025\\\/02\\\/Cadena.jpg\",\"contentUrl\":\"https:\\\/\\\/www.urbanbiker.com\\\/wp-content\\\/uploads\\\/2025\\\/02\\\/Cadena.jpg\",\"width\":1000,\"height\":1000,\"caption\":\"Cadeia\"},{\"@type\":\"BreadcrumbList\",\"@id\":\"https:\\\/\\\/www.urbanbiker.com\\\/pt-pt\\\/produto\\\/corrente-kmc\\\/#breadcrumb\",\"itemListElement\":[{\"@type\":\"ListItem\",\"position\":1,\"name\":\"Portada\",\"item\":\"https:\\\/\\\/www.urbanbiker.com\\\/pt-pt\\\/\"},{\"@type\":\"ListItem\",\"position\":2,\"name\":\"Loja Bicicletas El\u00e9ctricas\",\"item\":\"https:\\\/\\\/www.urbanbiker.com\\\/pt-pt\\\/ebike-shop\\\/\"},{\"@type\":\"ListItem\",\"position\":3,\"name\":\"Corrente KMC\"}]},{\"@type\":\"WebSite\",\"@id\":\"https:\\\/\\\/www.urbanbiker.com\\\/pt-pt\\\/#website\",\"url\":\"https:\\\/\\\/www.urbanbiker.com\\\/pt-pt\\\/\",\"name\":\"UrbanBiker\",\"description\":\"Bicicletas el\u00e9ctricas\",\"publisher\":{\"@id\":\"https:\\\/\\\/www.urbanbiker.com\\\/pt-pt\\\/#organization\"},\"potentialAction\":[{\"@type\":\"SearchAction\",\"target\":{\"@type\":\"EntryPoint\",\"urlTemplate\":\"https:\\\/\\\/www.urbanbiker.com\\\/pt-pt\\\/?s={search_term_string}\"},\"query-input\":{\"@type\":\"PropertyValueSpecification\",\"valueRequired\":true,\"valueName\":\"search_term_string\"}}],\"inLanguage\":\"pt-PT\"},{\"@type\":\"Organization\",\"@id\":\"https:\\\/\\\/www.urbanbiker.com\\\/pt-pt\\\/#organization\",\"name\":\"UrbanBiker\",\"url\":\"https:\\\/\\\/www.urbanbiker.com\\\/pt-pt\\\/\",\"logo\":{\"@type\":\"ImageObject\",\"inLanguage\":\"pt-PT\",\"@id\":\"https:\\\/\\\/www.urbanbiker.com\\\/pt-pt\\\/#\\\/schema\\\/logo\\\/image\\\/\",\"url\":\"https:\\\/\\\/www.urbanbiker.com\\\/wp-content\\\/uploads\\\/2022\\\/09\\\/Logo-principal-sin-fondo.png\",\"contentUrl\":\"https:\\\/\\\/www.urbanbiker.com\\\/wp-content\\\/uploads\\\/2022\\\/09\\\/Logo-principal-sin-fondo.png\",\"width\":2560,\"height\":934,\"caption\":\"UrbanBiker\"},\"image\":{\"@id\":\"https:\\\/\\\/www.urbanbiker.com\\\/pt-pt\\\/#\\\/schema\\\/logo\\\/image\\\/\"},\"sameAs\":[\"https:\\\/\\\/www.facebook.com\\\/Urbanbikerbiciselectricas\",\"https:\\\/\\\/www.instagram.com\\\/urbanbiker_\\\/\",\"https:\\\/\\\/www.linkedin.com\\\/company\\\/2454235\",\"https:\\\/\\\/www.youtube.com\\\/channel\\\/UCWR__uH_RWJF-OhPfz-9-Qw\"]}]}<\/script>\n<!-- \/ Yoast SEO plugin. -->","yoast_head_json":{"title":"Corrente KMC | Acess\u00f3rios UrbanBiker","description":"Corrente KMC para bicicletas el\u00e9tricas UrbanBiker, compat\u00edvel com todos os modelos de bicicletas el\u00e9ctricas da marca UrbanBiker. | UrbanBiker","robots":{"index":"index","follow":"follow","max-snippet":"max-snippet:-1","max-image-preview":"max-image-preview:large","max-video-preview":"max-video-preview:-1"},"canonical":"https:\/\/www.urbanbiker.com\/pt-pt\/produto\/corrente-kmc\/","og_locale":"pt_PT","og_type":"article","og_title":"Corrente KMC | Acess\u00f3rios UrbanBiker","og_description":"Corrente KMC para bicicletas el\u00e9tricas UrbanBiker, compat\u00edvel com todos os modelos de bicicletas el\u00e9ctricas da marca UrbanBiker. | UrbanBiker","og_url":"https:\/\/www.urbanbiker.com\/pt-pt\/produto\/corrente-kmc\/","og_site_name":"UrbanBiker","article_publisher":"https:\/\/www.facebook.com\/Urbanbikerbiciselectricas","article_modified_time":"2025-11-04T08:42:57+00:00","og_image":[{"width":1000,"height":1000,"url":"https:\/\/www.urbanbiker.com\/wp-content\/uploads\/2025\/02\/Cadena.jpg","type":"image\/jpeg"}],"twitter_card":"summary_large_image","twitter_misc":{"Tempo estimado de leitura":"1 minuto"},"schema":{"@context":"https:\/\/schema.org","@graph":[{"@type":"WebPage","@id":"https:\/\/www.urbanbiker.com\/pt-pt\/produto\/corrente-kmc\/","url":"https:\/\/www.urbanbiker.com\/pt-pt\/produto\/corrente-kmc\/","name":"Corrente KMC | Acess\u00f3rios UrbanBiker","isPartOf":{"@id":"https:\/\/www.urbanbiker.com\/pt-pt\/#website"},"primaryImageOfPage":{"@id":"https:\/\/www.urbanbiker.com\/pt-pt\/produto\/corrente-kmc\/#primaryimage"},"image":{"@id":"https:\/\/www.urbanbiker.com\/pt-pt\/produto\/corrente-kmc\/#primaryimage"},"thumbnailUrl":"https:\/\/www.urbanbiker.com\/wp-content\/uploads\/2025\/02\/Cadena.jpg","datePublished":"2025-02-25T11:21:46+00:00","dateModified":"2025-11-04T08:42:57+00:00","description":"Corrente KMC para bicicletas el\u00e9tricas UrbanBiker, compat\u00edvel com todos os modelos de bicicletas el\u00e9ctricas da marca UrbanBiker. | UrbanBiker","breadcrumb":{"@id":"https:\/\/www.urbanbiker.com\/pt-pt\/produto\/corrente-kmc\/#breadcrumb"},"inLanguage":"pt-PT","potentialAction":[{"@type":"ReadAction","target":["https:\/\/www.urbanbiker.com\/pt-pt\/produto\/corrente-kmc\/"]}]},{"@type":"ImageObject","inLanguage":"pt-PT","@id":"https:\/\/www.urbanbiker.com\/pt-pt\/produto\/corrente-kmc\/#primaryimage","url":"https:\/\/www.urbanbiker.com\/wp-content\/uploads\/2025\/02\/Cadena.jpg","contentUrl":"https:\/\/www.urbanbiker.com\/wp-content\/uploads\/2025\/02\/Cadena.jpg","width":1000,"height":1000,"caption":"Cadeia"},{"@type":"BreadcrumbList","@id":"https:\/\/www.urbanbiker.com\/pt-pt\/produto\/corrente-kmc\/#breadcrumb","itemListElement":[{"@type":"ListItem","position":1,"name":"Portada","item":"https:\/\/www.urbanbiker.com\/pt-pt\/"},{"@type":"ListItem","position":2,"name":"Loja Bicicletas El\u00e9ctricas","item":"https:\/\/www.urbanbiker.com\/pt-pt\/ebike-shop\/"},{"@type":"ListItem","position":3,"name":"Corrente KMC"}]},{"@type":"WebSite","@id":"https:\/\/www.urbanbiker.com\/pt-pt\/#website","url":"https:\/\/www.urbanbiker.com\/pt-pt\/","name":"UrbanBiker","description":"Bicicletas el\u00e9ctricas","publisher":{"@id":"https:\/\/www.urbanbiker.com\/pt-pt\/#organization"},"potentialAction":[{"@type":"SearchAction","target":{"@type":"EntryPoint","urlTemplate":"https:\/\/www.urbanbiker.com\/pt-pt\/?s={search_term_string}"},"query-input":{"@type":"PropertyValueSpecification","valueRequired":true,"valueName":"search_term_string"}}],"inLanguage":"pt-PT"},{"@type":"Organization","@id":"https:\/\/www.urbanbiker.com\/pt-pt\/#organization","name":"UrbanBiker","url":"https:\/\/www.urbanbiker.com\/pt-pt\/","logo":{"@type":"ImageObject","inLanguage":"pt-PT","@id":"https:\/\/www.urbanbiker.com\/pt-pt\/#\/schema\/logo\/image\/","url":"https:\/\/www.urbanbiker.com\/wp-content\/uploads\/2022\/09\/Logo-principal-sin-fondo.png","contentUrl":"https:\/\/www.urbanbiker.com\/wp-content\/uploads\/2022\/09\/Logo-principal-sin-fondo.png","width":2560,"height":934,"caption":"UrbanBiker"},"image":{"@id":"https:\/\/www.urbanbiker.com\/pt-pt\/#\/schema\/logo\/image\/"},"sameAs":["https:\/\/www.facebook.com\/Urbanbikerbiciselectricas","https:\/\/www.instagram.com\/urbanbiker_\/","https:\/\/www.linkedin.com\/company\/2454235","https:\/\/www.youtube.com\/channel\/UCWR__uH_RWJF-OhPfz-9-Qw"]}]}},"_links":{"self":[{"href":"https:\/\/www.urbanbiker.com\/pt-pt\/wp-json\/wp\/v2\/product\/37297","targetHints":{"allow":["GET"]}}],"collection":[{"href":"https:\/\/www.urbanbiker.com\/pt-pt\/wp-json\/wp\/v2\/product"}],"about":[{"href":"https:\/\/www.urbanbiker.com\/pt-pt\/wp-json\/wp\/v2\/types\/product"}],"version-history":[{"count":1,"href":"https:\/\/www.urbanbiker.com\/pt-pt\/wp-json\/wp\/v2\/product\/37297\/revisions"}],"predecessor-version":[{"id":55935,"href":"https:\/\/www.urbanbiker.com\/pt-pt\/wp-json\/wp\/v2\/product\/37297\/revisions\/55935"}],"wp:featuredmedia":[{"embeddable":true,"href":"https:\/\/www.urbanbiker.com\/pt-pt\/wp-json\/wp\/v2\/media\/36565"}],"wp:attachment":[{"href":"https:\/\/www.urbanbiker.com\/pt-pt\/wp-json\/wp\/v2\/media?parent=37297"}],"wp:term":[{"taxonomy":"product_cat","embeddable":true,"href":"https:\/\/www.urbanbiker.com\/pt-pt\/wp-json\/wp\/v2\/product_cat?post=37297"},{"taxonomy":"product_tag","embeddable":true,"href":"https:\/\/www.urbanbiker.com\/pt-pt\/wp-json\/wp\/v2\/product_tag?post=37297"}],"curies":[{"name":"wp","href":"https:\/\/api.w.org\/{rel}","templated":true}]}}