{"id":37295,"date":"2025-02-25T10:38:44","date_gmt":"2025-02-25T09:38:44","guid":{"rendered":"https:\/\/www.urbanbiker.com\/tienda-bicicletas-electricas\/bomba-de-alta-pressao-do-amortecedor-central-dakota-fs\/"},"modified":"2025-08-14T09:40:14","modified_gmt":"2025-08-14T07:40:14","slug":"bomba-de-alta-pressao-para-amortecedor-central","status":"publish","type":"product","link":"https:\/\/www.urbanbiker.com\/pt-pt\/produto\/bomba-de-alta-pressao-para-amortecedor-central\/","title":{"rendered":"Bomba de alta press\u00e3o para amortecedor central"},"content":{"rendered":"","protected":false},"excerpt":{"rendered":"<h6><strong>Bomba de alta press\u00e3o para amortecedor central<\/strong><\/h6>\n<p>Compat\u00edvel com os modelos Dakota FS, UB400 e UB400 FE da marca UrbanBiker.<\/p>\n","protected":false},"featured_media":38009,"template":"","meta":[],"product_cat":[371],"product_tag":[],"class_list":{"0":"post-37295","1":"product","2":"type-product","3":"status-publish","4":"has-post-thumbnail","6":"product_cat-complementos","7":"pa_ebike-dakota-fs","8":"pa_ebike-ub400","9":"pa_ebike-ub410b","11":"first","12":"instock","13":"taxable","14":"shipping-taxable","15":"purchasable","16":"product-type-simple"},"atum_controlled":true,"out_stock_date":null,"out_stock_threshold":null,"inheritable":false,"stock_on_hold":0,"sold_today":0,"sales_last_days":0,"out_stock_days":0,"lost_sales":0,"update_date":"2026-04-08T00:13:37","atum_locations":[],"atum_stock_status":"instock","restock_status":false,"low_stock_amount":"","sales_update_date":"2026-04-08T00:13:37","calc_backorders":null,"yoast_head":"<!-- This site is optimized with the Yoast SEO plugin v27.3 - https:\/\/yoast.com\/product\/yoast-seo-wordpress\/ -->\n<title>Bomba de alta press\u00e3o para amortecedor central<\/title>\n<meta name=\"description\" content=\"Bomba de alta press\u00e3o para amortecedor central. Compat\u00edvel com os modelos Dakota FS, UB400 e UB400 FE da marca UrbanBiker.\" \/>\n<meta name=\"robots\" content=\"index, follow, max-snippet:-1, max-image-preview:large, max-video-preview:-1\" \/>\n<link rel=\"canonical\" href=\"https:\/\/www.urbanbiker.com\/pt-pt\/produto\/bomba-de-alta-pressao-para-amortecedor-central\/\" \/>\n<meta property=\"og:locale\" content=\"pt_PT\" \/>\n<meta property=\"og:type\" content=\"article\" \/>\n<meta property=\"og:title\" content=\"Bomba de alta press\u00e3o para amortecedor central\" \/>\n<meta property=\"og:description\" content=\"Bomba de alta press\u00e3o para amortecedor central. Compat\u00edvel com os modelos Dakota FS, UB400 e UB400 FE da marca UrbanBiker.\" \/>\n<meta property=\"og:url\" content=\"https:\/\/www.urbanbiker.com\/pt-pt\/produto\/bomba-de-alta-pressao-para-amortecedor-central\/\" \/>\n<meta property=\"og:site_name\" content=\"UrbanBiker\" \/>\n<meta property=\"article:publisher\" content=\"https:\/\/www.facebook.com\/Urbanbikerbiciselectricas\" \/>\n<meta property=\"article:modified_time\" content=\"2025-08-14T07:40:14+00:00\" \/>\n<meta property=\"og:image\" content=\"https:\/\/www.urbanbiker.com\/wp-content\/uploads\/2025\/02\/Bomba-1.jpg\" \/>\n\t<meta property=\"og:image:width\" content=\"1080\" \/>\n\t<meta property=\"og:image:height\" content=\"1080\" \/>\n\t<meta property=\"og:image:type\" content=\"image\/jpeg\" \/>\n<meta name=\"twitter:card\" content=\"summary_large_image\" \/>\n<meta name=\"twitter:label1\" content=\"Tempo estimado de leitura\" \/>\n\t<meta name=\"twitter:data1\" content=\"1 minuto\" \/>\n<script type=\"application\/ld+json\" class=\"yoast-schema-graph\">{\"@context\":\"https:\\\/\\\/schema.org\",\"@graph\":[{\"@type\":\"WebPage\",\"@id\":\"https:\\\/\\\/www.urbanbiker.com\\\/pt-pt\\\/produto\\\/bomba-de-alta-pressao-para-amortecedor-central\\\/\",\"url\":\"https:\\\/\\\/www.urbanbiker.com\\\/pt-pt\\\/produto\\\/bomba-de-alta-pressao-para-amortecedor-central\\\/\",\"name\":\"Bomba de alta press\u00e3o para amortecedor central\",\"isPartOf\":{\"@id\":\"https:\\\/\\\/www.urbanbiker.com\\\/pt-pt\\\/#website\"},\"primaryImageOfPage\":{\"@id\":\"https:\\\/\\\/www.urbanbiker.com\\\/pt-pt\\\/produto\\\/bomba-de-alta-pressao-para-amortecedor-central\\\/#primaryimage\"},\"image\":{\"@id\":\"https:\\\/\\\/www.urbanbiker.com\\\/pt-pt\\\/produto\\\/bomba-de-alta-pressao-para-amortecedor-central\\\/#primaryimage\"},\"thumbnailUrl\":\"https:\\\/\\\/www.urbanbiker.com\\\/wp-content\\\/uploads\\\/2025\\\/02\\\/Bomba-1.jpg\",\"datePublished\":\"2025-02-25T09:38:44+00:00\",\"dateModified\":\"2025-08-14T07:40:14+00:00\",\"description\":\"Bomba de alta press\u00e3o para amortecedor central. Compat\u00edvel com os modelos Dakota FS, UB400 e UB400 FE da marca UrbanBiker.\",\"breadcrumb\":{\"@id\":\"https:\\\/\\\/www.urbanbiker.com\\\/pt-pt\\\/produto\\\/bomba-de-alta-pressao-para-amortecedor-central\\\/#breadcrumb\"},\"inLanguage\":\"pt-PT\",\"potentialAction\":[{\"@type\":\"ReadAction\",\"target\":[\"https:\\\/\\\/www.urbanbiker.com\\\/pt-pt\\\/produto\\\/bomba-de-alta-pressao-para-amortecedor-central\\\/\"]}]},{\"@type\":\"ImageObject\",\"inLanguage\":\"pt-PT\",\"@id\":\"https:\\\/\\\/www.urbanbiker.com\\\/pt-pt\\\/produto\\\/bomba-de-alta-pressao-para-amortecedor-central\\\/#primaryimage\",\"url\":\"https:\\\/\\\/www.urbanbiker.com\\\/wp-content\\\/uploads\\\/2025\\\/02\\\/Bomba-1.jpg\",\"contentUrl\":\"https:\\\/\\\/www.urbanbiker.com\\\/wp-content\\\/uploads\\\/2025\\\/02\\\/Bomba-1.jpg\",\"width\":1080,\"height\":1080,\"caption\":\"Bomba para Dakota FS\"},{\"@type\":\"BreadcrumbList\",\"@id\":\"https:\\\/\\\/www.urbanbiker.com\\\/pt-pt\\\/produto\\\/bomba-de-alta-pressao-para-amortecedor-central\\\/#breadcrumb\",\"itemListElement\":[{\"@type\":\"ListItem\",\"position\":1,\"name\":\"Portada\",\"item\":\"https:\\\/\\\/www.urbanbiker.com\\\/pt-pt\\\/\"},{\"@type\":\"ListItem\",\"position\":2,\"name\":\"Loja Bicicletas El\u00e9ctricas\",\"item\":\"https:\\\/\\\/www.urbanbiker.com\\\/pt-pt\\\/ebike-shop\\\/\"},{\"@type\":\"ListItem\",\"position\":3,\"name\":\"Bomba de alta press\u00e3o para amortecedor central\"}]},{\"@type\":\"WebSite\",\"@id\":\"https:\\\/\\\/www.urbanbiker.com\\\/pt-pt\\\/#website\",\"url\":\"https:\\\/\\\/www.urbanbiker.com\\\/pt-pt\\\/\",\"name\":\"UrbanBiker\",\"description\":\"Bicicletas el\u00e9ctricas\",\"publisher\":{\"@id\":\"https:\\\/\\\/www.urbanbiker.com\\\/pt-pt\\\/#organization\"},\"potentialAction\":[{\"@type\":\"SearchAction\",\"target\":{\"@type\":\"EntryPoint\",\"urlTemplate\":\"https:\\\/\\\/www.urbanbiker.com\\\/pt-pt\\\/?s={search_term_string}\"},\"query-input\":{\"@type\":\"PropertyValueSpecification\",\"valueRequired\":true,\"valueName\":\"search_term_string\"}}],\"inLanguage\":\"pt-PT\"},{\"@type\":\"Organization\",\"@id\":\"https:\\\/\\\/www.urbanbiker.com\\\/pt-pt\\\/#organization\",\"name\":\"UrbanBiker\",\"url\":\"https:\\\/\\\/www.urbanbiker.com\\\/pt-pt\\\/\",\"logo\":{\"@type\":\"ImageObject\",\"inLanguage\":\"pt-PT\",\"@id\":\"https:\\\/\\\/www.urbanbiker.com\\\/pt-pt\\\/#\\\/schema\\\/logo\\\/image\\\/\",\"url\":\"https:\\\/\\\/www.urbanbiker.com\\\/wp-content\\\/uploads\\\/2022\\\/09\\\/Logo-principal-sin-fondo.png\",\"contentUrl\":\"https:\\\/\\\/www.urbanbiker.com\\\/wp-content\\\/uploads\\\/2022\\\/09\\\/Logo-principal-sin-fondo.png\",\"width\":2560,\"height\":934,\"caption\":\"UrbanBiker\"},\"image\":{\"@id\":\"https:\\\/\\\/www.urbanbiker.com\\\/pt-pt\\\/#\\\/schema\\\/logo\\\/image\\\/\"},\"sameAs\":[\"https:\\\/\\\/www.facebook.com\\\/Urbanbikerbiciselectricas\",\"https:\\\/\\\/www.instagram.com\\\/urbanbiker_\\\/\",\"https:\\\/\\\/www.linkedin.com\\\/company\\\/2454235\",\"https:\\\/\\\/www.youtube.com\\\/channel\\\/UCWR__uH_RWJF-OhPfz-9-Qw\"]}]}<\/script>\n<!-- \/ Yoast SEO plugin. -->","yoast_head_json":{"title":"Bomba de alta press\u00e3o para amortecedor central","description":"Bomba de alta press\u00e3o para amortecedor central. Compat\u00edvel com os modelos Dakota FS, UB400 e UB400 FE da marca UrbanBiker.","robots":{"index":"index","follow":"follow","max-snippet":"max-snippet:-1","max-image-preview":"max-image-preview:large","max-video-preview":"max-video-preview:-1"},"canonical":"https:\/\/www.urbanbiker.com\/pt-pt\/produto\/bomba-de-alta-pressao-para-amortecedor-central\/","og_locale":"pt_PT","og_type":"article","og_title":"Bomba de alta press\u00e3o para amortecedor central","og_description":"Bomba de alta press\u00e3o para amortecedor central. Compat\u00edvel com os modelos Dakota FS, UB400 e UB400 FE da marca UrbanBiker.","og_url":"https:\/\/www.urbanbiker.com\/pt-pt\/produto\/bomba-de-alta-pressao-para-amortecedor-central\/","og_site_name":"UrbanBiker","article_publisher":"https:\/\/www.facebook.com\/Urbanbikerbiciselectricas","article_modified_time":"2025-08-14T07:40:14+00:00","og_image":[{"width":1080,"height":1080,"url":"https:\/\/www.urbanbiker.com\/wp-content\/uploads\/2025\/02\/Bomba-1.jpg","type":"image\/jpeg"}],"twitter_card":"summary_large_image","twitter_misc":{"Tempo estimado de leitura":"1 minuto"},"schema":{"@context":"https:\/\/schema.org","@graph":[{"@type":"WebPage","@id":"https:\/\/www.urbanbiker.com\/pt-pt\/produto\/bomba-de-alta-pressao-para-amortecedor-central\/","url":"https:\/\/www.urbanbiker.com\/pt-pt\/produto\/bomba-de-alta-pressao-para-amortecedor-central\/","name":"Bomba de alta press\u00e3o para amortecedor central","isPartOf":{"@id":"https:\/\/www.urbanbiker.com\/pt-pt\/#website"},"primaryImageOfPage":{"@id":"https:\/\/www.urbanbiker.com\/pt-pt\/produto\/bomba-de-alta-pressao-para-amortecedor-central\/#primaryimage"},"image":{"@id":"https:\/\/www.urbanbiker.com\/pt-pt\/produto\/bomba-de-alta-pressao-para-amortecedor-central\/#primaryimage"},"thumbnailUrl":"https:\/\/www.urbanbiker.com\/wp-content\/uploads\/2025\/02\/Bomba-1.jpg","datePublished":"2025-02-25T09:38:44+00:00","dateModified":"2025-08-14T07:40:14+00:00","description":"Bomba de alta press\u00e3o para amortecedor central. Compat\u00edvel com os modelos Dakota FS, UB400 e UB400 FE da marca UrbanBiker.","breadcrumb":{"@id":"https:\/\/www.urbanbiker.com\/pt-pt\/produto\/bomba-de-alta-pressao-para-amortecedor-central\/#breadcrumb"},"inLanguage":"pt-PT","potentialAction":[{"@type":"ReadAction","target":["https:\/\/www.urbanbiker.com\/pt-pt\/produto\/bomba-de-alta-pressao-para-amortecedor-central\/"]}]},{"@type":"ImageObject","inLanguage":"pt-PT","@id":"https:\/\/www.urbanbiker.com\/pt-pt\/produto\/bomba-de-alta-pressao-para-amortecedor-central\/#primaryimage","url":"https:\/\/www.urbanbiker.com\/wp-content\/uploads\/2025\/02\/Bomba-1.jpg","contentUrl":"https:\/\/www.urbanbiker.com\/wp-content\/uploads\/2025\/02\/Bomba-1.jpg","width":1080,"height":1080,"caption":"Bomba para Dakota FS"},{"@type":"BreadcrumbList","@id":"https:\/\/www.urbanbiker.com\/pt-pt\/produto\/bomba-de-alta-pressao-para-amortecedor-central\/#breadcrumb","itemListElement":[{"@type":"ListItem","position":1,"name":"Portada","item":"https:\/\/www.urbanbiker.com\/pt-pt\/"},{"@type":"ListItem","position":2,"name":"Loja Bicicletas El\u00e9ctricas","item":"https:\/\/www.urbanbiker.com\/pt-pt\/ebike-shop\/"},{"@type":"ListItem","position":3,"name":"Bomba de alta press\u00e3o para amortecedor central"}]},{"@type":"WebSite","@id":"https:\/\/www.urbanbiker.com\/pt-pt\/#website","url":"https:\/\/www.urbanbiker.com\/pt-pt\/","name":"UrbanBiker","description":"Bicicletas el\u00e9ctricas","publisher":{"@id":"https:\/\/www.urbanbiker.com\/pt-pt\/#organization"},"potentialAction":[{"@type":"SearchAction","target":{"@type":"EntryPoint","urlTemplate":"https:\/\/www.urbanbiker.com\/pt-pt\/?s={search_term_string}"},"query-input":{"@type":"PropertyValueSpecification","valueRequired":true,"valueName":"search_term_string"}}],"inLanguage":"pt-PT"},{"@type":"Organization","@id":"https:\/\/www.urbanbiker.com\/pt-pt\/#organization","name":"UrbanBiker","url":"https:\/\/www.urbanbiker.com\/pt-pt\/","logo":{"@type":"ImageObject","inLanguage":"pt-PT","@id":"https:\/\/www.urbanbiker.com\/pt-pt\/#\/schema\/logo\/image\/","url":"https:\/\/www.urbanbiker.com\/wp-content\/uploads\/2022\/09\/Logo-principal-sin-fondo.png","contentUrl":"https:\/\/www.urbanbiker.com\/wp-content\/uploads\/2022\/09\/Logo-principal-sin-fondo.png","width":2560,"height":934,"caption":"UrbanBiker"},"image":{"@id":"https:\/\/www.urbanbiker.com\/pt-pt\/#\/schema\/logo\/image\/"},"sameAs":["https:\/\/www.facebook.com\/Urbanbikerbiciselectricas","https:\/\/www.instagram.com\/urbanbiker_\/","https:\/\/www.linkedin.com\/company\/2454235","https:\/\/www.youtube.com\/channel\/UCWR__uH_RWJF-OhPfz-9-Qw"]}]}},"_links":{"self":[{"href":"https:\/\/www.urbanbiker.com\/pt-pt\/wp-json\/wp\/v2\/product\/37295","targetHints":{"allow":["GET"]}}],"collection":[{"href":"https:\/\/www.urbanbiker.com\/pt-pt\/wp-json\/wp\/v2\/product"}],"about":[{"href":"https:\/\/www.urbanbiker.com\/pt-pt\/wp-json\/wp\/v2\/types\/product"}],"version-history":[{"count":1,"href":"https:\/\/www.urbanbiker.com\/pt-pt\/wp-json\/wp\/v2\/product\/37295\/revisions"}],"predecessor-version":[{"id":52415,"href":"https:\/\/www.urbanbiker.com\/pt-pt\/wp-json\/wp\/v2\/product\/37295\/revisions\/52415"}],"wp:featuredmedia":[{"embeddable":true,"href":"https:\/\/www.urbanbiker.com\/pt-pt\/wp-json\/wp\/v2\/media\/38009"}],"wp:attachment":[{"href":"https:\/\/www.urbanbiker.com\/pt-pt\/wp-json\/wp\/v2\/media?parent=37295"}],"wp:term":[{"taxonomy":"product_cat","embeddable":true,"href":"https:\/\/www.urbanbiker.com\/pt-pt\/wp-json\/wp\/v2\/product_cat?post=37295"},{"taxonomy":"product_tag","embeddable":true,"href":"https:\/\/www.urbanbiker.com\/pt-pt\/wp-json\/wp\/v2\/product_tag?post=37295"}],"curies":[{"name":"wp","href":"https:\/\/api.w.org\/{rel}","templated":true}]}}