
{"id":37097,"date":"2025-02-20T12:31:31","date_gmt":"2025-02-20T11:31:31","guid":{"rendered":"https:\/\/www.urbanbiker.com\/tienda-bicicletas-electricas\/luz-traseira-led-alimentada-por-bateria\/"},"modified":"2025-05-30T17:02:46","modified_gmt":"2025-05-30T15:02:46","slug":"luz-traseira-led-alimentada-por-bateria","status":"publish","type":"product","link":"https:\/\/www.urbanbiker.com\/pt-pt\/produto\/luz-traseira-led-alimentada-por-bateria\/","title":{"rendered":"Luz traseira LED alimentada por bateria"},"content":{"rendered":"\t\t<div data-elementor-type=\"wp-post\" data-elementor-id=\"37097\" class=\"elementor elementor-37097 elementor-36491\">\n\t\t\t\t\t\t<section class=\"elementor-section elementor-top-section elementor-element elementor-element-3bffddc elementor-section-boxed elementor-section-height-default elementor-section-height-default\" data-id=\"3bffddc\" data-element_type=\"section\" data-e-type=\"section\">\n\t\t\t\t\t\t<div class=\"elementor-container elementor-column-gap-default\">\n\t\t\t\t\t<div class=\"elementor-column elementor-col-100 elementor-top-column elementor-element elementor-element-c551ed5\" data-id=\"c551ed5\" data-element_type=\"column\" data-e-type=\"column\">\n\t\t\t<div class=\"elementor-widget-wrap elementor-element-populated\">\n\t\t\t\t\t\t<div class=\"elementor-element elementor-element-3e7b072 elementor-widget elementor-widget-text-editor\" data-id=\"3e7b072\" data-element_type=\"widget\" data-e-type=\"widget\" data-widget_type=\"text-editor.default\">\n\t\t\t\t<div class=\"elementor-widget-container\">\n\t\t\t\t\t\t\t\t\t<h4 data-start=\"2034\" data-end=\"2100\"><strong data-start=\"2043\" data-end=\"2100\">Importante: Diagn\u00f3stico pr\u00e9vio necess\u00e1rio<\/strong><\/h4><p data-start=\"2102\" data-end=\"2315\">Para garantir que adquires a pe\u00e7a correta, \u00e9 essencial realizar um diagn\u00f3stico preciso. Se o problema n\u00e3o for corretamente identificado, o componente pode n\u00e3o resolver a avaria ou at\u00e9 danificar o sistema el\u00e9trico.<\/p><p data-start=\"2317\" data-end=\"2458\">\u2757 N\u00e3o ser\u00e3o aceites devolu\u00e7\u00f5es <strong data-start=\"2348\" data-end=\"2374\">sem diagn\u00f3stico pr\u00e9vio<\/strong> realizado pela nossa equipa. Contacta o nosso servi\u00e7o de apoio <strong data-start=\"2438\" data-end=\"2457\">antes da compra<\/strong>.<\/p>\t\t\t\t\t\t\t\t<\/div>\n\t\t\t\t<\/div>\n\t\t\t\t\t<\/div>\n\t\t<\/div>\n\t\t\t\t\t<\/div>\n\t\t<\/section>\n\t\t\t\t<\/div>\n\t\t","protected":false},"excerpt":{"rendered":"<p>Luz traseira LED a pilhas da Spanninga. <strong>Adequado tanto para o porta-bagagens grande como para o pequeno<\/strong>. Moderna e econ\u00f3mica<a class=\"detail-information-items\" title=\"Far\u00f3is dianteiros Spanninga Classic\" href=\"https:\/\/hollandbikeshop.com\/es-es\/faros-de-bicicleta\/faros-de-bicicleta-spanninga\/faros-delanteros-de-pilas-spanninga\/faros-delanteros-clasicos-spanninga\/\">.<\/a> Com a EL SOLO n\u00e3o h\u00e1 margem para mal-entendidos quando se trata de andar de bicicleta \u00e0 noite de forma segura e fi\u00e1vel. As suas dimens\u00f5es reduzidas e o seu baixo peso permitem que esta l\u00e2mpada seja melhor integrada no porta-bagagens da bicicleta, tornando-a assim menos suscet\u00edvel a danos. 1 LED grande. Alimenta\u00e7\u00e3o: 2 pilhas AAA 1,5V.<\/p>\n","protected":false},"featured_media":36499,"template":"","meta":[],"product_cat":[347,401],"product_tag":[],"class_list":{"0":"post-37097","1":"product","2":"type-product","3":"status-publish","4":"has-post-thumbnail","6":"product_cat-componentes","7":"product_cat-iluminacao","8":"pa_ebike-dakota","9":"pa_ebike-fat-f20","10":"pa_ebike-mini-plus","11":"pa_ebike-sidney","12":"pa_ebike-sidney-plus","13":"pa_ebike-ub100","14":"pa_ebike-ub200","15":"pa_ebike-ub300-pt-pt","16":"pa_ebike-viena","18":"first","19":"instock","20":"taxable","21":"shipping-taxable","22":"purchasable","23":"product-type-simple"},"atum_controlled":true,"out_stock_date":null,"out_stock_threshold":null,"inheritable":false,"stock_on_hold":0,"sold_today":0,"sales_last_days":0,"out_stock_days":0,"lost_sales":0,"update_date":"2026-05-02T00:33:17","atum_locations":[],"atum_stock_status":"instock","restock_status":false,"low_stock_amount":"","sales_update_date":"2026-05-02T00:33:17","calc_backorders":null,"yoast_head":"<!-- This site is optimized with the Yoast SEO plugin v27.5 - https:\/\/yoast.com\/product\/yoast-seo-wordpress\/ -->\n<title>Luz traseira LED a pilhas para bicicletas | Acess\u00f3rios UrbanBiker<\/title>\n<meta name=\"description\" content=\"Luz traseira LED a pilhas para as bicicletas Spanninga Galeo, para que sejas visto mais cedo, compat\u00edvel com todos os nossos modelos.\" \/>\n<meta name=\"robots\" content=\"index, follow, max-snippet:-1, max-image-preview:large, max-video-preview:-1\" \/>\n<link rel=\"canonical\" href=\"https:\/\/www.urbanbiker.com\/pt-pt\/produto\/luz-traseira-led-alimentada-por-bateria\/\" \/>\n<meta property=\"og:locale\" content=\"pt_PT\" \/>\n<meta property=\"og:type\" content=\"article\" \/>\n<meta property=\"og:title\" content=\"Luz traseira LED a pilhas para bicicletas | Acess\u00f3rios UrbanBiker\" \/>\n<meta property=\"og:description\" content=\"Luz traseira LED a pilhas para as bicicletas Spanninga Galeo, para que sejas visto mais cedo, compat\u00edvel com todos os nossos modelos.\" \/>\n<meta property=\"og:url\" content=\"https:\/\/www.urbanbiker.com\/pt-pt\/produto\/luz-traseira-led-alimentada-por-bateria\/\" \/>\n<meta property=\"og:site_name\" content=\"UrbanBiker\" \/>\n<meta property=\"article:publisher\" content=\"https:\/\/www.facebook.com\/Urbanbikerbiciselectricas\" \/>\n<meta property=\"article:modified_time\" content=\"2025-05-30T15:02:46+00:00\" \/>\n<meta property=\"og:image\" content=\"https:\/\/www.urbanbiker.com\/wp-content\/uploads\/2025\/02\/Luz-trasera-LED-a-pilas.png\" \/>\n\t<meta property=\"og:image:width\" content=\"1000\" \/>\n\t<meta property=\"og:image:height\" content=\"1000\" \/>\n\t<meta property=\"og:image:type\" content=\"image\/png\" \/>\n<meta name=\"twitter:card\" content=\"summary_large_image\" \/>\n<meta name=\"twitter:label1\" content=\"Tempo estimado de leitura\" \/>\n\t<meta name=\"twitter:data1\" content=\"1 minuto\" \/>\n<script type=\"application\/ld+json\" class=\"yoast-schema-graph\">{\"@context\":\"https:\\\/\\\/schema.org\",\"@graph\":[{\"@type\":\"WebPage\",\"@id\":\"https:\\\/\\\/www.urbanbiker.com\\\/pt-pt\\\/produto\\\/luz-traseira-led-alimentada-por-bateria\\\/\",\"url\":\"https:\\\/\\\/www.urbanbiker.com\\\/pt-pt\\\/produto\\\/luz-traseira-led-alimentada-por-bateria\\\/\",\"name\":\"Luz traseira LED a pilhas para bicicletas | Acess\u00f3rios UrbanBiker\",\"isPartOf\":{\"@id\":\"https:\\\/\\\/www.urbanbiker.com\\\/pt-pt\\\/#website\"},\"primaryImageOfPage\":{\"@id\":\"https:\\\/\\\/www.urbanbiker.com\\\/pt-pt\\\/produto\\\/luz-traseira-led-alimentada-por-bateria\\\/#primaryimage\"},\"image\":{\"@id\":\"https:\\\/\\\/www.urbanbiker.com\\\/pt-pt\\\/produto\\\/luz-traseira-led-alimentada-por-bateria\\\/#primaryimage\"},\"thumbnailUrl\":\"https:\\\/\\\/www.urbanbiker.com\\\/wp-content\\\/uploads\\\/2025\\\/02\\\/Luz-trasera-LED-a-pilas.png\",\"datePublished\":\"2025-02-20T11:31:31+00:00\",\"dateModified\":\"2025-05-30T15:02:46+00:00\",\"description\":\"Luz traseira LED a pilhas para as bicicletas Spanninga Galeo, para que sejas visto mais cedo, compat\u00edvel com todos os nossos modelos.\",\"breadcrumb\":{\"@id\":\"https:\\\/\\\/www.urbanbiker.com\\\/pt-pt\\\/produto\\\/luz-traseira-led-alimentada-por-bateria\\\/#breadcrumb\"},\"inLanguage\":\"pt-PT\",\"potentialAction\":[{\"@type\":\"ReadAction\",\"target\":[\"https:\\\/\\\/www.urbanbiker.com\\\/pt-pt\\\/produto\\\/luz-traseira-led-alimentada-por-bateria\\\/\"]}]},{\"@type\":\"ImageObject\",\"inLanguage\":\"pt-PT\",\"@id\":\"https:\\\/\\\/www.urbanbiker.com\\\/pt-pt\\\/produto\\\/luz-traseira-led-alimentada-por-bateria\\\/#primaryimage\",\"url\":\"https:\\\/\\\/www.urbanbiker.com\\\/wp-content\\\/uploads\\\/2025\\\/02\\\/Luz-trasera-LED-a-pilas.png\",\"contentUrl\":\"https:\\\/\\\/www.urbanbiker.com\\\/wp-content\\\/uploads\\\/2025\\\/02\\\/Luz-trasera-LED-a-pilas.png\",\"width\":1000,\"height\":1000,\"caption\":\"Luz traseira LED alimentada por bateria\"},{\"@type\":\"BreadcrumbList\",\"@id\":\"https:\\\/\\\/www.urbanbiker.com\\\/pt-pt\\\/produto\\\/luz-traseira-led-alimentada-por-bateria\\\/#breadcrumb\",\"itemListElement\":[{\"@type\":\"ListItem\",\"position\":1,\"name\":\"Portada\",\"item\":\"https:\\\/\\\/www.urbanbiker.com\\\/pt-pt\\\/\"},{\"@type\":\"ListItem\",\"position\":2,\"name\":\"Loja Bicicletas El\u00e9ctricas\",\"item\":\"https:\\\/\\\/www.urbanbiker.com\\\/pt-pt\\\/ebike-shop\\\/\"},{\"@type\":\"ListItem\",\"position\":3,\"name\":\"Luz traseira LED alimentada por bateria\"}]},{\"@type\":\"WebSite\",\"@id\":\"https:\\\/\\\/www.urbanbiker.com\\\/pt-pt\\\/#website\",\"url\":\"https:\\\/\\\/www.urbanbiker.com\\\/pt-pt\\\/\",\"name\":\"UrbanBiker\",\"description\":\"Bicicletas el\u00e9ctricas\",\"publisher\":{\"@id\":\"https:\\\/\\\/www.urbanbiker.com\\\/pt-pt\\\/#organization\"},\"potentialAction\":[{\"@type\":\"SearchAction\",\"target\":{\"@type\":\"EntryPoint\",\"urlTemplate\":\"https:\\\/\\\/www.urbanbiker.com\\\/pt-pt\\\/?s={search_term_string}\"},\"query-input\":{\"@type\":\"PropertyValueSpecification\",\"valueRequired\":true,\"valueName\":\"search_term_string\"}}],\"inLanguage\":\"pt-PT\"},{\"@type\":\"Organization\",\"@id\":\"https:\\\/\\\/www.urbanbiker.com\\\/pt-pt\\\/#organization\",\"name\":\"UrbanBiker\",\"url\":\"https:\\\/\\\/www.urbanbiker.com\\\/pt-pt\\\/\",\"logo\":{\"@type\":\"ImageObject\",\"inLanguage\":\"pt-PT\",\"@id\":\"https:\\\/\\\/www.urbanbiker.com\\\/pt-pt\\\/#\\\/schema\\\/logo\\\/image\\\/\",\"url\":\"https:\\\/\\\/www.urbanbiker.com\\\/wp-content\\\/uploads\\\/2022\\\/09\\\/Logo-principal-sin-fondo.png\",\"contentUrl\":\"https:\\\/\\\/www.urbanbiker.com\\\/wp-content\\\/uploads\\\/2022\\\/09\\\/Logo-principal-sin-fondo.png\",\"width\":2560,\"height\":934,\"caption\":\"UrbanBiker\"},\"image\":{\"@id\":\"https:\\\/\\\/www.urbanbiker.com\\\/pt-pt\\\/#\\\/schema\\\/logo\\\/image\\\/\"},\"sameAs\":[\"https:\\\/\\\/www.facebook.com\\\/Urbanbikerbiciselectricas\",\"https:\\\/\\\/www.instagram.com\\\/urbanbiker_\\\/\",\"https:\\\/\\\/www.linkedin.com\\\/company\\\/2454235\",\"https:\\\/\\\/www.youtube.com\\\/channel\\\/UCWR__uH_RWJF-OhPfz-9-Qw\"]}]}<\/script>\n<!-- \/ Yoast SEO plugin. -->","yoast_head_json":{"title":"Luz traseira LED a pilhas para bicicletas | Acess\u00f3rios UrbanBiker","description":"Luz traseira LED a pilhas para as bicicletas Spanninga Galeo, para que sejas visto mais cedo, compat\u00edvel com todos os nossos modelos.","robots":{"index":"index","follow":"follow","max-snippet":"max-snippet:-1","max-image-preview":"max-image-preview:large","max-video-preview":"max-video-preview:-1"},"canonical":"https:\/\/www.urbanbiker.com\/pt-pt\/produto\/luz-traseira-led-alimentada-por-bateria\/","og_locale":"pt_PT","og_type":"article","og_title":"Luz traseira LED a pilhas para bicicletas | Acess\u00f3rios UrbanBiker","og_description":"Luz traseira LED a pilhas para as bicicletas Spanninga Galeo, para que sejas visto mais cedo, compat\u00edvel com todos os nossos modelos.","og_url":"https:\/\/www.urbanbiker.com\/pt-pt\/produto\/luz-traseira-led-alimentada-por-bateria\/","og_site_name":"UrbanBiker","article_publisher":"https:\/\/www.facebook.com\/Urbanbikerbiciselectricas","article_modified_time":"2025-05-30T15:02:46+00:00","og_image":[{"width":1000,"height":1000,"url":"https:\/\/www.urbanbiker.com\/wp-content\/uploads\/2025\/02\/Luz-trasera-LED-a-pilas.png","type":"image\/png"}],"twitter_card":"summary_large_image","twitter_misc":{"Tempo estimado de leitura":"1 minuto"},"schema":{"@context":"https:\/\/schema.org","@graph":[{"@type":"WebPage","@id":"https:\/\/www.urbanbiker.com\/pt-pt\/produto\/luz-traseira-led-alimentada-por-bateria\/","url":"https:\/\/www.urbanbiker.com\/pt-pt\/produto\/luz-traseira-led-alimentada-por-bateria\/","name":"Luz traseira LED a pilhas para bicicletas | Acess\u00f3rios UrbanBiker","isPartOf":{"@id":"https:\/\/www.urbanbiker.com\/pt-pt\/#website"},"primaryImageOfPage":{"@id":"https:\/\/www.urbanbiker.com\/pt-pt\/produto\/luz-traseira-led-alimentada-por-bateria\/#primaryimage"},"image":{"@id":"https:\/\/www.urbanbiker.com\/pt-pt\/produto\/luz-traseira-led-alimentada-por-bateria\/#primaryimage"},"thumbnailUrl":"https:\/\/www.urbanbiker.com\/wp-content\/uploads\/2025\/02\/Luz-trasera-LED-a-pilas.png","datePublished":"2025-02-20T11:31:31+00:00","dateModified":"2025-05-30T15:02:46+00:00","description":"Luz traseira LED a pilhas para as bicicletas Spanninga Galeo, para que sejas visto mais cedo, compat\u00edvel com todos os nossos modelos.","breadcrumb":{"@id":"https:\/\/www.urbanbiker.com\/pt-pt\/produto\/luz-traseira-led-alimentada-por-bateria\/#breadcrumb"},"inLanguage":"pt-PT","potentialAction":[{"@type":"ReadAction","target":["https:\/\/www.urbanbiker.com\/pt-pt\/produto\/luz-traseira-led-alimentada-por-bateria\/"]}]},{"@type":"ImageObject","inLanguage":"pt-PT","@id":"https:\/\/www.urbanbiker.com\/pt-pt\/produto\/luz-traseira-led-alimentada-por-bateria\/#primaryimage","url":"https:\/\/www.urbanbiker.com\/wp-content\/uploads\/2025\/02\/Luz-trasera-LED-a-pilas.png","contentUrl":"https:\/\/www.urbanbiker.com\/wp-content\/uploads\/2025\/02\/Luz-trasera-LED-a-pilas.png","width":1000,"height":1000,"caption":"Luz traseira LED alimentada por bateria"},{"@type":"BreadcrumbList","@id":"https:\/\/www.urbanbiker.com\/pt-pt\/produto\/luz-traseira-led-alimentada-por-bateria\/#breadcrumb","itemListElement":[{"@type":"ListItem","position":1,"name":"Portada","item":"https:\/\/www.urbanbiker.com\/pt-pt\/"},{"@type":"ListItem","position":2,"name":"Loja Bicicletas El\u00e9ctricas","item":"https:\/\/www.urbanbiker.com\/pt-pt\/ebike-shop\/"},{"@type":"ListItem","position":3,"name":"Luz traseira LED alimentada por bateria"}]},{"@type":"WebSite","@id":"https:\/\/www.urbanbiker.com\/pt-pt\/#website","url":"https:\/\/www.urbanbiker.com\/pt-pt\/","name":"UrbanBiker","description":"Bicicletas el\u00e9ctricas","publisher":{"@id":"https:\/\/www.urbanbiker.com\/pt-pt\/#organization"},"potentialAction":[{"@type":"SearchAction","target":{"@type":"EntryPoint","urlTemplate":"https:\/\/www.urbanbiker.com\/pt-pt\/?s={search_term_string}"},"query-input":{"@type":"PropertyValueSpecification","valueRequired":true,"valueName":"search_term_string"}}],"inLanguage":"pt-PT"},{"@type":"Organization","@id":"https:\/\/www.urbanbiker.com\/pt-pt\/#organization","name":"UrbanBiker","url":"https:\/\/www.urbanbiker.com\/pt-pt\/","logo":{"@type":"ImageObject","inLanguage":"pt-PT","@id":"https:\/\/www.urbanbiker.com\/pt-pt\/#\/schema\/logo\/image\/","url":"https:\/\/www.urbanbiker.com\/wp-content\/uploads\/2022\/09\/Logo-principal-sin-fondo.png","contentUrl":"https:\/\/www.urbanbiker.com\/wp-content\/uploads\/2022\/09\/Logo-principal-sin-fondo.png","width":2560,"height":934,"caption":"UrbanBiker"},"image":{"@id":"https:\/\/www.urbanbiker.com\/pt-pt\/#\/schema\/logo\/image\/"},"sameAs":["https:\/\/www.facebook.com\/Urbanbikerbiciselectricas","https:\/\/www.instagram.com\/urbanbiker_\/","https:\/\/www.linkedin.com\/company\/2454235","https:\/\/www.youtube.com\/channel\/UCWR__uH_RWJF-OhPfz-9-Qw"]}]}},"_links":{"self":[{"href":"https:\/\/www.urbanbiker.com\/pt-pt\/wp-json\/wp\/v2\/product\/37097","targetHints":{"allow":["GET"]}}],"collection":[{"href":"https:\/\/www.urbanbiker.com\/pt-pt\/wp-json\/wp\/v2\/product"}],"about":[{"href":"https:\/\/www.urbanbiker.com\/pt-pt\/wp-json\/wp\/v2\/types\/product"}],"version-history":[{"count":5,"href":"https:\/\/www.urbanbiker.com\/pt-pt\/wp-json\/wp\/v2\/product\/37097\/revisions"}],"predecessor-version":[{"id":45380,"href":"https:\/\/www.urbanbiker.com\/pt-pt\/wp-json\/wp\/v2\/product\/37097\/revisions\/45380"}],"wp:featuredmedia":[{"embeddable":true,"href":"https:\/\/www.urbanbiker.com\/pt-pt\/wp-json\/wp\/v2\/media\/36499"}],"wp:attachment":[{"href":"https:\/\/www.urbanbiker.com\/pt-pt\/wp-json\/wp\/v2\/media?parent=37097"}],"wp:term":[{"taxonomy":"product_cat","embeddable":true,"href":"https:\/\/www.urbanbiker.com\/pt-pt\/wp-json\/wp\/v2\/product_cat?post=37097"},{"taxonomy":"product_tag","embeddable":true,"href":"https:\/\/www.urbanbiker.com\/pt-pt\/wp-json\/wp\/v2\/product_tag?post=37097"}],"curies":[{"name":"wp","href":"https:\/\/api.w.org\/{rel}","templated":true}]}}