{"id":59379,"date":"2025-12-15T08:43:48","date_gmt":"2025-12-15T07:43:48","guid":{"rendered":"https:\/\/www.urbanbiker.com\/terminos-y-condiciones-ugc-urbanbiker\/"},"modified":"2026-01-07T16:28:39","modified_gmt":"2026-01-07T15:28:39","slug":"termos-e-condicoes-ugc-urbanbiker","status":"publish","type":"page","link":"https:\/\/www.urbanbiker.com\/pt-pt\/termos-e-condicoes-ugc-urbanbiker\/","title":{"rendered":"Termos e Condi\u00e7\u00f5es UGC | UrbanBiker"},"content":{"rendered":"\t\t<div data-elementor-type=\"wp-page\" data-elementor-id=\"59379\" class=\"elementor elementor-59379 elementor-58954\">\n\t\t\t\t\t\t<div class=\"elementor-section elementor-top-section elementor-element elementor-element-2e11527 elementor-section-stretched elementor-section-boxed elementor-section-height-default elementor-section-height-default\" data-id=\"2e11527\" data-element_type=\"section\" data-e-type=\"section\" data-settings=\"{&quot;stretch_section&quot;:&quot;section-stretched&quot;}\">\n\t\t\t\t\t\t<div class=\"elementor-container elementor-column-gap-no\">\n\t\t\t\t\t<div class=\"elementor-column elementor-col-100 elementor-top-column elementor-element elementor-element-d2bd899\" data-id=\"d2bd899\" data-element_type=\"column\" data-e-type=\"column\">\n\t\t\t<div class=\"elementor-widget-wrap elementor-element-populated\">\n\t\t\t\t\n\t\t<div class=\"elementor-element elementor-element-a637689 elementor-widget-laptop__width-initial elementor-widget elementor-widget-text-editor\" data-id=\"a637689\" data-element_type=\"widget\" data-e-type=\"widget\" data-widget_type=\"text-editor.default\">\n\t\t\t\t<div class=\"elementor-widget-container\">\n\t\t\t\t\t\t\t\t\t<h1 class=\"c-support-article__wrap-title\">Termos e Condi\u00e7\u00f5es UGC<\/h1><p dir=\"ltr\">Na UrbanBiker, adoramos ver como utiliza os nossos produtos. Por isso, \u00e9 poss\u00edvel que lhe pe\u00e7amos para partilhar estas imagens ou v\u00eddeos em www.urbanbiker.com\/pt-pt<\/p><p dir=\"ltr\">Estes materiais s\u00e3o publicados principalmente na ficha de produto da nossa p\u00e1gina web e numa galeria de inspira\u00e7\u00e3o com o intuito de oferecer aos nossos clientes uma ideia das utiliza\u00e7\u00f5es reais dos produtos da UrbanBiker. Em alguns casos, tamb\u00e9m podem ser publicados na homepage da UrbanBiker, nos nossos canais de redes sociais ou na nossa newsletter.<\/p><p dir=\"ltr\">Ao responder \u00e0 nossa solicita\u00e7\u00e3o para publicar o seu conte\u00fado, aceita as seguintes Condi\u00e7\u00f5es Gerais de Uso:<\/p><ul><li dir=\"ltr\"><p dir=\"ltr\">Publica\u00e7\u00e3o das fotos e\/ou v\u00eddeos na Galeria Todas as fotos ou v\u00eddeos que sejam publicados nas redes sociais identificando qualquer um dos perfis nas redes sociais da UrbanBiker s\u00e3o suscet\u00edveis de serem selecionados pela UrbanBiker para aparecerem na nossa p\u00e1gina web www.urbanbiker.com\/pt-pt, na nossa newsletter e nas nossas redes sociais. Os seus perfis devem ser \u00abp\u00fablicos\u00bb para que possamos ver a sua foto. Caso contr\u00e1rio, a sua foto n\u00e3o ser\u00e1 vis\u00edvel e n\u00e3o poder\u00e1 ser selecionada.<\/p><\/li><li dir=\"ltr\"><p dir=\"ltr\">Crit\u00e9rios de sele\u00e7\u00e3o dos materiais e manual de identidade visual.<\/p><\/li><\/ul><p dir=\"ltr\">A UrbanBiker selecionar\u00e1 as fotos e\/ou v\u00eddeos que destaquem os produtos da marca e que melhor se adaptem \u00e0 imagem e ao esp\u00edrito da marca. As fotos e\/ou v\u00eddeos devem mostrar pelo menos um produto UrbanBiker de forma evidente. A sele\u00e7\u00e3o dos materiais basear-se-\u00e1 no seu tamanho e qualidade, bem como na sua est\u00e9tica. As fotos e\/ou v\u00eddeos n\u00e3o devem, em caso algum, ser contr\u00e1rios \u00e0 ordem p\u00fablica, aos bons costumes e \u00e0 legisla\u00e7\u00e3o vigente. Proibimos qualquer publica\u00e7\u00e3o de fotos e\/ou v\u00eddeos abusivos que possam ser considerados violentos, perigosos, amea\u00e7adores, difamat\u00f3rios, ofensivos, motivados pelo \u00f3dio, discriminat\u00f3rios, profanadores ou pornogr\u00e1ficos. A UrbanBiker n\u00e3o contrai qualquer obriga\u00e7\u00e3o de uso dos materiais, ainda que estes cumpram todas as condi\u00e7\u00f5es estabelecidas nestas Condi\u00e7\u00f5es Gerais de Uso. Se a sua foto for selecionada a partir de uma rede social, receber\u00e1 um coment\u00e1rio da p\u00e1gina oficial da UrbanBiker nessa rede social. Responda com a hashtag \u2018#YesUrbanbiker\u2019 para dar a sua autoriza\u00e7\u00e3o e aceitar as nossas presentes Condi\u00e7\u00f5es Gerais de Uso.<\/p><ul><li dir=\"ltr\"><p dir=\"ltr\">Cess\u00e3o dos direitos da foto Os participantes certificam que possuem os direitos de autor das fotos ou v\u00eddeos publicados, bem como as autoriza\u00e7\u00f5es relativas aos direitos de imagem das pessoas que aparecem nas fotos. A publica\u00e7\u00e3o das fotos que mostrem menores de idade pressup\u00f5e que obteve previamente o consentimento dos seus representantes legais. Ao carregar as suas fotos e\/ou v\u00eddeos e publicar um conte\u00fado na Galeria, aceita que a sua foto e\/ou v\u00eddeo possa ser visualizado nos seguintes suportes: p\u00e1gina web comercial www.urbanbiker.com\/pt-pt e em todos os suportes dedicados \u00e0 promo\u00e7\u00e3o da marca (campanhas de marketing, cat\u00e1logos, redes sociais e outras comunica\u00e7\u00f5es destinadas aos clientes). Ao enviar uma foto e\/ou v\u00eddeo, autoriza a UrbanBiker a dispor de um direito de licen\u00e7a livre, perp\u00e9tuo, irrevog\u00e1vel, mundial, n\u00e3o exclusivo e isento de royalties. Concede \u00e0 UrbanBiker o direito de utilizar, modificar, alterar, reproduzir total ou parcialmente as fotografias e\/ou v\u00eddeos, direta ou indiretamente, por qualquer processo t\u00e9cnico e em qualquer suporte, em particular, na sua p\u00e1gina web comercial, nas diversas redes sociais em que a UrbanBiker est\u00e1 presente, bem como nos meios de comunica\u00e7\u00e3o destinados aos nossos clientes. Os participantes aceitam n\u00e3o intentar qualquer a\u00e7\u00e3o (mesmo em nome de terceiros) de qualquer tipo relacionada com o uso das imagens tal como descrito anteriormente contra a UrbanBiker e qualquer pessoa que atue em seu nome.<\/p><\/li><li dir=\"ltr\"><p dir=\"ltr\">Solicita\u00e7\u00e3o de remo\u00e7\u00e3o de uma foto Pode solicitar a remo\u00e7\u00e3o de uma foto ou v\u00eddeo a qualquer momento. Cada conte\u00fado disp\u00f5e de um bot\u00e3o \u2018report\u2019 situado na parte inferior direita que pode utilizar se desejar denunci\u00e1-lo.<\/p><\/li><li dir=\"ltr\"><p dir=\"ltr\">Tratamento dos dados pessoais Os seus dados pessoais, que a empresa UrbanBiker recolhe ao carregar a sua foto, s\u00e3o utilizados para integrar a sua foto em todos os suportes descritos anteriormente e para garantir a promo\u00e7\u00e3o da imagem da UrbanBiker. Pode aceder aos seus dados, solicitar a sua corre\u00e7\u00e3o ou a limita\u00e7\u00e3o do seu tratamento, enviando um e-mail para o seguinte endere\u00e7o: <a href=\"mailto:contact@urbanbiker.com\">contact@urbanbiker.com<\/a><\/p><\/li><\/ul><p dir=\"ltr\">Os perfis sociais da UrbanBiker s\u00e3o os seguintes:<\/p><p dir=\"ltr\">Instagram: @urbanbiker_<\/p><p dir=\"ltr\">TikTok: @urbanbiker_<\/p><p dir=\"ltr\">Facebook: @urbanbiker<\/p>\t\t\t\t\t\t\t\t<\/div>\n\t\t\t\t<\/div>\n\t\t\t\t\t<\/div>\n\t\t<\/div>\n\t\t\t\t\t<\/div>\n\t\t<\/div>\n\t\t\t\t<\/div>\n\t\t","protected":false},"excerpt":{"rendered":"<p>Termos e Condi\u00e7\u00f5es UGC Na UrbanBiker, adoramos ver como utiliza os nossos produtos. Por isso, \u00e9 poss\u00edvel que lhe pe\u00e7amos para partilhar estas imagens ou v\u00eddeos em www.urbanbiker.com\/pt-pt Estes materiais s\u00e3o publicados principalmente na ficha de produto da nossa p\u00e1gina web e numa galeria de inspira\u00e7\u00e3o com o intuito de oferecer aos nossos clientes uma [&hellip;]<\/p>\n","protected":false},"author":1,"featured_media":0,"parent":0,"menu_order":0,"comment_status":"closed","ping_status":"closed","template":"template-homepage.php","meta":{"footnotes":""},"class_list":["post-59379","page","type-page","status-publish","hentry"],"yoast_head":"<!-- This site is optimized with the Yoast SEO plugin v27.3 - https:\/\/yoast.com\/product\/yoast-seo-wordpress\/ -->\n<title>Termos e Condi\u00e7\u00f5es UGC | UrbanBiker | UrbanBiker<\/title>\n<meta name=\"description\" content=\"Aviso Legal | Termos e Condi\u00e7\u00f5es UGC | UrbanBiker\" \/>\n<meta name=\"robots\" content=\"noindex, nofollow\" \/>\n<meta property=\"og:locale\" content=\"pt_PT\" \/>\n<meta property=\"og:type\" content=\"article\" \/>\n<meta property=\"og:title\" content=\"Termos e Condi\u00e7\u00f5es UGC | UrbanBiker | UrbanBiker\" \/>\n<meta property=\"og:description\" content=\"Aviso Legal | Termos e Condi\u00e7\u00f5es UGC | UrbanBiker\" \/>\n<meta property=\"og:url\" content=\"https:\/\/www.urbanbiker.com\/pt-pt\/termos-e-condicoes-ugc-urbanbiker\/\" \/>\n<meta property=\"og:site_name\" content=\"UrbanBiker\" \/>\n<meta property=\"article:publisher\" content=\"https:\/\/www.facebook.com\/Urbanbikerbiciselectricas\" \/>\n<meta property=\"article:modified_time\" content=\"2026-01-07T15:28:39+00:00\" \/>\n<meta name=\"twitter:card\" content=\"summary_large_image\" \/>\n<meta name=\"twitter:label1\" content=\"Tempo estimado de leitura\" \/>\n\t<meta name=\"twitter:data1\" content=\"4 minutos\" \/>\n<script type=\"application\/ld+json\" class=\"yoast-schema-graph\">{\"@context\":\"https:\\\/\\\/schema.org\",\"@graph\":[{\"@type\":\"WebPage\",\"@id\":\"https:\\\/\\\/www.urbanbiker.com\\\/pt-pt\\\/termos-e-condicoes-ugc-urbanbiker\\\/\",\"url\":\"https:\\\/\\\/www.urbanbiker.com\\\/pt-pt\\\/termos-e-condicoes-ugc-urbanbiker\\\/\",\"name\":\"Termos e Condi\u00e7\u00f5es UGC | UrbanBiker | UrbanBiker\",\"isPartOf\":{\"@id\":\"https:\\\/\\\/www.urbanbiker.com\\\/pt-pt\\\/#website\"},\"datePublished\":\"2025-12-15T07:43:48+00:00\",\"dateModified\":\"2026-01-07T15:28:39+00:00\",\"description\":\"Aviso Legal | Termos e Condi\u00e7\u00f5es UGC | UrbanBiker\",\"breadcrumb\":{\"@id\":\"https:\\\/\\\/www.urbanbiker.com\\\/pt-pt\\\/termos-e-condicoes-ugc-urbanbiker\\\/#breadcrumb\"},\"inLanguage\":\"pt-PT\",\"potentialAction\":[{\"@type\":\"ReadAction\",\"target\":[\"https:\\\/\\\/www.urbanbiker.com\\\/pt-pt\\\/termos-e-condicoes-ugc-urbanbiker\\\/\"]}]},{\"@type\":\"BreadcrumbList\",\"@id\":\"https:\\\/\\\/www.urbanbiker.com\\\/pt-pt\\\/termos-e-condicoes-ugc-urbanbiker\\\/#breadcrumb\",\"itemListElement\":[{\"@type\":\"ListItem\",\"position\":1,\"name\":\"Portada\",\"item\":\"https:\\\/\\\/www.urbanbiker.com\\\/pt-pt\\\/\"},{\"@type\":\"ListItem\",\"position\":2,\"name\":\"Termos e Condi\u00e7\u00f5es UGC | UrbanBiker\"}]},{\"@type\":\"WebSite\",\"@id\":\"https:\\\/\\\/www.urbanbiker.com\\\/pt-pt\\\/#website\",\"url\":\"https:\\\/\\\/www.urbanbiker.com\\\/pt-pt\\\/\",\"name\":\"UrbanBiker\",\"description\":\"Bicicletas el\u00e9ctricas\",\"publisher\":{\"@id\":\"https:\\\/\\\/www.urbanbiker.com\\\/pt-pt\\\/#organization\"},\"potentialAction\":[{\"@type\":\"SearchAction\",\"target\":{\"@type\":\"EntryPoint\",\"urlTemplate\":\"https:\\\/\\\/www.urbanbiker.com\\\/pt-pt\\\/?s={search_term_string}\"},\"query-input\":{\"@type\":\"PropertyValueSpecification\",\"valueRequired\":true,\"valueName\":\"search_term_string\"}}],\"inLanguage\":\"pt-PT\"},{\"@type\":\"Organization\",\"@id\":\"https:\\\/\\\/www.urbanbiker.com\\\/pt-pt\\\/#organization\",\"name\":\"UrbanBiker\",\"url\":\"https:\\\/\\\/www.urbanbiker.com\\\/pt-pt\\\/\",\"logo\":{\"@type\":\"ImageObject\",\"inLanguage\":\"pt-PT\",\"@id\":\"https:\\\/\\\/www.urbanbiker.com\\\/pt-pt\\\/#\\\/schema\\\/logo\\\/image\\\/\",\"url\":\"https:\\\/\\\/www.urbanbiker.com\\\/wp-content\\\/uploads\\\/2022\\\/09\\\/Logo-principal-sin-fondo.png\",\"contentUrl\":\"https:\\\/\\\/www.urbanbiker.com\\\/wp-content\\\/uploads\\\/2022\\\/09\\\/Logo-principal-sin-fondo.png\",\"width\":2560,\"height\":934,\"caption\":\"UrbanBiker\"},\"image\":{\"@id\":\"https:\\\/\\\/www.urbanbiker.com\\\/pt-pt\\\/#\\\/schema\\\/logo\\\/image\\\/\"},\"sameAs\":[\"https:\\\/\\\/www.facebook.com\\\/Urbanbikerbiciselectricas\",\"https:\\\/\\\/www.instagram.com\\\/urbanbiker_\\\/\",\"https:\\\/\\\/www.linkedin.com\\\/company\\\/2454235\",\"https:\\\/\\\/www.youtube.com\\\/channel\\\/UCWR__uH_RWJF-OhPfz-9-Qw\"]}]}<\/script>\n<!-- \/ Yoast SEO plugin. -->","yoast_head_json":{"title":"Termos e Condi\u00e7\u00f5es UGC | UrbanBiker | UrbanBiker","description":"Aviso Legal | Termos e Condi\u00e7\u00f5es UGC | UrbanBiker","robots":{"index":"noindex","follow":"nofollow"},"og_locale":"pt_PT","og_type":"article","og_title":"Termos e Condi\u00e7\u00f5es UGC | UrbanBiker | UrbanBiker","og_description":"Aviso Legal | Termos e Condi\u00e7\u00f5es UGC | UrbanBiker","og_url":"https:\/\/www.urbanbiker.com\/pt-pt\/termos-e-condicoes-ugc-urbanbiker\/","og_site_name":"UrbanBiker","article_publisher":"https:\/\/www.facebook.com\/Urbanbikerbiciselectricas","article_modified_time":"2026-01-07T15:28:39+00:00","twitter_card":"summary_large_image","twitter_misc":{"Tempo estimado de leitura":"4 minutos"},"schema":{"@context":"https:\/\/schema.org","@graph":[{"@type":"WebPage","@id":"https:\/\/www.urbanbiker.com\/pt-pt\/termos-e-condicoes-ugc-urbanbiker\/","url":"https:\/\/www.urbanbiker.com\/pt-pt\/termos-e-condicoes-ugc-urbanbiker\/","name":"Termos e Condi\u00e7\u00f5es UGC | UrbanBiker | UrbanBiker","isPartOf":{"@id":"https:\/\/www.urbanbiker.com\/pt-pt\/#website"},"datePublished":"2025-12-15T07:43:48+00:00","dateModified":"2026-01-07T15:28:39+00:00","description":"Aviso Legal | Termos e Condi\u00e7\u00f5es UGC | UrbanBiker","breadcrumb":{"@id":"https:\/\/www.urbanbiker.com\/pt-pt\/termos-e-condicoes-ugc-urbanbiker\/#breadcrumb"},"inLanguage":"pt-PT","potentialAction":[{"@type":"ReadAction","target":["https:\/\/www.urbanbiker.com\/pt-pt\/termos-e-condicoes-ugc-urbanbiker\/"]}]},{"@type":"BreadcrumbList","@id":"https:\/\/www.urbanbiker.com\/pt-pt\/termos-e-condicoes-ugc-urbanbiker\/#breadcrumb","itemListElement":[{"@type":"ListItem","position":1,"name":"Portada","item":"https:\/\/www.urbanbiker.com\/pt-pt\/"},{"@type":"ListItem","position":2,"name":"Termos e Condi\u00e7\u00f5es UGC | UrbanBiker"}]},{"@type":"WebSite","@id":"https:\/\/www.urbanbiker.com\/pt-pt\/#website","url":"https:\/\/www.urbanbiker.com\/pt-pt\/","name":"UrbanBiker","description":"Bicicletas el\u00e9ctricas","publisher":{"@id":"https:\/\/www.urbanbiker.com\/pt-pt\/#organization"},"potentialAction":[{"@type":"SearchAction","target":{"@type":"EntryPoint","urlTemplate":"https:\/\/www.urbanbiker.com\/pt-pt\/?s={search_term_string}"},"query-input":{"@type":"PropertyValueSpecification","valueRequired":true,"valueName":"search_term_string"}}],"inLanguage":"pt-PT"},{"@type":"Organization","@id":"https:\/\/www.urbanbiker.com\/pt-pt\/#organization","name":"UrbanBiker","url":"https:\/\/www.urbanbiker.com\/pt-pt\/","logo":{"@type":"ImageObject","inLanguage":"pt-PT","@id":"https:\/\/www.urbanbiker.com\/pt-pt\/#\/schema\/logo\/image\/","url":"https:\/\/www.urbanbiker.com\/wp-content\/uploads\/2022\/09\/Logo-principal-sin-fondo.png","contentUrl":"https:\/\/www.urbanbiker.com\/wp-content\/uploads\/2022\/09\/Logo-principal-sin-fondo.png","width":2560,"height":934,"caption":"UrbanBiker"},"image":{"@id":"https:\/\/www.urbanbiker.com\/pt-pt\/#\/schema\/logo\/image\/"},"sameAs":["https:\/\/www.facebook.com\/Urbanbikerbiciselectricas","https:\/\/www.instagram.com\/urbanbiker_\/","https:\/\/www.linkedin.com\/company\/2454235","https:\/\/www.youtube.com\/channel\/UCWR__uH_RWJF-OhPfz-9-Qw"]}]}},"_links":{"self":[{"href":"https:\/\/www.urbanbiker.com\/pt-pt\/wp-json\/wp\/v2\/pages\/59379","targetHints":{"allow":["GET"]}}],"collection":[{"href":"https:\/\/www.urbanbiker.com\/pt-pt\/wp-json\/wp\/v2\/pages"}],"about":[{"href":"https:\/\/www.urbanbiker.com\/pt-pt\/wp-json\/wp\/v2\/types\/page"}],"author":[{"embeddable":true,"href":"https:\/\/www.urbanbiker.com\/pt-pt\/wp-json\/wp\/v2\/users\/1"}],"replies":[{"embeddable":true,"href":"https:\/\/www.urbanbiker.com\/pt-pt\/wp-json\/wp\/v2\/comments?post=59379"}],"version-history":[{"count":10,"href":"https:\/\/www.urbanbiker.com\/pt-pt\/wp-json\/wp\/v2\/pages\/59379\/revisions"}],"predecessor-version":[{"id":59462,"href":"https:\/\/www.urbanbiker.com\/pt-pt\/wp-json\/wp\/v2\/pages\/59379\/revisions\/59462"}],"wp:attachment":[{"href":"https:\/\/www.urbanbiker.com\/pt-pt\/wp-json\/wp\/v2\/media?parent=59379"}],"curies":[{"name":"wp","href":"https:\/\/api.w.org\/{rel}","templated":true}]}}