{"id":40113,"date":"2024-11-28T15:20:43","date_gmt":"2024-11-28T14:20:43","guid":{"rendered":"https:\/\/www.urbanbiker.com\/expedicao\/"},"modified":"2025-11-06T11:39:33","modified_gmt":"2025-11-06T10:39:33","slug":"expedicao","status":"publish","type":"page","link":"https:\/\/www.urbanbiker.com\/pt-pt\/expedicao\/","title":{"rendered":"Expedi\u00e7\u00e3o"},"content":{"rendered":"\t\t<div data-elementor-type=\"wp-page\" data-elementor-id=\"40113\" class=\"elementor elementor-40113 elementor-32106\">\n\t\t\t\t\t\t<div class=\"elementor-section elementor-top-section elementor-element elementor-element-2e11527 elementor-section-stretched elementor-section-boxed elementor-section-height-default elementor-section-height-default\" data-id=\"2e11527\" data-element_type=\"section\" data-e-type=\"section\" data-settings=\"{&quot;stretch_section&quot;:&quot;section-stretched&quot;}\">\n\t\t\t\t\t\t<div class=\"elementor-container elementor-column-gap-no\">\n\t\t\t\t\t<div class=\"elementor-column elementor-col-100 elementor-top-column elementor-element elementor-element-d2bd899\" data-id=\"d2bd899\" data-element_type=\"column\" data-e-type=\"column\">\n\t\t\t<div class=\"elementor-widget-wrap elementor-element-populated\">\n\t\t\t\t\n\t\t<div class=\"elementor-element elementor-element-a637689 elementor-widget elementor-widget-text-editor\" data-id=\"a637689\" data-element_type=\"widget\" data-e-type=\"widget\" data-widget_type=\"text-editor.default\">\n\t\t\t\t<div class=\"elementor-widget-container\">\n\t\t\t\t\t\t\t\t\t<h2>Informa\u00e7\u00f5es de envio<\/h2><h3>Custos de envio<\/h3><p>Os custos de envio s\u00e3o de 15 euros para encomendas inferiores a 100 euros.<\/p><p>Os custos de envio s\u00e3o gratuitos para encomendas superiores a 100 euros.<\/p><h3>Disponibilidade<\/h3><p>Se o produto estiver dispon\u00edvel, ser\u00e1 enviado no prazo de 2\/5 dias \u00fateis, consoante o pa\u00eds, para as bicicletas e 1\/4 dias \u00fateis, consoante o pa\u00eds, para as pe\u00e7as sobresselentes ou acess\u00f3rios.<\/p><p>Em caso de indisponibilidade, ser-lhe-\u00e1 apresentada a mensagem de rutura de stock.<\/p><p>Os prazos de entrega s\u00e3o aproximados e podem estar sujeitos a varia\u00e7\u00f5es por parte das pr\u00f3prias ag\u00eancias de transporte. Em caso algum \u00e9 poss\u00edvel especificar um prazo de entrega. <\/p><p>Nota: As encomendas s\u00e3o recebidas em Urbanbiker.com exclusivamente de segunda a sexta-feira. As encomendas n\u00e3o s\u00e3o processadas aos fins-de-semana e feriados. <\/p><h3>Embalagem<\/h3><p>A maioria das bicicletas \u00e9 entregue pr\u00e9-montada numa grande caixa de cart\u00e3o (que recomendamos que guarde). O guiador, o selim e os pedais s\u00e3o normalmente desmontados para poupar espa\u00e7o. <\/p><h3>Montagem<\/h3><p>Em geral, \u00e9 um processo simples, mas deve ser feito corretamente para que a bicicleta fique 100% perfeita. Recomendamos que veja os v\u00eddeos no canal YouTube que cada marca costuma ter, e que leia atentamente o guia de montagem e manuten\u00e7\u00e3o que acompanha cada bicicleta. <\/p><h3>Acompanhamento da encomenda<\/h3><p>As nossas encomendas utilizam um sistema de acompanhamento com um n\u00famero de envio fornecido pela empresa de transporte, que receber\u00e1 assim que a sua encomenda estiver conclu\u00edda. Cada empresa de transporte tem as suas pr\u00f3prias carater\u00edsticas e, uma vez que a encomenda tenha sa\u00eddo das nossas instala\u00e7\u00f5es, \u00e9 a pr\u00f3pria empresa de transporte que se encarrega de coordenar os pormenores de entrega da sua encomenda. <\/p><p>\u00c9 aconselh\u00e1vel verificar o endere\u00e7o de correio eletr\u00f3nico e o n\u00famero de telem\u00f3vel fornecidos com a encomenda para receber as informa\u00e7\u00f5es de seguimento.<\/p><p>Trabalhamos exclusivamente com empresas internacionais l\u00edderes, tais como:<\/p><p><strong>FEDEX:<\/strong> <a href=\"https:\/\/www.fedex.com\/es-es\/tracking.html\" target=\"_blank\" rel=\"noopener\">https:\/\/www.fedex.com\/es-es\/tracking.html<\/a><br><strong>DHL:<\/strong> <a href=\"https:\/\/www.dhl.com\/es-es\/home\/seguimiento.html\" target=\"_blank\" rel=\"noopener\">https:\/\/www.dhl.com\/es-es\/home\/seguimiento.html<\/a><br><strong>DHL Parcel:<\/strong> <a href=\"https:\/\/clientesparcel.dhl.es\/LiveTracking\/seguimiento-envio-empresas\" target=\"_blank\" rel=\"noopener\">https:\/\/clientesparcel.dhl.es\/LiveTracking\/seguimiento-envio-empresas<\/a><br> GLS: <a href=\"https:\/\/www.gls-spain.es\/es\/recibir-paquetes\/seguimiento-envio\/\" target=\"_blank\" rel=\"noopener\">https:\/\/www.gls-spain.es\/es\/recibir-paquetes\/seguimiento-envio\/<\/a><br><strong>UPS:<\/strong> <a href=\"https:\/\/www.ups.com\/track?loc=es_ES&amp;requester=ST\/\" target=\"_blank\" rel=\"noopener\">https:\/\/www.ups.com\/track?loc=es_ES&amp;requester=ST\/<\/a><br>e outros parceiros log\u00edsticos com base no PC de entrega, assegurando um acompanhamento fi\u00e1vel dos envios dos nossos clientes finais.<\/p><h3>Reclama\u00e7\u00f5es sobre a expedi\u00e7\u00e3o<\/h3><p>Quando receber a sua encomenda, verifique se a embalagem est\u00e1 em perfeitas condi\u00e7\u00f5es e se o n\u00famero de embalagens est\u00e1 correto. Se detetar alguma anomalia, indique-a na nota de entrega que assinar\u00e1 ao transportador. Anote na guia de remessa qualquer sinal de manuseamento incorreto da mercadoria, dano ou altera\u00e7\u00e3o da embalagem, mesmo que o material pare\u00e7a estar em bom estado, para que possa apresentar uma reclama\u00e7\u00e3o, se necess\u00e1rio.  <\/p><p>Por favor, tenha em aten\u00e7\u00e3o que qualquer reclama\u00e7\u00e3o por danos e\/ou quebras deve ser feita ao transportador no prazo de 24 horas ap\u00f3s a rece\u00e7\u00e3o da mercadoria. Ap\u00f3s este per\u00edodo, nem a transportadora nem a Ebikestock podem ser responsabilizadas por quaisquer danos causados durante o transporte e o comprador ser\u00e1 respons\u00e1vel por quaisquer custos ou perdas incorridos. <\/p>\t\t\t\t\t\t\t\t<\/div>\n\t\t\t\t<\/div>\n\t\t\t\t\t<\/div>\n\t\t<\/div>\n\t\t\t\t\t<\/div>\n\t\t<\/div>\n\t\t\t\t<\/div>\n\t\t","protected":false},"excerpt":{"rendered":"<p>Informa\u00e7\u00f5es de envio Custos de envio Os custos de envio s\u00e3o de 15 euros para encomendas inferiores a 100 euros. Os custos de envio s\u00e3o gratuitos para encomendas superiores a 100 euros. Disponibilidade Se o produto estiver dispon\u00edvel, ser\u00e1 enviado no prazo de 2\/5 dias \u00fateis, consoante o pa\u00eds, para as bicicletas e 1\/4 dias [&hellip;]<\/p>\n","protected":false},"author":1,"featured_media":0,"parent":0,"menu_order":0,"comment_status":"closed","ping_status":"closed","template":"template-homepage.php","meta":{"footnotes":""},"class_list":["post-40113","page","type-page","status-publish","hentry"],"yoast_head":"<!-- This site is optimized with the Yoast SEO plugin v27.5 - https:\/\/yoast.com\/product\/yoast-seo-wordpress\/ -->\n<title>Expedi\u00e7\u00e3o UrbanBiker<\/title>\n<meta name=\"description\" content=\"Expedi\u00e7\u00e3o UrbanBiker\" \/>\n<meta name=\"robots\" content=\"noindex, nofollow\" \/>\n<meta property=\"og:locale\" content=\"pt_PT\" \/>\n<meta property=\"og:type\" content=\"article\" \/>\n<meta property=\"og:title\" content=\"Expedi\u00e7\u00e3o UrbanBiker\" \/>\n<meta property=\"og:description\" content=\"Expedi\u00e7\u00e3o UrbanBiker\" \/>\n<meta property=\"og:url\" content=\"https:\/\/www.urbanbiker.com\/pt-pt\/expedicao\/\" \/>\n<meta property=\"og:site_name\" content=\"UrbanBiker\" \/>\n<meta property=\"article:publisher\" content=\"https:\/\/www.facebook.com\/Urbanbikerbiciselectricas\" \/>\n<meta property=\"article:modified_time\" content=\"2025-11-06T10:39:33+00:00\" \/>\n<meta name=\"twitter:card\" content=\"summary_large_image\" \/>\n<meta name=\"twitter:label1\" content=\"Tempo estimado de leitura\" \/>\n\t<meta name=\"twitter:data1\" content=\"3 minutos\" \/>\n<script type=\"application\/ld+json\" class=\"yoast-schema-graph\">{\"@context\":\"https:\\\/\\\/schema.org\",\"@graph\":[{\"@type\":\"WebPage\",\"@id\":\"https:\\\/\\\/www.urbanbiker.com\\\/pt-pt\\\/expedicao\\\/\",\"url\":\"https:\\\/\\\/www.urbanbiker.com\\\/pt-pt\\\/expedicao\\\/\",\"name\":\"Expedi\u00e7\u00e3o UrbanBiker\",\"isPartOf\":{\"@id\":\"https:\\\/\\\/www.urbanbiker.com\\\/pt-pt\\\/#website\"},\"datePublished\":\"2024-11-28T14:20:43+00:00\",\"dateModified\":\"2025-11-06T10:39:33+00:00\",\"description\":\"Expedi\u00e7\u00e3o UrbanBiker\",\"breadcrumb\":{\"@id\":\"https:\\\/\\\/www.urbanbiker.com\\\/pt-pt\\\/expedicao\\\/#breadcrumb\"},\"inLanguage\":\"pt-PT\",\"potentialAction\":[{\"@type\":\"ReadAction\",\"target\":[\"https:\\\/\\\/www.urbanbiker.com\\\/pt-pt\\\/expedicao\\\/\"]}]},{\"@type\":\"BreadcrumbList\",\"@id\":\"https:\\\/\\\/www.urbanbiker.com\\\/pt-pt\\\/expedicao\\\/#breadcrumb\",\"itemListElement\":[{\"@type\":\"ListItem\",\"position\":1,\"name\":\"Portada\",\"item\":\"https:\\\/\\\/www.urbanbiker.com\\\/pt-pt\\\/\"},{\"@type\":\"ListItem\",\"position\":2,\"name\":\"Expedi\u00e7\u00e3o\"}]},{\"@type\":\"WebSite\",\"@id\":\"https:\\\/\\\/www.urbanbiker.com\\\/pt-pt\\\/#website\",\"url\":\"https:\\\/\\\/www.urbanbiker.com\\\/pt-pt\\\/\",\"name\":\"UrbanBiker\",\"description\":\"Bicicletas el\u00e9ctricas\",\"publisher\":{\"@id\":\"https:\\\/\\\/www.urbanbiker.com\\\/pt-pt\\\/#organization\"},\"potentialAction\":[{\"@type\":\"SearchAction\",\"target\":{\"@type\":\"EntryPoint\",\"urlTemplate\":\"https:\\\/\\\/www.urbanbiker.com\\\/pt-pt\\\/?s={search_term_string}\"},\"query-input\":{\"@type\":\"PropertyValueSpecification\",\"valueRequired\":true,\"valueName\":\"search_term_string\"}}],\"inLanguage\":\"pt-PT\"},{\"@type\":\"Organization\",\"@id\":\"https:\\\/\\\/www.urbanbiker.com\\\/pt-pt\\\/#organization\",\"name\":\"UrbanBiker\",\"url\":\"https:\\\/\\\/www.urbanbiker.com\\\/pt-pt\\\/\",\"logo\":{\"@type\":\"ImageObject\",\"inLanguage\":\"pt-PT\",\"@id\":\"https:\\\/\\\/www.urbanbiker.com\\\/pt-pt\\\/#\\\/schema\\\/logo\\\/image\\\/\",\"url\":\"https:\\\/\\\/www.urbanbiker.com\\\/wp-content\\\/uploads\\\/2022\\\/09\\\/Logo-principal-sin-fondo.png\",\"contentUrl\":\"https:\\\/\\\/www.urbanbiker.com\\\/wp-content\\\/uploads\\\/2022\\\/09\\\/Logo-principal-sin-fondo.png\",\"width\":2560,\"height\":934,\"caption\":\"UrbanBiker\"},\"image\":{\"@id\":\"https:\\\/\\\/www.urbanbiker.com\\\/pt-pt\\\/#\\\/schema\\\/logo\\\/image\\\/\"},\"sameAs\":[\"https:\\\/\\\/www.facebook.com\\\/Urbanbikerbiciselectricas\",\"https:\\\/\\\/www.instagram.com\\\/urbanbiker_\\\/\",\"https:\\\/\\\/www.linkedin.com\\\/company\\\/2454235\",\"https:\\\/\\\/www.youtube.com\\\/channel\\\/UCWR__uH_RWJF-OhPfz-9-Qw\"]}]}<\/script>\n<!-- \/ Yoast SEO plugin. -->","yoast_head_json":{"title":"Expedi\u00e7\u00e3o UrbanBiker","description":"Expedi\u00e7\u00e3o UrbanBiker","robots":{"index":"noindex","follow":"nofollow"},"og_locale":"pt_PT","og_type":"article","og_title":"Expedi\u00e7\u00e3o UrbanBiker","og_description":"Expedi\u00e7\u00e3o UrbanBiker","og_url":"https:\/\/www.urbanbiker.com\/pt-pt\/expedicao\/","og_site_name":"UrbanBiker","article_publisher":"https:\/\/www.facebook.com\/Urbanbikerbiciselectricas","article_modified_time":"2025-11-06T10:39:33+00:00","twitter_card":"summary_large_image","twitter_misc":{"Tempo estimado de leitura":"3 minutos"},"schema":{"@context":"https:\/\/schema.org","@graph":[{"@type":"WebPage","@id":"https:\/\/www.urbanbiker.com\/pt-pt\/expedicao\/","url":"https:\/\/www.urbanbiker.com\/pt-pt\/expedicao\/","name":"Expedi\u00e7\u00e3o UrbanBiker","isPartOf":{"@id":"https:\/\/www.urbanbiker.com\/pt-pt\/#website"},"datePublished":"2024-11-28T14:20:43+00:00","dateModified":"2025-11-06T10:39:33+00:00","description":"Expedi\u00e7\u00e3o UrbanBiker","breadcrumb":{"@id":"https:\/\/www.urbanbiker.com\/pt-pt\/expedicao\/#breadcrumb"},"inLanguage":"pt-PT","potentialAction":[{"@type":"ReadAction","target":["https:\/\/www.urbanbiker.com\/pt-pt\/expedicao\/"]}]},{"@type":"BreadcrumbList","@id":"https:\/\/www.urbanbiker.com\/pt-pt\/expedicao\/#breadcrumb","itemListElement":[{"@type":"ListItem","position":1,"name":"Portada","item":"https:\/\/www.urbanbiker.com\/pt-pt\/"},{"@type":"ListItem","position":2,"name":"Expedi\u00e7\u00e3o"}]},{"@type":"WebSite","@id":"https:\/\/www.urbanbiker.com\/pt-pt\/#website","url":"https:\/\/www.urbanbiker.com\/pt-pt\/","name":"UrbanBiker","description":"Bicicletas el\u00e9ctricas","publisher":{"@id":"https:\/\/www.urbanbiker.com\/pt-pt\/#organization"},"potentialAction":[{"@type":"SearchAction","target":{"@type":"EntryPoint","urlTemplate":"https:\/\/www.urbanbiker.com\/pt-pt\/?s={search_term_string}"},"query-input":{"@type":"PropertyValueSpecification","valueRequired":true,"valueName":"search_term_string"}}],"inLanguage":"pt-PT"},{"@type":"Organization","@id":"https:\/\/www.urbanbiker.com\/pt-pt\/#organization","name":"UrbanBiker","url":"https:\/\/www.urbanbiker.com\/pt-pt\/","logo":{"@type":"ImageObject","inLanguage":"pt-PT","@id":"https:\/\/www.urbanbiker.com\/pt-pt\/#\/schema\/logo\/image\/","url":"https:\/\/www.urbanbiker.com\/wp-content\/uploads\/2022\/09\/Logo-principal-sin-fondo.png","contentUrl":"https:\/\/www.urbanbiker.com\/wp-content\/uploads\/2022\/09\/Logo-principal-sin-fondo.png","width":2560,"height":934,"caption":"UrbanBiker"},"image":{"@id":"https:\/\/www.urbanbiker.com\/pt-pt\/#\/schema\/logo\/image\/"},"sameAs":["https:\/\/www.facebook.com\/Urbanbikerbiciselectricas","https:\/\/www.instagram.com\/urbanbiker_\/","https:\/\/www.linkedin.com\/company\/2454235","https:\/\/www.youtube.com\/channel\/UCWR__uH_RWJF-OhPfz-9-Qw"]}]}},"_links":{"self":[{"href":"https:\/\/www.urbanbiker.com\/pt-pt\/wp-json\/wp\/v2\/pages\/40113","targetHints":{"allow":["GET"]}}],"collection":[{"href":"https:\/\/www.urbanbiker.com\/pt-pt\/wp-json\/wp\/v2\/pages"}],"about":[{"href":"https:\/\/www.urbanbiker.com\/pt-pt\/wp-json\/wp\/v2\/types\/page"}],"author":[{"embeddable":true,"href":"https:\/\/www.urbanbiker.com\/pt-pt\/wp-json\/wp\/v2\/users\/1"}],"replies":[{"embeddable":true,"href":"https:\/\/www.urbanbiker.com\/pt-pt\/wp-json\/wp\/v2\/comments?post=40113"}],"version-history":[{"count":2,"href":"https:\/\/www.urbanbiker.com\/pt-pt\/wp-json\/wp\/v2\/pages\/40113\/revisions"}],"predecessor-version":[{"id":57339,"href":"https:\/\/www.urbanbiker.com\/pt-pt\/wp-json\/wp\/v2\/pages\/40113\/revisions\/57339"}],"wp:attachment":[{"href":"https:\/\/www.urbanbiker.com\/pt-pt\/wp-json\/wp\/v2\/media?parent=40113"}],"curies":[{"name":"wp","href":"https:\/\/api.w.org\/{rel}","templated":true}]}}