{"id":39285,"date":"2024-11-28T16:45:06","date_gmt":"2024-11-28T15:45:06","guid":{"rendered":"https:\/\/www.urbanbiker.com\/?page_id=39285"},"modified":"2025-04-12T18:49:52","modified_gmt":"2025-04-12T16:49:52","slug":"politica-de-cookies","status":"publish","type":"page","link":"https:\/\/www.urbanbiker.com\/pt-pt\/politica-de-cookies\/","title":{"rendered":"Pol\u00edtica de Cookies"},"content":{"rendered":"\t\t<div data-elementor-type=\"wp-page\" data-elementor-id=\"39285\" class=\"elementor elementor-39285 elementor-32163\">\n\t\t\t\t\t\t<div class=\"elementor-section elementor-top-section elementor-element elementor-element-2e11527 elementor-section-stretched elementor-section-boxed elementor-section-height-default elementor-section-height-default\" data-id=\"2e11527\" data-element_type=\"section\" data-e-type=\"section\" data-settings=\"{&quot;stretch_section&quot;:&quot;section-stretched&quot;}\">\n\t\t\t\t\t\t<div class=\"elementor-container elementor-column-gap-no\">\n\t\t\t\t\t<div class=\"elementor-column elementor-col-100 elementor-top-column elementor-element elementor-element-d2bd899\" data-id=\"d2bd899\" data-element_type=\"column\" data-e-type=\"column\">\n\t\t\t<div class=\"elementor-widget-wrap elementor-element-populated\">\n\t\t\t\t\n\t\t<div class=\"elementor-element elementor-element-a637689 elementor-widget elementor-widget-text-editor\" data-id=\"a637689\" data-element_type=\"widget\" data-e-type=\"widget\" data-widget_type=\"text-editor.default\">\n\t\t\t\t<div class=\"elementor-widget-container\">\n\t\t\t\t\t\t\t\t\t<h2 data-start=\"0\" data-end=\"24\"><strong data-start=\"0\" data-end=\"22\">O que \u00e9 um cookie?<\/strong><\/h2><p data-start=\"26\" data-end=\"253\">Um cookie \u00e9 um pequeno arquivo que \u00e9 baixado no computador, tablet ou smartphone do usu\u00e1rio com o objetivo de armazenar dados e informa\u00e7\u00f5es que podem ser atualizados e recuperados pela entidade respons\u00e1vel por sua instala\u00e7\u00e3o.<\/p><p data-start=\"255\" data-end=\"434\">As informa\u00e7\u00f5es coletadas por meio dos cookies podem incluir a data e a hora das visitas ao site, as diferentes se\u00e7\u00f5es visualizadas ou o tempo que o usu\u00e1rio permaneceu na p\u00e1gina.<\/p><h3 data-start=\"436\" data-end=\"481\"><strong data-start=\"436\" data-end=\"479\">Que tipos de cookies este site utiliza?<\/strong><\/h3><p data-start=\"483\" data-end=\"505\"><strong data-start=\"483\" data-end=\"503\">Cookies pr\u00f3prios<\/strong><\/p><p data-start=\"507\" data-end=\"749\">Esses cookies s\u00e3o enviados ao seu dispositivo e gerenciados exclusivamente por n\u00f3s para garantir o bom funcionamento do site. As informa\u00e7\u00f5es coletadas s\u00e3o utilizadas para melhorar a qualidade do nosso servi\u00e7o e sua experi\u00eancia como usu\u00e1rio.<\/p><p data-start=\"751\" data-end=\"777\"><strong data-start=\"751\" data-end=\"775\">Cookies de terceiros<\/strong><\/p><p data-start=\"779\" data-end=\"1083\">S\u00e3o cookies enviados ao seu dispositivo a partir de um sistema ou dom\u00ednio que n\u00e3o \u00e9 gerenciado por n\u00f3s, mas por uma entidade parceira. Exemplos incluem os cookies anal\u00edticos utilizados pelo Google ou aqueles de redes sociais que permitem aos usu\u00e1rios compartilhar ou recomendar conte\u00fados do nosso site.<\/p><h3 data-start=\"1085\" data-end=\"1123\"><strong data-start=\"1085\" data-end=\"1121\">Quais cookies este site utiliza?<\/strong><\/h3><p data-start=\"1125\" data-end=\"1235\">A seguir, detalhamos todos os cookies utilizados por este site, bem como suas caracter\u00edsticas e finalidades:<\/p><ul data-start=\"1237\" data-end=\"1760\"><li data-start=\"1237\" data-end=\"1316\"><strong data-start=\"1239\" data-end=\"1249\">Login:<\/strong> Os cookies de login permitem que voc\u00ea entre e saia da sua conta.<\/li><li data-start=\"1317\" data-end=\"1463\"><strong data-start=\"1319\" data-end=\"1338\">Personaliza\u00e7\u00e3o:<\/strong> Os cookies nos ajudam a lembrar com quais pessoas ou sites voc\u00ea interagiu, para que possamos mostrar conte\u00fados relevantes.<\/li><li data-start=\"1464\" data-end=\"1611\"><strong data-start=\"1466\" data-end=\"1483\">Prefer\u00eancias:<\/strong> Os cookies nos permitem lembrar suas configura\u00e7\u00f5es e prefer\u00eancias, como o idioma escolhido e as configura\u00e7\u00f5es de privacidade.<\/li><li data-start=\"1612\" data-end=\"1760\"><strong data-start=\"1614\" data-end=\"1628\">Seguran\u00e7a:<\/strong> Utilizamos cookies para prevenir riscos de seguran\u00e7a, principalmente para detectar quando algu\u00e9m est\u00e1 tentando invadir sua conta.<\/li><\/ul><table class=\" alignleft\" width=\"100%\"><tbody><tr><td width=\"19%\"><strong>Propriedade<\/strong><\/td><td width=\"17%\"><strong>Cookie<\/strong><\/td><td><strong>Finalidade<\/strong><\/td><td width=\"15%\"><strong>Dura\u00e7\u00e3o<\/strong><\/td><\/tr><tr><td>urbanbiker.com<\/td><td>_ga<\/td><td>ID utilizado para identificar os usu\u00e1rios<\/td><td>en 2 anos<\/td><\/tr><tr><td>Google<\/td><td>_grecaptcha<\/td><td>O Google define este cookie. Al\u00e9m de certos cookies padr\u00e3o do Google, o reCAPTCHA define um cookie necess\u00e1rio quando \u00e9 executado para fornecer sua an\u00e1lise de risco.<\/td><td>5 meses<\/td><\/tr><tr><td>WordPress<\/td><td>wordpress_*<\/td><td>Funcional<\/td><td>3 meses<\/td><\/tr><tr><td>WordPress<\/td><td>wordpress_logged_in_*<\/td><td>Login de usu\u00e1rios<\/td><td>Fim da sess\u00e3o<\/td><\/tr><tr><td><p class=\"elementor-heading-title elementor-size-default\">Google Fonts<\/p><\/td><td>Google Fonts API<\/td><td><p id=\"tw-target-text\" class=\"tw-data-text tw-text-large XcVN5d tw-ta\" dir=\"ltr\" data-placeholder=\"Traducci\u00f3n\">Para solicitar o endere\u00e7o IP do usu\u00e1rio<\/p><\/td><td>\u00a0<\/td><\/tr><tr><td>urbanbiker.com<\/td><td>_gid<\/td><td>ID utilizado para identificar os usu\u00e1rios por 24 horas ap\u00f3s a \u00faltima atividade<\/td><td>22 horas<\/td><\/tr><tr><td>Google Ads Optimization<\/td><td>SAPISID<\/td><td>Funcional<\/td><td>2 anos<\/td><\/tr><tr><td>Complianz<\/td><td>complianz_policy_id<\/td><td>Para armazenar o ID da pol\u00edtica de cookies aceita<\/td><td>1 a\u00f1o<\/td><\/tr><tr><td>Complianz<\/td><td>complianz_consent-status<\/td><td>Para armazenar as prefer\u00eancias de consentimento de cookies<\/td><td>1 a\u00f1o<\/td><\/tr><tr><td>Google reCAPTCHA<\/td><td>rc::c<\/td><td>Para filtrar solicita\u00e7\u00f5es de bots<\/td><td>Fim da sess\u00e3o<\/td><\/tr><tr><td>Google reCAPTCHA<\/td><td>rc::b<\/td><td>Para filtrar solicita\u00e7\u00f5es de bots<\/td><td>Fim da sess\u00e3o<\/td><\/tr><\/tbody><\/table><h3 data-start=\"2705\" data-end=\"2782\"><strong data-start=\"2705\" data-end=\"2780\">Como posso configurar ou desativar os cookies utilizados por este site?<\/strong><\/h3><p data-start=\"2784\" data-end=\"3015\">Para restringir ou bloquear os cookies, voc\u00ea deve modificar as configura\u00e7\u00f5es do navegador que utiliza em seu dispositivo. De maneira geral, os navegadores oferecem as seguintes op\u00e7\u00f5es de configura\u00e7\u00e3o para a instala\u00e7\u00e3o de cookies:<\/p><ul data-start=\"3017\" data-end=\"3789\"><li data-start=\"3017\" data-end=\"3177\"><strong data-start=\"3019\" data-end=\"3066\">Configura\u00e7\u00e3o de cookies para Google Chrome:<\/strong> <a target=\"_new\" rel=\"noopener\" data-start=\"3067\" data-end=\"3175\">https:\/\/support.google.com\/chrome\/answer\/95647?hl=pt<\/a><\/li><li data-start=\"3178\" data-end=\"3313\"><strong data-start=\"3180\" data-end=\"3226\">Configura\u00e7\u00e3o de cookies para Apple Safari:<\/strong> <a href=\"https:\/\/support.apple.com\/pt-pt\/HT201265\" target=\"_new\" rel=\"noopener\" data-start=\"3227\" data-end=\"3311\">https:\/\/support.apple.com\/pt-pt\/HT201265<\/a><\/li><li data-start=\"3314\" data-end=\"3562\"><strong data-start=\"3316\" data-end=\"3367\">Configura\u00e7\u00e3o de cookies para Internet Explorer:<\/strong> <a href=\"https:\/\/support.microsoft.com\/pt-br\/help\/17442\/windows-internet-explorer-delete-manage-cookies\" target=\"_new\" rel=\"noopener\" data-start=\"3368\" data-end=\"3560\">https:\/\/support.microsoft.com\/pt-br\/help\/17442\/windows-internet-explorer-delete-manage-cookies<\/a><\/li><li data-start=\"3563\" data-end=\"3789\"><strong data-start=\"3565\" data-end=\"3614\">Configura\u00e7\u00e3o de cookies para Mozilla Firefox:<\/strong> <a href=\"https:\/\/support.mozilla.org\/pt-BR\/kb\/protecao-aprimorada-contra-rastreamento-firefox\" target=\"_new\" rel=\"noopener\" data-start=\"3615\" data-end=\"3787\">https:\/\/support.mozilla.org\/pt-BR\/kb\/protecao-aprimorada-contra-rastreamento-firefox<\/a><\/li><\/ul><p data-start=\"3791\" data-end=\"3909\">Se a instala\u00e7\u00e3o de todos os cookies no site for bloqueada, algumas funcionalidades e conte\u00fados poder\u00e3o ser afetados.<\/p><h3 data-start=\"3911\" data-end=\"3950\"><strong data-start=\"3911\" data-end=\"3948\">Altera\u00e7\u00f5es na Pol\u00edtica de Cookies<\/strong><\/h3><p data-start=\"3952\" data-end=\"4155\" data-is-last-node=\"\" data-is-only-node=\"\">Podemos atualizar a Pol\u00edtica de Cookies do nosso site. Por isso, recomendamos que voc\u00ea revise esta pol\u00edtica sempre que acessar nosso site para se manter informado sobre como e por que utilizamos cookies.<\/p>\t\t\t\t\t\t\t\t<\/div>\n\t\t\t\t<\/div>\n\t\t\t\t\t<\/div>\n\t\t<\/div>\n\t\t\t\t\t<\/div>\n\t\t<\/div>\n\t\t\t\t<\/div>\n\t\t","protected":false},"excerpt":{"rendered":"<p>O que \u00e9 um cookie? Um cookie \u00e9 um pequeno arquivo que \u00e9 baixado no computador, tablet ou smartphone do usu\u00e1rio com o objetivo de armazenar dados e informa\u00e7\u00f5es que podem ser atualizados e recuperados pela entidade respons\u00e1vel por sua instala\u00e7\u00e3o. As informa\u00e7\u00f5es coletadas por meio dos cookies podem incluir a data e a hora [&hellip;]<\/p>\n","protected":false},"author":1,"featured_media":0,"parent":0,"menu_order":0,"comment_status":"closed","ping_status":"closed","template":"template-homepage.php","meta":{"footnotes":""},"class_list":["post-39285","page","type-page","status-publish","hentry"],"yoast_head":"<!-- This site is optimized with the Yoast SEO plugin v27.4 - https:\/\/yoast.com\/product\/yoast-seo-wordpress\/ -->\n<title>Pol\u00edtica de cookies<\/title>\n<meta name=\"description\" content=\"Pol\u00edtica de cookies\" \/>\n<meta name=\"robots\" content=\"noindex, nofollow\" \/>\n<meta property=\"og:locale\" content=\"pt_PT\" \/>\n<meta property=\"og:type\" content=\"article\" \/>\n<meta property=\"og:title\" content=\"Pol\u00edtica de cookies\" \/>\n<meta property=\"og:description\" content=\"Pol\u00edtica de cookies\" \/>\n<meta property=\"og:url\" content=\"https:\/\/www.urbanbiker.com\/pt-pt\/politica-de-cookies\/\" \/>\n<meta property=\"og:site_name\" content=\"UrbanBiker\" \/>\n<meta property=\"article:publisher\" content=\"https:\/\/www.facebook.com\/Urbanbikerbiciselectricas\" \/>\n<meta property=\"article:modified_time\" content=\"2025-04-12T16:49:52+00:00\" \/>\n<meta name=\"twitter:card\" content=\"summary_large_image\" \/>\n<meta name=\"twitter:label1\" content=\"Tempo estimado de leitura\" \/>\n\t<meta name=\"twitter:data1\" content=\"3 minutos\" \/>\n<script type=\"application\/ld+json\" class=\"yoast-schema-graph\">{\"@context\":\"https:\\\/\\\/schema.org\",\"@graph\":[{\"@type\":\"WebPage\",\"@id\":\"https:\\\/\\\/www.urbanbiker.com\\\/pt-pt\\\/politica-de-cookies\\\/\",\"url\":\"https:\\\/\\\/www.urbanbiker.com\\\/pt-pt\\\/politica-de-cookies\\\/\",\"name\":\"Pol\u00edtica de cookies\",\"isPartOf\":{\"@id\":\"https:\\\/\\\/www.urbanbiker.com\\\/pt-pt\\\/#website\"},\"datePublished\":\"2024-11-28T15:45:06+00:00\",\"dateModified\":\"2025-04-12T16:49:52+00:00\",\"description\":\"Pol\u00edtica de cookies\",\"breadcrumb\":{\"@id\":\"https:\\\/\\\/www.urbanbiker.com\\\/pt-pt\\\/politica-de-cookies\\\/#breadcrumb\"},\"inLanguage\":\"pt-PT\",\"potentialAction\":[{\"@type\":\"ReadAction\",\"target\":[\"https:\\\/\\\/www.urbanbiker.com\\\/pt-pt\\\/politica-de-cookies\\\/\"]}]},{\"@type\":\"BreadcrumbList\",\"@id\":\"https:\\\/\\\/www.urbanbiker.com\\\/pt-pt\\\/politica-de-cookies\\\/#breadcrumb\",\"itemListElement\":[{\"@type\":\"ListItem\",\"position\":1,\"name\":\"Portada\",\"item\":\"https:\\\/\\\/www.urbanbiker.com\\\/pt-pt\\\/\"},{\"@type\":\"ListItem\",\"position\":2,\"name\":\"Pol\u00edtica de Cookies\"}]},{\"@type\":\"WebSite\",\"@id\":\"https:\\\/\\\/www.urbanbiker.com\\\/pt-pt\\\/#website\",\"url\":\"https:\\\/\\\/www.urbanbiker.com\\\/pt-pt\\\/\",\"name\":\"UrbanBiker\",\"description\":\"Bicicletas el\u00e9ctricas\",\"publisher\":{\"@id\":\"https:\\\/\\\/www.urbanbiker.com\\\/pt-pt\\\/#organization\"},\"potentialAction\":[{\"@type\":\"SearchAction\",\"target\":{\"@type\":\"EntryPoint\",\"urlTemplate\":\"https:\\\/\\\/www.urbanbiker.com\\\/pt-pt\\\/?s={search_term_string}\"},\"query-input\":{\"@type\":\"PropertyValueSpecification\",\"valueRequired\":true,\"valueName\":\"search_term_string\"}}],\"inLanguage\":\"pt-PT\"},{\"@type\":\"Organization\",\"@id\":\"https:\\\/\\\/www.urbanbiker.com\\\/pt-pt\\\/#organization\",\"name\":\"UrbanBiker\",\"url\":\"https:\\\/\\\/www.urbanbiker.com\\\/pt-pt\\\/\",\"logo\":{\"@type\":\"ImageObject\",\"inLanguage\":\"pt-PT\",\"@id\":\"https:\\\/\\\/www.urbanbiker.com\\\/pt-pt\\\/#\\\/schema\\\/logo\\\/image\\\/\",\"url\":\"https:\\\/\\\/www.urbanbiker.com\\\/wp-content\\\/uploads\\\/2022\\\/09\\\/Logo-principal-sin-fondo.png\",\"contentUrl\":\"https:\\\/\\\/www.urbanbiker.com\\\/wp-content\\\/uploads\\\/2022\\\/09\\\/Logo-principal-sin-fondo.png\",\"width\":2560,\"height\":934,\"caption\":\"UrbanBiker\"},\"image\":{\"@id\":\"https:\\\/\\\/www.urbanbiker.com\\\/pt-pt\\\/#\\\/schema\\\/logo\\\/image\\\/\"},\"sameAs\":[\"https:\\\/\\\/www.facebook.com\\\/Urbanbikerbiciselectricas\",\"https:\\\/\\\/www.instagram.com\\\/urbanbiker_\\\/\",\"https:\\\/\\\/www.linkedin.com\\\/company\\\/2454235\",\"https:\\\/\\\/www.youtube.com\\\/channel\\\/UCWR__uH_RWJF-OhPfz-9-Qw\"]}]}<\/script>\n<!-- \/ Yoast SEO plugin. -->","yoast_head_json":{"title":"Pol\u00edtica de cookies","description":"Pol\u00edtica de cookies","robots":{"index":"noindex","follow":"nofollow"},"og_locale":"pt_PT","og_type":"article","og_title":"Pol\u00edtica de cookies","og_description":"Pol\u00edtica de cookies","og_url":"https:\/\/www.urbanbiker.com\/pt-pt\/politica-de-cookies\/","og_site_name":"UrbanBiker","article_publisher":"https:\/\/www.facebook.com\/Urbanbikerbiciselectricas","article_modified_time":"2025-04-12T16:49:52+00:00","twitter_card":"summary_large_image","twitter_misc":{"Tempo estimado de leitura":"3 minutos"},"schema":{"@context":"https:\/\/schema.org","@graph":[{"@type":"WebPage","@id":"https:\/\/www.urbanbiker.com\/pt-pt\/politica-de-cookies\/","url":"https:\/\/www.urbanbiker.com\/pt-pt\/politica-de-cookies\/","name":"Pol\u00edtica de cookies","isPartOf":{"@id":"https:\/\/www.urbanbiker.com\/pt-pt\/#website"},"datePublished":"2024-11-28T15:45:06+00:00","dateModified":"2025-04-12T16:49:52+00:00","description":"Pol\u00edtica de cookies","breadcrumb":{"@id":"https:\/\/www.urbanbiker.com\/pt-pt\/politica-de-cookies\/#breadcrumb"},"inLanguage":"pt-PT","potentialAction":[{"@type":"ReadAction","target":["https:\/\/www.urbanbiker.com\/pt-pt\/politica-de-cookies\/"]}]},{"@type":"BreadcrumbList","@id":"https:\/\/www.urbanbiker.com\/pt-pt\/politica-de-cookies\/#breadcrumb","itemListElement":[{"@type":"ListItem","position":1,"name":"Portada","item":"https:\/\/www.urbanbiker.com\/pt-pt\/"},{"@type":"ListItem","position":2,"name":"Pol\u00edtica de Cookies"}]},{"@type":"WebSite","@id":"https:\/\/www.urbanbiker.com\/pt-pt\/#website","url":"https:\/\/www.urbanbiker.com\/pt-pt\/","name":"UrbanBiker","description":"Bicicletas el\u00e9ctricas","publisher":{"@id":"https:\/\/www.urbanbiker.com\/pt-pt\/#organization"},"potentialAction":[{"@type":"SearchAction","target":{"@type":"EntryPoint","urlTemplate":"https:\/\/www.urbanbiker.com\/pt-pt\/?s={search_term_string}"},"query-input":{"@type":"PropertyValueSpecification","valueRequired":true,"valueName":"search_term_string"}}],"inLanguage":"pt-PT"},{"@type":"Organization","@id":"https:\/\/www.urbanbiker.com\/pt-pt\/#organization","name":"UrbanBiker","url":"https:\/\/www.urbanbiker.com\/pt-pt\/","logo":{"@type":"ImageObject","inLanguage":"pt-PT","@id":"https:\/\/www.urbanbiker.com\/pt-pt\/#\/schema\/logo\/image\/","url":"https:\/\/www.urbanbiker.com\/wp-content\/uploads\/2022\/09\/Logo-principal-sin-fondo.png","contentUrl":"https:\/\/www.urbanbiker.com\/wp-content\/uploads\/2022\/09\/Logo-principal-sin-fondo.png","width":2560,"height":934,"caption":"UrbanBiker"},"image":{"@id":"https:\/\/www.urbanbiker.com\/pt-pt\/#\/schema\/logo\/image\/"},"sameAs":["https:\/\/www.facebook.com\/Urbanbikerbiciselectricas","https:\/\/www.instagram.com\/urbanbiker_\/","https:\/\/www.linkedin.com\/company\/2454235","https:\/\/www.youtube.com\/channel\/UCWR__uH_RWJF-OhPfz-9-Qw"]}]}},"_links":{"self":[{"href":"https:\/\/www.urbanbiker.com\/pt-pt\/wp-json\/wp\/v2\/pages\/39285","targetHints":{"allow":["GET"]}}],"collection":[{"href":"https:\/\/www.urbanbiker.com\/pt-pt\/wp-json\/wp\/v2\/pages"}],"about":[{"href":"https:\/\/www.urbanbiker.com\/pt-pt\/wp-json\/wp\/v2\/types\/page"}],"author":[{"embeddable":true,"href":"https:\/\/www.urbanbiker.com\/pt-pt\/wp-json\/wp\/v2\/users\/1"}],"replies":[{"embeddable":true,"href":"https:\/\/www.urbanbiker.com\/pt-pt\/wp-json\/wp\/v2\/comments?post=39285"}],"version-history":[{"count":9,"href":"https:\/\/www.urbanbiker.com\/pt-pt\/wp-json\/wp\/v2\/pages\/39285\/revisions"}],"predecessor-version":[{"id":42666,"href":"https:\/\/www.urbanbiker.com\/pt-pt\/wp-json\/wp\/v2\/pages\/39285\/revisions\/42666"}],"wp:attachment":[{"href":"https:\/\/www.urbanbiker.com\/pt-pt\/wp-json\/wp\/v2\/media?parent=39285"}],"curies":[{"name":"wp","href":"https:\/\/api.w.org\/{rel}","templated":true}]}}