{"id":55147,"date":"2025-03-01T14:03:28","date_gmt":"2025-03-01T13:03:28","guid":{"rendered":"https:\/\/www.urbanbiker.com\/?post_type=product&#038;p=55147"},"modified":"2025-10-01T12:29:33","modified_gmt":"2025-10-01T10:29:33","slug":"cappellino-urbanbiker-blu-bianco","status":"publish","type":"product","link":"https:\/\/www.urbanbiker.com\/it\/prodotto\/cappellino-urbanbiker-blu-bianco\/","title":{"rendered":"Cappellino UrbanBiker | Blu\/Bianco"},"content":{"rendered":"<p>Il <strong>cappellino UrbanBiker<\/strong> combina stile, freschezza e comfort in un design pensato per i ciclisti e gli amanti del marchio. Con i suoi colori aziendali blu e bianco, diventa un accessorio versatile sia per le tue uscite in bicicletta che per la vita di tutti i giorni.<\/p>\n<p>Il pannello frontale e la visiera in cotone 100% garantiscono resistenza e comfort, mentre i pannelli posteriori in rete di poliestere assicurano un&#8217;eccellente ventilazione, ideale per le giornate pi\u00f9 attive.<\/p>\n<p>Il regolatore Snapback in stile retr\u00f2 consente di regolare facilmente la taglia, garantendo una vestibilit\u00e0 perfetta per tutti. Il design \u00e8 completato dal logo ufficiale UrbanBiker in nero, che conferisce identit\u00e0 e carattere al capo.<\/p>\n<h6><strong>Materiali:<\/strong><\/h6>\n<p><strong>Pannello frontale e visiera<\/strong>: 100% cotone<br \/>\n<strong>Pannelli posteriori<\/strong>: 100% poliestere in rete traspirante<br \/>\n<strong>Regolazione<\/strong>: Snapback in stile retr\u00f2<br \/>\n<strong>Colori<\/strong>: Blu e bianco<br \/>\n<strong>Logo<\/strong>: Ufficiale UrbanBiker in nero<\/p>\n<p>Un accessorio indispensabile per chi vive l&#8217;esperienza <strong>UrbanBiker<\/strong> dentro e fuori dalla bicicletta.<\/p>\n","protected":false},"excerpt":{"rendered":"<h6><strong>Cappellino UrbanBiker Blu\/Bianco | Snapback Retro, Logo Ufficiale<\/strong><\/h6>\n<p><strong>Cappellino da ciclista UrbanBiker<\/strong> blu\/bianco con pannello frontale in cotone e retro in rete. Chiusura Snapback retro e logo ufficiale.<\/p>\n","protected":false},"featured_media":55167,"template":"","meta":[],"product_cat":[349],"product_tag":[],"class_list":{"0":"post-55147","1":"product","2":"type-product","3":"status-publish","4":"has-post-thumbnail","6":"product_cat-accessori","8":"first","9":"instock","10":"taxable","11":"shipping-taxable","12":"purchasable","13":"product-type-simple"},"atum_controlled":true,"out_stock_date":null,"out_stock_threshold":null,"inheritable":false,"stock_on_hold":0,"sold_today":0,"sales_last_days":0,"out_stock_days":0,"lost_sales":0,"update_date":"2026-04-08T00:11:40","atum_locations":[],"atum_stock_status":"instock","restock_status":false,"low_stock_amount":"","sales_update_date":"2026-04-08T00:11:40","calc_backorders":null,"yoast_head":"<!-- This site is optimized with the Yoast SEO plugin v27.3 - https:\/\/yoast.com\/product\/yoast-seo-wordpress\/ -->\n<title>Cappellino UrbanBiker | Blu\/Bianco | UrbanBiker<\/title>\n<meta name=\"description\" content=\"Cappellino da ciclista UrbanBiker blu\/bianco con pannello frontale in cotone e retro in rete. Chiusura Snapback retr\u00f2 e logo ufficiale in nero sia dentro che fuori dalla bicicletta.\" \/>\n<meta name=\"robots\" content=\"index, follow, max-snippet:-1, max-image-preview:large, max-video-preview:-1\" \/>\n<link rel=\"canonical\" href=\"https:\/\/www.urbanbiker.com\/it\/prodotto\/cappellino-urbanbiker-blu-bianco\/\" \/>\n<meta property=\"og:locale\" content=\"it_IT\" \/>\n<meta property=\"og:type\" content=\"article\" \/>\n<meta property=\"og:title\" content=\"Cappellino UrbanBiker | Blu\/Bianco | UrbanBiker\" \/>\n<meta property=\"og:description\" content=\"Cappellino da ciclista UrbanBiker blu\/bianco con pannello frontale in cotone e retro in rete. Chiusura Snapback retr\u00f2 e logo ufficiale in nero sia dentro che fuori dalla bicicletta.\" \/>\n<meta property=\"og:url\" content=\"https:\/\/www.urbanbiker.com\/it\/prodotto\/cappellino-urbanbiker-blu-bianco\/\" \/>\n<meta property=\"og:site_name\" content=\"UrbanBiker\" \/>\n<meta property=\"article:publisher\" content=\"https:\/\/www.facebook.com\/Urbanbikerbiciselectricas\" \/>\n<meta property=\"article:modified_time\" content=\"2025-10-01T10:29:33+00:00\" \/>\n<meta property=\"og:image\" content=\"https:\/\/www.urbanbiker.com\/wp-content\/uploads\/2025\/09\/CAP-UBK-ONESIZE-Gorra-de-UrbanBiker-01.jpg\" \/>\n\t<meta property=\"og:image:width\" content=\"1080\" \/>\n\t<meta property=\"og:image:height\" content=\"1080\" \/>\n\t<meta property=\"og:image:type\" content=\"image\/jpeg\" \/>\n<meta name=\"twitter:card\" content=\"summary_large_image\" \/>\n<meta name=\"twitter:label1\" content=\"Tempo di lettura stimato\" \/>\n\t<meta name=\"twitter:data1\" content=\"2 minuti\" \/>\n<script type=\"application\/ld+json\" class=\"yoast-schema-graph\">{\"@context\":\"https:\\\/\\\/schema.org\",\"@graph\":[{\"@type\":\"WebPage\",\"@id\":\"https:\\\/\\\/www.urbanbiker.com\\\/it\\\/prodotto\\\/cappellino-urbanbiker-blu-bianco\\\/\",\"url\":\"https:\\\/\\\/www.urbanbiker.com\\\/it\\\/prodotto\\\/cappellino-urbanbiker-blu-bianco\\\/\",\"name\":\"Cappellino UrbanBiker | Blu\\\/Bianco | UrbanBiker\",\"isPartOf\":{\"@id\":\"https:\\\/\\\/www.urbanbiker.com\\\/it\\\/#website\"},\"primaryImageOfPage\":{\"@id\":\"https:\\\/\\\/www.urbanbiker.com\\\/it\\\/prodotto\\\/cappellino-urbanbiker-blu-bianco\\\/#primaryimage\"},\"image\":{\"@id\":\"https:\\\/\\\/www.urbanbiker.com\\\/it\\\/prodotto\\\/cappellino-urbanbiker-blu-bianco\\\/#primaryimage\"},\"thumbnailUrl\":\"https:\\\/\\\/www.urbanbiker.com\\\/wp-content\\\/uploads\\\/2025\\\/09\\\/CAP-UBK-ONESIZE-Gorra-de-UrbanBiker-01.jpg\",\"datePublished\":\"2025-03-01T13:03:28+00:00\",\"dateModified\":\"2025-10-01T10:29:33+00:00\",\"description\":\"Cappellino da ciclista UrbanBiker blu\\\/bianco con pannello frontale in cotone e retro in rete. Chiusura Snapback retr\u00f2 e logo ufficiale in nero sia dentro che fuori dalla bicicletta.\",\"breadcrumb\":{\"@id\":\"https:\\\/\\\/www.urbanbiker.com\\\/it\\\/prodotto\\\/cappellino-urbanbiker-blu-bianco\\\/#breadcrumb\"},\"inLanguage\":\"it-IT\",\"potentialAction\":[{\"@type\":\"ReadAction\",\"target\":[\"https:\\\/\\\/www.urbanbiker.com\\\/it\\\/prodotto\\\/cappellino-urbanbiker-blu-bianco\\\/\"]}]},{\"@type\":\"ImageObject\",\"inLanguage\":\"it-IT\",\"@id\":\"https:\\\/\\\/www.urbanbiker.com\\\/it\\\/prodotto\\\/cappellino-urbanbiker-blu-bianco\\\/#primaryimage\",\"url\":\"https:\\\/\\\/www.urbanbiker.com\\\/wp-content\\\/uploads\\\/2025\\\/09\\\/CAP-UBK-ONESIZE-Gorra-de-UrbanBiker-01.jpg\",\"contentUrl\":\"https:\\\/\\\/www.urbanbiker.com\\\/wp-content\\\/uploads\\\/2025\\\/09\\\/CAP-UBK-ONESIZE-Gorra-de-UrbanBiker-01.jpg\",\"width\":1080,\"height\":1080,\"caption\":\"CAP-UBK-ONESIZE - Gorra de UrbanBiker 01\"},{\"@type\":\"BreadcrumbList\",\"@id\":\"https:\\\/\\\/www.urbanbiker.com\\\/it\\\/prodotto\\\/cappellino-urbanbiker-blu-bianco\\\/#breadcrumb\",\"itemListElement\":[{\"@type\":\"ListItem\",\"position\":1,\"name\":\"Portada\",\"item\":\"https:\\\/\\\/www.urbanbiker.com\\\/it\\\/\"},{\"@type\":\"ListItem\",\"position\":2,\"name\":\"Negozio di biciclette elettriche\",\"item\":\"https:\\\/\\\/www.urbanbiker.com\\\/it\\\/negozio\\\/\"},{\"@type\":\"ListItem\",\"position\":3,\"name\":\"Cappellino UrbanBiker | Blu\\\/Bianco\"}]},{\"@type\":\"WebSite\",\"@id\":\"https:\\\/\\\/www.urbanbiker.com\\\/it\\\/#website\",\"url\":\"https:\\\/\\\/www.urbanbiker.com\\\/it\\\/\",\"name\":\"UrbanBiker\",\"description\":\"Biciclette elettriche\",\"publisher\":{\"@id\":\"https:\\\/\\\/www.urbanbiker.com\\\/it\\\/#organization\"},\"potentialAction\":[{\"@type\":\"SearchAction\",\"target\":{\"@type\":\"EntryPoint\",\"urlTemplate\":\"https:\\\/\\\/www.urbanbiker.com\\\/it\\\/?s={search_term_string}\"},\"query-input\":{\"@type\":\"PropertyValueSpecification\",\"valueRequired\":true,\"valueName\":\"search_term_string\"}}],\"inLanguage\":\"it-IT\"},{\"@type\":\"Organization\",\"@id\":\"https:\\\/\\\/www.urbanbiker.com\\\/it\\\/#organization\",\"name\":\"UrbanBiker\",\"url\":\"https:\\\/\\\/www.urbanbiker.com\\\/it\\\/\",\"logo\":{\"@type\":\"ImageObject\",\"inLanguage\":\"it-IT\",\"@id\":\"https:\\\/\\\/www.urbanbiker.com\\\/it\\\/#\\\/schema\\\/logo\\\/image\\\/\",\"url\":\"https:\\\/\\\/www.urbanbiker.com\\\/wp-content\\\/uploads\\\/2022\\\/09\\\/Logo-principal-sin-fondo.png\",\"contentUrl\":\"https:\\\/\\\/www.urbanbiker.com\\\/wp-content\\\/uploads\\\/2022\\\/09\\\/Logo-principal-sin-fondo.png\",\"width\":2560,\"height\":934,\"caption\":\"UrbanBiker\"},\"image\":{\"@id\":\"https:\\\/\\\/www.urbanbiker.com\\\/it\\\/#\\\/schema\\\/logo\\\/image\\\/\"},\"sameAs\":[\"https:\\\/\\\/www.facebook.com\\\/Urbanbikerbiciselectricas\",\"https:\\\/\\\/www.instagram.com\\\/urbanbiker_\\\/\",\"https:\\\/\\\/www.linkedin.com\\\/company\\\/2454235\",\"https:\\\/\\\/www.youtube.com\\\/channel\\\/UCWR__uH_RWJF-OhPfz-9-Qw\"]}]}<\/script>\n<!-- \/ Yoast SEO plugin. -->","yoast_head_json":{"title":"Cappellino UrbanBiker | Blu\/Bianco | UrbanBiker","description":"Cappellino da ciclista UrbanBiker blu\/bianco con pannello frontale in cotone e retro in rete. Chiusura Snapback retr\u00f2 e logo ufficiale in nero sia dentro che fuori dalla bicicletta.","robots":{"index":"index","follow":"follow","max-snippet":"max-snippet:-1","max-image-preview":"max-image-preview:large","max-video-preview":"max-video-preview:-1"},"canonical":"https:\/\/www.urbanbiker.com\/it\/prodotto\/cappellino-urbanbiker-blu-bianco\/","og_locale":"it_IT","og_type":"article","og_title":"Cappellino UrbanBiker | Blu\/Bianco | UrbanBiker","og_description":"Cappellino da ciclista UrbanBiker blu\/bianco con pannello frontale in cotone e retro in rete. Chiusura Snapback retr\u00f2 e logo ufficiale in nero sia dentro che fuori dalla bicicletta.","og_url":"https:\/\/www.urbanbiker.com\/it\/prodotto\/cappellino-urbanbiker-blu-bianco\/","og_site_name":"UrbanBiker","article_publisher":"https:\/\/www.facebook.com\/Urbanbikerbiciselectricas","article_modified_time":"2025-10-01T10:29:33+00:00","og_image":[{"width":1080,"height":1080,"url":"https:\/\/www.urbanbiker.com\/wp-content\/uploads\/2025\/09\/CAP-UBK-ONESIZE-Gorra-de-UrbanBiker-01.jpg","type":"image\/jpeg"}],"twitter_card":"summary_large_image","twitter_misc":{"Tempo di lettura stimato":"2 minuti"},"schema":{"@context":"https:\/\/schema.org","@graph":[{"@type":"WebPage","@id":"https:\/\/www.urbanbiker.com\/it\/prodotto\/cappellino-urbanbiker-blu-bianco\/","url":"https:\/\/www.urbanbiker.com\/it\/prodotto\/cappellino-urbanbiker-blu-bianco\/","name":"Cappellino UrbanBiker | Blu\/Bianco | UrbanBiker","isPartOf":{"@id":"https:\/\/www.urbanbiker.com\/it\/#website"},"primaryImageOfPage":{"@id":"https:\/\/www.urbanbiker.com\/it\/prodotto\/cappellino-urbanbiker-blu-bianco\/#primaryimage"},"image":{"@id":"https:\/\/www.urbanbiker.com\/it\/prodotto\/cappellino-urbanbiker-blu-bianco\/#primaryimage"},"thumbnailUrl":"https:\/\/www.urbanbiker.com\/wp-content\/uploads\/2025\/09\/CAP-UBK-ONESIZE-Gorra-de-UrbanBiker-01.jpg","datePublished":"2025-03-01T13:03:28+00:00","dateModified":"2025-10-01T10:29:33+00:00","description":"Cappellino da ciclista UrbanBiker blu\/bianco con pannello frontale in cotone e retro in rete. Chiusura Snapback retr\u00f2 e logo ufficiale in nero sia dentro che fuori dalla bicicletta.","breadcrumb":{"@id":"https:\/\/www.urbanbiker.com\/it\/prodotto\/cappellino-urbanbiker-blu-bianco\/#breadcrumb"},"inLanguage":"it-IT","potentialAction":[{"@type":"ReadAction","target":["https:\/\/www.urbanbiker.com\/it\/prodotto\/cappellino-urbanbiker-blu-bianco\/"]}]},{"@type":"ImageObject","inLanguage":"it-IT","@id":"https:\/\/www.urbanbiker.com\/it\/prodotto\/cappellino-urbanbiker-blu-bianco\/#primaryimage","url":"https:\/\/www.urbanbiker.com\/wp-content\/uploads\/2025\/09\/CAP-UBK-ONESIZE-Gorra-de-UrbanBiker-01.jpg","contentUrl":"https:\/\/www.urbanbiker.com\/wp-content\/uploads\/2025\/09\/CAP-UBK-ONESIZE-Gorra-de-UrbanBiker-01.jpg","width":1080,"height":1080,"caption":"CAP-UBK-ONESIZE - Gorra de UrbanBiker 01"},{"@type":"BreadcrumbList","@id":"https:\/\/www.urbanbiker.com\/it\/prodotto\/cappellino-urbanbiker-blu-bianco\/#breadcrumb","itemListElement":[{"@type":"ListItem","position":1,"name":"Portada","item":"https:\/\/www.urbanbiker.com\/it\/"},{"@type":"ListItem","position":2,"name":"Negozio di biciclette elettriche","item":"https:\/\/www.urbanbiker.com\/it\/negozio\/"},{"@type":"ListItem","position":3,"name":"Cappellino UrbanBiker | Blu\/Bianco"}]},{"@type":"WebSite","@id":"https:\/\/www.urbanbiker.com\/it\/#website","url":"https:\/\/www.urbanbiker.com\/it\/","name":"UrbanBiker","description":"Biciclette elettriche","publisher":{"@id":"https:\/\/www.urbanbiker.com\/it\/#organization"},"potentialAction":[{"@type":"SearchAction","target":{"@type":"EntryPoint","urlTemplate":"https:\/\/www.urbanbiker.com\/it\/?s={search_term_string}"},"query-input":{"@type":"PropertyValueSpecification","valueRequired":true,"valueName":"search_term_string"}}],"inLanguage":"it-IT"},{"@type":"Organization","@id":"https:\/\/www.urbanbiker.com\/it\/#organization","name":"UrbanBiker","url":"https:\/\/www.urbanbiker.com\/it\/","logo":{"@type":"ImageObject","inLanguage":"it-IT","@id":"https:\/\/www.urbanbiker.com\/it\/#\/schema\/logo\/image\/","url":"https:\/\/www.urbanbiker.com\/wp-content\/uploads\/2022\/09\/Logo-principal-sin-fondo.png","contentUrl":"https:\/\/www.urbanbiker.com\/wp-content\/uploads\/2022\/09\/Logo-principal-sin-fondo.png","width":2560,"height":934,"caption":"UrbanBiker"},"image":{"@id":"https:\/\/www.urbanbiker.com\/it\/#\/schema\/logo\/image\/"},"sameAs":["https:\/\/www.facebook.com\/Urbanbikerbiciselectricas","https:\/\/www.instagram.com\/urbanbiker_\/","https:\/\/www.linkedin.com\/company\/2454235","https:\/\/www.youtube.com\/channel\/UCWR__uH_RWJF-OhPfz-9-Qw"]}]}},"_links":{"self":[{"href":"https:\/\/www.urbanbiker.com\/it\/wp-json\/wp\/v2\/product\/55147","targetHints":{"allow":["GET"]}}],"collection":[{"href":"https:\/\/www.urbanbiker.com\/it\/wp-json\/wp\/v2\/product"}],"about":[{"href":"https:\/\/www.urbanbiker.com\/it\/wp-json\/wp\/v2\/types\/product"}],"version-history":[{"count":4,"href":"https:\/\/www.urbanbiker.com\/it\/wp-json\/wp\/v2\/product\/55147\/revisions"}],"predecessor-version":[{"id":55272,"href":"https:\/\/www.urbanbiker.com\/it\/wp-json\/wp\/v2\/product\/55147\/revisions\/55272"}],"wp:featuredmedia":[{"embeddable":true,"href":"https:\/\/www.urbanbiker.com\/it\/wp-json\/wp\/v2\/media\/55167"}],"wp:attachment":[{"href":"https:\/\/www.urbanbiker.com\/it\/wp-json\/wp\/v2\/media?parent=55147"}],"wp:term":[{"taxonomy":"product_cat","embeddable":true,"href":"https:\/\/www.urbanbiker.com\/it\/wp-json\/wp\/v2\/product_cat?post=55147"},{"taxonomy":"product_tag","embeddable":true,"href":"https:\/\/www.urbanbiker.com\/it\/wp-json\/wp\/v2\/product_tag?post=55147"}],"curies":[{"name":"wp","href":"https:\/\/api.w.org\/{rel}","templated":true}]}}