{"id":59378,"date":"2025-12-15T08:43:48","date_gmt":"2025-12-15T07:43:48","guid":{"rendered":"https:\/\/www.urbanbiker.com\/terminos-y-condiciones-ugc-urbanbiker\/"},"modified":"2026-01-07T16:25:45","modified_gmt":"2026-01-07T15:25:45","slug":"termini-e-condizioni-ugc-urbanbiker","status":"publish","type":"page","link":"https:\/\/www.urbanbiker.com\/it\/termini-e-condizioni-ugc-urbanbiker\/","title":{"rendered":"Termini e condizioni UGC | UrbanBiker"},"content":{"rendered":"\t\t<div data-elementor-type=\"wp-page\" data-elementor-id=\"59378\" class=\"elementor elementor-59378 elementor-58954\">\n\t\t\t\t\t\t<div class=\"elementor-section elementor-top-section elementor-element elementor-element-2e11527 elementor-section-stretched elementor-section-boxed elementor-section-height-default elementor-section-height-default\" data-id=\"2e11527\" data-element_type=\"section\" data-e-type=\"section\" data-settings=\"{&quot;stretch_section&quot;:&quot;section-stretched&quot;}\">\n\t\t\t\t\t\t<div class=\"elementor-container elementor-column-gap-no\">\n\t\t\t\t\t<div class=\"elementor-column elementor-col-100 elementor-top-column elementor-element elementor-element-d2bd899\" data-id=\"d2bd899\" data-element_type=\"column\" data-e-type=\"column\">\n\t\t\t<div class=\"elementor-widget-wrap elementor-element-populated\">\n\t\t\t\t\n\t\t<div class=\"elementor-element elementor-element-a637689 elementor-widget-laptop__width-initial elementor-widget elementor-widget-text-editor\" data-id=\"a637689\" data-element_type=\"widget\" data-e-type=\"widget\" data-widget_type=\"text-editor.default\">\n\t\t\t\t<div class=\"elementor-widget-container\">\n\t\t\t\t\t\t\t\t\t<h1 class=\"c-support-article__wrap-title\">Termini e condizioni UGC<\/h1><p dir=\"ltr\">In UrbanBiker amiamo vedere come utilizzate i nostri prodotti. Per questo motivo, potremmo chiedervi di condividere queste immagini o video su www.urbanbiker.com\/it<\/p><p dir=\"ltr\">Questi materiali sono pubblicati principalmente nella scheda prodotto del nostro sito web e in una galleria di ispirazione con l&#8217;intento di offrire ai nostri clienti un&#8217;idea degli usi reali dei prodotti UrbanBiker. In alcuni casi, possono essere pubblicati anche nella homepage di UrbanBiker, nei nostri canali social o nella nostra newsletter.<\/p><p dir=\"ltr\">Rispondendo alla nostra richiesta di pubblicare i vostri contenuti, accettate le seguenti Condizioni Generali d&#8217;Uso:<\/p><ul><li dir=\"ltr\"><p dir=\"ltr\">Pubblicazione di foto e\/o video nella Galleria Tutte le foto o i video pubblicati sui social network taggando uno dei profili social di UrbanBiker possono essere selezionati da UrbanBiker per apparire sul nostro sito web www.urbanbiker.com\/it, nella nostra newsletter e sui nostri social network. I vostri profili devono essere &#8220;pubblici&#8221; affinch\u00e9 possiamo vedere la vostra foto. In caso contrario, la foto non sar\u00e0 visibile e non potr\u00e0 essere selezionata.<\/p><\/li><li dir=\"ltr\"><p dir=\"ltr\">Criteri di selezione dei materiali e manuale di identit\u00e0 visiva.<\/p><\/li><\/ul><p dir=\"ltr\">UrbanBiker selezioner\u00e0 le foto e\/o i video che mettono in risalto i prodotti del marchio e che meglio si adattano all&#8217;immagine e allo spirito del brand. Le foto e\/o i video devono mostrare chiaramente almeno un prodotto UrbanBiker. La selezione dei materiali si baser\u00e0 sulle dimensioni, sulla qualit\u00e0 e sull&#8217;estetica. Le foto e\/o i video non devono in nessun caso essere contrari all&#8217;ordine pubblico, al buon costume e alla legislazione vigente. Vietiamo qualsiasi pubblicazione di foto e\/o video abusivi che possano essere considerati violenti, pericolosi, minacciosi, diffamatori, offensivi, motivati dall&#8217;odio, discriminatori, profanatori o pornografici. UrbanBiker non assume alcun obbligo di utilizzo dei materiali, anche se questi soddisfano tutte le condizioni stabilite nelle presenti Condizioni Generali d&#8217;Uso. Se la vostra foto viene selezionata da un social network, riceverete un commento dalla pagina ufficiale di UrbanBiker su quel social. Rispondete con l&#8217;hashtag &#8216;#YesUrbanbiker&#8217; per dare la vostra autorizzazione e accettare le nostre presenti Condizioni Generali d&#8217;Uso.<\/p><ul><li dir=\"ltr\"><p dir=\"ltr\">Cessione dei diritti della foto I partecipanti certificano di possedere i diritti d&#8217;autore delle foto o dei video pubblicati, nonch\u00e9 le autorizzazioni relative ai diritti d&#8217;immagine delle persone che appaiono nelle foto. La pubblicazione di foto che ritraggono minori presuppone l&#8217;ottenimento preventivo del consenso dei loro rappresentanti legali. Caricando le vostre foto e\/o video e pubblicando un contenuto nella Galleria, accettate che la vostra foto e\/o video possa essere visualizzata sui seguenti supporti: sito web commerciale www.urbanbiker.com\/it e su tutti i supporti dedicati alla promozione del marchio (campagne di marketing, cataloghi, social network e altre comunicazioni destinate ai clienti). Inviando una foto e\/o un video, autorizzate UrbanBiker a disporre di un diritto di licenza gratuito, perpetuo, irrevocabile, mondiale, non esclusivo ed esente da royalty. Concedete a UrbanBiker il diritto di utilizzare, modificare, cambiare, riprodurre totalmente o parzialmente le fotografie e\/o i video, direttamente o indirettamente, con qualsiasi processo tecnico e su qualsiasi supporto, in particolare sul proprio sito commerciale, sui vari social network in cui UrbanBiker \u00e8 presente, nonch\u00e9 nei mezzi di comunicazione destinati ai nostri clienti. I partecipanti accettano di non intraprendere alcuna azione (anche per conto di terzi) di qualsiasi tipo relativa all&#8217;uso delle immagini come sopra descritto contro UrbanBiker e chiunque agisca per suo conto.<\/p><\/li><li dir=\"ltr\"><p dir=\"ltr\">Richiesta di rimozione di una foto \u00c8 possibile richiedere la rimozione di una foto o di un video in qualsiasi momento. Ogni contenuto dispone di un pulsante &#8216;report&#8217; situato in basso a destra che \u00e8 possibile utilizzare se si desidera segnalarlo.<\/p><\/li><li dir=\"ltr\"><p dir=\"ltr\">Trattamento dei dati personali I vostri dati personali, che la societ\u00e0 UrbanBiker raccoglie al momento del caricamento della foto, vengono utilizzati per integrare la vostra foto in tutti i supporti sopra descritti e per garantire la promozione dell&#8217;immagine di UrbanBiker. \u00c8 possibile accedere ai propri dati, richiederne la rettifica o la limitazione del trattamento inviando un&#8217;e-mail al seguente indirizzo: <a href=\"mailto:contact@urbanbiker.com\">contact@urbanbiker.com<\/a><\/p><\/li><\/ul><p dir=\"ltr\">I profili social di UrbanBiker sono i seguenti:<\/p><p dir=\"ltr\">Instagram: @urbanbiker_<\/p><p dir=\"ltr\">TikTok: @urbanbiker_<\/p><p dir=\"ltr\">Facebook: @urbanbiker<\/p>\t\t\t\t\t\t\t\t<\/div>\n\t\t\t\t<\/div>\n\t\t\t\t\t<\/div>\n\t\t<\/div>\n\t\t\t\t\t<\/div>\n\t\t<\/div>\n\t\t\t\t<\/div>\n\t\t","protected":false},"excerpt":{"rendered":"<p>Termini e condizioni UGC In UrbanBiker amiamo vedere come utilizzate i nostri prodotti. Per questo motivo, potremmo chiedervi di condividere queste immagini o video su www.urbanbiker.com\/it Questi materiali sono pubblicati principalmente nella scheda prodotto del nostro sito web e in una galleria di ispirazione con l&#8217;intento di offrire ai nostri clienti un&#8217;idea degli usi reali [&hellip;]<\/p>\n","protected":false},"author":1,"featured_media":0,"parent":0,"menu_order":0,"comment_status":"closed","ping_status":"closed","template":"template-homepage.php","meta":{"footnotes":""},"class_list":["post-59378","page","type-page","status-publish","hentry"],"yoast_head":"<!-- This site is optimized with the Yoast SEO plugin v27.3 - https:\/\/yoast.com\/product\/yoast-seo-wordpress\/ -->\n<title>Termini e condizioni UGC | UrbanBiker | UrbanBiker<\/title>\n<meta name=\"description\" content=\"Avviso legale | Termini e condizioni UGC | UrbanBiker\" \/>\n<meta name=\"robots\" content=\"noindex, nofollow\" \/>\n<meta property=\"og:locale\" content=\"it_IT\" \/>\n<meta property=\"og:type\" content=\"article\" \/>\n<meta property=\"og:title\" content=\"Termini e condizioni UGC | UrbanBiker | UrbanBiker\" \/>\n<meta property=\"og:description\" content=\"Avviso legale | Termini e condizioni UGC | UrbanBiker\" \/>\n<meta property=\"og:url\" content=\"https:\/\/www.urbanbiker.com\/it\/termini-e-condizioni-ugc-urbanbiker\/\" \/>\n<meta property=\"og:site_name\" content=\"UrbanBiker\" \/>\n<meta property=\"article:publisher\" content=\"https:\/\/www.facebook.com\/Urbanbikerbiciselectricas\" \/>\n<meta property=\"article:modified_time\" content=\"2026-01-07T15:25:45+00:00\" \/>\n<meta name=\"twitter:card\" content=\"summary_large_image\" \/>\n<meta name=\"twitter:label1\" content=\"Tempo di lettura stimato\" \/>\n\t<meta name=\"twitter:data1\" content=\"4 minuti\" \/>\n<script type=\"application\/ld+json\" class=\"yoast-schema-graph\">{\"@context\":\"https:\\\/\\\/schema.org\",\"@graph\":[{\"@type\":\"WebPage\",\"@id\":\"https:\\\/\\\/www.urbanbiker.com\\\/it\\\/termini-e-condizioni-ugc-urbanbiker\\\/\",\"url\":\"https:\\\/\\\/www.urbanbiker.com\\\/it\\\/termini-e-condizioni-ugc-urbanbiker\\\/\",\"name\":\"Termini e condizioni UGC | UrbanBiker | UrbanBiker\",\"isPartOf\":{\"@id\":\"https:\\\/\\\/www.urbanbiker.com\\\/it\\\/#website\"},\"datePublished\":\"2025-12-15T07:43:48+00:00\",\"dateModified\":\"2026-01-07T15:25:45+00:00\",\"description\":\"Avviso legale | Termini e condizioni UGC | UrbanBiker\",\"breadcrumb\":{\"@id\":\"https:\\\/\\\/www.urbanbiker.com\\\/it\\\/termini-e-condizioni-ugc-urbanbiker\\\/#breadcrumb\"},\"inLanguage\":\"it-IT\",\"potentialAction\":[{\"@type\":\"ReadAction\",\"target\":[\"https:\\\/\\\/www.urbanbiker.com\\\/it\\\/termini-e-condizioni-ugc-urbanbiker\\\/\"]}]},{\"@type\":\"BreadcrumbList\",\"@id\":\"https:\\\/\\\/www.urbanbiker.com\\\/it\\\/termini-e-condizioni-ugc-urbanbiker\\\/#breadcrumb\",\"itemListElement\":[{\"@type\":\"ListItem\",\"position\":1,\"name\":\"Portada\",\"item\":\"https:\\\/\\\/www.urbanbiker.com\\\/it\\\/\"},{\"@type\":\"ListItem\",\"position\":2,\"name\":\"Termini e condizioni UGC | UrbanBiker\"}]},{\"@type\":\"WebSite\",\"@id\":\"https:\\\/\\\/www.urbanbiker.com\\\/it\\\/#website\",\"url\":\"https:\\\/\\\/www.urbanbiker.com\\\/it\\\/\",\"name\":\"UrbanBiker\",\"description\":\"Biciclette elettriche\",\"publisher\":{\"@id\":\"https:\\\/\\\/www.urbanbiker.com\\\/it\\\/#organization\"},\"potentialAction\":[{\"@type\":\"SearchAction\",\"target\":{\"@type\":\"EntryPoint\",\"urlTemplate\":\"https:\\\/\\\/www.urbanbiker.com\\\/it\\\/?s={search_term_string}\"},\"query-input\":{\"@type\":\"PropertyValueSpecification\",\"valueRequired\":true,\"valueName\":\"search_term_string\"}}],\"inLanguage\":\"it-IT\"},{\"@type\":\"Organization\",\"@id\":\"https:\\\/\\\/www.urbanbiker.com\\\/it\\\/#organization\",\"name\":\"UrbanBiker\",\"url\":\"https:\\\/\\\/www.urbanbiker.com\\\/it\\\/\",\"logo\":{\"@type\":\"ImageObject\",\"inLanguage\":\"it-IT\",\"@id\":\"https:\\\/\\\/www.urbanbiker.com\\\/it\\\/#\\\/schema\\\/logo\\\/image\\\/\",\"url\":\"https:\\\/\\\/www.urbanbiker.com\\\/wp-content\\\/uploads\\\/2022\\\/09\\\/Logo-principal-sin-fondo.png\",\"contentUrl\":\"https:\\\/\\\/www.urbanbiker.com\\\/wp-content\\\/uploads\\\/2022\\\/09\\\/Logo-principal-sin-fondo.png\",\"width\":2560,\"height\":934,\"caption\":\"UrbanBiker\"},\"image\":{\"@id\":\"https:\\\/\\\/www.urbanbiker.com\\\/it\\\/#\\\/schema\\\/logo\\\/image\\\/\"},\"sameAs\":[\"https:\\\/\\\/www.facebook.com\\\/Urbanbikerbiciselectricas\",\"https:\\\/\\\/www.instagram.com\\\/urbanbiker_\\\/\",\"https:\\\/\\\/www.linkedin.com\\\/company\\\/2454235\",\"https:\\\/\\\/www.youtube.com\\\/channel\\\/UCWR__uH_RWJF-OhPfz-9-Qw\"]}]}<\/script>\n<!-- \/ Yoast SEO plugin. -->","yoast_head_json":{"title":"Termini e condizioni UGC | UrbanBiker | UrbanBiker","description":"Avviso legale | Termini e condizioni UGC | UrbanBiker","robots":{"index":"noindex","follow":"nofollow"},"og_locale":"it_IT","og_type":"article","og_title":"Termini e condizioni UGC | UrbanBiker | UrbanBiker","og_description":"Avviso legale | Termini e condizioni UGC | UrbanBiker","og_url":"https:\/\/www.urbanbiker.com\/it\/termini-e-condizioni-ugc-urbanbiker\/","og_site_name":"UrbanBiker","article_publisher":"https:\/\/www.facebook.com\/Urbanbikerbiciselectricas","article_modified_time":"2026-01-07T15:25:45+00:00","twitter_card":"summary_large_image","twitter_misc":{"Tempo di lettura stimato":"4 minuti"},"schema":{"@context":"https:\/\/schema.org","@graph":[{"@type":"WebPage","@id":"https:\/\/www.urbanbiker.com\/it\/termini-e-condizioni-ugc-urbanbiker\/","url":"https:\/\/www.urbanbiker.com\/it\/termini-e-condizioni-ugc-urbanbiker\/","name":"Termini e condizioni UGC | UrbanBiker | UrbanBiker","isPartOf":{"@id":"https:\/\/www.urbanbiker.com\/it\/#website"},"datePublished":"2025-12-15T07:43:48+00:00","dateModified":"2026-01-07T15:25:45+00:00","description":"Avviso legale | Termini e condizioni UGC | UrbanBiker","breadcrumb":{"@id":"https:\/\/www.urbanbiker.com\/it\/termini-e-condizioni-ugc-urbanbiker\/#breadcrumb"},"inLanguage":"it-IT","potentialAction":[{"@type":"ReadAction","target":["https:\/\/www.urbanbiker.com\/it\/termini-e-condizioni-ugc-urbanbiker\/"]}]},{"@type":"BreadcrumbList","@id":"https:\/\/www.urbanbiker.com\/it\/termini-e-condizioni-ugc-urbanbiker\/#breadcrumb","itemListElement":[{"@type":"ListItem","position":1,"name":"Portada","item":"https:\/\/www.urbanbiker.com\/it\/"},{"@type":"ListItem","position":2,"name":"Termini e condizioni UGC | UrbanBiker"}]},{"@type":"WebSite","@id":"https:\/\/www.urbanbiker.com\/it\/#website","url":"https:\/\/www.urbanbiker.com\/it\/","name":"UrbanBiker","description":"Biciclette elettriche","publisher":{"@id":"https:\/\/www.urbanbiker.com\/it\/#organization"},"potentialAction":[{"@type":"SearchAction","target":{"@type":"EntryPoint","urlTemplate":"https:\/\/www.urbanbiker.com\/it\/?s={search_term_string}"},"query-input":{"@type":"PropertyValueSpecification","valueRequired":true,"valueName":"search_term_string"}}],"inLanguage":"it-IT"},{"@type":"Organization","@id":"https:\/\/www.urbanbiker.com\/it\/#organization","name":"UrbanBiker","url":"https:\/\/www.urbanbiker.com\/it\/","logo":{"@type":"ImageObject","inLanguage":"it-IT","@id":"https:\/\/www.urbanbiker.com\/it\/#\/schema\/logo\/image\/","url":"https:\/\/www.urbanbiker.com\/wp-content\/uploads\/2022\/09\/Logo-principal-sin-fondo.png","contentUrl":"https:\/\/www.urbanbiker.com\/wp-content\/uploads\/2022\/09\/Logo-principal-sin-fondo.png","width":2560,"height":934,"caption":"UrbanBiker"},"image":{"@id":"https:\/\/www.urbanbiker.com\/it\/#\/schema\/logo\/image\/"},"sameAs":["https:\/\/www.facebook.com\/Urbanbikerbiciselectricas","https:\/\/www.instagram.com\/urbanbiker_\/","https:\/\/www.linkedin.com\/company\/2454235","https:\/\/www.youtube.com\/channel\/UCWR__uH_RWJF-OhPfz-9-Qw"]}]}},"_links":{"self":[{"href":"https:\/\/www.urbanbiker.com\/it\/wp-json\/wp\/v2\/pages\/59378","targetHints":{"allow":["GET"]}}],"collection":[{"href":"https:\/\/www.urbanbiker.com\/it\/wp-json\/wp\/v2\/pages"}],"about":[{"href":"https:\/\/www.urbanbiker.com\/it\/wp-json\/wp\/v2\/types\/page"}],"author":[{"embeddable":true,"href":"https:\/\/www.urbanbiker.com\/it\/wp-json\/wp\/v2\/users\/1"}],"replies":[{"embeddable":true,"href":"https:\/\/www.urbanbiker.com\/it\/wp-json\/wp\/v2\/comments?post=59378"}],"version-history":[{"count":13,"href":"https:\/\/www.urbanbiker.com\/it\/wp-json\/wp\/v2\/pages\/59378\/revisions"}],"predecessor-version":[{"id":59458,"href":"https:\/\/www.urbanbiker.com\/it\/wp-json\/wp\/v2\/pages\/59378\/revisions\/59458"}],"wp:attachment":[{"href":"https:\/\/www.urbanbiker.com\/it\/wp-json\/wp\/v2\/media?parent=59378"}],"curies":[{"name":"wp","href":"https:\/\/api.w.org\/{rel}","templated":true}]}}