{"id":40117,"date":"2024-11-28T15:20:43","date_gmt":"2024-11-28T14:20:43","guid":{"rendered":"https:\/\/www.urbanbiker.com\/spedizione\/"},"modified":"2025-11-06T11:39:23","modified_gmt":"2025-11-06T10:39:23","slug":"spedizione","status":"publish","type":"page","link":"https:\/\/www.urbanbiker.com\/it\/spedizione\/","title":{"rendered":"Spedizione"},"content":{"rendered":"\t\t<div data-elementor-type=\"wp-page\" data-elementor-id=\"40117\" class=\"elementor elementor-40117 elementor-32106\">\n\t\t\t\t\t\t<div class=\"elementor-section elementor-top-section elementor-element elementor-element-2e11527 elementor-section-stretched elementor-section-boxed elementor-section-height-default elementor-section-height-default\" data-id=\"2e11527\" data-element_type=\"section\" data-e-type=\"section\" data-settings=\"{&quot;stretch_section&quot;:&quot;section-stretched&quot;}\">\n\t\t\t\t\t\t<div class=\"elementor-container elementor-column-gap-no\">\n\t\t\t\t\t<div class=\"elementor-column elementor-col-100 elementor-top-column elementor-element elementor-element-d2bd899\" data-id=\"d2bd899\" data-element_type=\"column\" data-e-type=\"column\">\n\t\t\t<div class=\"elementor-widget-wrap elementor-element-populated\">\n\t\t\t\t\n\t\t<div class=\"elementor-element elementor-element-a637689 elementor-widget elementor-widget-text-editor\" data-id=\"a637689\" data-element_type=\"widget\" data-e-type=\"widget\" data-widget_type=\"text-editor.default\">\n\t\t\t\t<div class=\"elementor-widget-container\">\n\t\t\t\t\t\t\t\t\t<h2>Informazioni sulla spedizione<\/h2><h3>Costi di spedizione<\/h3><p>Le spese di spedizione sono di 15 euro per ordini inferiori a 100 euro.<\/p><p>Le spese di spedizione sono gratuite per ordini superiori a 100 euro.<\/p><h3>Disponibilit\u00e0<\/h3><p>Se il prodotto \u00e8 disponibile, sar\u00e0 spedito entro 2\/5 giorni lavorativi a seconda del Paese per le biciclette e 1\/4 giorni lavorativi a seconda del Paese per i pezzi di ricambio o gli accessori.<\/p><p>In caso di indisponibilit\u00e0, verr\u00e0 visualizzato il messaggio di esaurimento scorte.<\/p><p>I tempi di consegna sono approssimativi e possono essere soggetti a variazioni da parte delle agenzie di trasporto stesse. In nessun caso \u00e8 possibile specificare un orario di consegna. <\/p><p>Nota: gli ordini vengono ricevuti da Urbanbiker.com esclusivamente dal luned\u00ec al venerd\u00ec. Gli ordini non vengono elaborati nei fine settimana e nei giorni festivi. <\/p><h3>Imballaggio<\/h3><p>La maggior parte delle biciclette viene consegnata preassemblata in una grande scatola di cartone (che le consigliamo di conservare). Manubrio, sella e pedali sono solitamente smontati per risparmiare spazio. <\/p><h3>Montaggio<\/h3><p>In generale si tratta di un processo semplice, ma deve essere eseguito correttamente affinch\u00e9 la bicicletta sia perfetta al 100%. Le consigliamo di guardare i video sul canale YouTube che ogni marchio solitamente ha, e di leggere attentamente la guida al montaggio e alla manutenzione che viene fornita con ogni bicicletta. <\/p><h3>Tracciamento dell&#8217;ordine<\/h3><p>I nostri ordini utilizzano un sistema di tracciamento con un numero di spedizione fornito dall&#8217;agenzia di trasporto, che ricever\u00e0 una volta completato l&#8217;ordine. Ogni agenzia di trasporto ha le proprie caratteristiche e, una volta che l&#8217;ordine ha lasciato le nostre strutture, \u00e8 l&#8217;agenzia di trasporto stessa che \u00e8 responsabile del coordinamento dei dettagli di consegna del suo ordine. <\/p><p>\u00c8 consigliabile controllare l&#8217;indirizzo e-mail e il numero di cellulare forniti con l&#8217;ordine per ricevere le informazioni di tracciamento.<\/p><p>Lavoriamo esclusivamente con aziende leader a livello internazionale, come ad esempio:<\/p><p><strong>FEDEX:<\/strong> <a href=\"https:\/\/www.fedex.com\/es-es\/tracking.html\" target=\"_blank\" rel=\"noopener\">https:\/\/www.fedex.com\/es-es\/tracking.html<\/a><br><strong>DHL:<\/strong> <a href=\"https:\/\/www.dhl.com\/es-es\/home\/seguimiento.html\" target=\"_blank\" rel=\"noopener\">https:\/\/www.dhl.com\/es-es\/home\/seguimiento.html<\/a><br><strong>DHL Parcel:<\/strong> <a href=\"https:\/\/clientesparcel.dhl.es\/LiveTracking\/seguimiento-envio-empresas\" target=\"_blank\" rel=\"noopener\">https:\/\/clientesparcel.dhl.es\/LiveTracking\/seguimiento-envio-empresas<\/a><br> GLS: <a href=\"https:\/\/www.gls-spain.es\/es\/recibir-paquetes\/seguimiento-envio\/\" target=\"_blank\" rel=\"noopener\">https:\/\/www.gls-spain.es\/es\/recibir-paquetes\/seguimiento-envio\/<\/a><br><strong>UPS:<\/strong> <a href=\"https:\/\/www.ups.com\/track?loc=es_ES&amp;requester=ST\/\" target=\"_blank\" rel=\"noopener\">https:\/\/www.ups.com\/track?loc=es_ES&amp;requester=ST\/<\/a><br>e altri partner logistici in base al CP di consegna, garantendo una tracciabilit\u00e0 affidabile delle spedizioni dei nostri clienti finali.<\/p><h3>Reclami sulla spedizione<\/h3><p>Quando riceve il suo ordine, verifichi che l&#8217;imballaggio sia in perfette condizioni e che il numero di colli sia corretto. Se nota qualche anomalia, la indichi sulla bolla di consegna che firmer\u00e0 al corriere. Annoti sulla bolla di consegna qualsiasi segno di manipolazione impropria della merce, di danneggiamento o di alterazione dell&#8217;imballaggio, anche se il materiale appare in buone condizioni, in modo da poter presentare un reclamo, se necessario.  <\/p><p>La preghiamo di notare che qualsiasi reclamo per danni e\/o rotture deve essere presentato al corriere entro 24 ore dal ricevimento della merce. Dopo questo termine, n\u00e9 il corriere n\u00e9 Ebikestock possono essere ritenuti responsabili per eventuali danni causati durante il trasporto, e l&#8217;acquirente sar\u00e0 responsabile di eventuali costi o perdite sostenuti. <\/p>\t\t\t\t\t\t\t\t<\/div>\n\t\t\t\t<\/div>\n\t\t\t\t\t<\/div>\n\t\t<\/div>\n\t\t\t\t\t<\/div>\n\t\t<\/div>\n\t\t\t\t<\/div>\n\t\t","protected":false},"excerpt":{"rendered":"<p>Informazioni sulla spedizione Costi di spedizione Le spese di spedizione sono di 15 euro per ordini inferiori a 100 euro. Le spese di spedizione sono gratuite per ordini superiori a 100 euro. Disponibilit\u00e0 Se il prodotto \u00e8 disponibile, sar\u00e0 spedito entro 2\/5 giorni lavorativi a seconda del Paese per le biciclette e 1\/4 giorni lavorativi [&hellip;]<\/p>\n","protected":false},"author":1,"featured_media":0,"parent":0,"menu_order":0,"comment_status":"closed","ping_status":"closed","template":"template-homepage.php","meta":{"footnotes":""},"class_list":["post-40117","page","type-page","status-publish","hentry"],"yoast_head":"<!-- This site is optimized with the Yoast SEO plugin v27.5 - https:\/\/yoast.com\/product\/yoast-seo-wordpress\/ -->\n<title>Spedizione UrbanBiker<\/title>\n<meta name=\"description\" content=\"Spedizione UrbanBiker\" \/>\n<meta name=\"robots\" content=\"noindex, nofollow\" \/>\n<meta property=\"og:locale\" content=\"it_IT\" \/>\n<meta property=\"og:type\" content=\"article\" \/>\n<meta property=\"og:title\" content=\"Spedizione UrbanBiker\" \/>\n<meta property=\"og:description\" content=\"Spedizione UrbanBiker\" \/>\n<meta property=\"og:url\" content=\"https:\/\/www.urbanbiker.com\/it\/spedizione\/\" \/>\n<meta property=\"og:site_name\" content=\"UrbanBiker\" \/>\n<meta property=\"article:publisher\" content=\"https:\/\/www.facebook.com\/Urbanbikerbiciselectricas\" \/>\n<meta property=\"article:modified_time\" content=\"2025-11-06T10:39:23+00:00\" \/>\n<meta name=\"twitter:card\" content=\"summary_large_image\" \/>\n<meta name=\"twitter:label1\" content=\"Tempo di lettura stimato\" \/>\n\t<meta name=\"twitter:data1\" content=\"3 minuti\" \/>\n<script type=\"application\/ld+json\" class=\"yoast-schema-graph\">{\"@context\":\"https:\\\/\\\/schema.org\",\"@graph\":[{\"@type\":\"WebPage\",\"@id\":\"https:\\\/\\\/www.urbanbiker.com\\\/it\\\/spedizione\\\/\",\"url\":\"https:\\\/\\\/www.urbanbiker.com\\\/it\\\/spedizione\\\/\",\"name\":\"Spedizione UrbanBiker\",\"isPartOf\":{\"@id\":\"https:\\\/\\\/www.urbanbiker.com\\\/it\\\/#website\"},\"datePublished\":\"2024-11-28T14:20:43+00:00\",\"dateModified\":\"2025-11-06T10:39:23+00:00\",\"description\":\"Spedizione UrbanBiker\",\"breadcrumb\":{\"@id\":\"https:\\\/\\\/www.urbanbiker.com\\\/it\\\/spedizione\\\/#breadcrumb\"},\"inLanguage\":\"it-IT\",\"potentialAction\":[{\"@type\":\"ReadAction\",\"target\":[\"https:\\\/\\\/www.urbanbiker.com\\\/it\\\/spedizione\\\/\"]}]},{\"@type\":\"BreadcrumbList\",\"@id\":\"https:\\\/\\\/www.urbanbiker.com\\\/it\\\/spedizione\\\/#breadcrumb\",\"itemListElement\":[{\"@type\":\"ListItem\",\"position\":1,\"name\":\"Portada\",\"item\":\"https:\\\/\\\/www.urbanbiker.com\\\/it\\\/\"},{\"@type\":\"ListItem\",\"position\":2,\"name\":\"Spedizione\"}]},{\"@type\":\"WebSite\",\"@id\":\"https:\\\/\\\/www.urbanbiker.com\\\/it\\\/#website\",\"url\":\"https:\\\/\\\/www.urbanbiker.com\\\/it\\\/\",\"name\":\"UrbanBiker\",\"description\":\"Biciclette elettriche\",\"publisher\":{\"@id\":\"https:\\\/\\\/www.urbanbiker.com\\\/it\\\/#organization\"},\"potentialAction\":[{\"@type\":\"SearchAction\",\"target\":{\"@type\":\"EntryPoint\",\"urlTemplate\":\"https:\\\/\\\/www.urbanbiker.com\\\/it\\\/?s={search_term_string}\"},\"query-input\":{\"@type\":\"PropertyValueSpecification\",\"valueRequired\":true,\"valueName\":\"search_term_string\"}}],\"inLanguage\":\"it-IT\"},{\"@type\":\"Organization\",\"@id\":\"https:\\\/\\\/www.urbanbiker.com\\\/it\\\/#organization\",\"name\":\"UrbanBiker\",\"url\":\"https:\\\/\\\/www.urbanbiker.com\\\/it\\\/\",\"logo\":{\"@type\":\"ImageObject\",\"inLanguage\":\"it-IT\",\"@id\":\"https:\\\/\\\/www.urbanbiker.com\\\/it\\\/#\\\/schema\\\/logo\\\/image\\\/\",\"url\":\"https:\\\/\\\/www.urbanbiker.com\\\/wp-content\\\/uploads\\\/2022\\\/09\\\/Logo-principal-sin-fondo.png\",\"contentUrl\":\"https:\\\/\\\/www.urbanbiker.com\\\/wp-content\\\/uploads\\\/2022\\\/09\\\/Logo-principal-sin-fondo.png\",\"width\":2560,\"height\":934,\"caption\":\"UrbanBiker\"},\"image\":{\"@id\":\"https:\\\/\\\/www.urbanbiker.com\\\/it\\\/#\\\/schema\\\/logo\\\/image\\\/\"},\"sameAs\":[\"https:\\\/\\\/www.facebook.com\\\/Urbanbikerbiciselectricas\",\"https:\\\/\\\/www.instagram.com\\\/urbanbiker_\\\/\",\"https:\\\/\\\/www.linkedin.com\\\/company\\\/2454235\",\"https:\\\/\\\/www.youtube.com\\\/channel\\\/UCWR__uH_RWJF-OhPfz-9-Qw\"]}]}<\/script>\n<!-- \/ Yoast SEO plugin. -->","yoast_head_json":{"title":"Spedizione UrbanBiker","description":"Spedizione UrbanBiker","robots":{"index":"noindex","follow":"nofollow"},"og_locale":"it_IT","og_type":"article","og_title":"Spedizione UrbanBiker","og_description":"Spedizione UrbanBiker","og_url":"https:\/\/www.urbanbiker.com\/it\/spedizione\/","og_site_name":"UrbanBiker","article_publisher":"https:\/\/www.facebook.com\/Urbanbikerbiciselectricas","article_modified_time":"2025-11-06T10:39:23+00:00","twitter_card":"summary_large_image","twitter_misc":{"Tempo di lettura stimato":"3 minuti"},"schema":{"@context":"https:\/\/schema.org","@graph":[{"@type":"WebPage","@id":"https:\/\/www.urbanbiker.com\/it\/spedizione\/","url":"https:\/\/www.urbanbiker.com\/it\/spedizione\/","name":"Spedizione UrbanBiker","isPartOf":{"@id":"https:\/\/www.urbanbiker.com\/it\/#website"},"datePublished":"2024-11-28T14:20:43+00:00","dateModified":"2025-11-06T10:39:23+00:00","description":"Spedizione UrbanBiker","breadcrumb":{"@id":"https:\/\/www.urbanbiker.com\/it\/spedizione\/#breadcrumb"},"inLanguage":"it-IT","potentialAction":[{"@type":"ReadAction","target":["https:\/\/www.urbanbiker.com\/it\/spedizione\/"]}]},{"@type":"BreadcrumbList","@id":"https:\/\/www.urbanbiker.com\/it\/spedizione\/#breadcrumb","itemListElement":[{"@type":"ListItem","position":1,"name":"Portada","item":"https:\/\/www.urbanbiker.com\/it\/"},{"@type":"ListItem","position":2,"name":"Spedizione"}]},{"@type":"WebSite","@id":"https:\/\/www.urbanbiker.com\/it\/#website","url":"https:\/\/www.urbanbiker.com\/it\/","name":"UrbanBiker","description":"Biciclette elettriche","publisher":{"@id":"https:\/\/www.urbanbiker.com\/it\/#organization"},"potentialAction":[{"@type":"SearchAction","target":{"@type":"EntryPoint","urlTemplate":"https:\/\/www.urbanbiker.com\/it\/?s={search_term_string}"},"query-input":{"@type":"PropertyValueSpecification","valueRequired":true,"valueName":"search_term_string"}}],"inLanguage":"it-IT"},{"@type":"Organization","@id":"https:\/\/www.urbanbiker.com\/it\/#organization","name":"UrbanBiker","url":"https:\/\/www.urbanbiker.com\/it\/","logo":{"@type":"ImageObject","inLanguage":"it-IT","@id":"https:\/\/www.urbanbiker.com\/it\/#\/schema\/logo\/image\/","url":"https:\/\/www.urbanbiker.com\/wp-content\/uploads\/2022\/09\/Logo-principal-sin-fondo.png","contentUrl":"https:\/\/www.urbanbiker.com\/wp-content\/uploads\/2022\/09\/Logo-principal-sin-fondo.png","width":2560,"height":934,"caption":"UrbanBiker"},"image":{"@id":"https:\/\/www.urbanbiker.com\/it\/#\/schema\/logo\/image\/"},"sameAs":["https:\/\/www.facebook.com\/Urbanbikerbiciselectricas","https:\/\/www.instagram.com\/urbanbiker_\/","https:\/\/www.linkedin.com\/company\/2454235","https:\/\/www.youtube.com\/channel\/UCWR__uH_RWJF-OhPfz-9-Qw"]}]}},"_links":{"self":[{"href":"https:\/\/www.urbanbiker.com\/it\/wp-json\/wp\/v2\/pages\/40117","targetHints":{"allow":["GET"]}}],"collection":[{"href":"https:\/\/www.urbanbiker.com\/it\/wp-json\/wp\/v2\/pages"}],"about":[{"href":"https:\/\/www.urbanbiker.com\/it\/wp-json\/wp\/v2\/types\/page"}],"author":[{"embeddable":true,"href":"https:\/\/www.urbanbiker.com\/it\/wp-json\/wp\/v2\/users\/1"}],"replies":[{"embeddable":true,"href":"https:\/\/www.urbanbiker.com\/it\/wp-json\/wp\/v2\/comments?post=40117"}],"version-history":[{"count":2,"href":"https:\/\/www.urbanbiker.com\/it\/wp-json\/wp\/v2\/pages\/40117\/revisions"}],"predecessor-version":[{"id":57338,"href":"https:\/\/www.urbanbiker.com\/it\/wp-json\/wp\/v2\/pages\/40117\/revisions\/57338"}],"wp:attachment":[{"href":"https:\/\/www.urbanbiker.com\/it\/wp-json\/wp\/v2\/media?parent=40117"}],"curies":[{"name":"wp","href":"https:\/\/api.w.org\/{rel}","templated":true}]}}