{"id":38636,"date":"2024-11-28T16:00:58","date_gmt":"2024-11-28T15:00:58","guid":{"rendered":"https:\/\/www.urbanbiker.com\/?page_id=38636"},"modified":"2025-07-04T10:30:13","modified_gmt":"2025-07-04T08:30:13","slug":"condizioni-di-acquisto","status":"publish","type":"page","link":"https:\/\/www.urbanbiker.com\/it\/condizioni-di-acquisto\/","title":{"rendered":"Condizioni di acquisto | UrbanBiker"},"content":{"rendered":"\t\t<div data-elementor-type=\"wp-page\" data-elementor-id=\"38636\" class=\"elementor elementor-38636 elementor-32121\">\n\t\t\t\t\t\t<div class=\"elementor-section elementor-top-section elementor-element elementor-element-2e11527 elementor-section-stretched elementor-section-boxed elementor-section-height-default elementor-section-height-default\" data-id=\"2e11527\" data-element_type=\"section\" data-e-type=\"section\" data-settings=\"{&quot;stretch_section&quot;:&quot;section-stretched&quot;}\">\n\t\t\t\t\t\t<div class=\"elementor-container elementor-column-gap-no\">\n\t\t\t\t\t<div class=\"elementor-column elementor-col-100 elementor-top-column elementor-element elementor-element-d2bd899\" data-id=\"d2bd899\" data-element_type=\"column\" data-e-type=\"column\">\n\t\t\t<div class=\"elementor-widget-wrap elementor-element-populated\">\n\t\t\t\t\n\t\t<div class=\"elementor-element elementor-element-a637689 elementor-widget elementor-widget-text-editor\" data-id=\"a637689\" data-element_type=\"widget\" data-e-type=\"widget\" data-widget_type=\"text-editor.default\">\n\t\t\t\t<div class=\"elementor-widget-container\">\n\t\t\t\t\t\t\t\t\t<h2><strong>CONDIZIONI GENERALI DI ACQUISTO URBANBIKER TRADING SL<\/strong><\/h2><p>I presenti termini e condizioni generali di vendita si applicano a tutte le vendite sul sito web <strong>www.urbanbiker.com<\/strong>.<\/p><h3><strong>Condizioni generali di acquisto<\/strong><\/h3><p>Le presenti condizioni si applicano alla relazione tra <strong>URBANBIKER TRADING SL<\/strong> e gli utenti, nell&#8217;utilizzo del negozio online <a href=\"http:\/\/www.urbanbiker.com\"><strong>www.urbanbiker.com<\/strong><\/a> per l&#8217;acquisto di prodotti e servizi attraverso di esso.<\/p><p>L&#8217;accettazione delle condizioni di acquisto implica che l&#8217;utente ha letto, compreso e capito quanto qui esposto, essendo una persona con sufficiente capacit\u00e0 contrattuale che si assume gli obblighi qui esposti. Per la convalida non \u00e8 richiesta la firma autografa, che si intende apposta cliccando sul pulsante &#8220;Conferma il mio ordine&#8221;.<\/p><p>Il contratto di acquisto di un immobile acquistato su <strong>www.urbanbiker.com<\/strong> \u00e8 costituito esclusivamente dalle condizioni generali di acquisto in vigore al momento dell&#8217;ordine e dal modulo d&#8217;ordine.<\/p><p>Contatta<strong> URBANBIKER TRADING SL<\/strong>:<\/p><p>C\/ Cementerio 43T, 24227 Valdelafuente (Le\u00f3n) \u2013 Espa\u00f1a, NIF ESB75551739<br \/>Tel: <a href=\"tel:+34987229760\">+34 987 229 760<\/a><\/p><p>Servizio: <a href=\"mailto:contact@urbanbiker.com\">contact@urbanbiker.com<\/a><\/p><h3>La disponibilit\u00e0 di prodotti<\/h3><p>Le nostre offerte di prodotti e prezzi sono valide finch\u00e9 sono visibili sul sito, nei limiti delle scorte disponibili.<\/p><p>Le informazioni sulla disponibilit\u00e0 dei prodotti vengono fornite al momento dell&#8217;ordine, ma eccezionalmente possono verificarsi errori o modifiche. Se gli articoli non sono disponibili dopo aver effettuato l&#8217;ordine o se il tempo trascorso prima di riceverli \u00e8 considerato troppo lungo per il consumatore, \u00e8 possibile annullare l&#8217;ordine gratuitamente e ottenere un rimborso.<\/p><p><strong>Urbanbiker.com<\/strong> si riserva il diritto di cancellare qualsiasi ordine, in tutto o in parte, nel caso in cui i prodotti in questione non siano disponibili per un lungo periodo di tempo.<\/p><p>Tuttavia, se il prodotto o i prodotti <u>temporaneamente<\/u> indisponibili dovessero risultare <u>definitivamente<\/u> indisponibili, il cliente verr\u00e0 informato il prima possibile al fine di offrire un prodotto equivalente che il cliente sar\u00e0 libero di accettare o rifiutare.<\/p><h3>Conformit\u00e0 del prodotto e garanzia<\/h3><p>Le fotografie, i testi, i grafici e le schede tecniche sono tratti per la maggior parte dalla documentazione preparata dal produttore <strong>URBANBIKER TRADING SL, riprodotta <\/strong>sotto il suo controllo e con il suo consenso.<\/p><p>I produttori di tutti i prodotti che offriamo garantiscono la conformit\u00e0 alla legislazione e agli standard applicabili in Spagna.<\/p><p>Gli articoli forniti da <strong>urbanbiker.com<\/strong> sono nuovi e sono garantiti da qualsiasi difetto al momento della consegna. Le garanzie di ogni prodotto sono quelle fornite dal produttore. Tali garanzie possono essere diverse per ogni prodotto.<\/p><h3>Convalida della transazione<\/h3><p>Non appena il tuo ordine viene registrato, ti verr\u00e0 inviata via e-mail una bolla di consegna con i dettagli del tuo ordine. La bolla di consegna specificher\u00e0 l&#8217;importo esatto fatturato e le condizioni di consegna dell&#8217;ordine. Questa nota di consegna implica l&#8217;accettazione del tuo ordine da parte di <strong>urbanbiker.com<\/strong> e convalida la transazione.<\/p><p>Se non ricevi questa nota di consegna, ti invitiamo a controllare la tua Area Clienti per verificare che il tuo ordine sia stato elaborato.<\/p><p>In caso di sospetto di frode, <strong>urbanbiker.com<\/strong> si riserva il diritto di chiedere all&#8217;Acquirente una prova di identit\u00e0, di effettuare le opportune verifiche e\/o di effettuare il pagamento tramite bonifico bancario, subordinando l&#8217;esecuzione dell&#8217;ordine al rispetto delle presenti condizioni.<\/p><h3>I prezzi<\/h3><p>I prezzi sul sito web di <strong>urbanbiker.com<\/strong> sono espressi in euro, tasse incluse, escluse le spese di spedizione e i costi correlati.<\/p><p>I prezzi sono soggetti a variazioni nel corso dell&#8217;anno, fermo restando che i prodotti saranno fatturati e pagati ai prezzi in vigore al momento dell&#8217;ordine.<\/p><h3>Metodi di pagamento<\/h3><p>Per pagare il tuo ordine, <strong>URBANBIKER TRADING SL <\/strong>accetta le seguenti carte di credito oltre al pagamento tramite paypal:<\/p><ul><li>Carte di credito: Visa, Mastercard, American Express e CB<\/li><li>Carte di debito: Maestro e Bancointact<\/li><li>iDEAL<\/li><li>Sofort<\/li><li>Giropay<\/li><li>EPS<\/li><li>Bonifico bancario<\/li><li>Belfius<\/li><li>PayPal<\/li><li>Apple Pay<\/li><li>Google Pay<\/li><\/ul><p>Certifichiamo che i dati della tua carta di credito sono criptati con il protocollo SSL (Secure Socket Layer) e non passano mai in chiaro attraverso la rete o i server di <strong>urbanbiker.com.<\/strong> Il pagamento viene effettuato direttamente alla banca e i tuoi dati bancari non passano mai attraverso i nostri server.<\/p><h3>Modalit\u00e0 di consegna della merce<\/h3><p>I prodotti saranno consegnati all&#8217;indirizzo che hai indicato nel modulo d&#8217;ordine.<\/p><p>Prima di confermare l&#8217;ordine sono disponibili diversi metodi di consegna. Il contributo alle spese di spedizione associato a ciascun metodo di consegna \u00e8 inoltre dettagliato e indicato prima della convalida dell&#8217;ordine. Non \u00e8 pi\u00f9 possibile cambiare il metodo di consegna dopo la convalida e il pagamento dell&#8217;ordine.<\/p><p>La consegna avviene dal luned\u00ec al venerd\u00ec, normalmente dalle 8:30 alle 18:30, a seconda delle condizioni stabilite dall&#8217;agenzia di trasporto incaricata. La consegna pu\u00f2 essere effettuata durante tutta la giornata e non \u00e8 possibile specificare l&#8217;orario.<\/p><p>In caso di ritardo nella consegna entro otto giorni lavorativi dalla data di spedizione indicata nell&#8217;e-mail che ti informa dell&#8217;avvenuta spedizione del tuo ordine, ti consigliamo di contattare il nostro Servizio Clienti inviando un&#8217;e-mail.<\/p><p>Se la merce viene ritrovata, verr\u00e0 restituita all&#8217;indirizzo dell&#8217;ordine nel pi\u00f9 breve tempo possibile. In caso contrario, una volta ottenuta la denuncia di smarrimento dichiarata dal vettore, provvederemo a rispedire questo\/i prodotto\/i o, in caso di indisponibilit\u00e0 definitiva, ti rimborseremo le somme addebitate secondo i termini delle presenti condizioni generali di acquisto.<\/p><p>Raccomandiamo all&#8217;acquirente di rifiutare qualsiasi pacco danneggiato, aperto o sporco. Se lo desidera, prima di firmare il modulo di ricevuta, pu\u00f2 controllare il contenuto in presenza dell&#8217;addetto alla consegna.<\/p><p>In caso di dubbio, \u00e8 consigliabile rifiutare il pacco e segnalare l&#8217;incidente a <strong>urbanbiker.com<\/strong> il prima possibile.<\/p><h3><strong>Garanzie <\/strong><\/h3><h4><strong>Garanzie del produttore<\/strong><\/h4><p>I prodotti acquistati sul nostro sito godono della garanzia del produttore, indicata su ogni scheda prodotto. Le garanzie dei diversi produttori possono variare. La garanzia decorre dalla data di ricezione della confezione durante il periodo indicato nella scheda del prodotto.<\/p><p>Puoi trovare maggiori informazioni alla voce <a href=\"https:\/\/www.urbanbiker.com\/it\/condizioni-di-garanzia\/\" target=\"_blank\" rel=\"noopener\">Condizioni di garanzia<\/a>.<\/p><p><strong>Per beneficiare della garanzia sul prodotto, \u00e8 necessario conservare la fattura d&#8217;acquisto e tutti gli imballaggi.<\/strong><\/p><p>Per essere sicuro di seguire i passi corretti con il servizio post-vendita o se hai problemi con un articolo, puoi scrivere direttamente a: <a href=\"mailto:contact@urbanbiker.com\"><strong>contact@urbanbiker.com<\/strong><\/a><\/p><h4><strong>Ritiro<\/strong><\/h4><p>Il cliente ha <strong>30 giorni di tempo per recedere dal giorno in cui riceve l&#8217;articolo<\/strong>. <strong>Il cliente \u00e8 responsabile della spedizione e della consegna del prodotto tramite l&#8217;agenzia di trasporto che ritiene pi\u00f9 conveniente, compresi i costi di spedizione.<\/strong><\/p><p>Inoltre:<\/p><ul><li>L&#8217;oggetto non pu\u00f2 essere utilizzato per scopi diversi dall&#8217;evento <strong>(massimo 10 km nel caso di una bicicletta<\/strong>). Sar\u00e0 richiesta una fotografia dei chilometri totali.<\/li><li>Deve essere inviato nell&#8217;<strong>imballaggio originale (protetto nello stesso modo in cui \u00e8 stato spedito)<\/strong> senza <strong>alcun tipo di danno<\/strong>.<\/li><li>\u00c8 obbligatorio restituire il <strong>prodotto completo<\/strong>, comprese le istruzioni, gli attrezzi, le chiavi, gli accessori, ecc&#8230;<\/li><\/ul><p>Nessuna transazione di rimborso sar\u00e0 effettuata prima di aver ricevuto ed esaminato la merce restituita. I <strong>rimborsi saranno effettuati utilizzando lo stesso metodo di pagamento<\/strong> usato per la transazione originale, a meno che non sia stato espressamente concordato diversamente.<\/p><p>Il cliente sar\u00e0 responsabile di qualsiasi deprezzamento del veicolo derivante da una manipolazione diversa da quella necessaria per stabilire il corretto funzionamento dell&#8217;articolo.<\/p><p><strong>Qualsiasi reso che non soddisfi questi criteri sar\u00e0 soggetto a un rimborso parziale dell&#8217;articolo<\/strong> a seconda della natura del deprezzamento.<\/p><h4><strong>Dati personali<\/strong><\/h4><p>Ai sensi della legge spagnola e del RGPD hai il diritto di accesso e rettifica dei dati che ti riguardano e puoi esercitarlo come segue:<\/p><p>Inviando una lettera al seguente indirizzo: <strong><a href=\"mailto:contact@urbanbiker.com\">contact@urbanbiker.com<\/a><\/strong><\/p><h4><strong>Prova della transazione<\/strong><\/h4><p>Salvo prova contraria, i nostri registri informatici, mantenuti in condizioni di ragionevole sicurezza, forniranno la prova delle comunicazioni, degli ordini e dei pagamenti effettuati.<\/p><p>Archivieremo gli ordini di acquisto e le fatture su un supporto affidabile e durevole che possa essere presentato legalmente come prova.<\/p><p><a href=\"http:\/\/www.urbanbiker.com\">www.urbanbiker.com<\/a><\/p><p>C\/ Cementerio 43T, 24227 Valdelafuente (Le\u00f3n) \u2013 Espa\u00f1a, NIF ESB75551739<br \/>Tel: <a href=\"tel:+34987229760\">+34 987 229 760<\/a><\/p><h4><strong>Legge applicabile<\/strong><\/h4><p>Tutte le clausole contenute nei presenti termini e condizioni generali di vendita, cos\u00ec come tutte le transazioni a cui si fa riferimento e qualsiasi controversia che possa sorgere in relazione a un ordine o alle sue conseguenze, sono soggette alla legge spagnola.<\/p><p>Se una o pi\u00f9 disposizioni dei presenti termini e condizioni generali \u00e8 o viene dichiarata nulla in virt\u00f9 di una legge, di un regolamento o a seguito di una decisione definitiva di un tribunale competente, le restanti disposizioni rimarranno in vigore a tutti gli effetti.<\/p>\t\t\t\t\t\t\t\t<\/div>\n\t\t\t\t<\/div>\n\t\t\t\t\t<\/div>\n\t\t<\/div>\n\t\t\t\t\t<\/div>\n\t\t<\/div>\n\t\t\t\t<\/div>\n\t\t","protected":false},"excerpt":{"rendered":"<p>CONDIZIONI GENERALI DI ACQUISTO URBANBIKER TRADING SL I presenti termini e condizioni generali di vendita si applicano a tutte le vendite sul sito web www.urbanbiker.com. Condizioni generali di acquisto Le presenti condizioni si applicano alla relazione tra URBANBIKER TRADING SL e gli utenti, nell&#8217;utilizzo del negozio online www.urbanbiker.com per l&#8217;acquisto di prodotti e servizi attraverso [&hellip;]<\/p>\n","protected":false},"author":1,"featured_media":0,"parent":0,"menu_order":0,"comment_status":"closed","ping_status":"closed","template":"template-homepage.php","meta":{"footnotes":""},"class_list":["post-38636","page","type-page","status-publish","hentry"],"yoast_head":"<!-- This site is optimized with the Yoast SEO plugin v27.5 - https:\/\/yoast.com\/product\/yoast-seo-wordpress\/ -->\n<title>Condizioni di acquisto | UrbanBiker | UrbanBiker<\/title>\n<meta name=\"description\" content=\"Condizioni di acquisto | UrbanBiker\" \/>\n<meta name=\"robots\" content=\"noindex, nofollow\" \/>\n<meta property=\"og:locale\" content=\"it_IT\" \/>\n<meta property=\"og:type\" content=\"article\" \/>\n<meta property=\"og:title\" content=\"Condizioni di acquisto | UrbanBiker | UrbanBiker\" \/>\n<meta property=\"og:description\" content=\"Condizioni di acquisto | UrbanBiker\" \/>\n<meta property=\"og:url\" content=\"https:\/\/www.urbanbiker.com\/it\/condizioni-di-acquisto\/\" \/>\n<meta property=\"og:site_name\" content=\"UrbanBiker\" \/>\n<meta property=\"article:publisher\" content=\"https:\/\/www.facebook.com\/Urbanbikerbiciselectricas\" \/>\n<meta property=\"article:modified_time\" content=\"2025-07-04T08:30:13+00:00\" \/>\n<meta name=\"twitter:card\" content=\"summary_large_image\" \/>\n<meta name=\"twitter:label1\" content=\"Tempo di lettura stimato\" \/>\n\t<meta name=\"twitter:data1\" content=\"8 minuti\" \/>\n<script type=\"application\/ld+json\" class=\"yoast-schema-graph\">{\"@context\":\"https:\\\/\\\/schema.org\",\"@graph\":[{\"@type\":\"WebPage\",\"@id\":\"https:\\\/\\\/www.urbanbiker.com\\\/it\\\/condizioni-di-acquisto\\\/\",\"url\":\"https:\\\/\\\/www.urbanbiker.com\\\/it\\\/condizioni-di-acquisto\\\/\",\"name\":\"Condizioni di acquisto | UrbanBiker | UrbanBiker\",\"isPartOf\":{\"@id\":\"https:\\\/\\\/www.urbanbiker.com\\\/it\\\/#website\"},\"datePublished\":\"2024-11-28T15:00:58+00:00\",\"dateModified\":\"2025-07-04T08:30:13+00:00\",\"description\":\"Condizioni di acquisto | UrbanBiker\",\"breadcrumb\":{\"@id\":\"https:\\\/\\\/www.urbanbiker.com\\\/it\\\/condizioni-di-acquisto\\\/#breadcrumb\"},\"inLanguage\":\"it-IT\",\"potentialAction\":[{\"@type\":\"ReadAction\",\"target\":[\"https:\\\/\\\/www.urbanbiker.com\\\/it\\\/condizioni-di-acquisto\\\/\"]}]},{\"@type\":\"BreadcrumbList\",\"@id\":\"https:\\\/\\\/www.urbanbiker.com\\\/it\\\/condizioni-di-acquisto\\\/#breadcrumb\",\"itemListElement\":[{\"@type\":\"ListItem\",\"position\":1,\"name\":\"Portada\",\"item\":\"https:\\\/\\\/www.urbanbiker.com\\\/it\\\/\"},{\"@type\":\"ListItem\",\"position\":2,\"name\":\"Condizioni di acquisto | UrbanBiker\"}]},{\"@type\":\"WebSite\",\"@id\":\"https:\\\/\\\/www.urbanbiker.com\\\/it\\\/#website\",\"url\":\"https:\\\/\\\/www.urbanbiker.com\\\/it\\\/\",\"name\":\"UrbanBiker\",\"description\":\"Biciclette elettriche\",\"publisher\":{\"@id\":\"https:\\\/\\\/www.urbanbiker.com\\\/it\\\/#organization\"},\"potentialAction\":[{\"@type\":\"SearchAction\",\"target\":{\"@type\":\"EntryPoint\",\"urlTemplate\":\"https:\\\/\\\/www.urbanbiker.com\\\/it\\\/?s={search_term_string}\"},\"query-input\":{\"@type\":\"PropertyValueSpecification\",\"valueRequired\":true,\"valueName\":\"search_term_string\"}}],\"inLanguage\":\"it-IT\"},{\"@type\":\"Organization\",\"@id\":\"https:\\\/\\\/www.urbanbiker.com\\\/it\\\/#organization\",\"name\":\"UrbanBiker\",\"url\":\"https:\\\/\\\/www.urbanbiker.com\\\/it\\\/\",\"logo\":{\"@type\":\"ImageObject\",\"inLanguage\":\"it-IT\",\"@id\":\"https:\\\/\\\/www.urbanbiker.com\\\/it\\\/#\\\/schema\\\/logo\\\/image\\\/\",\"url\":\"https:\\\/\\\/www.urbanbiker.com\\\/wp-content\\\/uploads\\\/2022\\\/09\\\/Logo-principal-sin-fondo.png\",\"contentUrl\":\"https:\\\/\\\/www.urbanbiker.com\\\/wp-content\\\/uploads\\\/2022\\\/09\\\/Logo-principal-sin-fondo.png\",\"width\":2560,\"height\":934,\"caption\":\"UrbanBiker\"},\"image\":{\"@id\":\"https:\\\/\\\/www.urbanbiker.com\\\/it\\\/#\\\/schema\\\/logo\\\/image\\\/\"},\"sameAs\":[\"https:\\\/\\\/www.facebook.com\\\/Urbanbikerbiciselectricas\",\"https:\\\/\\\/www.instagram.com\\\/urbanbiker_\\\/\",\"https:\\\/\\\/www.linkedin.com\\\/company\\\/2454235\",\"https:\\\/\\\/www.youtube.com\\\/channel\\\/UCWR__uH_RWJF-OhPfz-9-Qw\"]}]}<\/script>\n<!-- \/ Yoast SEO plugin. -->","yoast_head_json":{"title":"Condizioni di acquisto | UrbanBiker | UrbanBiker","description":"Condizioni di acquisto | UrbanBiker","robots":{"index":"noindex","follow":"nofollow"},"og_locale":"it_IT","og_type":"article","og_title":"Condizioni di acquisto | UrbanBiker | UrbanBiker","og_description":"Condizioni di acquisto | UrbanBiker","og_url":"https:\/\/www.urbanbiker.com\/it\/condizioni-di-acquisto\/","og_site_name":"UrbanBiker","article_publisher":"https:\/\/www.facebook.com\/Urbanbikerbiciselectricas","article_modified_time":"2025-07-04T08:30:13+00:00","twitter_card":"summary_large_image","twitter_misc":{"Tempo di lettura stimato":"8 minuti"},"schema":{"@context":"https:\/\/schema.org","@graph":[{"@type":"WebPage","@id":"https:\/\/www.urbanbiker.com\/it\/condizioni-di-acquisto\/","url":"https:\/\/www.urbanbiker.com\/it\/condizioni-di-acquisto\/","name":"Condizioni di acquisto | UrbanBiker | UrbanBiker","isPartOf":{"@id":"https:\/\/www.urbanbiker.com\/it\/#website"},"datePublished":"2024-11-28T15:00:58+00:00","dateModified":"2025-07-04T08:30:13+00:00","description":"Condizioni di acquisto | UrbanBiker","breadcrumb":{"@id":"https:\/\/www.urbanbiker.com\/it\/condizioni-di-acquisto\/#breadcrumb"},"inLanguage":"it-IT","potentialAction":[{"@type":"ReadAction","target":["https:\/\/www.urbanbiker.com\/it\/condizioni-di-acquisto\/"]}]},{"@type":"BreadcrumbList","@id":"https:\/\/www.urbanbiker.com\/it\/condizioni-di-acquisto\/#breadcrumb","itemListElement":[{"@type":"ListItem","position":1,"name":"Portada","item":"https:\/\/www.urbanbiker.com\/it\/"},{"@type":"ListItem","position":2,"name":"Condizioni di acquisto | UrbanBiker"}]},{"@type":"WebSite","@id":"https:\/\/www.urbanbiker.com\/it\/#website","url":"https:\/\/www.urbanbiker.com\/it\/","name":"UrbanBiker","description":"Biciclette elettriche","publisher":{"@id":"https:\/\/www.urbanbiker.com\/it\/#organization"},"potentialAction":[{"@type":"SearchAction","target":{"@type":"EntryPoint","urlTemplate":"https:\/\/www.urbanbiker.com\/it\/?s={search_term_string}"},"query-input":{"@type":"PropertyValueSpecification","valueRequired":true,"valueName":"search_term_string"}}],"inLanguage":"it-IT"},{"@type":"Organization","@id":"https:\/\/www.urbanbiker.com\/it\/#organization","name":"UrbanBiker","url":"https:\/\/www.urbanbiker.com\/it\/","logo":{"@type":"ImageObject","inLanguage":"it-IT","@id":"https:\/\/www.urbanbiker.com\/it\/#\/schema\/logo\/image\/","url":"https:\/\/www.urbanbiker.com\/wp-content\/uploads\/2022\/09\/Logo-principal-sin-fondo.png","contentUrl":"https:\/\/www.urbanbiker.com\/wp-content\/uploads\/2022\/09\/Logo-principal-sin-fondo.png","width":2560,"height":934,"caption":"UrbanBiker"},"image":{"@id":"https:\/\/www.urbanbiker.com\/it\/#\/schema\/logo\/image\/"},"sameAs":["https:\/\/www.facebook.com\/Urbanbikerbiciselectricas","https:\/\/www.instagram.com\/urbanbiker_\/","https:\/\/www.linkedin.com\/company\/2454235","https:\/\/www.youtube.com\/channel\/UCWR__uH_RWJF-OhPfz-9-Qw"]}]}},"_links":{"self":[{"href":"https:\/\/www.urbanbiker.com\/it\/wp-json\/wp\/v2\/pages\/38636","targetHints":{"allow":["GET"]}}],"collection":[{"href":"https:\/\/www.urbanbiker.com\/it\/wp-json\/wp\/v2\/pages"}],"about":[{"href":"https:\/\/www.urbanbiker.com\/it\/wp-json\/wp\/v2\/types\/page"}],"author":[{"embeddable":true,"href":"https:\/\/www.urbanbiker.com\/it\/wp-json\/wp\/v2\/users\/1"}],"replies":[{"embeddable":true,"href":"https:\/\/www.urbanbiker.com\/it\/wp-json\/wp\/v2\/comments?post=38636"}],"version-history":[{"count":41,"href":"https:\/\/www.urbanbiker.com\/it\/wp-json\/wp\/v2\/pages\/38636\/revisions"}],"predecessor-version":[{"id":50876,"href":"https:\/\/www.urbanbiker.com\/it\/wp-json\/wp\/v2\/pages\/38636\/revisions\/50876"}],"wp:attachment":[{"href":"https:\/\/www.urbanbiker.com\/it\/wp-json\/wp\/v2\/media?parent=38636"}],"curies":[{"name":"wp","href":"https:\/\/api.w.org\/{rel}","templated":true}]}}