{"id":54288,"date":"2025-09-09T17:05:00","date_gmt":"2025-09-09T15:05:00","guid":{"rendered":"https:\/\/www.urbanbiker.com\/?post_type=product&#038;p=54288"},"modified":"2025-09-09T17:26:21","modified_gmt":"2025-09-09T15:26:21","slug":"tige-de-selle-309mm-x-350mm-pour-dakota-fs","status":"publish","type":"product","link":"https:\/\/www.urbanbiker.com\/fr\/produit\/tige-de-selle-309mm-x-350mm-pour-dakota-fs\/","title":{"rendered":"Tige de selle 30,9mm x 350mm pour Dakota FS"},"content":{"rendered":"","protected":false},"excerpt":{"rendered":"<h6><strong>Tige de selle 30,9mm x 350mm pour Dakota FS<\/strong><\/h6>\n<p>Compatible avec le mod\u00e8le UrbanBiker Dakota FS \u00e9quip\u00e9 du syst\u00e8me Bafang.<\/p>\n","protected":false},"featured_media":0,"template":"","meta":[],"product_cat":[368,342],"product_tag":[],"class_list":{"0":"post-54288","1":"product","2":"type-product","3":"status-publish","5":"product_cat-complements","6":"product_cat-composants","7":"pa_ebike-dakota-fs","8":"pa_tamano-rueda-275-fr","9":"pa_tamano-rueda-29-fr","11":"first","12":"instock","13":"taxable","14":"shipping-taxable","15":"purchasable","16":"product-type-simple"},"atum_controlled":true,"out_stock_date":null,"out_stock_threshold":null,"inheritable":false,"stock_on_hold":0,"sold_today":0,"sales_last_days":0,"out_stock_days":0,"lost_sales":0,"update_date":"2026-04-08T00:12:36","atum_locations":[],"atum_stock_status":"instock","restock_status":false,"low_stock_amount":"","sales_update_date":"2026-04-08T00:12:36","calc_backorders":null,"yoast_head":"<!-- This site is optimized with the Yoast SEO plugin v27.3 - https:\/\/yoast.com\/product\/yoast-seo-wordpress\/ -->\n<title>Tige de selle 30,9mm x 350mm pour Dakota FS | UrbanBiker<\/title>\n<meta name=\"description\" content=\"Tige de selle 30,9mm x 350mm. Compatible avec le mod\u00e8le UrbanBiker Dakota FS \u00e9quip\u00e9 du syst\u00e8me Bafang. | UrbanBiker\" \/>\n<meta name=\"robots\" content=\"index, follow, max-snippet:-1, max-image-preview:large, max-video-preview:-1\" \/>\n<link rel=\"canonical\" href=\"https:\/\/www.urbanbiker.com\/fr\/produit\/tige-de-selle-309mm-x-350mm-pour-dakota-fs\/\" \/>\n<meta property=\"og:locale\" content=\"fr_FR\" \/>\n<meta property=\"og:type\" content=\"article\" \/>\n<meta property=\"og:title\" content=\"Tige de selle 30,9mm x 350mm pour Dakota FS | UrbanBiker\" \/>\n<meta property=\"og:description\" content=\"Tige de selle 30,9mm x 350mm. Compatible avec le mod\u00e8le UrbanBiker Dakota FS \u00e9quip\u00e9 du syst\u00e8me Bafang. | UrbanBiker\" \/>\n<meta property=\"og:url\" content=\"https:\/\/www.urbanbiker.com\/fr\/produit\/tige-de-selle-309mm-x-350mm-pour-dakota-fs\/\" \/>\n<meta property=\"og:site_name\" content=\"UrbanBiker\" \/>\n<meta property=\"article:publisher\" content=\"https:\/\/www.facebook.com\/Urbanbikerbiciselectricas\" \/>\n<meta property=\"article:modified_time\" content=\"2025-09-09T15:26:21+00:00\" \/>\n<meta name=\"twitter:card\" content=\"summary_large_image\" \/>\n<script type=\"application\/ld+json\" class=\"yoast-schema-graph\">{\"@context\":\"https:\\\/\\\/schema.org\",\"@graph\":[{\"@type\":\"WebPage\",\"@id\":\"https:\\\/\\\/www.urbanbiker.com\\\/fr\\\/produit\\\/tige-de-selle-309mm-x-350mm-pour-dakota-fs\\\/\",\"url\":\"https:\\\/\\\/www.urbanbiker.com\\\/fr\\\/produit\\\/tige-de-selle-309mm-x-350mm-pour-dakota-fs\\\/\",\"name\":\"Tige de selle 30,9mm x 350mm pour Dakota FS | UrbanBiker\",\"isPartOf\":{\"@id\":\"https:\\\/\\\/www.urbanbiker.com\\\/fr\\\/#website\"},\"datePublished\":\"2025-09-09T15:05:00+00:00\",\"dateModified\":\"2025-09-09T15:26:21+00:00\",\"description\":\"Tige de selle 30,9mm x 350mm. Compatible avec le mod\u00e8le UrbanBiker Dakota FS \u00e9quip\u00e9 du syst\u00e8me Bafang. | UrbanBiker\",\"breadcrumb\":{\"@id\":\"https:\\\/\\\/www.urbanbiker.com\\\/fr\\\/produit\\\/tige-de-selle-309mm-x-350mm-pour-dakota-fs\\\/#breadcrumb\"},\"inLanguage\":\"fr-FR\",\"potentialAction\":[{\"@type\":\"ReadAction\",\"target\":[\"https:\\\/\\\/www.urbanbiker.com\\\/fr\\\/produit\\\/tige-de-selle-309mm-x-350mm-pour-dakota-fs\\\/\"]}]},{\"@type\":\"BreadcrumbList\",\"@id\":\"https:\\\/\\\/www.urbanbiker.com\\\/fr\\\/produit\\\/tige-de-selle-309mm-x-350mm-pour-dakota-fs\\\/#breadcrumb\",\"itemListElement\":[{\"@type\":\"ListItem\",\"position\":1,\"name\":\"Portada\",\"item\":\"https:\\\/\\\/www.urbanbiker.com\\\/fr\\\/\"},{\"@type\":\"ListItem\",\"position\":2,\"name\":\"Boutique de v\u00e9los \u00e9lectriques\",\"item\":\"https:\\\/\\\/www.urbanbiker.com\\\/fr\\\/boutique-velos-electriques\\\/\"},{\"@type\":\"ListItem\",\"position\":3,\"name\":\"Tige de selle 30,9mm x 350mm pour Dakota FS\"}]},{\"@type\":\"WebSite\",\"@id\":\"https:\\\/\\\/www.urbanbiker.com\\\/fr\\\/#website\",\"url\":\"https:\\\/\\\/www.urbanbiker.com\\\/fr\\\/\",\"name\":\"UrbanBiker\",\"description\":\"V\u00e9los \u00e9lectriques\",\"publisher\":{\"@id\":\"https:\\\/\\\/www.urbanbiker.com\\\/fr\\\/#organization\"},\"potentialAction\":[{\"@type\":\"SearchAction\",\"target\":{\"@type\":\"EntryPoint\",\"urlTemplate\":\"https:\\\/\\\/www.urbanbiker.com\\\/fr\\\/?s={search_term_string}\"},\"query-input\":{\"@type\":\"PropertyValueSpecification\",\"valueRequired\":true,\"valueName\":\"search_term_string\"}}],\"inLanguage\":\"fr-FR\"},{\"@type\":\"Organization\",\"@id\":\"https:\\\/\\\/www.urbanbiker.com\\\/fr\\\/#organization\",\"name\":\"UrbanBiker\",\"url\":\"https:\\\/\\\/www.urbanbiker.com\\\/fr\\\/\",\"logo\":{\"@type\":\"ImageObject\",\"inLanguage\":\"fr-FR\",\"@id\":\"https:\\\/\\\/www.urbanbiker.com\\\/fr\\\/#\\\/schema\\\/logo\\\/image\\\/\",\"url\":\"https:\\\/\\\/www.urbanbiker.com\\\/wp-content\\\/uploads\\\/2022\\\/09\\\/Logo-principal-sin-fondo.png\",\"contentUrl\":\"https:\\\/\\\/www.urbanbiker.com\\\/wp-content\\\/uploads\\\/2022\\\/09\\\/Logo-principal-sin-fondo.png\",\"width\":2560,\"height\":934,\"caption\":\"UrbanBiker\"},\"image\":{\"@id\":\"https:\\\/\\\/www.urbanbiker.com\\\/fr\\\/#\\\/schema\\\/logo\\\/image\\\/\"},\"sameAs\":[\"https:\\\/\\\/www.facebook.com\\\/Urbanbikerbiciselectricas\",\"https:\\\/\\\/www.instagram.com\\\/urbanbiker_\\\/\",\"https:\\\/\\\/www.linkedin.com\\\/company\\\/2454235\",\"https:\\\/\\\/www.youtube.com\\\/channel\\\/UCWR__uH_RWJF-OhPfz-9-Qw\"]}]}<\/script>\n<!-- \/ Yoast SEO plugin. -->","yoast_head_json":{"title":"Tige de selle 30,9mm x 350mm pour Dakota FS | UrbanBiker","description":"Tige de selle 30,9mm x 350mm. Compatible avec le mod\u00e8le UrbanBiker Dakota FS \u00e9quip\u00e9 du syst\u00e8me Bafang. | UrbanBiker","robots":{"index":"index","follow":"follow","max-snippet":"max-snippet:-1","max-image-preview":"max-image-preview:large","max-video-preview":"max-video-preview:-1"},"canonical":"https:\/\/www.urbanbiker.com\/fr\/produit\/tige-de-selle-309mm-x-350mm-pour-dakota-fs\/","og_locale":"fr_FR","og_type":"article","og_title":"Tige de selle 30,9mm x 350mm pour Dakota FS | UrbanBiker","og_description":"Tige de selle 30,9mm x 350mm. Compatible avec le mod\u00e8le UrbanBiker Dakota FS \u00e9quip\u00e9 du syst\u00e8me Bafang. | UrbanBiker","og_url":"https:\/\/www.urbanbiker.com\/fr\/produit\/tige-de-selle-309mm-x-350mm-pour-dakota-fs\/","og_site_name":"UrbanBiker","article_publisher":"https:\/\/www.facebook.com\/Urbanbikerbiciselectricas","article_modified_time":"2025-09-09T15:26:21+00:00","twitter_card":"summary_large_image","schema":{"@context":"https:\/\/schema.org","@graph":[{"@type":"WebPage","@id":"https:\/\/www.urbanbiker.com\/fr\/produit\/tige-de-selle-309mm-x-350mm-pour-dakota-fs\/","url":"https:\/\/www.urbanbiker.com\/fr\/produit\/tige-de-selle-309mm-x-350mm-pour-dakota-fs\/","name":"Tige de selle 30,9mm x 350mm pour Dakota FS | UrbanBiker","isPartOf":{"@id":"https:\/\/www.urbanbiker.com\/fr\/#website"},"datePublished":"2025-09-09T15:05:00+00:00","dateModified":"2025-09-09T15:26:21+00:00","description":"Tige de selle 30,9mm x 350mm. Compatible avec le mod\u00e8le UrbanBiker Dakota FS \u00e9quip\u00e9 du syst\u00e8me Bafang. | UrbanBiker","breadcrumb":{"@id":"https:\/\/www.urbanbiker.com\/fr\/produit\/tige-de-selle-309mm-x-350mm-pour-dakota-fs\/#breadcrumb"},"inLanguage":"fr-FR","potentialAction":[{"@type":"ReadAction","target":["https:\/\/www.urbanbiker.com\/fr\/produit\/tige-de-selle-309mm-x-350mm-pour-dakota-fs\/"]}]},{"@type":"BreadcrumbList","@id":"https:\/\/www.urbanbiker.com\/fr\/produit\/tige-de-selle-309mm-x-350mm-pour-dakota-fs\/#breadcrumb","itemListElement":[{"@type":"ListItem","position":1,"name":"Portada","item":"https:\/\/www.urbanbiker.com\/fr\/"},{"@type":"ListItem","position":2,"name":"Boutique de v\u00e9los \u00e9lectriques","item":"https:\/\/www.urbanbiker.com\/fr\/boutique-velos-electriques\/"},{"@type":"ListItem","position":3,"name":"Tige de selle 30,9mm x 350mm pour Dakota FS"}]},{"@type":"WebSite","@id":"https:\/\/www.urbanbiker.com\/fr\/#website","url":"https:\/\/www.urbanbiker.com\/fr\/","name":"UrbanBiker","description":"V\u00e9los \u00e9lectriques","publisher":{"@id":"https:\/\/www.urbanbiker.com\/fr\/#organization"},"potentialAction":[{"@type":"SearchAction","target":{"@type":"EntryPoint","urlTemplate":"https:\/\/www.urbanbiker.com\/fr\/?s={search_term_string}"},"query-input":{"@type":"PropertyValueSpecification","valueRequired":true,"valueName":"search_term_string"}}],"inLanguage":"fr-FR"},{"@type":"Organization","@id":"https:\/\/www.urbanbiker.com\/fr\/#organization","name":"UrbanBiker","url":"https:\/\/www.urbanbiker.com\/fr\/","logo":{"@type":"ImageObject","inLanguage":"fr-FR","@id":"https:\/\/www.urbanbiker.com\/fr\/#\/schema\/logo\/image\/","url":"https:\/\/www.urbanbiker.com\/wp-content\/uploads\/2022\/09\/Logo-principal-sin-fondo.png","contentUrl":"https:\/\/www.urbanbiker.com\/wp-content\/uploads\/2022\/09\/Logo-principal-sin-fondo.png","width":2560,"height":934,"caption":"UrbanBiker"},"image":{"@id":"https:\/\/www.urbanbiker.com\/fr\/#\/schema\/logo\/image\/"},"sameAs":["https:\/\/www.facebook.com\/Urbanbikerbiciselectricas","https:\/\/www.instagram.com\/urbanbiker_\/","https:\/\/www.linkedin.com\/company\/2454235","https:\/\/www.youtube.com\/channel\/UCWR__uH_RWJF-OhPfz-9-Qw"]}]}},"_links":{"self":[{"href":"https:\/\/www.urbanbiker.com\/fr\/wp-json\/wp\/v2\/product\/54288","targetHints":{"allow":["GET"]}}],"collection":[{"href":"https:\/\/www.urbanbiker.com\/fr\/wp-json\/wp\/v2\/product"}],"about":[{"href":"https:\/\/www.urbanbiker.com\/fr\/wp-json\/wp\/v2\/types\/product"}],"version-history":[{"count":1,"href":"https:\/\/www.urbanbiker.com\/fr\/wp-json\/wp\/v2\/product\/54288\/revisions"}],"predecessor-version":[{"id":54295,"href":"https:\/\/www.urbanbiker.com\/fr\/wp-json\/wp\/v2\/product\/54288\/revisions\/54295"}],"wp:attachment":[{"href":"https:\/\/www.urbanbiker.com\/fr\/wp-json\/wp\/v2\/media?parent=54288"}],"wp:term":[{"taxonomy":"product_cat","embeddable":true,"href":"https:\/\/www.urbanbiker.com\/fr\/wp-json\/wp\/v2\/product_cat?post=54288"},{"taxonomy":"product_tag","embeddable":true,"href":"https:\/\/www.urbanbiker.com\/fr\/wp-json\/wp\/v2\/product_tag?post=54288"}],"curies":[{"name":"wp","href":"https:\/\/api.w.org\/{rel}","templated":true}]}}