{"id":53078,"date":"2025-02-25T19:22:03","date_gmt":"2025-02-25T18:22:03","guid":{"rendered":"https:\/\/www.urbanbiker.com\/?post_type=product&#038;p=53078"},"modified":"2026-04-08T11:24:35","modified_gmt":"2026-04-08T09:24:35","slug":"capteur-ubk-systems-x1-3-pins","status":"publish","type":"product","link":"https:\/\/www.urbanbiker.com\/fr\/produit\/capteur-ubk-systems-x1-3-pins\/","title":{"rendered":"Capteur UBK Systems X1 (3-Pins)"},"content":{"rendered":"\t\t<div data-elementor-type=\"wp-post\" data-elementor-id=\"53078\" class=\"elementor elementor-53078 elementor-53075\">\n\t\t\t\t\t\t<section class=\"elementor-section elementor-top-section elementor-element elementor-element-929e6f6 elementor-section-boxed elementor-section-height-default elementor-section-height-default\" data-id=\"929e6f6\" data-element_type=\"section\" data-e-type=\"section\">\n\t\t\t\t\t\t<div class=\"elementor-container elementor-column-gap-default\">\n\t\t\t\t\t<div class=\"elementor-column elementor-col-100 elementor-top-column elementor-element elementor-element-7324e5f\" data-id=\"7324e5f\" data-element_type=\"column\" data-e-type=\"column\">\n\t\t\t<div class=\"elementor-widget-wrap elementor-element-populated\">\n\t\t\t\t\n\t\t<div class=\"elementor-element elementor-element-b9c74cb elementor-widget elementor-widget-text-editor\" data-id=\"b9c74cb\" data-element_type=\"widget\" data-e-type=\"widget\" data-widget_type=\"text-editor.default\">\n\t\t\t\t<div class=\"elementor-widget-container\">\n\t\t\t\t\t\t\t\t\t<h4 data-start=\"640\" data-end=\"703\"><strong data-start=\"649\" data-end=\"703\">Important : Diagnostic pr\u00e9alable requis<\/strong><\/h4><p data-start=\"705\" data-end=\"926\">Pour garantir l\u2019achat de la pi\u00e8ce ad\u00e9quate, un diagnostic pr\u00e9cis est indispensable. Si le probl\u00e8me n\u2019est pas correctement identifi\u00e9, le composant pourrait ne pas r\u00e9soudre la panne ou m\u00eame endommager le syst\u00e8me \u00e9lectrique.<\/p><p data-start=\"928\" data-end=\"1065\">\u2757 Aucun retour ne sera accept\u00e9 sans un diagnostic pr\u00e9alable effectu\u00e9 par notre \u00e9quipe. Merci de contacter notre service avant tout achat.<\/p>\t\t\t\t\t\t\t\t<\/div>\n\t\t\t\t<\/div>\n\t\t\t\t\t<\/div>\n\t\t<\/div>\n\t\t\t\t\t<\/div>\n\t\t<\/section>\n\t\t\t\t<\/div>\n\t\t","protected":false},"excerpt":{"rendered":"<h6><strong>Capteur UBK Systems X1 (3-Pins)<\/strong><\/h6>\n<p>Capteur <strong><a href=\"https:\/\/www.ubksystems.com\/\" target=\"_blank\" rel=\"noopener\">UBK Systems<\/a> X1<\/strong> avec connecteur \u00e0 3-pins (orange) uniquement avec les mod\u00e8les \u00e9quip\u00e9s du moteur <strong><a href=\"https:\/\/www.ubksystems.com\/\" target=\"_blank\" rel=\"noopener\">UBK Systems<\/a> X1<\/strong> et les <strong>v\u00e9los \u00e9lectriques achet\u00e9s apr\u00e8s 2022<\/strong>. Capteur PAS avec 24 points de d\u00e9tection. Permet une sensation plus progressive et plus stable lors de la conduite du v\u00e9lo \u00e9lectrique. Ce design s&rsquo;adapte parfaitement au v\u00e9lo \u00e9lectrique et est rapide \u00e0 installer et \u00e0 monter.<\/p>\n","protected":false},"featured_media":55323,"template":"","meta":[],"product_cat":[363,342],"product_tag":[],"class_list":{"0":"post-53078","1":"product","2":"type-product","3":"status-publish","4":"has-post-thumbnail","6":"product_cat-cablage","7":"product_cat-composants","8":"pa_ebike-mini","9":"pa_ebike-sidney","10":"pa_ebike-viena","12":"first","13":"instock","14":"taxable","15":"shipping-taxable","16":"purchasable","17":"product-type-simple"},"atum_controlled":true,"out_stock_date":null,"out_stock_threshold":null,"inheritable":false,"stock_on_hold":0,"sold_today":0,"sales_last_days":0,"out_stock_days":0,"lost_sales":0,"update_date":"2026-05-06T00:35:50","atum_locations":[],"atum_stock_status":"instock","restock_status":false,"low_stock_amount":"","sales_update_date":"2026-05-06T00:35:50","calc_backorders":null,"yoast_head":"<!-- This site is optimized with the Yoast SEO plugin v27.5 - https:\/\/yoast.com\/product\/yoast-seo-wordpress\/ -->\n<title>Capteur UBK Systems X1 (3-Pins) | C\u00e2blages UrbanBiker<\/title>\n<meta name=\"description\" content=\"Capteur UBK Systems X1 avec connecteur \u00e0 3-pins (orange) compatible avec les mod\u00e8les \u00e9quip\u00e9s du moteur UBK X1 et les v\u00e9los \u00e9lectriques achet\u00e9s apr\u00e8s 2022.\" \/>\n<meta name=\"robots\" content=\"index, follow, max-snippet:-1, max-image-preview:large, max-video-preview:-1\" \/>\n<link rel=\"canonical\" href=\"https:\/\/www.urbanbiker.com\/fr\/produit\/capteur-ubk-systems-x1-3-pins\/\" \/>\n<meta property=\"og:locale\" content=\"fr_FR\" \/>\n<meta property=\"og:type\" content=\"article\" \/>\n<meta property=\"og:title\" content=\"Capteur UBK Systems X1 (3-Pins) | C\u00e2blages UrbanBiker\" \/>\n<meta property=\"og:description\" content=\"Capteur UBK Systems X1 avec connecteur \u00e0 3-pins (orange) compatible avec les mod\u00e8les \u00e9quip\u00e9s du moteur UBK X1 et les v\u00e9los \u00e9lectriques achet\u00e9s apr\u00e8s 2022.\" \/>\n<meta property=\"og:url\" content=\"https:\/\/www.urbanbiker.com\/fr\/produit\/capteur-ubk-systems-x1-3-pins\/\" \/>\n<meta property=\"og:site_name\" content=\"UrbanBiker\" \/>\n<meta property=\"article:publisher\" content=\"https:\/\/www.facebook.com\/Urbanbikerbiciselectricas\" \/>\n<meta property=\"article:modified_time\" content=\"2026-04-08T09:24:35+00:00\" \/>\n<meta property=\"og:image\" content=\"https:\/\/www.urbanbiker.com\/wp-content\/uploads\/2025\/02\/AB-SENSOR-Connector-Naranja-3-pines-02.jpg\" \/>\n\t<meta property=\"og:image:width\" content=\"1080\" \/>\n\t<meta property=\"og:image:height\" content=\"1080\" \/>\n\t<meta property=\"og:image:type\" content=\"image\/jpeg\" \/>\n<meta name=\"twitter:card\" content=\"summary_large_image\" \/>\n<meta name=\"twitter:label1\" content=\"Dur\u00e9e de lecture estim\u00e9e\" \/>\n\t<meta name=\"twitter:data1\" content=\"1 minute\" \/>\n<script type=\"application\/ld+json\" class=\"yoast-schema-graph\">{\"@context\":\"https:\\\/\\\/schema.org\",\"@graph\":[{\"@type\":\"WebPage\",\"@id\":\"https:\\\/\\\/www.urbanbiker.com\\\/fr\\\/produit\\\/capteur-ubk-systems-x1-3-pins\\\/\",\"url\":\"https:\\\/\\\/www.urbanbiker.com\\\/fr\\\/produit\\\/capteur-ubk-systems-x1-3-pins\\\/\",\"name\":\"Capteur UBK Systems X1 (3-Pins) | C\u00e2blages UrbanBiker\",\"isPartOf\":{\"@id\":\"https:\\\/\\\/www.urbanbiker.com\\\/fr\\\/#website\"},\"primaryImageOfPage\":{\"@id\":\"https:\\\/\\\/www.urbanbiker.com\\\/fr\\\/produit\\\/capteur-ubk-systems-x1-3-pins\\\/#primaryimage\"},\"image\":{\"@id\":\"https:\\\/\\\/www.urbanbiker.com\\\/fr\\\/produit\\\/capteur-ubk-systems-x1-3-pins\\\/#primaryimage\"},\"thumbnailUrl\":\"https:\\\/\\\/www.urbanbiker.com\\\/wp-content\\\/uploads\\\/2025\\\/02\\\/AB-SENSOR-Connector-Naranja-3-pines-02.jpg\",\"datePublished\":\"2025-02-25T18:22:03+00:00\",\"dateModified\":\"2026-04-08T09:24:35+00:00\",\"description\":\"Capteur UBK Systems X1 avec connecteur \u00e0 3-pins (orange) compatible avec les mod\u00e8les \u00e9quip\u00e9s du moteur UBK X1 et les v\u00e9los \u00e9lectriques achet\u00e9s apr\u00e8s 2022.\",\"breadcrumb\":{\"@id\":\"https:\\\/\\\/www.urbanbiker.com\\\/fr\\\/produit\\\/capteur-ubk-systems-x1-3-pins\\\/#breadcrumb\"},\"inLanguage\":\"fr-FR\",\"potentialAction\":[{\"@type\":\"ReadAction\",\"target\":[\"https:\\\/\\\/www.urbanbiker.com\\\/fr\\\/produit\\\/capteur-ubk-systems-x1-3-pins\\\/\"]}]},{\"@type\":\"ImageObject\",\"inLanguage\":\"fr-FR\",\"@id\":\"https:\\\/\\\/www.urbanbiker.com\\\/fr\\\/produit\\\/capteur-ubk-systems-x1-3-pins\\\/#primaryimage\",\"url\":\"https:\\\/\\\/www.urbanbiker.com\\\/wp-content\\\/uploads\\\/2025\\\/02\\\/AB-SENSOR-Connector-Naranja-3-pines-02.jpg\",\"contentUrl\":\"https:\\\/\\\/www.urbanbiker.com\\\/wp-content\\\/uploads\\\/2025\\\/02\\\/AB-SENSOR-Connector-Naranja-3-pines-02.jpg\",\"width\":1080,\"height\":1080,\"caption\":\"AB SENSOR Connector Naranja (3 pines) - 02\"},{\"@type\":\"BreadcrumbList\",\"@id\":\"https:\\\/\\\/www.urbanbiker.com\\\/fr\\\/produit\\\/capteur-ubk-systems-x1-3-pins\\\/#breadcrumb\",\"itemListElement\":[{\"@type\":\"ListItem\",\"position\":1,\"name\":\"Portada\",\"item\":\"https:\\\/\\\/www.urbanbiker.com\\\/fr\\\/\"},{\"@type\":\"ListItem\",\"position\":2,\"name\":\"Boutique de v\u00e9los \u00e9lectriques\",\"item\":\"https:\\\/\\\/www.urbanbiker.com\\\/fr\\\/boutique-velos-electriques\\\/\"},{\"@type\":\"ListItem\",\"position\":3,\"name\":\"Capteur UBK Systems X1 (3-Pins)\"}]},{\"@type\":\"WebSite\",\"@id\":\"https:\\\/\\\/www.urbanbiker.com\\\/fr\\\/#website\",\"url\":\"https:\\\/\\\/www.urbanbiker.com\\\/fr\\\/\",\"name\":\"UrbanBiker\",\"description\":\"V\u00e9los \u00e9lectriques\",\"publisher\":{\"@id\":\"https:\\\/\\\/www.urbanbiker.com\\\/fr\\\/#organization\"},\"potentialAction\":[{\"@type\":\"SearchAction\",\"target\":{\"@type\":\"EntryPoint\",\"urlTemplate\":\"https:\\\/\\\/www.urbanbiker.com\\\/fr\\\/?s={search_term_string}\"},\"query-input\":{\"@type\":\"PropertyValueSpecification\",\"valueRequired\":true,\"valueName\":\"search_term_string\"}}],\"inLanguage\":\"fr-FR\"},{\"@type\":\"Organization\",\"@id\":\"https:\\\/\\\/www.urbanbiker.com\\\/fr\\\/#organization\",\"name\":\"UrbanBiker\",\"url\":\"https:\\\/\\\/www.urbanbiker.com\\\/fr\\\/\",\"logo\":{\"@type\":\"ImageObject\",\"inLanguage\":\"fr-FR\",\"@id\":\"https:\\\/\\\/www.urbanbiker.com\\\/fr\\\/#\\\/schema\\\/logo\\\/image\\\/\",\"url\":\"https:\\\/\\\/www.urbanbiker.com\\\/wp-content\\\/uploads\\\/2022\\\/09\\\/Logo-principal-sin-fondo.png\",\"contentUrl\":\"https:\\\/\\\/www.urbanbiker.com\\\/wp-content\\\/uploads\\\/2022\\\/09\\\/Logo-principal-sin-fondo.png\",\"width\":2560,\"height\":934,\"caption\":\"UrbanBiker\"},\"image\":{\"@id\":\"https:\\\/\\\/www.urbanbiker.com\\\/fr\\\/#\\\/schema\\\/logo\\\/image\\\/\"},\"sameAs\":[\"https:\\\/\\\/www.facebook.com\\\/Urbanbikerbiciselectricas\",\"https:\\\/\\\/www.instagram.com\\\/urbanbiker_\\\/\",\"https:\\\/\\\/www.linkedin.com\\\/company\\\/2454235\",\"https:\\\/\\\/www.youtube.com\\\/channel\\\/UCWR__uH_RWJF-OhPfz-9-Qw\"]}]}<\/script>\n<!-- \/ Yoast SEO plugin. -->","yoast_head_json":{"title":"Capteur UBK Systems X1 (3-Pins) | C\u00e2blages UrbanBiker","description":"Capteur UBK Systems X1 avec connecteur \u00e0 3-pins (orange) compatible avec les mod\u00e8les \u00e9quip\u00e9s du moteur UBK X1 et les v\u00e9los \u00e9lectriques achet\u00e9s apr\u00e8s 2022.","robots":{"index":"index","follow":"follow","max-snippet":"max-snippet:-1","max-image-preview":"max-image-preview:large","max-video-preview":"max-video-preview:-1"},"canonical":"https:\/\/www.urbanbiker.com\/fr\/produit\/capteur-ubk-systems-x1-3-pins\/","og_locale":"fr_FR","og_type":"article","og_title":"Capteur UBK Systems X1 (3-Pins) | C\u00e2blages UrbanBiker","og_description":"Capteur UBK Systems X1 avec connecteur \u00e0 3-pins (orange) compatible avec les mod\u00e8les \u00e9quip\u00e9s du moteur UBK X1 et les v\u00e9los \u00e9lectriques achet\u00e9s apr\u00e8s 2022.","og_url":"https:\/\/www.urbanbiker.com\/fr\/produit\/capteur-ubk-systems-x1-3-pins\/","og_site_name":"UrbanBiker","article_publisher":"https:\/\/www.facebook.com\/Urbanbikerbiciselectricas","article_modified_time":"2026-04-08T09:24:35+00:00","og_image":[{"width":1080,"height":1080,"url":"https:\/\/www.urbanbiker.com\/wp-content\/uploads\/2025\/02\/AB-SENSOR-Connector-Naranja-3-pines-02.jpg","type":"image\/jpeg"}],"twitter_card":"summary_large_image","twitter_misc":{"Dur\u00e9e de lecture estim\u00e9e":"1 minute"},"schema":{"@context":"https:\/\/schema.org","@graph":[{"@type":"WebPage","@id":"https:\/\/www.urbanbiker.com\/fr\/produit\/capteur-ubk-systems-x1-3-pins\/","url":"https:\/\/www.urbanbiker.com\/fr\/produit\/capteur-ubk-systems-x1-3-pins\/","name":"Capteur UBK Systems X1 (3-Pins) | C\u00e2blages UrbanBiker","isPartOf":{"@id":"https:\/\/www.urbanbiker.com\/fr\/#website"},"primaryImageOfPage":{"@id":"https:\/\/www.urbanbiker.com\/fr\/produit\/capteur-ubk-systems-x1-3-pins\/#primaryimage"},"image":{"@id":"https:\/\/www.urbanbiker.com\/fr\/produit\/capteur-ubk-systems-x1-3-pins\/#primaryimage"},"thumbnailUrl":"https:\/\/www.urbanbiker.com\/wp-content\/uploads\/2025\/02\/AB-SENSOR-Connector-Naranja-3-pines-02.jpg","datePublished":"2025-02-25T18:22:03+00:00","dateModified":"2026-04-08T09:24:35+00:00","description":"Capteur UBK Systems X1 avec connecteur \u00e0 3-pins (orange) compatible avec les mod\u00e8les \u00e9quip\u00e9s du moteur UBK X1 et les v\u00e9los \u00e9lectriques achet\u00e9s apr\u00e8s 2022.","breadcrumb":{"@id":"https:\/\/www.urbanbiker.com\/fr\/produit\/capteur-ubk-systems-x1-3-pins\/#breadcrumb"},"inLanguage":"fr-FR","potentialAction":[{"@type":"ReadAction","target":["https:\/\/www.urbanbiker.com\/fr\/produit\/capteur-ubk-systems-x1-3-pins\/"]}]},{"@type":"ImageObject","inLanguage":"fr-FR","@id":"https:\/\/www.urbanbiker.com\/fr\/produit\/capteur-ubk-systems-x1-3-pins\/#primaryimage","url":"https:\/\/www.urbanbiker.com\/wp-content\/uploads\/2025\/02\/AB-SENSOR-Connector-Naranja-3-pines-02.jpg","contentUrl":"https:\/\/www.urbanbiker.com\/wp-content\/uploads\/2025\/02\/AB-SENSOR-Connector-Naranja-3-pines-02.jpg","width":1080,"height":1080,"caption":"AB SENSOR Connector Naranja (3 pines) - 02"},{"@type":"BreadcrumbList","@id":"https:\/\/www.urbanbiker.com\/fr\/produit\/capteur-ubk-systems-x1-3-pins\/#breadcrumb","itemListElement":[{"@type":"ListItem","position":1,"name":"Portada","item":"https:\/\/www.urbanbiker.com\/fr\/"},{"@type":"ListItem","position":2,"name":"Boutique de v\u00e9los \u00e9lectriques","item":"https:\/\/www.urbanbiker.com\/fr\/boutique-velos-electriques\/"},{"@type":"ListItem","position":3,"name":"Capteur UBK Systems X1 (3-Pins)"}]},{"@type":"WebSite","@id":"https:\/\/www.urbanbiker.com\/fr\/#website","url":"https:\/\/www.urbanbiker.com\/fr\/","name":"UrbanBiker","description":"V\u00e9los \u00e9lectriques","publisher":{"@id":"https:\/\/www.urbanbiker.com\/fr\/#organization"},"potentialAction":[{"@type":"SearchAction","target":{"@type":"EntryPoint","urlTemplate":"https:\/\/www.urbanbiker.com\/fr\/?s={search_term_string}"},"query-input":{"@type":"PropertyValueSpecification","valueRequired":true,"valueName":"search_term_string"}}],"inLanguage":"fr-FR"},{"@type":"Organization","@id":"https:\/\/www.urbanbiker.com\/fr\/#organization","name":"UrbanBiker","url":"https:\/\/www.urbanbiker.com\/fr\/","logo":{"@type":"ImageObject","inLanguage":"fr-FR","@id":"https:\/\/www.urbanbiker.com\/fr\/#\/schema\/logo\/image\/","url":"https:\/\/www.urbanbiker.com\/wp-content\/uploads\/2022\/09\/Logo-principal-sin-fondo.png","contentUrl":"https:\/\/www.urbanbiker.com\/wp-content\/uploads\/2022\/09\/Logo-principal-sin-fondo.png","width":2560,"height":934,"caption":"UrbanBiker"},"image":{"@id":"https:\/\/www.urbanbiker.com\/fr\/#\/schema\/logo\/image\/"},"sameAs":["https:\/\/www.facebook.com\/Urbanbikerbiciselectricas","https:\/\/www.instagram.com\/urbanbiker_\/","https:\/\/www.linkedin.com\/company\/2454235","https:\/\/www.youtube.com\/channel\/UCWR__uH_RWJF-OhPfz-9-Qw"]}]}},"_links":{"self":[{"href":"https:\/\/www.urbanbiker.com\/fr\/wp-json\/wp\/v2\/product\/53078","targetHints":{"allow":["GET"]}}],"collection":[{"href":"https:\/\/www.urbanbiker.com\/fr\/wp-json\/wp\/v2\/product"}],"about":[{"href":"https:\/\/www.urbanbiker.com\/fr\/wp-json\/wp\/v2\/types\/product"}],"version-history":[{"count":4,"href":"https:\/\/www.urbanbiker.com\/fr\/wp-json\/wp\/v2\/product\/53078\/revisions"}],"predecessor-version":[{"id":57100,"href":"https:\/\/www.urbanbiker.com\/fr\/wp-json\/wp\/v2\/product\/53078\/revisions\/57100"}],"wp:featuredmedia":[{"embeddable":true,"href":"https:\/\/www.urbanbiker.com\/fr\/wp-json\/wp\/v2\/media\/55323"}],"wp:attachment":[{"href":"https:\/\/www.urbanbiker.com\/fr\/wp-json\/wp\/v2\/media?parent=53078"}],"wp:term":[{"taxonomy":"product_cat","embeddable":true,"href":"https:\/\/www.urbanbiker.com\/fr\/wp-json\/wp\/v2\/product_cat?post=53078"},{"taxonomy":"product_tag","embeddable":true,"href":"https:\/\/www.urbanbiker.com\/fr\/wp-json\/wp\/v2\/product_tag?post=53078"}],"curies":[{"name":"wp","href":"https:\/\/api.w.org\/{rel}","templated":true}]}}