{"id":52743,"date":"2025-02-21T14:28:13","date_gmt":"2025-02-21T13:28:13","guid":{"rendered":"https:\/\/www.urbanbiker.com\/?post_type=product&#038;p=52743"},"modified":"2025-10-02T09:39:35","modified_gmt":"2025-10-02T07:39:35","slug":"pneus-maxxis-forekaster-26-28","status":"publish","type":"product","link":"https:\/\/www.urbanbiker.com\/fr\/produit\/pneus-maxxis-forekaster-26-28\/","title":{"rendered":"Pneus Maxxis Forekaster 26&Prime;\/28&Prime;"},"content":{"rendered":"","protected":false},"excerpt":{"rendered":"<h6><strong>Pneus Maxxis Forekaster 26&Prime;\/28&Prime;<\/strong><\/h6>\n<p><strong>Compatible avec les v\u00e9los \u00e9lectriques UrbanBiker Viena, Sydney (PLUS) et UB200.<\/strong> Son ballon arrondi apporte confort et maniabilit\u00e9. Ses crampons centraux larges et bas offrent les performances n\u00e9cessaires pour aller loin sans rester sur la route. Enfin, son flanc fractionn\u00e9 et rainur\u00e9 apporte l&rsquo;adh\u00e9rence n\u00e9cessaire dans toutes les conditions.<\/p>\n","protected":false},"featured_media":0,"template":"","meta":[],"product_cat":[342,417],"product_tag":[],"class_list":{"0":"post-52743","1":"product","2":"type-product","3":"status-publish","5":"product_cat-composants","6":"product_cat-roues","7":"pa_ebike-sidney","8":"pa_ebike-sidney-plus","9":"pa_ebike-ub200","10":"pa_ebike-viena","11":"pa_tamano-rueda-26-fr","12":"pa_tamano-rueda-28-fr","14":"first","15":"instock","16":"taxable","17":"shipping-taxable","18":"purchasable","19":"product-type-variable"},"atum_controlled":true,"out_stock_date":null,"out_stock_threshold":null,"inheritable":true,"stock_on_hold":2,"sold_today":0,"sales_last_days":0,"out_stock_days":0,"lost_sales":0,"update_date":"2026-04-21T00:25:05","atum_locations":[],"atum_stock_status":"instock","restock_status":false,"low_stock_amount":"","sales_update_date":"2026-04-21T00:25:05","calc_backorders":null,"yoast_head":"<!-- This site is optimized with the Yoast SEO plugin v27.4 - https:\/\/yoast.com\/product\/yoast-seo-wordpress\/ -->\n<title>Pneus Maxxis Forekaster 26&quot;\/28&quot; | Accessoires UrbanBiker<\/title>\n<meta name=\"description\" content=\"Pneus Maxxis Forekaster 26&quot;x2.15 \/ 28&quot;x2.00. Compatible avec les v\u00e9los \u00e9lectriques UrbanBiker Sidney, Sidney PLUS, Viena et UB200.\" \/>\n<meta name=\"robots\" content=\"index, follow, max-snippet:-1, max-image-preview:large, max-video-preview:-1\" \/>\n<link rel=\"canonical\" href=\"https:\/\/www.urbanbiker.com\/fr\/produit\/pneus-maxxis-forekaster-26-28\/\" \/>\n<meta property=\"og:locale\" content=\"fr_FR\" \/>\n<meta property=\"og:type\" content=\"article\" \/>\n<meta property=\"og:title\" content=\"Pneus Maxxis Forekaster 26&quot;\/28&quot; | Accessoires UrbanBiker\" \/>\n<meta property=\"og:description\" content=\"Pneus Maxxis Forekaster 26&quot;x2.15 \/ 28&quot;x2.00. Compatible avec les v\u00e9los \u00e9lectriques UrbanBiker Sidney, Sidney PLUS, Viena et UB200.\" \/>\n<meta property=\"og:url\" content=\"https:\/\/www.urbanbiker.com\/fr\/produit\/pneus-maxxis-forekaster-26-28\/\" \/>\n<meta property=\"og:site_name\" content=\"UrbanBiker\" \/>\n<meta property=\"article:publisher\" content=\"https:\/\/www.facebook.com\/Urbanbikerbiciselectricas\" \/>\n<meta property=\"article:modified_time\" content=\"2025-10-02T07:39:35+00:00\" \/>\n<meta name=\"twitter:card\" content=\"summary_large_image\" \/>\n<script type=\"application\/ld+json\" class=\"yoast-schema-graph\">{\"@context\":\"https:\\\/\\\/schema.org\",\"@graph\":[{\"@type\":\"WebPage\",\"@id\":\"https:\\\/\\\/www.urbanbiker.com\\\/fr\\\/produit\\\/pneus-maxxis-forekaster-26-28\\\/\",\"url\":\"https:\\\/\\\/www.urbanbiker.com\\\/fr\\\/produit\\\/pneus-maxxis-forekaster-26-28\\\/\",\"name\":\"Pneus Maxxis Forekaster 26\\\"\\\/28\\\" | Accessoires UrbanBiker\",\"isPartOf\":{\"@id\":\"https:\\\/\\\/www.urbanbiker.com\\\/fr\\\/#website\"},\"datePublished\":\"2025-02-21T13:28:13+00:00\",\"dateModified\":\"2025-10-02T07:39:35+00:00\",\"description\":\"Pneus Maxxis Forekaster 26\\\"x2.15 \\\/ 28\\\"x2.00. Compatible avec les v\u00e9los \u00e9lectriques UrbanBiker Sidney, Sidney PLUS, Viena et UB200.\",\"breadcrumb\":{\"@id\":\"https:\\\/\\\/www.urbanbiker.com\\\/fr\\\/produit\\\/pneus-maxxis-forekaster-26-28\\\/#breadcrumb\"},\"inLanguage\":\"fr-FR\",\"potentialAction\":[{\"@type\":\"ReadAction\",\"target\":[\"https:\\\/\\\/www.urbanbiker.com\\\/fr\\\/produit\\\/pneus-maxxis-forekaster-26-28\\\/\"]}]},{\"@type\":\"BreadcrumbList\",\"@id\":\"https:\\\/\\\/www.urbanbiker.com\\\/fr\\\/produit\\\/pneus-maxxis-forekaster-26-28\\\/#breadcrumb\",\"itemListElement\":[{\"@type\":\"ListItem\",\"position\":1,\"name\":\"Portada\",\"item\":\"https:\\\/\\\/www.urbanbiker.com\\\/fr\\\/\"},{\"@type\":\"ListItem\",\"position\":2,\"name\":\"Boutique de v\u00e9los \u00e9lectriques\",\"item\":\"https:\\\/\\\/www.urbanbiker.com\\\/fr\\\/boutique-velos-electriques\\\/\"},{\"@type\":\"ListItem\",\"position\":3,\"name\":\"Pneus Maxxis Forekaster 26&Prime;\\\/28&Prime;\"}]},{\"@type\":\"WebSite\",\"@id\":\"https:\\\/\\\/www.urbanbiker.com\\\/fr\\\/#website\",\"url\":\"https:\\\/\\\/www.urbanbiker.com\\\/fr\\\/\",\"name\":\"UrbanBiker\",\"description\":\"V\u00e9los \u00e9lectriques\",\"publisher\":{\"@id\":\"https:\\\/\\\/www.urbanbiker.com\\\/fr\\\/#organization\"},\"potentialAction\":[{\"@type\":\"SearchAction\",\"target\":{\"@type\":\"EntryPoint\",\"urlTemplate\":\"https:\\\/\\\/www.urbanbiker.com\\\/fr\\\/?s={search_term_string}\"},\"query-input\":{\"@type\":\"PropertyValueSpecification\",\"valueRequired\":true,\"valueName\":\"search_term_string\"}}],\"inLanguage\":\"fr-FR\"},{\"@type\":\"Organization\",\"@id\":\"https:\\\/\\\/www.urbanbiker.com\\\/fr\\\/#organization\",\"name\":\"UrbanBiker\",\"url\":\"https:\\\/\\\/www.urbanbiker.com\\\/fr\\\/\",\"logo\":{\"@type\":\"ImageObject\",\"inLanguage\":\"fr-FR\",\"@id\":\"https:\\\/\\\/www.urbanbiker.com\\\/fr\\\/#\\\/schema\\\/logo\\\/image\\\/\",\"url\":\"https:\\\/\\\/www.urbanbiker.com\\\/wp-content\\\/uploads\\\/2022\\\/09\\\/Logo-principal-sin-fondo.png\",\"contentUrl\":\"https:\\\/\\\/www.urbanbiker.com\\\/wp-content\\\/uploads\\\/2022\\\/09\\\/Logo-principal-sin-fondo.png\",\"width\":2560,\"height\":934,\"caption\":\"UrbanBiker\"},\"image\":{\"@id\":\"https:\\\/\\\/www.urbanbiker.com\\\/fr\\\/#\\\/schema\\\/logo\\\/image\\\/\"},\"sameAs\":[\"https:\\\/\\\/www.facebook.com\\\/Urbanbikerbiciselectricas\",\"https:\\\/\\\/www.instagram.com\\\/urbanbiker_\\\/\",\"https:\\\/\\\/www.linkedin.com\\\/company\\\/2454235\",\"https:\\\/\\\/www.youtube.com\\\/channel\\\/UCWR__uH_RWJF-OhPfz-9-Qw\"]}]}<\/script>\n<!-- \/ Yoast SEO plugin. -->","yoast_head_json":{"title":"Pneus Maxxis Forekaster 26\"\/28\" | Accessoires UrbanBiker","description":"Pneus Maxxis Forekaster 26\"x2.15 \/ 28\"x2.00. Compatible avec les v\u00e9los \u00e9lectriques UrbanBiker Sidney, Sidney PLUS, Viena et UB200.","robots":{"index":"index","follow":"follow","max-snippet":"max-snippet:-1","max-image-preview":"max-image-preview:large","max-video-preview":"max-video-preview:-1"},"canonical":"https:\/\/www.urbanbiker.com\/fr\/produit\/pneus-maxxis-forekaster-26-28\/","og_locale":"fr_FR","og_type":"article","og_title":"Pneus Maxxis Forekaster 26\"\/28\" | Accessoires UrbanBiker","og_description":"Pneus Maxxis Forekaster 26\"x2.15 \/ 28\"x2.00. Compatible avec les v\u00e9los \u00e9lectriques UrbanBiker Sidney, Sidney PLUS, Viena et UB200.","og_url":"https:\/\/www.urbanbiker.com\/fr\/produit\/pneus-maxxis-forekaster-26-28\/","og_site_name":"UrbanBiker","article_publisher":"https:\/\/www.facebook.com\/Urbanbikerbiciselectricas","article_modified_time":"2025-10-02T07:39:35+00:00","twitter_card":"summary_large_image","schema":{"@context":"https:\/\/schema.org","@graph":[{"@type":"WebPage","@id":"https:\/\/www.urbanbiker.com\/fr\/produit\/pneus-maxxis-forekaster-26-28\/","url":"https:\/\/www.urbanbiker.com\/fr\/produit\/pneus-maxxis-forekaster-26-28\/","name":"Pneus Maxxis Forekaster 26\"\/28\" | Accessoires UrbanBiker","isPartOf":{"@id":"https:\/\/www.urbanbiker.com\/fr\/#website"},"datePublished":"2025-02-21T13:28:13+00:00","dateModified":"2025-10-02T07:39:35+00:00","description":"Pneus Maxxis Forekaster 26\"x2.15 \/ 28\"x2.00. Compatible avec les v\u00e9los \u00e9lectriques UrbanBiker Sidney, Sidney PLUS, Viena et UB200.","breadcrumb":{"@id":"https:\/\/www.urbanbiker.com\/fr\/produit\/pneus-maxxis-forekaster-26-28\/#breadcrumb"},"inLanguage":"fr-FR","potentialAction":[{"@type":"ReadAction","target":["https:\/\/www.urbanbiker.com\/fr\/produit\/pneus-maxxis-forekaster-26-28\/"]}]},{"@type":"BreadcrumbList","@id":"https:\/\/www.urbanbiker.com\/fr\/produit\/pneus-maxxis-forekaster-26-28\/#breadcrumb","itemListElement":[{"@type":"ListItem","position":1,"name":"Portada","item":"https:\/\/www.urbanbiker.com\/fr\/"},{"@type":"ListItem","position":2,"name":"Boutique de v\u00e9los \u00e9lectriques","item":"https:\/\/www.urbanbiker.com\/fr\/boutique-velos-electriques\/"},{"@type":"ListItem","position":3,"name":"Pneus Maxxis Forekaster 26&Prime;\/28&Prime;"}]},{"@type":"WebSite","@id":"https:\/\/www.urbanbiker.com\/fr\/#website","url":"https:\/\/www.urbanbiker.com\/fr\/","name":"UrbanBiker","description":"V\u00e9los \u00e9lectriques","publisher":{"@id":"https:\/\/www.urbanbiker.com\/fr\/#organization"},"potentialAction":[{"@type":"SearchAction","target":{"@type":"EntryPoint","urlTemplate":"https:\/\/www.urbanbiker.com\/fr\/?s={search_term_string}"},"query-input":{"@type":"PropertyValueSpecification","valueRequired":true,"valueName":"search_term_string"}}],"inLanguage":"fr-FR"},{"@type":"Organization","@id":"https:\/\/www.urbanbiker.com\/fr\/#organization","name":"UrbanBiker","url":"https:\/\/www.urbanbiker.com\/fr\/","logo":{"@type":"ImageObject","inLanguage":"fr-FR","@id":"https:\/\/www.urbanbiker.com\/fr\/#\/schema\/logo\/image\/","url":"https:\/\/www.urbanbiker.com\/wp-content\/uploads\/2022\/09\/Logo-principal-sin-fondo.png","contentUrl":"https:\/\/www.urbanbiker.com\/wp-content\/uploads\/2022\/09\/Logo-principal-sin-fondo.png","width":2560,"height":934,"caption":"UrbanBiker"},"image":{"@id":"https:\/\/www.urbanbiker.com\/fr\/#\/schema\/logo\/image\/"},"sameAs":["https:\/\/www.facebook.com\/Urbanbikerbiciselectricas","https:\/\/www.instagram.com\/urbanbiker_\/","https:\/\/www.linkedin.com\/company\/2454235","https:\/\/www.youtube.com\/channel\/UCWR__uH_RWJF-OhPfz-9-Qw"]}]}},"_links":{"self":[{"href":"https:\/\/www.urbanbiker.com\/fr\/wp-json\/wp\/v2\/product\/52743","targetHints":{"allow":["GET"]}}],"collection":[{"href":"https:\/\/www.urbanbiker.com\/fr\/wp-json\/wp\/v2\/product"}],"about":[{"href":"https:\/\/www.urbanbiker.com\/fr\/wp-json\/wp\/v2\/types\/product"}],"version-history":[{"count":3,"href":"https:\/\/www.urbanbiker.com\/fr\/wp-json\/wp\/v2\/product\/52743\/revisions"}],"predecessor-version":[{"id":55305,"href":"https:\/\/www.urbanbiker.com\/fr\/wp-json\/wp\/v2\/product\/52743\/revisions\/55305"}],"wp:attachment":[{"href":"https:\/\/www.urbanbiker.com\/fr\/wp-json\/wp\/v2\/media?parent=52743"}],"wp:term":[{"taxonomy":"product_cat","embeddable":true,"href":"https:\/\/www.urbanbiker.com\/fr\/wp-json\/wp\/v2\/product_cat?post=52743"},{"taxonomy":"product_tag","embeddable":true,"href":"https:\/\/www.urbanbiker.com\/fr\/wp-json\/wp\/v2\/product_tag?post=52743"}],"curies":[{"name":"wp","href":"https:\/\/api.w.org\/{rel}","templated":true}]}}