{"id":50441,"date":"2025-01-28T18:21:52","date_gmt":"2025-01-28T17:21:52","guid":{"rendered":"https:\/\/www.urbanbiker.com\/?post_type=product&#038;p=50441"},"modified":"2025-11-11T12:20:44","modified_gmt":"2025-11-11T11:20:44","slug":"moteur-bafang-250w-pour-dakota-9v-10v-dakota-fs-ub300-fe-et-ub400b","status":"publish","type":"product","link":"https:\/\/www.urbanbiker.com\/fr\/produit\/moteur-bafang-250w-pour-dakota-9v-10v-dakota-fs-ub300-fe-et-ub400b\/","title":{"rendered":"Moteur Bafang 250W pour Dakota 9V\/10V (FE), Dakota FS, UB300 (FE) et UB400(B)"},"content":{"rendered":"\t\t<div data-elementor-type=\"wp-post\" data-elementor-id=\"50441\" class=\"elementor elementor-50441 elementor-50438\">\n\t\t\t\t\t\t<section class=\"elementor-section elementor-top-section elementor-element elementor-element-421d85aa elementor-section-boxed elementor-section-height-default elementor-section-height-default\" data-id=\"421d85aa\" data-element_type=\"section\" data-e-type=\"section\">\n\t\t\t\t\t\t<div class=\"elementor-container elementor-column-gap-default\">\n\t\t\t\t\t<div class=\"elementor-column elementor-col-100 elementor-top-column elementor-element elementor-element-30f696bb\" data-id=\"30f696bb\" data-element_type=\"column\" data-e-type=\"column\">\n\t\t\t<div class=\"elementor-widget-wrap elementor-element-populated\">\n\t\t\t\t\n\t\t<div class=\"elementor-element elementor-element-45e4618b elementor-widget elementor-widget-text-editor\" data-id=\"45e4618b\" data-element_type=\"widget\" data-e-type=\"widget\" data-widget_type=\"text-editor.default\">\n\t\t\t\t<div class=\"elementor-widget-container\">\n\t\t\t\t\t\t\t\t\t<h6><strong>Important : Pr\u00e9-diagnostic<\/strong><\/h6><p>Pour \u00eatre s\u00fbr d\u2019acheter la bonne pi\u00e8ce, il est essentiel d\u2019\u00e9tablir un diagnostic pr\u00e9cis. Si le probl\u00e8me n\u2019est pas correctement identifi\u00e9, le composant risque de ne pas r\u00e9soudre la panne, voire d\u2019endommager le syst\u00e8me \u00e9lectrique.<\/p><p>\u2757\u00a0<strong>Aucun retour ne sera accept\u00e9<\/strong>\u00a0sans un diagnostic pr\u00e9alable avec notre \u00e9quipe. Veuillez contacter nos agents avant d\u2019acheter.<\/p>\t\t\t\t\t\t\t\t<\/div>\n\t\t\t\t<\/div>\n\t\t\t\t\t<\/div>\n\t\t<\/div>\n\t\t\t\t\t<\/div>\n\t\t<\/section>\n\t\t\t\t<\/div>\n\t\t","protected":false},"excerpt":{"rendered":"<h6><strong>Moteur Bafang 250W pour Dakota 9V\/10V (FE), Dakota FS, UB300 (FE) et UB400(B)<\/strong><\/h6>\n<p>&nbsp;<\/p>\n","protected":false},"featured_media":52310,"template":"","meta":[],"product_cat":[342,405],"product_tag":[],"class_list":{"0":"post-50441","1":"product","2":"type-product","3":"status-publish","4":"has-post-thumbnail","6":"product_cat-composants","7":"product_cat-moteurs","8":"pa_ebike-dakota","9":"pa_ebike-dakota-fe","10":"pa_ebike-dakota-fs","11":"pa_ebike-ub300","12":"pa_ebike-ub300-fe","13":"pa_ebike-ub400","15":"first","16":"outofstock","17":"taxable","18":"shipping-taxable","19":"purchasable","20":"product-type-simple"},"atum_controlled":true,"out_stock_date":"2026-04-10 10:37:14","out_stock_threshold":null,"inheritable":false,"stock_on_hold":0,"sold_today":0,"sales_last_days":0,"out_stock_days":7,"lost_sales":0,"update_date":"2026-04-18T00:21:42","atum_locations":[],"atum_stock_status":"outofstock","restock_status":false,"low_stock_amount":"","sales_update_date":"2026-04-18T00:21:42","calc_backorders":null,"yoast_head":"<!-- This site is optimized with the Yoast SEO plugin v27.4 - https:\/\/yoast.com\/product\/yoast-seo-wordpress\/ -->\n<title>Moteur Bafang 250W pour Dakota 9V\/10V (FE), Dakota FS, UB300 (FE) et UB400(B)<\/title>\n<meta name=\"description\" content=\"Moteur Bafang 250W pour UrbanBiker Dakota 9V\/10V (FE), Dakota FS, UB300 (FE) et UB400(B) v\u00e9los \u00e9lectrique | Moteurs UrbanBiker\" \/>\n<meta name=\"robots\" content=\"index, follow, max-snippet:-1, max-image-preview:large, max-video-preview:-1\" \/>\n<link rel=\"canonical\" href=\"https:\/\/www.urbanbiker.com\/fr\/produit\/moteur-bafang-250w-pour-dakota-9v-10v-dakota-fs-ub300-fe-et-ub400b\/\" \/>\n<meta property=\"og:locale\" content=\"fr_FR\" \/>\n<meta property=\"og:type\" content=\"article\" \/>\n<meta property=\"og:title\" content=\"Moteur Bafang 250W pour Dakota 9V\/10V (FE), Dakota FS, UB300 (FE) et UB400(B)\" \/>\n<meta property=\"og:description\" content=\"Moteur Bafang 250W pour UrbanBiker Dakota 9V\/10V (FE), Dakota FS, UB300 (FE) et UB400(B) v\u00e9los \u00e9lectrique | Moteurs UrbanBiker\" \/>\n<meta property=\"og:url\" content=\"https:\/\/www.urbanbiker.com\/fr\/produit\/moteur-bafang-250w-pour-dakota-9v-10v-dakota-fs-ub300-fe-et-ub400b\/\" \/>\n<meta property=\"og:site_name\" content=\"UrbanBiker\" \/>\n<meta property=\"article:publisher\" content=\"https:\/\/www.facebook.com\/Urbanbikerbiciselectricas\" \/>\n<meta property=\"article:modified_time\" content=\"2025-11-11T11:20:44+00:00\" \/>\n<meta property=\"og:image\" content=\"https:\/\/www.urbanbiker.com\/wp-content\/uploads\/2025\/06\/Motor-Bafang-250W-MTR-HUB-BAF-48V-Dakota-9V-10V-y-Dakota-FS_03.jpg\" \/>\n\t<meta property=\"og:image:width\" content=\"1080\" \/>\n\t<meta property=\"og:image:height\" content=\"1080\" \/>\n\t<meta property=\"og:image:type\" content=\"image\/jpeg\" \/>\n<meta name=\"twitter:card\" content=\"summary_large_image\" \/>\n<meta name=\"twitter:label1\" content=\"Dur\u00e9e de lecture estim\u00e9e\" \/>\n\t<meta name=\"twitter:data1\" content=\"1 minute\" \/>\n<script type=\"application\/ld+json\" class=\"yoast-schema-graph\">{\"@context\":\"https:\\\/\\\/schema.org\",\"@graph\":[{\"@type\":\"WebPage\",\"@id\":\"https:\\\/\\\/www.urbanbiker.com\\\/fr\\\/produit\\\/moteur-bafang-250w-pour-dakota-9v-10v-dakota-fs-ub300-fe-et-ub400b\\\/\",\"url\":\"https:\\\/\\\/www.urbanbiker.com\\\/fr\\\/produit\\\/moteur-bafang-250w-pour-dakota-9v-10v-dakota-fs-ub300-fe-et-ub400b\\\/\",\"name\":\"Moteur Bafang 250W pour Dakota 9V\\\/10V (FE), Dakota FS, UB300 (FE) et UB400(B)\",\"isPartOf\":{\"@id\":\"https:\\\/\\\/www.urbanbiker.com\\\/fr\\\/#website\"},\"primaryImageOfPage\":{\"@id\":\"https:\\\/\\\/www.urbanbiker.com\\\/fr\\\/produit\\\/moteur-bafang-250w-pour-dakota-9v-10v-dakota-fs-ub300-fe-et-ub400b\\\/#primaryimage\"},\"image\":{\"@id\":\"https:\\\/\\\/www.urbanbiker.com\\\/fr\\\/produit\\\/moteur-bafang-250w-pour-dakota-9v-10v-dakota-fs-ub300-fe-et-ub400b\\\/#primaryimage\"},\"thumbnailUrl\":\"https:\\\/\\\/www.urbanbiker.com\\\/wp-content\\\/uploads\\\/2025\\\/06\\\/Motor-Bafang-250W-MTR-HUB-BAF-48V-Dakota-9V-10V-y-Dakota-FS_03.jpg\",\"datePublished\":\"2025-01-28T17:21:52+00:00\",\"dateModified\":\"2025-11-11T11:20:44+00:00\",\"description\":\"Moteur Bafang 250W pour UrbanBiker Dakota 9V\\\/10V (FE), Dakota FS, UB300 (FE) et UB400(B) v\u00e9los \u00e9lectrique | Moteurs UrbanBiker\",\"breadcrumb\":{\"@id\":\"https:\\\/\\\/www.urbanbiker.com\\\/fr\\\/produit\\\/moteur-bafang-250w-pour-dakota-9v-10v-dakota-fs-ub300-fe-et-ub400b\\\/#breadcrumb\"},\"inLanguage\":\"fr-FR\",\"potentialAction\":[{\"@type\":\"ReadAction\",\"target\":[\"https:\\\/\\\/www.urbanbiker.com\\\/fr\\\/produit\\\/moteur-bafang-250w-pour-dakota-9v-10v-dakota-fs-ub300-fe-et-ub400b\\\/\"]}]},{\"@type\":\"ImageObject\",\"inLanguage\":\"fr-FR\",\"@id\":\"https:\\\/\\\/www.urbanbiker.com\\\/fr\\\/produit\\\/moteur-bafang-250w-pour-dakota-9v-10v-dakota-fs-ub300-fe-et-ub400b\\\/#primaryimage\",\"url\":\"https:\\\/\\\/www.urbanbiker.com\\\/wp-content\\\/uploads\\\/2025\\\/06\\\/Motor-Bafang-250W-MTR-HUB-BAF-48V-Dakota-9V-10V-y-Dakota-FS_03.jpg\",\"contentUrl\":\"https:\\\/\\\/www.urbanbiker.com\\\/wp-content\\\/uploads\\\/2025\\\/06\\\/Motor-Bafang-250W-MTR-HUB-BAF-48V-Dakota-9V-10V-y-Dakota-FS_03.jpg\",\"width\":1080,\"height\":1080,\"caption\":\"Motor Bafang 250W - MTR-HUB-BAF-48V - Dakota 9V-10V y Dakota FS_03\"},{\"@type\":\"BreadcrumbList\",\"@id\":\"https:\\\/\\\/www.urbanbiker.com\\\/fr\\\/produit\\\/moteur-bafang-250w-pour-dakota-9v-10v-dakota-fs-ub300-fe-et-ub400b\\\/#breadcrumb\",\"itemListElement\":[{\"@type\":\"ListItem\",\"position\":1,\"name\":\"Portada\",\"item\":\"https:\\\/\\\/www.urbanbiker.com\\\/fr\\\/\"},{\"@type\":\"ListItem\",\"position\":2,\"name\":\"Boutique de v\u00e9los \u00e9lectriques\",\"item\":\"https:\\\/\\\/www.urbanbiker.com\\\/fr\\\/boutique-velos-electriques\\\/\"},{\"@type\":\"ListItem\",\"position\":3,\"name\":\"Moteur Bafang 250W pour Dakota 9V\\\/10V (FE), Dakota FS, UB300 (FE) et UB400(B)\"}]},{\"@type\":\"WebSite\",\"@id\":\"https:\\\/\\\/www.urbanbiker.com\\\/fr\\\/#website\",\"url\":\"https:\\\/\\\/www.urbanbiker.com\\\/fr\\\/\",\"name\":\"UrbanBiker\",\"description\":\"V\u00e9los \u00e9lectriques\",\"publisher\":{\"@id\":\"https:\\\/\\\/www.urbanbiker.com\\\/fr\\\/#organization\"},\"potentialAction\":[{\"@type\":\"SearchAction\",\"target\":{\"@type\":\"EntryPoint\",\"urlTemplate\":\"https:\\\/\\\/www.urbanbiker.com\\\/fr\\\/?s={search_term_string}\"},\"query-input\":{\"@type\":\"PropertyValueSpecification\",\"valueRequired\":true,\"valueName\":\"search_term_string\"}}],\"inLanguage\":\"fr-FR\"},{\"@type\":\"Organization\",\"@id\":\"https:\\\/\\\/www.urbanbiker.com\\\/fr\\\/#organization\",\"name\":\"UrbanBiker\",\"url\":\"https:\\\/\\\/www.urbanbiker.com\\\/fr\\\/\",\"logo\":{\"@type\":\"ImageObject\",\"inLanguage\":\"fr-FR\",\"@id\":\"https:\\\/\\\/www.urbanbiker.com\\\/fr\\\/#\\\/schema\\\/logo\\\/image\\\/\",\"url\":\"https:\\\/\\\/www.urbanbiker.com\\\/wp-content\\\/uploads\\\/2022\\\/09\\\/Logo-principal-sin-fondo.png\",\"contentUrl\":\"https:\\\/\\\/www.urbanbiker.com\\\/wp-content\\\/uploads\\\/2022\\\/09\\\/Logo-principal-sin-fondo.png\",\"width\":2560,\"height\":934,\"caption\":\"UrbanBiker\"},\"image\":{\"@id\":\"https:\\\/\\\/www.urbanbiker.com\\\/fr\\\/#\\\/schema\\\/logo\\\/image\\\/\"},\"sameAs\":[\"https:\\\/\\\/www.facebook.com\\\/Urbanbikerbiciselectricas\",\"https:\\\/\\\/www.instagram.com\\\/urbanbiker_\\\/\",\"https:\\\/\\\/www.linkedin.com\\\/company\\\/2454235\",\"https:\\\/\\\/www.youtube.com\\\/channel\\\/UCWR__uH_RWJF-OhPfz-9-Qw\"]}]}<\/script>\n<!-- \/ Yoast SEO plugin. -->","yoast_head_json":{"title":"Moteur Bafang 250W pour Dakota 9V\/10V (FE), Dakota FS, UB300 (FE) et UB400(B)","description":"Moteur Bafang 250W pour UrbanBiker Dakota 9V\/10V (FE), Dakota FS, UB300 (FE) et UB400(B) v\u00e9los \u00e9lectrique | Moteurs UrbanBiker","robots":{"index":"index","follow":"follow","max-snippet":"max-snippet:-1","max-image-preview":"max-image-preview:large","max-video-preview":"max-video-preview:-1"},"canonical":"https:\/\/www.urbanbiker.com\/fr\/produit\/moteur-bafang-250w-pour-dakota-9v-10v-dakota-fs-ub300-fe-et-ub400b\/","og_locale":"fr_FR","og_type":"article","og_title":"Moteur Bafang 250W pour Dakota 9V\/10V (FE), Dakota FS, UB300 (FE) et UB400(B)","og_description":"Moteur Bafang 250W pour UrbanBiker Dakota 9V\/10V (FE), Dakota FS, UB300 (FE) et UB400(B) v\u00e9los \u00e9lectrique | Moteurs UrbanBiker","og_url":"https:\/\/www.urbanbiker.com\/fr\/produit\/moteur-bafang-250w-pour-dakota-9v-10v-dakota-fs-ub300-fe-et-ub400b\/","og_site_name":"UrbanBiker","article_publisher":"https:\/\/www.facebook.com\/Urbanbikerbiciselectricas","article_modified_time":"2025-11-11T11:20:44+00:00","og_image":[{"width":1080,"height":1080,"url":"https:\/\/www.urbanbiker.com\/wp-content\/uploads\/2025\/06\/Motor-Bafang-250W-MTR-HUB-BAF-48V-Dakota-9V-10V-y-Dakota-FS_03.jpg","type":"image\/jpeg"}],"twitter_card":"summary_large_image","twitter_misc":{"Dur\u00e9e de lecture estim\u00e9e":"1 minute"},"schema":{"@context":"https:\/\/schema.org","@graph":[{"@type":"WebPage","@id":"https:\/\/www.urbanbiker.com\/fr\/produit\/moteur-bafang-250w-pour-dakota-9v-10v-dakota-fs-ub300-fe-et-ub400b\/","url":"https:\/\/www.urbanbiker.com\/fr\/produit\/moteur-bafang-250w-pour-dakota-9v-10v-dakota-fs-ub300-fe-et-ub400b\/","name":"Moteur Bafang 250W pour Dakota 9V\/10V (FE), Dakota FS, UB300 (FE) et UB400(B)","isPartOf":{"@id":"https:\/\/www.urbanbiker.com\/fr\/#website"},"primaryImageOfPage":{"@id":"https:\/\/www.urbanbiker.com\/fr\/produit\/moteur-bafang-250w-pour-dakota-9v-10v-dakota-fs-ub300-fe-et-ub400b\/#primaryimage"},"image":{"@id":"https:\/\/www.urbanbiker.com\/fr\/produit\/moteur-bafang-250w-pour-dakota-9v-10v-dakota-fs-ub300-fe-et-ub400b\/#primaryimage"},"thumbnailUrl":"https:\/\/www.urbanbiker.com\/wp-content\/uploads\/2025\/06\/Motor-Bafang-250W-MTR-HUB-BAF-48V-Dakota-9V-10V-y-Dakota-FS_03.jpg","datePublished":"2025-01-28T17:21:52+00:00","dateModified":"2025-11-11T11:20:44+00:00","description":"Moteur Bafang 250W pour UrbanBiker Dakota 9V\/10V (FE), Dakota FS, UB300 (FE) et UB400(B) v\u00e9los \u00e9lectrique | Moteurs UrbanBiker","breadcrumb":{"@id":"https:\/\/www.urbanbiker.com\/fr\/produit\/moteur-bafang-250w-pour-dakota-9v-10v-dakota-fs-ub300-fe-et-ub400b\/#breadcrumb"},"inLanguage":"fr-FR","potentialAction":[{"@type":"ReadAction","target":["https:\/\/www.urbanbiker.com\/fr\/produit\/moteur-bafang-250w-pour-dakota-9v-10v-dakota-fs-ub300-fe-et-ub400b\/"]}]},{"@type":"ImageObject","inLanguage":"fr-FR","@id":"https:\/\/www.urbanbiker.com\/fr\/produit\/moteur-bafang-250w-pour-dakota-9v-10v-dakota-fs-ub300-fe-et-ub400b\/#primaryimage","url":"https:\/\/www.urbanbiker.com\/wp-content\/uploads\/2025\/06\/Motor-Bafang-250W-MTR-HUB-BAF-48V-Dakota-9V-10V-y-Dakota-FS_03.jpg","contentUrl":"https:\/\/www.urbanbiker.com\/wp-content\/uploads\/2025\/06\/Motor-Bafang-250W-MTR-HUB-BAF-48V-Dakota-9V-10V-y-Dakota-FS_03.jpg","width":1080,"height":1080,"caption":"Motor Bafang 250W - MTR-HUB-BAF-48V - Dakota 9V-10V y Dakota FS_03"},{"@type":"BreadcrumbList","@id":"https:\/\/www.urbanbiker.com\/fr\/produit\/moteur-bafang-250w-pour-dakota-9v-10v-dakota-fs-ub300-fe-et-ub400b\/#breadcrumb","itemListElement":[{"@type":"ListItem","position":1,"name":"Portada","item":"https:\/\/www.urbanbiker.com\/fr\/"},{"@type":"ListItem","position":2,"name":"Boutique de v\u00e9los \u00e9lectriques","item":"https:\/\/www.urbanbiker.com\/fr\/boutique-velos-electriques\/"},{"@type":"ListItem","position":3,"name":"Moteur Bafang 250W pour Dakota 9V\/10V (FE), Dakota FS, UB300 (FE) et UB400(B)"}]},{"@type":"WebSite","@id":"https:\/\/www.urbanbiker.com\/fr\/#website","url":"https:\/\/www.urbanbiker.com\/fr\/","name":"UrbanBiker","description":"V\u00e9los \u00e9lectriques","publisher":{"@id":"https:\/\/www.urbanbiker.com\/fr\/#organization"},"potentialAction":[{"@type":"SearchAction","target":{"@type":"EntryPoint","urlTemplate":"https:\/\/www.urbanbiker.com\/fr\/?s={search_term_string}"},"query-input":{"@type":"PropertyValueSpecification","valueRequired":true,"valueName":"search_term_string"}}],"inLanguage":"fr-FR"},{"@type":"Organization","@id":"https:\/\/www.urbanbiker.com\/fr\/#organization","name":"UrbanBiker","url":"https:\/\/www.urbanbiker.com\/fr\/","logo":{"@type":"ImageObject","inLanguage":"fr-FR","@id":"https:\/\/www.urbanbiker.com\/fr\/#\/schema\/logo\/image\/","url":"https:\/\/www.urbanbiker.com\/wp-content\/uploads\/2022\/09\/Logo-principal-sin-fondo.png","contentUrl":"https:\/\/www.urbanbiker.com\/wp-content\/uploads\/2022\/09\/Logo-principal-sin-fondo.png","width":2560,"height":934,"caption":"UrbanBiker"},"image":{"@id":"https:\/\/www.urbanbiker.com\/fr\/#\/schema\/logo\/image\/"},"sameAs":["https:\/\/www.facebook.com\/Urbanbikerbiciselectricas","https:\/\/www.instagram.com\/urbanbiker_\/","https:\/\/www.linkedin.com\/company\/2454235","https:\/\/www.youtube.com\/channel\/UCWR__uH_RWJF-OhPfz-9-Qw"]}]}},"_links":{"self":[{"href":"https:\/\/www.urbanbiker.com\/fr\/wp-json\/wp\/v2\/product\/50441","targetHints":{"allow":["GET"]}}],"collection":[{"href":"https:\/\/www.urbanbiker.com\/fr\/wp-json\/wp\/v2\/product"}],"about":[{"href":"https:\/\/www.urbanbiker.com\/fr\/wp-json\/wp\/v2\/types\/product"}],"version-history":[{"count":4,"href":"https:\/\/www.urbanbiker.com\/fr\/wp-json\/wp\/v2\/product\/50441\/revisions"}],"predecessor-version":[{"id":56215,"href":"https:\/\/www.urbanbiker.com\/fr\/wp-json\/wp\/v2\/product\/50441\/revisions\/56215"}],"wp:featuredmedia":[{"embeddable":true,"href":"https:\/\/www.urbanbiker.com\/fr\/wp-json\/wp\/v2\/media\/52310"}],"wp:attachment":[{"href":"https:\/\/www.urbanbiker.com\/fr\/wp-json\/wp\/v2\/media?parent=50441"}],"wp:term":[{"taxonomy":"product_cat","embeddable":true,"href":"https:\/\/www.urbanbiker.com\/fr\/wp-json\/wp\/v2\/product_cat?post=50441"},{"taxonomy":"product_tag","embeddable":true,"href":"https:\/\/www.urbanbiker.com\/fr\/wp-json\/wp\/v2\/product_tag?post=50441"}],"curies":[{"name":"wp","href":"https:\/\/api.w.org\/{rel}","templated":true}]}}