{"id":37172,"date":"2025-02-24T12:15:29","date_gmt":"2025-02-24T11:15:29","guid":{"rendered":"https:\/\/www.urbanbiker.com\/tienda-bicicletas-electricas\/tige-de-selle-272mm-x-350mm\/"},"modified":"2025-06-26T11:46:54","modified_gmt":"2025-06-26T09:46:54","slug":"tige-de-selle-27-2mm-x-350mm-pour-sidney-plus-mini-plus-et-viena","status":"publish","type":"product","link":"https:\/\/www.urbanbiker.com\/fr\/produit\/tige-de-selle-27-2mm-x-350mm-pour-sidney-plus-mini-plus-et-viena\/","title":{"rendered":"Tige de selle 27,2mm x 350mm pour Sidney (PLUS), Mini (PLUS) et Viena"},"content":{"rendered":"","protected":false},"excerpt":{"rendered":"<h6><strong>Tige de selle 27,2mm x 350mm pour Sidney (PLUS), Mini (PLUS) et Viena<\/strong><\/h6>\n<p>Tige de selle 27,2mm x 350mm. <strong>Compatible avec les mod\u00e8les\u00a0Sidney, Sidney PLUS, Mini, Mini PLUS et Viena. <\/strong><\/p>\n","protected":false},"featured_media":51578,"template":"","meta":[],"product_cat":[368,342],"product_tag":[],"class_list":{"0":"post-37172","1":"product","2":"type-product","3":"status-publish","4":"has-post-thumbnail","6":"product_cat-complements","7":"product_cat-composants","8":"pa_ebike-mini","9":"pa_ebike-mini-plus","10":"pa_ebike-sidney","11":"pa_ebike-sidney-plus","12":"pa_ebike-viena","14":"first","15":"instock","16":"taxable","17":"shipping-taxable","18":"purchasable","19":"product-type-simple"},"atum_controlled":true,"out_stock_date":null,"out_stock_threshold":null,"inheritable":false,"stock_on_hold":0,"sold_today":0,"sales_last_days":0,"out_stock_days":0,"lost_sales":0,"update_date":"2026-04-08T00:09:11","atum_locations":[],"atum_stock_status":"instock","restock_status":false,"low_stock_amount":"","sales_update_date":"2026-04-08T00:09:11","calc_backorders":null,"yoast_head":"<!-- This site is optimized with the Yoast SEO plugin v27.3 - https:\/\/yoast.com\/product\/yoast-seo-wordpress\/ -->\n<title>Tige de selle 27,2mm x 350mm pour Sidney (PLUS), Mini (PLUS) et Viena<\/title>\n<meta name=\"description\" content=\"Tige de selle 27,2mm x 350mm. Compatible avec les v\u00e9los \u00e9lectrique mod\u00e8les\u00a0Sidney, Sidney PLUS, Mini, Mini PLUS et Viena. | UrbanBiker\" \/>\n<meta name=\"robots\" content=\"index, follow, max-snippet:-1, max-image-preview:large, max-video-preview:-1\" \/>\n<link rel=\"canonical\" href=\"https:\/\/www.urbanbiker.com\/fr\/produit\/tige-de-selle-27-2mm-x-350mm-pour-sidney-plus-mini-plus-et-viena\/\" \/>\n<meta property=\"og:locale\" content=\"fr_FR\" \/>\n<meta property=\"og:type\" content=\"article\" \/>\n<meta property=\"og:title\" content=\"Tige de selle 27,2mm x 350mm pour Sidney (PLUS), Mini (PLUS) et Viena\" \/>\n<meta property=\"og:description\" content=\"Tige de selle 27,2mm x 350mm. Compatible avec les v\u00e9los \u00e9lectrique mod\u00e8les\u00a0Sidney, Sidney PLUS, Mini, Mini PLUS et Viena. | UrbanBiker\" \/>\n<meta property=\"og:url\" content=\"https:\/\/www.urbanbiker.com\/fr\/produit\/tige-de-selle-27-2mm-x-350mm-pour-sidney-plus-mini-plus-et-viena\/\" \/>\n<meta property=\"og:site_name\" content=\"UrbanBiker\" \/>\n<meta property=\"article:publisher\" content=\"https:\/\/www.facebook.com\/Urbanbikerbiciselectricas\" \/>\n<meta property=\"article:modified_time\" content=\"2025-06-26T09:46:54+00:00\" \/>\n<meta property=\"og:image\" content=\"https:\/\/www.urbanbiker.com\/wp-content\/uploads\/2025\/02\/Tija-de-sillin-SEATPOST-27.2-350.jpg\" \/>\n\t<meta property=\"og:image:width\" content=\"640\" \/>\n\t<meta property=\"og:image:height\" content=\"640\" \/>\n\t<meta property=\"og:image:type\" content=\"image\/jpeg\" \/>\n<meta name=\"twitter:card\" content=\"summary_large_image\" \/>\n<meta name=\"twitter:label1\" content=\"Dur\u00e9e de lecture estim\u00e9e\" \/>\n\t<meta name=\"twitter:data1\" content=\"1 minute\" \/>\n<script type=\"application\/ld+json\" class=\"yoast-schema-graph\">{\"@context\":\"https:\\\/\\\/schema.org\",\"@graph\":[{\"@type\":\"WebPage\",\"@id\":\"https:\\\/\\\/www.urbanbiker.com\\\/fr\\\/produit\\\/tige-de-selle-27-2mm-x-350mm-pour-sidney-plus-mini-plus-et-viena\\\/\",\"url\":\"https:\\\/\\\/www.urbanbiker.com\\\/fr\\\/produit\\\/tige-de-selle-27-2mm-x-350mm-pour-sidney-plus-mini-plus-et-viena\\\/\",\"name\":\"Tige de selle 27,2mm x 350mm pour Sidney (PLUS), Mini (PLUS) et Viena\",\"isPartOf\":{\"@id\":\"https:\\\/\\\/www.urbanbiker.com\\\/fr\\\/#website\"},\"primaryImageOfPage\":{\"@id\":\"https:\\\/\\\/www.urbanbiker.com\\\/fr\\\/produit\\\/tige-de-selle-27-2mm-x-350mm-pour-sidney-plus-mini-plus-et-viena\\\/#primaryimage\"},\"image\":{\"@id\":\"https:\\\/\\\/www.urbanbiker.com\\\/fr\\\/produit\\\/tige-de-selle-27-2mm-x-350mm-pour-sidney-plus-mini-plus-et-viena\\\/#primaryimage\"},\"thumbnailUrl\":\"https:\\\/\\\/www.urbanbiker.com\\\/wp-content\\\/uploads\\\/2025\\\/02\\\/Tija-de-sillin-SEATPOST-27.2-350.jpg\",\"datePublished\":\"2025-02-24T11:15:29+00:00\",\"dateModified\":\"2025-06-26T09:46:54+00:00\",\"description\":\"Tige de selle 27,2mm x 350mm. Compatible avec les v\u00e9los \u00e9lectrique mod\u00e8les\u00a0Sidney, Sidney PLUS, Mini, Mini PLUS et Viena. | UrbanBiker\",\"breadcrumb\":{\"@id\":\"https:\\\/\\\/www.urbanbiker.com\\\/fr\\\/produit\\\/tige-de-selle-27-2mm-x-350mm-pour-sidney-plus-mini-plus-et-viena\\\/#breadcrumb\"},\"inLanguage\":\"fr-FR\",\"potentialAction\":[{\"@type\":\"ReadAction\",\"target\":[\"https:\\\/\\\/www.urbanbiker.com\\\/fr\\\/produit\\\/tige-de-selle-27-2mm-x-350mm-pour-sidney-plus-mini-plus-et-viena\\\/\"]}]},{\"@type\":\"ImageObject\",\"inLanguage\":\"fr-FR\",\"@id\":\"https:\\\/\\\/www.urbanbiker.com\\\/fr\\\/produit\\\/tige-de-selle-27-2mm-x-350mm-pour-sidney-plus-mini-plus-et-viena\\\/#primaryimage\",\"url\":\"https:\\\/\\\/www.urbanbiker.com\\\/wp-content\\\/uploads\\\/2025\\\/02\\\/Tija-de-sillin-SEATPOST-27.2-350.jpg\",\"contentUrl\":\"https:\\\/\\\/www.urbanbiker.com\\\/wp-content\\\/uploads\\\/2025\\\/02\\\/Tija-de-sillin-SEATPOST-27.2-350.jpg\",\"width\":640,\"height\":640,\"caption\":\"Tija de sillin - SEATPOST-27.2-350\"},{\"@type\":\"BreadcrumbList\",\"@id\":\"https:\\\/\\\/www.urbanbiker.com\\\/fr\\\/produit\\\/tige-de-selle-27-2mm-x-350mm-pour-sidney-plus-mini-plus-et-viena\\\/#breadcrumb\",\"itemListElement\":[{\"@type\":\"ListItem\",\"position\":1,\"name\":\"Portada\",\"item\":\"https:\\\/\\\/www.urbanbiker.com\\\/fr\\\/\"},{\"@type\":\"ListItem\",\"position\":2,\"name\":\"Boutique de v\u00e9los \u00e9lectriques\",\"item\":\"https:\\\/\\\/www.urbanbiker.com\\\/fr\\\/boutique-velos-electriques\\\/\"},{\"@type\":\"ListItem\",\"position\":3,\"name\":\"Tige de selle 27,2mm x 350mm pour Sidney (PLUS), Mini (PLUS) et Viena\"}]},{\"@type\":\"WebSite\",\"@id\":\"https:\\\/\\\/www.urbanbiker.com\\\/fr\\\/#website\",\"url\":\"https:\\\/\\\/www.urbanbiker.com\\\/fr\\\/\",\"name\":\"UrbanBiker\",\"description\":\"V\u00e9los \u00e9lectriques\",\"publisher\":{\"@id\":\"https:\\\/\\\/www.urbanbiker.com\\\/fr\\\/#organization\"},\"potentialAction\":[{\"@type\":\"SearchAction\",\"target\":{\"@type\":\"EntryPoint\",\"urlTemplate\":\"https:\\\/\\\/www.urbanbiker.com\\\/fr\\\/?s={search_term_string}\"},\"query-input\":{\"@type\":\"PropertyValueSpecification\",\"valueRequired\":true,\"valueName\":\"search_term_string\"}}],\"inLanguage\":\"fr-FR\"},{\"@type\":\"Organization\",\"@id\":\"https:\\\/\\\/www.urbanbiker.com\\\/fr\\\/#organization\",\"name\":\"UrbanBiker\",\"url\":\"https:\\\/\\\/www.urbanbiker.com\\\/fr\\\/\",\"logo\":{\"@type\":\"ImageObject\",\"inLanguage\":\"fr-FR\",\"@id\":\"https:\\\/\\\/www.urbanbiker.com\\\/fr\\\/#\\\/schema\\\/logo\\\/image\\\/\",\"url\":\"https:\\\/\\\/www.urbanbiker.com\\\/wp-content\\\/uploads\\\/2022\\\/09\\\/Logo-principal-sin-fondo.png\",\"contentUrl\":\"https:\\\/\\\/www.urbanbiker.com\\\/wp-content\\\/uploads\\\/2022\\\/09\\\/Logo-principal-sin-fondo.png\",\"width\":2560,\"height\":934,\"caption\":\"UrbanBiker\"},\"image\":{\"@id\":\"https:\\\/\\\/www.urbanbiker.com\\\/fr\\\/#\\\/schema\\\/logo\\\/image\\\/\"},\"sameAs\":[\"https:\\\/\\\/www.facebook.com\\\/Urbanbikerbiciselectricas\",\"https:\\\/\\\/www.instagram.com\\\/urbanbiker_\\\/\",\"https:\\\/\\\/www.linkedin.com\\\/company\\\/2454235\",\"https:\\\/\\\/www.youtube.com\\\/channel\\\/UCWR__uH_RWJF-OhPfz-9-Qw\"]}]}<\/script>\n<!-- \/ Yoast SEO plugin. -->","yoast_head_json":{"title":"Tige de selle 27,2mm x 350mm pour Sidney (PLUS), Mini (PLUS) et Viena","description":"Tige de selle 27,2mm x 350mm. Compatible avec les v\u00e9los \u00e9lectrique mod\u00e8les\u00a0Sidney, Sidney PLUS, Mini, Mini PLUS et Viena. | UrbanBiker","robots":{"index":"index","follow":"follow","max-snippet":"max-snippet:-1","max-image-preview":"max-image-preview:large","max-video-preview":"max-video-preview:-1"},"canonical":"https:\/\/www.urbanbiker.com\/fr\/produit\/tige-de-selle-27-2mm-x-350mm-pour-sidney-plus-mini-plus-et-viena\/","og_locale":"fr_FR","og_type":"article","og_title":"Tige de selle 27,2mm x 350mm pour Sidney (PLUS), Mini (PLUS) et Viena","og_description":"Tige de selle 27,2mm x 350mm. Compatible avec les v\u00e9los \u00e9lectrique mod\u00e8les\u00a0Sidney, Sidney PLUS, Mini, Mini PLUS et Viena. | UrbanBiker","og_url":"https:\/\/www.urbanbiker.com\/fr\/produit\/tige-de-selle-27-2mm-x-350mm-pour-sidney-plus-mini-plus-et-viena\/","og_site_name":"UrbanBiker","article_publisher":"https:\/\/www.facebook.com\/Urbanbikerbiciselectricas","article_modified_time":"2025-06-26T09:46:54+00:00","og_image":[{"width":640,"height":640,"url":"https:\/\/www.urbanbiker.com\/wp-content\/uploads\/2025\/02\/Tija-de-sillin-SEATPOST-27.2-350.jpg","type":"image\/jpeg"}],"twitter_card":"summary_large_image","twitter_misc":{"Dur\u00e9e de lecture estim\u00e9e":"1 minute"},"schema":{"@context":"https:\/\/schema.org","@graph":[{"@type":"WebPage","@id":"https:\/\/www.urbanbiker.com\/fr\/produit\/tige-de-selle-27-2mm-x-350mm-pour-sidney-plus-mini-plus-et-viena\/","url":"https:\/\/www.urbanbiker.com\/fr\/produit\/tige-de-selle-27-2mm-x-350mm-pour-sidney-plus-mini-plus-et-viena\/","name":"Tige de selle 27,2mm x 350mm pour Sidney (PLUS), Mini (PLUS) et Viena","isPartOf":{"@id":"https:\/\/www.urbanbiker.com\/fr\/#website"},"primaryImageOfPage":{"@id":"https:\/\/www.urbanbiker.com\/fr\/produit\/tige-de-selle-27-2mm-x-350mm-pour-sidney-plus-mini-plus-et-viena\/#primaryimage"},"image":{"@id":"https:\/\/www.urbanbiker.com\/fr\/produit\/tige-de-selle-27-2mm-x-350mm-pour-sidney-plus-mini-plus-et-viena\/#primaryimage"},"thumbnailUrl":"https:\/\/www.urbanbiker.com\/wp-content\/uploads\/2025\/02\/Tija-de-sillin-SEATPOST-27.2-350.jpg","datePublished":"2025-02-24T11:15:29+00:00","dateModified":"2025-06-26T09:46:54+00:00","description":"Tige de selle 27,2mm x 350mm. Compatible avec les v\u00e9los \u00e9lectrique mod\u00e8les\u00a0Sidney, Sidney PLUS, Mini, Mini PLUS et Viena. | UrbanBiker","breadcrumb":{"@id":"https:\/\/www.urbanbiker.com\/fr\/produit\/tige-de-selle-27-2mm-x-350mm-pour-sidney-plus-mini-plus-et-viena\/#breadcrumb"},"inLanguage":"fr-FR","potentialAction":[{"@type":"ReadAction","target":["https:\/\/www.urbanbiker.com\/fr\/produit\/tige-de-selle-27-2mm-x-350mm-pour-sidney-plus-mini-plus-et-viena\/"]}]},{"@type":"ImageObject","inLanguage":"fr-FR","@id":"https:\/\/www.urbanbiker.com\/fr\/produit\/tige-de-selle-27-2mm-x-350mm-pour-sidney-plus-mini-plus-et-viena\/#primaryimage","url":"https:\/\/www.urbanbiker.com\/wp-content\/uploads\/2025\/02\/Tija-de-sillin-SEATPOST-27.2-350.jpg","contentUrl":"https:\/\/www.urbanbiker.com\/wp-content\/uploads\/2025\/02\/Tija-de-sillin-SEATPOST-27.2-350.jpg","width":640,"height":640,"caption":"Tija de sillin - SEATPOST-27.2-350"},{"@type":"BreadcrumbList","@id":"https:\/\/www.urbanbiker.com\/fr\/produit\/tige-de-selle-27-2mm-x-350mm-pour-sidney-plus-mini-plus-et-viena\/#breadcrumb","itemListElement":[{"@type":"ListItem","position":1,"name":"Portada","item":"https:\/\/www.urbanbiker.com\/fr\/"},{"@type":"ListItem","position":2,"name":"Boutique de v\u00e9los \u00e9lectriques","item":"https:\/\/www.urbanbiker.com\/fr\/boutique-velos-electriques\/"},{"@type":"ListItem","position":3,"name":"Tige de selle 27,2mm x 350mm pour Sidney (PLUS), Mini (PLUS) et Viena"}]},{"@type":"WebSite","@id":"https:\/\/www.urbanbiker.com\/fr\/#website","url":"https:\/\/www.urbanbiker.com\/fr\/","name":"UrbanBiker","description":"V\u00e9los \u00e9lectriques","publisher":{"@id":"https:\/\/www.urbanbiker.com\/fr\/#organization"},"potentialAction":[{"@type":"SearchAction","target":{"@type":"EntryPoint","urlTemplate":"https:\/\/www.urbanbiker.com\/fr\/?s={search_term_string}"},"query-input":{"@type":"PropertyValueSpecification","valueRequired":true,"valueName":"search_term_string"}}],"inLanguage":"fr-FR"},{"@type":"Organization","@id":"https:\/\/www.urbanbiker.com\/fr\/#organization","name":"UrbanBiker","url":"https:\/\/www.urbanbiker.com\/fr\/","logo":{"@type":"ImageObject","inLanguage":"fr-FR","@id":"https:\/\/www.urbanbiker.com\/fr\/#\/schema\/logo\/image\/","url":"https:\/\/www.urbanbiker.com\/wp-content\/uploads\/2022\/09\/Logo-principal-sin-fondo.png","contentUrl":"https:\/\/www.urbanbiker.com\/wp-content\/uploads\/2022\/09\/Logo-principal-sin-fondo.png","width":2560,"height":934,"caption":"UrbanBiker"},"image":{"@id":"https:\/\/www.urbanbiker.com\/fr\/#\/schema\/logo\/image\/"},"sameAs":["https:\/\/www.facebook.com\/Urbanbikerbiciselectricas","https:\/\/www.instagram.com\/urbanbiker_\/","https:\/\/www.linkedin.com\/company\/2454235","https:\/\/www.youtube.com\/channel\/UCWR__uH_RWJF-OhPfz-9-Qw"]}]}},"_links":{"self":[{"href":"https:\/\/www.urbanbiker.com\/fr\/wp-json\/wp\/v2\/product\/37172","targetHints":{"allow":["GET"]}}],"collection":[{"href":"https:\/\/www.urbanbiker.com\/fr\/wp-json\/wp\/v2\/product"}],"about":[{"href":"https:\/\/www.urbanbiker.com\/fr\/wp-json\/wp\/v2\/types\/product"}],"version-history":[{"count":4,"href":"https:\/\/www.urbanbiker.com\/fr\/wp-json\/wp\/v2\/product\/37172\/revisions"}],"predecessor-version":[{"id":50185,"href":"https:\/\/www.urbanbiker.com\/fr\/wp-json\/wp\/v2\/product\/37172\/revisions\/50185"}],"wp:featuredmedia":[{"embeddable":true,"href":"https:\/\/www.urbanbiker.com\/fr\/wp-json\/wp\/v2\/media\/51578"}],"wp:attachment":[{"href":"https:\/\/www.urbanbiker.com\/fr\/wp-json\/wp\/v2\/media?parent=37172"}],"wp:term":[{"taxonomy":"product_cat","embeddable":true,"href":"https:\/\/www.urbanbiker.com\/fr\/wp-json\/wp\/v2\/product_cat?post=37172"},{"taxonomy":"product_tag","embeddable":true,"href":"https:\/\/www.urbanbiker.com\/fr\/wp-json\/wp\/v2\/product_tag?post=37172"}],"curies":[{"name":"wp","href":"https:\/\/api.w.org\/{rel}","templated":true}]}}