{"id":37088,"date":"2025-03-26T16:23:24","date_gmt":"2025-03-26T15:23:24","guid":{"rendered":"https:\/\/www.urbanbiker.com\/?post_type=product&#038;p=37088"},"modified":"2025-06-14T15:45:27","modified_gmt":"2025-06-14T13:45:27","slug":"pneus-schwalbe-big-apple-plus-20","status":"publish","type":"product","link":"https:\/\/www.urbanbiker.com\/fr\/produit\/pneus-schwalbe-big-apple-plus-20\/","title":{"rendered":"Pneus Schwalbe BIG Apple Plus 20&Prime;"},"content":{"rendered":"","protected":false},"excerpt":{"rendered":"<h6><strong>Pneus Schwalbe Big Apple Plus 20\u2033<\/strong><\/h6>\n<p><strong>Valable uniquement pour Mini (PLUS).<\/strong>Dans sa troisi\u00e8me g\u00e9n\u00e9ration, Big Apple combine les plus hauts niveaux de confort avec un design moderne et des performances s\u00fbres. Sa large gamme de tailles en fait le compagnon id\u00e9al des <strong>v\u00e9los<\/strong> et des<strong> v\u00e9los \u00e9lectriques<\/strong>.<\/p>\n","protected":false},"featured_media":36462,"template":"","meta":[],"product_cat":[342,417],"product_tag":[],"class_list":{"0":"post-37088","1":"product","2":"type-product","3":"status-publish","4":"has-post-thumbnail","6":"product_cat-composants","7":"product_cat-roues","8":"pa_ebike-mini","9":"pa_ebike-mini-plus","10":"pa_tamano-rueda-20-fr","12":"first","13":"instock","14":"taxable","15":"shipping-taxable","16":"purchasable","17":"product-type-simple"},"atum_controlled":true,"out_stock_date":null,"out_stock_threshold":null,"inheritable":false,"stock_on_hold":0,"sold_today":0,"sales_last_days":0,"out_stock_days":0,"lost_sales":0,"update_date":"2026-05-05T00:33:36","atum_locations":[],"atum_stock_status":"instock","restock_status":false,"low_stock_amount":"","sales_update_date":"2026-05-05T00:33:35","calc_backorders":null,"yoast_head":"<!-- This site is optimized with the Yoast SEO plugin v27.5 - https:\/\/yoast.com\/product\/yoast-seo-wordpress\/ -->\n<title>Pneus Schwalbe BIG Apple Plus 20&quot;<\/title>\n<meta name=\"description\" content=\"Pneus Schwalbe Big apple plus 20&quot; pour UrbanBiker Mini (PLUS). Compatible avec la marque de v\u00e9lo \u00e9lectrique UrbanBiker Mini (PLUS).\" \/>\n<meta name=\"robots\" content=\"index, follow, max-snippet:-1, max-image-preview:large, max-video-preview:-1\" \/>\n<link rel=\"canonical\" href=\"https:\/\/www.urbanbiker.com\/fr\/produit\/pneus-schwalbe-big-apple-plus-20\/\" \/>\n<meta property=\"og:locale\" content=\"fr_FR\" \/>\n<meta property=\"og:type\" content=\"article\" \/>\n<meta property=\"og:title\" content=\"Pneus Schwalbe BIG Apple Plus 20&quot;\" \/>\n<meta property=\"og:description\" content=\"Pneus Schwalbe Big apple plus 20&quot; pour UrbanBiker Mini (PLUS). Compatible avec la marque de v\u00e9lo \u00e9lectrique UrbanBiker Mini (PLUS).\" \/>\n<meta property=\"og:url\" content=\"https:\/\/www.urbanbiker.com\/fr\/produit\/pneus-schwalbe-big-apple-plus-20\/\" \/>\n<meta property=\"og:site_name\" content=\"UrbanBiker\" \/>\n<meta property=\"article:publisher\" content=\"https:\/\/www.facebook.com\/Urbanbikerbiciselectricas\" \/>\n<meta property=\"article:modified_time\" content=\"2025-06-14T13:45:27+00:00\" \/>\n<meta property=\"og:image\" content=\"https:\/\/www.urbanbiker.com\/wp-content\/uploads\/2025\/02\/Cubierta-Schwalbe-BIG-Apple-Plus-215.jpg\" \/>\n\t<meta property=\"og:image:width\" content=\"1000\" \/>\n\t<meta property=\"og:image:height\" content=\"1000\" \/>\n\t<meta property=\"og:image:type\" content=\"image\/jpeg\" \/>\n<meta name=\"twitter:card\" content=\"summary_large_image\" \/>\n<meta name=\"twitter:label1\" content=\"Dur\u00e9e de lecture estim\u00e9e\" \/>\n\t<meta name=\"twitter:data1\" content=\"1 minute\" \/>\n<script type=\"application\/ld+json\" class=\"yoast-schema-graph\">{\"@context\":\"https:\\\/\\\/schema.org\",\"@graph\":[{\"@type\":\"WebPage\",\"@id\":\"https:\\\/\\\/www.urbanbiker.com\\\/fr\\\/produit\\\/pneus-schwalbe-big-apple-plus-20\\\/\",\"url\":\"https:\\\/\\\/www.urbanbiker.com\\\/fr\\\/produit\\\/pneus-schwalbe-big-apple-plus-20\\\/\",\"name\":\"Pneus Schwalbe BIG Apple Plus 20\\\"\",\"isPartOf\":{\"@id\":\"https:\\\/\\\/www.urbanbiker.com\\\/fr\\\/#website\"},\"primaryImageOfPage\":{\"@id\":\"https:\\\/\\\/www.urbanbiker.com\\\/fr\\\/produit\\\/pneus-schwalbe-big-apple-plus-20\\\/#primaryimage\"},\"image\":{\"@id\":\"https:\\\/\\\/www.urbanbiker.com\\\/fr\\\/produit\\\/pneus-schwalbe-big-apple-plus-20\\\/#primaryimage\"},\"thumbnailUrl\":\"https:\\\/\\\/www.urbanbiker.com\\\/wp-content\\\/uploads\\\/2025\\\/02\\\/Cubierta-Schwalbe-BIG-Apple-Plus-215.jpg\",\"datePublished\":\"2025-03-26T15:23:24+00:00\",\"dateModified\":\"2025-06-14T13:45:27+00:00\",\"description\":\"Pneus Schwalbe Big apple plus 20\\\" pour UrbanBiker Mini (PLUS). Compatible avec la marque de v\u00e9lo \u00e9lectrique UrbanBiker Mini (PLUS).\",\"breadcrumb\":{\"@id\":\"https:\\\/\\\/www.urbanbiker.com\\\/fr\\\/produit\\\/pneus-schwalbe-big-apple-plus-20\\\/#breadcrumb\"},\"inLanguage\":\"fr-FR\",\"potentialAction\":[{\"@type\":\"ReadAction\",\"target\":[\"https:\\\/\\\/www.urbanbiker.com\\\/fr\\\/produit\\\/pneus-schwalbe-big-apple-plus-20\\\/\"]}]},{\"@type\":\"ImageObject\",\"inLanguage\":\"fr-FR\",\"@id\":\"https:\\\/\\\/www.urbanbiker.com\\\/fr\\\/produit\\\/pneus-schwalbe-big-apple-plus-20\\\/#primaryimage\",\"url\":\"https:\\\/\\\/www.urbanbiker.com\\\/wp-content\\\/uploads\\\/2025\\\/02\\\/Cubierta-Schwalbe-BIG-Apple-Plus-215.jpg\",\"contentUrl\":\"https:\\\/\\\/www.urbanbiker.com\\\/wp-content\\\/uploads\\\/2025\\\/02\\\/Cubierta-Schwalbe-BIG-Apple-Plus-215.jpg\",\"width\":1000,\"height\":1000,\"caption\":\"Pneu Schwalbe BIG Apple Plus 2.15\"},{\"@type\":\"BreadcrumbList\",\"@id\":\"https:\\\/\\\/www.urbanbiker.com\\\/fr\\\/produit\\\/pneus-schwalbe-big-apple-plus-20\\\/#breadcrumb\",\"itemListElement\":[{\"@type\":\"ListItem\",\"position\":1,\"name\":\"Portada\",\"item\":\"https:\\\/\\\/www.urbanbiker.com\\\/fr\\\/\"},{\"@type\":\"ListItem\",\"position\":2,\"name\":\"Boutique de v\u00e9los \u00e9lectriques\",\"item\":\"https:\\\/\\\/www.urbanbiker.com\\\/fr\\\/boutique-velos-electriques\\\/\"},{\"@type\":\"ListItem\",\"position\":3,\"name\":\"Pneus Schwalbe BIG Apple Plus 20&Prime;\"}]},{\"@type\":\"WebSite\",\"@id\":\"https:\\\/\\\/www.urbanbiker.com\\\/fr\\\/#website\",\"url\":\"https:\\\/\\\/www.urbanbiker.com\\\/fr\\\/\",\"name\":\"UrbanBiker\",\"description\":\"V\u00e9los \u00e9lectriques\",\"publisher\":{\"@id\":\"https:\\\/\\\/www.urbanbiker.com\\\/fr\\\/#organization\"},\"potentialAction\":[{\"@type\":\"SearchAction\",\"target\":{\"@type\":\"EntryPoint\",\"urlTemplate\":\"https:\\\/\\\/www.urbanbiker.com\\\/fr\\\/?s={search_term_string}\"},\"query-input\":{\"@type\":\"PropertyValueSpecification\",\"valueRequired\":true,\"valueName\":\"search_term_string\"}}],\"inLanguage\":\"fr-FR\"},{\"@type\":\"Organization\",\"@id\":\"https:\\\/\\\/www.urbanbiker.com\\\/fr\\\/#organization\",\"name\":\"UrbanBiker\",\"url\":\"https:\\\/\\\/www.urbanbiker.com\\\/fr\\\/\",\"logo\":{\"@type\":\"ImageObject\",\"inLanguage\":\"fr-FR\",\"@id\":\"https:\\\/\\\/www.urbanbiker.com\\\/fr\\\/#\\\/schema\\\/logo\\\/image\\\/\",\"url\":\"https:\\\/\\\/www.urbanbiker.com\\\/wp-content\\\/uploads\\\/2022\\\/09\\\/Logo-principal-sin-fondo.png\",\"contentUrl\":\"https:\\\/\\\/www.urbanbiker.com\\\/wp-content\\\/uploads\\\/2022\\\/09\\\/Logo-principal-sin-fondo.png\",\"width\":2560,\"height\":934,\"caption\":\"UrbanBiker\"},\"image\":{\"@id\":\"https:\\\/\\\/www.urbanbiker.com\\\/fr\\\/#\\\/schema\\\/logo\\\/image\\\/\"},\"sameAs\":[\"https:\\\/\\\/www.facebook.com\\\/Urbanbikerbiciselectricas\",\"https:\\\/\\\/www.instagram.com\\\/urbanbiker_\\\/\",\"https:\\\/\\\/www.linkedin.com\\\/company\\\/2454235\",\"https:\\\/\\\/www.youtube.com\\\/channel\\\/UCWR__uH_RWJF-OhPfz-9-Qw\"]}]}<\/script>\n<!-- \/ Yoast SEO plugin. -->","yoast_head_json":{"title":"Pneus Schwalbe BIG Apple Plus 20\"","description":"Pneus Schwalbe Big apple plus 20\" pour UrbanBiker Mini (PLUS). Compatible avec la marque de v\u00e9lo \u00e9lectrique UrbanBiker Mini (PLUS).","robots":{"index":"index","follow":"follow","max-snippet":"max-snippet:-1","max-image-preview":"max-image-preview:large","max-video-preview":"max-video-preview:-1"},"canonical":"https:\/\/www.urbanbiker.com\/fr\/produit\/pneus-schwalbe-big-apple-plus-20\/","og_locale":"fr_FR","og_type":"article","og_title":"Pneus Schwalbe BIG Apple Plus 20\"","og_description":"Pneus Schwalbe Big apple plus 20\" pour UrbanBiker Mini (PLUS). Compatible avec la marque de v\u00e9lo \u00e9lectrique UrbanBiker Mini (PLUS).","og_url":"https:\/\/www.urbanbiker.com\/fr\/produit\/pneus-schwalbe-big-apple-plus-20\/","og_site_name":"UrbanBiker","article_publisher":"https:\/\/www.facebook.com\/Urbanbikerbiciselectricas","article_modified_time":"2025-06-14T13:45:27+00:00","og_image":[{"width":1000,"height":1000,"url":"https:\/\/www.urbanbiker.com\/wp-content\/uploads\/2025\/02\/Cubierta-Schwalbe-BIG-Apple-Plus-215.jpg","type":"image\/jpeg"}],"twitter_card":"summary_large_image","twitter_misc":{"Dur\u00e9e de lecture estim\u00e9e":"1 minute"},"schema":{"@context":"https:\/\/schema.org","@graph":[{"@type":"WebPage","@id":"https:\/\/www.urbanbiker.com\/fr\/produit\/pneus-schwalbe-big-apple-plus-20\/","url":"https:\/\/www.urbanbiker.com\/fr\/produit\/pneus-schwalbe-big-apple-plus-20\/","name":"Pneus Schwalbe BIG Apple Plus 20\"","isPartOf":{"@id":"https:\/\/www.urbanbiker.com\/fr\/#website"},"primaryImageOfPage":{"@id":"https:\/\/www.urbanbiker.com\/fr\/produit\/pneus-schwalbe-big-apple-plus-20\/#primaryimage"},"image":{"@id":"https:\/\/www.urbanbiker.com\/fr\/produit\/pneus-schwalbe-big-apple-plus-20\/#primaryimage"},"thumbnailUrl":"https:\/\/www.urbanbiker.com\/wp-content\/uploads\/2025\/02\/Cubierta-Schwalbe-BIG-Apple-Plus-215.jpg","datePublished":"2025-03-26T15:23:24+00:00","dateModified":"2025-06-14T13:45:27+00:00","description":"Pneus Schwalbe Big apple plus 20\" pour UrbanBiker Mini (PLUS). Compatible avec la marque de v\u00e9lo \u00e9lectrique UrbanBiker Mini (PLUS).","breadcrumb":{"@id":"https:\/\/www.urbanbiker.com\/fr\/produit\/pneus-schwalbe-big-apple-plus-20\/#breadcrumb"},"inLanguage":"fr-FR","potentialAction":[{"@type":"ReadAction","target":["https:\/\/www.urbanbiker.com\/fr\/produit\/pneus-schwalbe-big-apple-plus-20\/"]}]},{"@type":"ImageObject","inLanguage":"fr-FR","@id":"https:\/\/www.urbanbiker.com\/fr\/produit\/pneus-schwalbe-big-apple-plus-20\/#primaryimage","url":"https:\/\/www.urbanbiker.com\/wp-content\/uploads\/2025\/02\/Cubierta-Schwalbe-BIG-Apple-Plus-215.jpg","contentUrl":"https:\/\/www.urbanbiker.com\/wp-content\/uploads\/2025\/02\/Cubierta-Schwalbe-BIG-Apple-Plus-215.jpg","width":1000,"height":1000,"caption":"Pneu Schwalbe BIG Apple Plus 2.15"},{"@type":"BreadcrumbList","@id":"https:\/\/www.urbanbiker.com\/fr\/produit\/pneus-schwalbe-big-apple-plus-20\/#breadcrumb","itemListElement":[{"@type":"ListItem","position":1,"name":"Portada","item":"https:\/\/www.urbanbiker.com\/fr\/"},{"@type":"ListItem","position":2,"name":"Boutique de v\u00e9los \u00e9lectriques","item":"https:\/\/www.urbanbiker.com\/fr\/boutique-velos-electriques\/"},{"@type":"ListItem","position":3,"name":"Pneus Schwalbe BIG Apple Plus 20&Prime;"}]},{"@type":"WebSite","@id":"https:\/\/www.urbanbiker.com\/fr\/#website","url":"https:\/\/www.urbanbiker.com\/fr\/","name":"UrbanBiker","description":"V\u00e9los \u00e9lectriques","publisher":{"@id":"https:\/\/www.urbanbiker.com\/fr\/#organization"},"potentialAction":[{"@type":"SearchAction","target":{"@type":"EntryPoint","urlTemplate":"https:\/\/www.urbanbiker.com\/fr\/?s={search_term_string}"},"query-input":{"@type":"PropertyValueSpecification","valueRequired":true,"valueName":"search_term_string"}}],"inLanguage":"fr-FR"},{"@type":"Organization","@id":"https:\/\/www.urbanbiker.com\/fr\/#organization","name":"UrbanBiker","url":"https:\/\/www.urbanbiker.com\/fr\/","logo":{"@type":"ImageObject","inLanguage":"fr-FR","@id":"https:\/\/www.urbanbiker.com\/fr\/#\/schema\/logo\/image\/","url":"https:\/\/www.urbanbiker.com\/wp-content\/uploads\/2022\/09\/Logo-principal-sin-fondo.png","contentUrl":"https:\/\/www.urbanbiker.com\/wp-content\/uploads\/2022\/09\/Logo-principal-sin-fondo.png","width":2560,"height":934,"caption":"UrbanBiker"},"image":{"@id":"https:\/\/www.urbanbiker.com\/fr\/#\/schema\/logo\/image\/"},"sameAs":["https:\/\/www.facebook.com\/Urbanbikerbiciselectricas","https:\/\/www.instagram.com\/urbanbiker_\/","https:\/\/www.linkedin.com\/company\/2454235","https:\/\/www.youtube.com\/channel\/UCWR__uH_RWJF-OhPfz-9-Qw"]}]}},"_links":{"self":[{"href":"https:\/\/www.urbanbiker.com\/fr\/wp-json\/wp\/v2\/product\/37088","targetHints":{"allow":["GET"]}}],"collection":[{"href":"https:\/\/www.urbanbiker.com\/fr\/wp-json\/wp\/v2\/product"}],"about":[{"href":"https:\/\/www.urbanbiker.com\/fr\/wp-json\/wp\/v2\/types\/product"}],"version-history":[{"count":3,"href":"https:\/\/www.urbanbiker.com\/fr\/wp-json\/wp\/v2\/product\/37088\/revisions"}],"predecessor-version":[{"id":48367,"href":"https:\/\/www.urbanbiker.com\/fr\/wp-json\/wp\/v2\/product\/37088\/revisions\/48367"}],"wp:featuredmedia":[{"embeddable":true,"href":"https:\/\/www.urbanbiker.com\/fr\/wp-json\/wp\/v2\/media\/36462"}],"wp:attachment":[{"href":"https:\/\/www.urbanbiker.com\/fr\/wp-json\/wp\/v2\/media?parent=37088"}],"wp:term":[{"taxonomy":"product_cat","embeddable":true,"href":"https:\/\/www.urbanbiker.com\/fr\/wp-json\/wp\/v2\/product_cat?post=37088"},{"taxonomy":"product_tag","embeddable":true,"href":"https:\/\/www.urbanbiker.com\/fr\/wp-json\/wp\/v2\/product_tag?post=37088"}],"curies":[{"name":"wp","href":"https:\/\/api.w.org\/{rel}","templated":true}]}}