{"id":36907,"date":"2025-02-21T10:18:22","date_gmt":"2025-02-21T09:18:22","guid":{"rendered":"https:\/\/www.urbanbiker.com\/tienda-bicicletas-electricas\/pneus-hutchinson-haussmann-26-28\/"},"modified":"2025-12-09T10:55:08","modified_gmt":"2025-12-09T09:55:08","slug":"pneus-hutchinson-haussmann-26-28","status":"publish","type":"product","link":"https:\/\/www.urbanbiker.com\/fr\/produit\/pneus-hutchinson-haussmann-26-28\/","title":{"rendered":"Pneus Hutchinson Haussmann 26&Prime;\/28&Prime;"},"content":{"rendered":"","protected":false},"excerpt":{"rendered":"<h6><strong>Pneus Hutchinson Haussmann 26&Prime;\/28&Prime;<\/strong><\/h6>\n<p>Pneus <strong>Hutchinson Haussmann 26\u2033<\/strong> et <strong>28\u2033. Uniquement valable pour Sydney, Sydney PLUS, Viena, UB100 et UB100B achet\u00e9s \u00e0 partir de 2020. <\/strong>Sa boule arrondie offre confort et maniabilit\u00e9. Ses crampons larges et bas au centre offrent les performances n\u00e9cessaires pour aller loin sans avoir \u00e0 rester sur la route. Enfin, son flanc fendu et rainur\u00e9 offre l&rsquo;adh\u00e9rence n\u00e9cessaire en toutes circonstances.<\/p>\n","protected":false},"featured_media":36581,"template":"","meta":[],"product_cat":[342,417],"product_tag":[],"class_list":{"0":"post-36907","1":"product","2":"type-product","3":"status-publish","4":"has-post-thumbnail","6":"product_cat-composants","7":"product_cat-roues","8":"pa_ebike-sidney","9":"pa_ebike-sidney-plus","10":"pa_ebike-ub100","11":"pa_ebike-viena","12":"pa_tamano-rueda-26-fr","13":"pa_tamano-rueda-28-fr","15":"first","16":"outofstock","17":"taxable","18":"shipping-taxable","19":"purchasable","20":"product-type-variable"},"atum_controlled":true,"out_stock_date":null,"out_stock_threshold":null,"inheritable":true,"stock_on_hold":0,"sold_today":0,"sales_last_days":0,"out_stock_days":0,"lost_sales":0,"update_date":"2026-04-29T00:28:53","atum_locations":[],"atum_stock_status":"outofstock","restock_status":false,"low_stock_amount":"","sales_update_date":"2026-04-29T00:28:53","calc_backorders":null,"yoast_head":"<!-- This site is optimized with the Yoast SEO plugin v27.5 - https:\/\/yoast.com\/product\/yoast-seo-wordpress\/ -->\n<title>Pneus Hutchinson Haussmann 26&quot;\/28&quot; | Accessoires UrbanBiker<\/title>\n<meta name=\"description\" content=\"Pneus Hutchinson Haussmann 26&quot;\/28&quot; 1.75. Compatible avec les v\u00e9los \u00e9lectriques UrbanBiker Sidney, Sidney PLUS, Viena, UB100 et UB100B.\" \/>\n<meta name=\"robots\" content=\"index, follow, max-snippet:-1, max-image-preview:large, max-video-preview:-1\" \/>\n<link rel=\"canonical\" href=\"https:\/\/www.urbanbiker.com\/fr\/produit\/pneus-hutchinson-haussmann-26-28\/\" \/>\n<meta property=\"og:locale\" content=\"fr_FR\" \/>\n<meta property=\"og:type\" content=\"article\" \/>\n<meta property=\"og:title\" content=\"Pneus Hutchinson Haussmann 26&quot;\/28&quot; | Accessoires UrbanBiker\" \/>\n<meta property=\"og:description\" content=\"Pneus Hutchinson Haussmann 26&quot;\/28&quot; 1.75. Compatible avec les v\u00e9los \u00e9lectriques UrbanBiker Sidney, Sidney PLUS, Viena, UB100 et UB100B.\" \/>\n<meta property=\"og:url\" content=\"https:\/\/www.urbanbiker.com\/fr\/produit\/pneus-hutchinson-haussmann-26-28\/\" \/>\n<meta property=\"og:site_name\" content=\"UrbanBiker\" \/>\n<meta property=\"article:publisher\" content=\"https:\/\/www.facebook.com\/Urbanbikerbiciselectricas\" \/>\n<meta property=\"article:modified_time\" content=\"2025-12-09T09:55:08+00:00\" \/>\n<meta property=\"og:image\" content=\"https:\/\/www.urbanbiker.com\/wp-content\/uploads\/2025\/02\/city-trekking-bike-tire-hutchinson-haussmann-1.png\" \/>\n\t<meta property=\"og:image:width\" content=\"1125\" \/>\n\t<meta property=\"og:image:height\" content=\"1200\" \/>\n\t<meta property=\"og:image:type\" content=\"image\/png\" \/>\n<meta name=\"twitter:card\" content=\"summary_large_image\" \/>\n<meta name=\"twitter:label1\" content=\"Dur\u00e9e de lecture estim\u00e9e\" \/>\n\t<meta name=\"twitter:data1\" content=\"1 minute\" \/>\n<script type=\"application\/ld+json\" class=\"yoast-schema-graph\">{\"@context\":\"https:\\\/\\\/schema.org\",\"@graph\":[{\"@type\":\"WebPage\",\"@id\":\"https:\\\/\\\/www.urbanbiker.com\\\/fr\\\/produit\\\/pneus-hutchinson-haussmann-26-28\\\/\",\"url\":\"https:\\\/\\\/www.urbanbiker.com\\\/fr\\\/produit\\\/pneus-hutchinson-haussmann-26-28\\\/\",\"name\":\"Pneus Hutchinson Haussmann 26\\\"\\\/28\\\" | Accessoires UrbanBiker\",\"isPartOf\":{\"@id\":\"https:\\\/\\\/www.urbanbiker.com\\\/fr\\\/#website\"},\"primaryImageOfPage\":{\"@id\":\"https:\\\/\\\/www.urbanbiker.com\\\/fr\\\/produit\\\/pneus-hutchinson-haussmann-26-28\\\/#primaryimage\"},\"image\":{\"@id\":\"https:\\\/\\\/www.urbanbiker.com\\\/fr\\\/produit\\\/pneus-hutchinson-haussmann-26-28\\\/#primaryimage\"},\"thumbnailUrl\":\"https:\\\/\\\/www.urbanbiker.com\\\/wp-content\\\/uploads\\\/2025\\\/02\\\/city-trekking-bike-tire-hutchinson-haussmann-1.png\",\"datePublished\":\"2025-02-21T09:18:22+00:00\",\"dateModified\":\"2025-12-09T09:55:08+00:00\",\"description\":\"Pneus Hutchinson Haussmann 26\\\"\\\/28\\\" 1.75. Compatible avec les v\u00e9los \u00e9lectriques UrbanBiker Sidney, Sidney PLUS, Viena, UB100 et UB100B.\",\"breadcrumb\":{\"@id\":\"https:\\\/\\\/www.urbanbiker.com\\\/fr\\\/produit\\\/pneus-hutchinson-haussmann-26-28\\\/#breadcrumb\"},\"inLanguage\":\"fr-FR\",\"potentialAction\":[{\"@type\":\"ReadAction\",\"target\":[\"https:\\\/\\\/www.urbanbiker.com\\\/fr\\\/produit\\\/pneus-hutchinson-haussmann-26-28\\\/\"]}]},{\"@type\":\"ImageObject\",\"inLanguage\":\"fr-FR\",\"@id\":\"https:\\\/\\\/www.urbanbiker.com\\\/fr\\\/produit\\\/pneus-hutchinson-haussmann-26-28\\\/#primaryimage\",\"url\":\"https:\\\/\\\/www.urbanbiker.com\\\/wp-content\\\/uploads\\\/2025\\\/02\\\/city-trekking-bike-tire-hutchinson-haussmann-1.png\",\"contentUrl\":\"https:\\\/\\\/www.urbanbiker.com\\\/wp-content\\\/uploads\\\/2025\\\/02\\\/city-trekking-bike-tire-hutchinson-haussmann-1.png\",\"width\":1125,\"height\":1200,\"caption\":\"Pneu v\u00e9lo City Trekking Hutchinson Haussmann\"},{\"@type\":\"BreadcrumbList\",\"@id\":\"https:\\\/\\\/www.urbanbiker.com\\\/fr\\\/produit\\\/pneus-hutchinson-haussmann-26-28\\\/#breadcrumb\",\"itemListElement\":[{\"@type\":\"ListItem\",\"position\":1,\"name\":\"Portada\",\"item\":\"https:\\\/\\\/www.urbanbiker.com\\\/fr\\\/\"},{\"@type\":\"ListItem\",\"position\":2,\"name\":\"Boutique de v\u00e9los \u00e9lectriques\",\"item\":\"https:\\\/\\\/www.urbanbiker.com\\\/fr\\\/boutique-velos-electriques\\\/\"},{\"@type\":\"ListItem\",\"position\":3,\"name\":\"Pneus Hutchinson Haussmann 26&Prime;\\\/28&Prime;\"}]},{\"@type\":\"WebSite\",\"@id\":\"https:\\\/\\\/www.urbanbiker.com\\\/fr\\\/#website\",\"url\":\"https:\\\/\\\/www.urbanbiker.com\\\/fr\\\/\",\"name\":\"UrbanBiker\",\"description\":\"V\u00e9los \u00e9lectriques\",\"publisher\":{\"@id\":\"https:\\\/\\\/www.urbanbiker.com\\\/fr\\\/#organization\"},\"potentialAction\":[{\"@type\":\"SearchAction\",\"target\":{\"@type\":\"EntryPoint\",\"urlTemplate\":\"https:\\\/\\\/www.urbanbiker.com\\\/fr\\\/?s={search_term_string}\"},\"query-input\":{\"@type\":\"PropertyValueSpecification\",\"valueRequired\":true,\"valueName\":\"search_term_string\"}}],\"inLanguage\":\"fr-FR\"},{\"@type\":\"Organization\",\"@id\":\"https:\\\/\\\/www.urbanbiker.com\\\/fr\\\/#organization\",\"name\":\"UrbanBiker\",\"url\":\"https:\\\/\\\/www.urbanbiker.com\\\/fr\\\/\",\"logo\":{\"@type\":\"ImageObject\",\"inLanguage\":\"fr-FR\",\"@id\":\"https:\\\/\\\/www.urbanbiker.com\\\/fr\\\/#\\\/schema\\\/logo\\\/image\\\/\",\"url\":\"https:\\\/\\\/www.urbanbiker.com\\\/wp-content\\\/uploads\\\/2022\\\/09\\\/Logo-principal-sin-fondo.png\",\"contentUrl\":\"https:\\\/\\\/www.urbanbiker.com\\\/wp-content\\\/uploads\\\/2022\\\/09\\\/Logo-principal-sin-fondo.png\",\"width\":2560,\"height\":934,\"caption\":\"UrbanBiker\"},\"image\":{\"@id\":\"https:\\\/\\\/www.urbanbiker.com\\\/fr\\\/#\\\/schema\\\/logo\\\/image\\\/\"},\"sameAs\":[\"https:\\\/\\\/www.facebook.com\\\/Urbanbikerbiciselectricas\",\"https:\\\/\\\/www.instagram.com\\\/urbanbiker_\\\/\",\"https:\\\/\\\/www.linkedin.com\\\/company\\\/2454235\",\"https:\\\/\\\/www.youtube.com\\\/channel\\\/UCWR__uH_RWJF-OhPfz-9-Qw\"]}]}<\/script>\n<!-- \/ Yoast SEO plugin. -->","yoast_head_json":{"title":"Pneus Hutchinson Haussmann 26\"\/28\" | Accessoires UrbanBiker","description":"Pneus Hutchinson Haussmann 26\"\/28\" 1.75. Compatible avec les v\u00e9los \u00e9lectriques UrbanBiker Sidney, Sidney PLUS, Viena, UB100 et UB100B.","robots":{"index":"index","follow":"follow","max-snippet":"max-snippet:-1","max-image-preview":"max-image-preview:large","max-video-preview":"max-video-preview:-1"},"canonical":"https:\/\/www.urbanbiker.com\/fr\/produit\/pneus-hutchinson-haussmann-26-28\/","og_locale":"fr_FR","og_type":"article","og_title":"Pneus Hutchinson Haussmann 26\"\/28\" | Accessoires UrbanBiker","og_description":"Pneus Hutchinson Haussmann 26\"\/28\" 1.75. Compatible avec les v\u00e9los \u00e9lectriques UrbanBiker Sidney, Sidney PLUS, Viena, UB100 et UB100B.","og_url":"https:\/\/www.urbanbiker.com\/fr\/produit\/pneus-hutchinson-haussmann-26-28\/","og_site_name":"UrbanBiker","article_publisher":"https:\/\/www.facebook.com\/Urbanbikerbiciselectricas","article_modified_time":"2025-12-09T09:55:08+00:00","og_image":[{"width":1125,"height":1200,"url":"https:\/\/www.urbanbiker.com\/wp-content\/uploads\/2025\/02\/city-trekking-bike-tire-hutchinson-haussmann-1.png","type":"image\/png"}],"twitter_card":"summary_large_image","twitter_misc":{"Dur\u00e9e de lecture estim\u00e9e":"1 minute"},"schema":{"@context":"https:\/\/schema.org","@graph":[{"@type":"WebPage","@id":"https:\/\/www.urbanbiker.com\/fr\/produit\/pneus-hutchinson-haussmann-26-28\/","url":"https:\/\/www.urbanbiker.com\/fr\/produit\/pneus-hutchinson-haussmann-26-28\/","name":"Pneus Hutchinson Haussmann 26\"\/28\" | Accessoires UrbanBiker","isPartOf":{"@id":"https:\/\/www.urbanbiker.com\/fr\/#website"},"primaryImageOfPage":{"@id":"https:\/\/www.urbanbiker.com\/fr\/produit\/pneus-hutchinson-haussmann-26-28\/#primaryimage"},"image":{"@id":"https:\/\/www.urbanbiker.com\/fr\/produit\/pneus-hutchinson-haussmann-26-28\/#primaryimage"},"thumbnailUrl":"https:\/\/www.urbanbiker.com\/wp-content\/uploads\/2025\/02\/city-trekking-bike-tire-hutchinson-haussmann-1.png","datePublished":"2025-02-21T09:18:22+00:00","dateModified":"2025-12-09T09:55:08+00:00","description":"Pneus Hutchinson Haussmann 26\"\/28\" 1.75. Compatible avec les v\u00e9los \u00e9lectriques UrbanBiker Sidney, Sidney PLUS, Viena, UB100 et UB100B.","breadcrumb":{"@id":"https:\/\/www.urbanbiker.com\/fr\/produit\/pneus-hutchinson-haussmann-26-28\/#breadcrumb"},"inLanguage":"fr-FR","potentialAction":[{"@type":"ReadAction","target":["https:\/\/www.urbanbiker.com\/fr\/produit\/pneus-hutchinson-haussmann-26-28\/"]}]},{"@type":"ImageObject","inLanguage":"fr-FR","@id":"https:\/\/www.urbanbiker.com\/fr\/produit\/pneus-hutchinson-haussmann-26-28\/#primaryimage","url":"https:\/\/www.urbanbiker.com\/wp-content\/uploads\/2025\/02\/city-trekking-bike-tire-hutchinson-haussmann-1.png","contentUrl":"https:\/\/www.urbanbiker.com\/wp-content\/uploads\/2025\/02\/city-trekking-bike-tire-hutchinson-haussmann-1.png","width":1125,"height":1200,"caption":"Pneu v\u00e9lo City Trekking Hutchinson Haussmann"},{"@type":"BreadcrumbList","@id":"https:\/\/www.urbanbiker.com\/fr\/produit\/pneus-hutchinson-haussmann-26-28\/#breadcrumb","itemListElement":[{"@type":"ListItem","position":1,"name":"Portada","item":"https:\/\/www.urbanbiker.com\/fr\/"},{"@type":"ListItem","position":2,"name":"Boutique de v\u00e9los \u00e9lectriques","item":"https:\/\/www.urbanbiker.com\/fr\/boutique-velos-electriques\/"},{"@type":"ListItem","position":3,"name":"Pneus Hutchinson Haussmann 26&Prime;\/28&Prime;"}]},{"@type":"WebSite","@id":"https:\/\/www.urbanbiker.com\/fr\/#website","url":"https:\/\/www.urbanbiker.com\/fr\/","name":"UrbanBiker","description":"V\u00e9los \u00e9lectriques","publisher":{"@id":"https:\/\/www.urbanbiker.com\/fr\/#organization"},"potentialAction":[{"@type":"SearchAction","target":{"@type":"EntryPoint","urlTemplate":"https:\/\/www.urbanbiker.com\/fr\/?s={search_term_string}"},"query-input":{"@type":"PropertyValueSpecification","valueRequired":true,"valueName":"search_term_string"}}],"inLanguage":"fr-FR"},{"@type":"Organization","@id":"https:\/\/www.urbanbiker.com\/fr\/#organization","name":"UrbanBiker","url":"https:\/\/www.urbanbiker.com\/fr\/","logo":{"@type":"ImageObject","inLanguage":"fr-FR","@id":"https:\/\/www.urbanbiker.com\/fr\/#\/schema\/logo\/image\/","url":"https:\/\/www.urbanbiker.com\/wp-content\/uploads\/2022\/09\/Logo-principal-sin-fondo.png","contentUrl":"https:\/\/www.urbanbiker.com\/wp-content\/uploads\/2022\/09\/Logo-principal-sin-fondo.png","width":2560,"height":934,"caption":"UrbanBiker"},"image":{"@id":"https:\/\/www.urbanbiker.com\/fr\/#\/schema\/logo\/image\/"},"sameAs":["https:\/\/www.facebook.com\/Urbanbikerbiciselectricas","https:\/\/www.instagram.com\/urbanbiker_\/","https:\/\/www.linkedin.com\/company\/2454235","https:\/\/www.youtube.com\/channel\/UCWR__uH_RWJF-OhPfz-9-Qw"]}]}},"_links":{"self":[{"href":"https:\/\/www.urbanbiker.com\/fr\/wp-json\/wp\/v2\/product\/36907","targetHints":{"allow":["GET"]}}],"collection":[{"href":"https:\/\/www.urbanbiker.com\/fr\/wp-json\/wp\/v2\/product"}],"about":[{"href":"https:\/\/www.urbanbiker.com\/fr\/wp-json\/wp\/v2\/types\/product"}],"version-history":[{"count":4,"href":"https:\/\/www.urbanbiker.com\/fr\/wp-json\/wp\/v2\/product\/36907\/revisions"}],"predecessor-version":[{"id":56613,"href":"https:\/\/www.urbanbiker.com\/fr\/wp-json\/wp\/v2\/product\/36907\/revisions\/56613"}],"wp:featuredmedia":[{"embeddable":true,"href":"https:\/\/www.urbanbiker.com\/fr\/wp-json\/wp\/v2\/media\/36581"}],"wp:attachment":[{"href":"https:\/\/www.urbanbiker.com\/fr\/wp-json\/wp\/v2\/media?parent=36907"}],"wp:term":[{"taxonomy":"product_cat","embeddable":true,"href":"https:\/\/www.urbanbiker.com\/fr\/wp-json\/wp\/v2\/product_cat?post=36907"},{"taxonomy":"product_tag","embeddable":true,"href":"https:\/\/www.urbanbiker.com\/fr\/wp-json\/wp\/v2\/product_tag?post=36907"}],"curies":[{"name":"wp","href":"https:\/\/api.w.org\/{rel}","templated":true}]}}