{"id":59376,"date":"2025-12-15T08:43:48","date_gmt":"2025-12-15T07:43:48","guid":{"rendered":"https:\/\/www.urbanbiker.com\/terminos-y-condiciones-ugc-urbanbiker\/"},"modified":"2026-01-07T16:19:53","modified_gmt":"2026-01-07T15:19:53","slug":"conditions-generales-ugc-urbanbiker","status":"publish","type":"page","link":"https:\/\/www.urbanbiker.com\/fr\/conditions-generales-ugc-urbanbiker\/","title":{"rendered":"Conditions G\u00e9n\u00e9rales UGC | UrbanBiker"},"content":{"rendered":"\t\t<div data-elementor-type=\"wp-page\" data-elementor-id=\"59376\" class=\"elementor elementor-59376 elementor-58954\">\n\t\t\t\t\t\t<div class=\"elementor-section elementor-top-section elementor-element elementor-element-2e11527 elementor-section-stretched elementor-section-boxed elementor-section-height-default elementor-section-height-default\" data-id=\"2e11527\" data-element_type=\"section\" data-e-type=\"section\" data-settings=\"{&quot;stretch_section&quot;:&quot;section-stretched&quot;}\">\n\t\t\t\t\t\t<div class=\"elementor-container elementor-column-gap-no\">\n\t\t\t\t\t<div class=\"elementor-column elementor-col-100 elementor-top-column elementor-element elementor-element-d2bd899\" data-id=\"d2bd899\" data-element_type=\"column\" data-e-type=\"column\">\n\t\t\t<div class=\"elementor-widget-wrap elementor-element-populated\">\n\t\t\t\t\n\t\t<div class=\"elementor-element elementor-element-a637689 elementor-widget-laptop__width-initial elementor-widget elementor-widget-text-editor\" data-id=\"a637689\" data-element_type=\"widget\" data-e-type=\"widget\" data-widget_type=\"text-editor.default\">\n\t\t\t\t<div class=\"elementor-widget-container\">\n\t\t\t\t\t\t\t\t\t<h1 class=\"c-support-article__wrap-title\">Conditions G\u00e9n\u00e9rales UGC<\/h1><p dir=\"ltr\">Chez UrbanBiker, nous adorons voir comment vous utilisez nos produits. C&rsquo;est pourquoi nous pouvons vous demander de partager ces images ou vid\u00e9os sur www.urbanbiker.com\/fr<\/p><p dir=\"ltr\">Ces supports sont principalement publi\u00e9s sur la fiche produit de notre site internet et dans une galerie d&rsquo;inspiration afin d&rsquo;offrir \u00e0 nos clients une id\u00e9e des utilisations r\u00e9elles des produits UrbanBiker. Dans certains cas, ils peuvent \u00e9galement \u00eatre publi\u00e9s sur la page d&rsquo;accueil d&rsquo;UrbanBiker, nos r\u00e9seaux sociaux ou notre newsletter.<\/p><p dir=\"ltr\">En r\u00e9pondant \u00e0 notre demande de publication de votre contenu, vous acceptez les Conditions G\u00e9n\u00e9rales d&rsquo;Utilisation suivantes :<\/p><ul><li dir=\"ltr\"><p dir=\"ltr\">Publication des photos et\/ou vid\u00e9os dans la Galerie Toutes les photos ou vid\u00e9os publi\u00e9es sur les r\u00e9seaux sociaux identifiant l&rsquo;un des profils de r\u00e9seaux sociaux d&rsquo;UrbanBiker sont susceptibles d&rsquo;\u00eatre s\u00e9lectionn\u00e9es par UrbanBiker pour appara\u00eetre sur notre site www.urbanbiker.com\/fr, dans notre newsletter et sur nos r\u00e9seaux sociaux. Vos profils doivent \u00eatre \u00ab publics \u00bb pour que nous puissions voir votre photo. Sinon, votre photo ne sera pas visible et ne pourra pas \u00eatre s\u00e9lectionn\u00e9e.<\/p><\/li><li dir=\"ltr\"><p dir=\"ltr\">Crit\u00e8res de s\u00e9lection des mat\u00e9riaux et manuel d&rsquo;identit\u00e9 visuelle.<\/p><\/li><\/ul><p dir=\"ltr\">UrbanBiker s\u00e9lectionnera les photos et\/ou vid\u00e9os qui mettent en valeur les produits de la marque et qui correspondent le mieux \u00e0 l&rsquo;image et \u00e0 l&rsquo;esprit de la marque. Les photos et\/ou vid\u00e9os doivent montrer clairement au moins un produit UrbanBiker. La s\u00e9lection des supports se basera sur leur taille, leur qualit\u00e9 ainsi que leur esth\u00e9tique. Les photos et\/ou vid\u00e9os ne doivent en aucun cas \u00eatre contraires \u00e0 l&rsquo;ordre public, aux bonnes m\u0153urs et \u00e0 la l\u00e9gislation en vigueur. Nous interdisons toute publication de photos et\/ou vid\u00e9os abusives pouvant \u00eatre consid\u00e9r\u00e9es comme violentes, dangereuses, mena\u00e7antes, diffamatoires, offensantes, motiv\u00e9es par la haine, discriminatoires, profanatrices ou pornographiques. UrbanBiker ne s&rsquo;engage \u00e0 aucune obligation d&rsquo;utilisation des supports, m\u00eame si ceux-ci remplissent toutes les conditions \u00e9tablies dans ces Conditions G\u00e9n\u00e9rales d&rsquo;Utilisation. Si votre photo est s\u00e9lectionn\u00e9e depuis un r\u00e9seau social, vous recevrez un commentaire de la page officielle d&rsquo;UrbanBiker sur ce r\u00e9seau social. R\u00e9pondez avec le hashtag \u00ab #YesUrbanbiker \u00bb pour donner votre autorisation et accepter nos pr\u00e9sentes Conditions G\u00e9n\u00e9rales d&rsquo;Utilisation.<\/p><ul><li dir=\"ltr\"><p dir=\"ltr\">Cession des droits photo Les participants certifient qu&rsquo;ils d\u00e9tiennent les droits d&rsquo;auteur des photos ou vid\u00e9os publi\u00e9es, ainsi que les autorisations relatives aux droits \u00e0 l&rsquo;image des personnes apparaissant sur les photos. La publication de photos montrant des mineurs implique que vous avez pr\u00e9alablement obtenu le consentement de leurs repr\u00e9sentants l\u00e9gaux. En t\u00e9l\u00e9chargeant vos photos et\/ou vid\u00e9os et en publiant un contenu dans la Galerie, vous acceptez que votre photo et\/ou vid\u00e9o puisse \u00eatre visualis\u00e9e sur les supports suivants : site internet commercial www.urbanbiker.com\/fr et sur tous les supports d\u00e9di\u00e9s \u00e0 la promotion de la marque (campagnes marketing, catalogues, r\u00e9seaux sociaux et autres communications destin\u00e9es aux clients). En envoyant une photo et\/ou vid\u00e9o, vous autorisez UrbanBiker \u00e0 disposer d&rsquo;un droit de licence libre, perp\u00e9tuel, irr\u00e9vocable, mondial, non exclusif et exempt de redevances. Vous accordez \u00e0 UrbanBiker le droit d&rsquo;utiliser, de modifier, de changer, de reproduire totalement ou partiellement les photographies et\/ou vid\u00e9os, directement ou indirectement, par tout proc\u00e9d\u00e9 technique et sur tout support, en particulier sur son site commercial, sur les diff\u00e9rents r\u00e9seaux sociaux o\u00f9 UrbanBiker est pr\u00e9sent, ainsi que dans les m\u00e9dias destin\u00e9s \u00e0 nos clients. Les participants acceptent de n&rsquo;entreprendre aucune action (y compris au nom de tiers) de quelque nature que ce soit li\u00e9e \u00e0 l&rsquo;utilisation des images telle que d\u00e9crite ci-dessus contre UrbanBiker et toute personne agissant en son nom.<\/p><\/li><li dir=\"ltr\"><p dir=\"ltr\">Demande de suppression d&rsquo;une photo Vous pouvez demander la suppression d&rsquo;une photo ou vid\u00e9o \u00e0 tout moment. Chaque contenu dispose d&rsquo;un bouton \u00ab report \u00bb situ\u00e9 en bas \u00e0 droite que vous pouvez utiliser si vous souhaitez le signaler.<\/p><\/li><li dir=\"ltr\"><p dir=\"ltr\">Traitement des donn\u00e9es personnelles Vos donn\u00e9es personnelles, que la soci\u00e9t\u00e9 UrbanBiker collecte lors du t\u00e9l\u00e9chargement de votre photo, sont utilis\u00e9es pour int\u00e9grer votre photo dans tous les supports d\u00e9crits ci-dessus et pour assurer la promotion de l&rsquo;image d&rsquo;UrbanBiker. Vous pouvez acc\u00e9der \u00e0 vos donn\u00e9es, les faire rectifier ou demander la limitation de leur traitement, en envoyant un e-mail \u00e0 l&rsquo;adresse suivante : <a href=\"mailto:contact@urbanbiker.com\">contact@urbanbiker.com<\/a><\/p><\/li><\/ul><p dir=\"ltr\">Les profils sociaux d&rsquo;UrbanBiker sont les suivants :<\/p><p dir=\"ltr\">Instagram: @urbanbiker_<\/p><p dir=\"ltr\">TikTok: @urbanbiker_<\/p><p dir=\"ltr\">Facebook: @urbanbiker<\/p>\t\t\t\t\t\t\t\t<\/div>\n\t\t\t\t<\/div>\n\t\t\t\t\t<\/div>\n\t\t<\/div>\n\t\t\t\t\t<\/div>\n\t\t<\/div>\n\t\t\t\t<\/div>\n\t\t","protected":false},"excerpt":{"rendered":"<p>Conditions G\u00e9n\u00e9rales UGC Chez UrbanBiker, nous adorons voir comment vous utilisez nos produits. C&rsquo;est pourquoi nous pouvons vous demander de partager ces images ou vid\u00e9os sur www.urbanbiker.com\/fr Ces supports sont principalement publi\u00e9s sur la fiche produit de notre site internet et dans une galerie d&rsquo;inspiration afin d&rsquo;offrir \u00e0 nos clients une id\u00e9e des utilisations r\u00e9elles [&hellip;]<\/p>\n","protected":false},"author":1,"featured_media":0,"parent":0,"menu_order":0,"comment_status":"closed","ping_status":"closed","template":"template-homepage.php","meta":{"footnotes":""},"class_list":["post-59376","page","type-page","status-publish","hentry"],"yoast_head":"<!-- This site is optimized with the Yoast SEO plugin v27.3 - https:\/\/yoast.com\/product\/yoast-seo-wordpress\/ -->\n<title>Conditions G\u00e9n\u00e9rales UGC | UrbanBiker | UrbanBiker<\/title>\n<meta name=\"description\" content=\"Avis l\u00e9gal | Conditions G\u00e9n\u00e9rales UGC | UrbanBiker\" \/>\n<meta name=\"robots\" content=\"noindex, nofollow\" \/>\n<meta property=\"og:locale\" content=\"fr_FR\" \/>\n<meta property=\"og:type\" content=\"article\" \/>\n<meta property=\"og:title\" content=\"Conditions G\u00e9n\u00e9rales UGC | UrbanBiker | UrbanBiker\" \/>\n<meta property=\"og:description\" content=\"Avis l\u00e9gal | Conditions G\u00e9n\u00e9rales UGC | UrbanBiker\" \/>\n<meta property=\"og:url\" content=\"https:\/\/www.urbanbiker.com\/fr\/conditions-generales-ugc-urbanbiker\/\" \/>\n<meta property=\"og:site_name\" content=\"UrbanBiker\" \/>\n<meta property=\"article:publisher\" content=\"https:\/\/www.facebook.com\/Urbanbikerbiciselectricas\" \/>\n<meta property=\"article:modified_time\" content=\"2026-01-07T15:19:53+00:00\" \/>\n<meta name=\"twitter:card\" content=\"summary_large_image\" \/>\n<meta name=\"twitter:label1\" content=\"Dur\u00e9e de lecture estim\u00e9e\" \/>\n\t<meta name=\"twitter:data1\" content=\"4 minutes\" \/>\n<script type=\"application\/ld+json\" class=\"yoast-schema-graph\">{\"@context\":\"https:\\\/\\\/schema.org\",\"@graph\":[{\"@type\":\"WebPage\",\"@id\":\"https:\\\/\\\/www.urbanbiker.com\\\/fr\\\/conditions-generales-ugc-urbanbiker\\\/\",\"url\":\"https:\\\/\\\/www.urbanbiker.com\\\/fr\\\/conditions-generales-ugc-urbanbiker\\\/\",\"name\":\"Conditions G\u00e9n\u00e9rales UGC | UrbanBiker | UrbanBiker\",\"isPartOf\":{\"@id\":\"https:\\\/\\\/www.urbanbiker.com\\\/fr\\\/#website\"},\"datePublished\":\"2025-12-15T07:43:48+00:00\",\"dateModified\":\"2026-01-07T15:19:53+00:00\",\"description\":\"Avis l\u00e9gal | Conditions G\u00e9n\u00e9rales UGC | UrbanBiker\",\"breadcrumb\":{\"@id\":\"https:\\\/\\\/www.urbanbiker.com\\\/fr\\\/conditions-generales-ugc-urbanbiker\\\/#breadcrumb\"},\"inLanguage\":\"fr-FR\",\"potentialAction\":[{\"@type\":\"ReadAction\",\"target\":[\"https:\\\/\\\/www.urbanbiker.com\\\/fr\\\/conditions-generales-ugc-urbanbiker\\\/\"]}]},{\"@type\":\"BreadcrumbList\",\"@id\":\"https:\\\/\\\/www.urbanbiker.com\\\/fr\\\/conditions-generales-ugc-urbanbiker\\\/#breadcrumb\",\"itemListElement\":[{\"@type\":\"ListItem\",\"position\":1,\"name\":\"Portada\",\"item\":\"https:\\\/\\\/www.urbanbiker.com\\\/fr\\\/\"},{\"@type\":\"ListItem\",\"position\":2,\"name\":\"Conditions G\u00e9n\u00e9rales UGC | UrbanBiker\"}]},{\"@type\":\"WebSite\",\"@id\":\"https:\\\/\\\/www.urbanbiker.com\\\/fr\\\/#website\",\"url\":\"https:\\\/\\\/www.urbanbiker.com\\\/fr\\\/\",\"name\":\"UrbanBiker\",\"description\":\"V\u00e9los \u00e9lectriques\",\"publisher\":{\"@id\":\"https:\\\/\\\/www.urbanbiker.com\\\/fr\\\/#organization\"},\"potentialAction\":[{\"@type\":\"SearchAction\",\"target\":{\"@type\":\"EntryPoint\",\"urlTemplate\":\"https:\\\/\\\/www.urbanbiker.com\\\/fr\\\/?s={search_term_string}\"},\"query-input\":{\"@type\":\"PropertyValueSpecification\",\"valueRequired\":true,\"valueName\":\"search_term_string\"}}],\"inLanguage\":\"fr-FR\"},{\"@type\":\"Organization\",\"@id\":\"https:\\\/\\\/www.urbanbiker.com\\\/fr\\\/#organization\",\"name\":\"UrbanBiker\",\"url\":\"https:\\\/\\\/www.urbanbiker.com\\\/fr\\\/\",\"logo\":{\"@type\":\"ImageObject\",\"inLanguage\":\"fr-FR\",\"@id\":\"https:\\\/\\\/www.urbanbiker.com\\\/fr\\\/#\\\/schema\\\/logo\\\/image\\\/\",\"url\":\"https:\\\/\\\/www.urbanbiker.com\\\/wp-content\\\/uploads\\\/2022\\\/09\\\/Logo-principal-sin-fondo.png\",\"contentUrl\":\"https:\\\/\\\/www.urbanbiker.com\\\/wp-content\\\/uploads\\\/2022\\\/09\\\/Logo-principal-sin-fondo.png\",\"width\":2560,\"height\":934,\"caption\":\"UrbanBiker\"},\"image\":{\"@id\":\"https:\\\/\\\/www.urbanbiker.com\\\/fr\\\/#\\\/schema\\\/logo\\\/image\\\/\"},\"sameAs\":[\"https:\\\/\\\/www.facebook.com\\\/Urbanbikerbiciselectricas\",\"https:\\\/\\\/www.instagram.com\\\/urbanbiker_\\\/\",\"https:\\\/\\\/www.linkedin.com\\\/company\\\/2454235\",\"https:\\\/\\\/www.youtube.com\\\/channel\\\/UCWR__uH_RWJF-OhPfz-9-Qw\"]}]}<\/script>\n<!-- \/ Yoast SEO plugin. -->","yoast_head_json":{"title":"Conditions G\u00e9n\u00e9rales UGC | UrbanBiker | UrbanBiker","description":"Avis l\u00e9gal | Conditions G\u00e9n\u00e9rales UGC | UrbanBiker","robots":{"index":"noindex","follow":"nofollow"},"og_locale":"fr_FR","og_type":"article","og_title":"Conditions G\u00e9n\u00e9rales UGC | UrbanBiker | UrbanBiker","og_description":"Avis l\u00e9gal | Conditions G\u00e9n\u00e9rales UGC | UrbanBiker","og_url":"https:\/\/www.urbanbiker.com\/fr\/conditions-generales-ugc-urbanbiker\/","og_site_name":"UrbanBiker","article_publisher":"https:\/\/www.facebook.com\/Urbanbikerbiciselectricas","article_modified_time":"2026-01-07T15:19:53+00:00","twitter_card":"summary_large_image","twitter_misc":{"Dur\u00e9e de lecture estim\u00e9e":"4 minutes"},"schema":{"@context":"https:\/\/schema.org","@graph":[{"@type":"WebPage","@id":"https:\/\/www.urbanbiker.com\/fr\/conditions-generales-ugc-urbanbiker\/","url":"https:\/\/www.urbanbiker.com\/fr\/conditions-generales-ugc-urbanbiker\/","name":"Conditions G\u00e9n\u00e9rales UGC | UrbanBiker | UrbanBiker","isPartOf":{"@id":"https:\/\/www.urbanbiker.com\/fr\/#website"},"datePublished":"2025-12-15T07:43:48+00:00","dateModified":"2026-01-07T15:19:53+00:00","description":"Avis l\u00e9gal | Conditions G\u00e9n\u00e9rales UGC | UrbanBiker","breadcrumb":{"@id":"https:\/\/www.urbanbiker.com\/fr\/conditions-generales-ugc-urbanbiker\/#breadcrumb"},"inLanguage":"fr-FR","potentialAction":[{"@type":"ReadAction","target":["https:\/\/www.urbanbiker.com\/fr\/conditions-generales-ugc-urbanbiker\/"]}]},{"@type":"BreadcrumbList","@id":"https:\/\/www.urbanbiker.com\/fr\/conditions-generales-ugc-urbanbiker\/#breadcrumb","itemListElement":[{"@type":"ListItem","position":1,"name":"Portada","item":"https:\/\/www.urbanbiker.com\/fr\/"},{"@type":"ListItem","position":2,"name":"Conditions G\u00e9n\u00e9rales UGC | UrbanBiker"}]},{"@type":"WebSite","@id":"https:\/\/www.urbanbiker.com\/fr\/#website","url":"https:\/\/www.urbanbiker.com\/fr\/","name":"UrbanBiker","description":"V\u00e9los \u00e9lectriques","publisher":{"@id":"https:\/\/www.urbanbiker.com\/fr\/#organization"},"potentialAction":[{"@type":"SearchAction","target":{"@type":"EntryPoint","urlTemplate":"https:\/\/www.urbanbiker.com\/fr\/?s={search_term_string}"},"query-input":{"@type":"PropertyValueSpecification","valueRequired":true,"valueName":"search_term_string"}}],"inLanguage":"fr-FR"},{"@type":"Organization","@id":"https:\/\/www.urbanbiker.com\/fr\/#organization","name":"UrbanBiker","url":"https:\/\/www.urbanbiker.com\/fr\/","logo":{"@type":"ImageObject","inLanguage":"fr-FR","@id":"https:\/\/www.urbanbiker.com\/fr\/#\/schema\/logo\/image\/","url":"https:\/\/www.urbanbiker.com\/wp-content\/uploads\/2022\/09\/Logo-principal-sin-fondo.png","contentUrl":"https:\/\/www.urbanbiker.com\/wp-content\/uploads\/2022\/09\/Logo-principal-sin-fondo.png","width":2560,"height":934,"caption":"UrbanBiker"},"image":{"@id":"https:\/\/www.urbanbiker.com\/fr\/#\/schema\/logo\/image\/"},"sameAs":["https:\/\/www.facebook.com\/Urbanbikerbiciselectricas","https:\/\/www.instagram.com\/urbanbiker_\/","https:\/\/www.linkedin.com\/company\/2454235","https:\/\/www.youtube.com\/channel\/UCWR__uH_RWJF-OhPfz-9-Qw"]}]}},"_links":{"self":[{"href":"https:\/\/www.urbanbiker.com\/fr\/wp-json\/wp\/v2\/pages\/59376","targetHints":{"allow":["GET"]}}],"collection":[{"href":"https:\/\/www.urbanbiker.com\/fr\/wp-json\/wp\/v2\/pages"}],"about":[{"href":"https:\/\/www.urbanbiker.com\/fr\/wp-json\/wp\/v2\/types\/page"}],"author":[{"embeddable":true,"href":"https:\/\/www.urbanbiker.com\/fr\/wp-json\/wp\/v2\/users\/1"}],"replies":[{"embeddable":true,"href":"https:\/\/www.urbanbiker.com\/fr\/wp-json\/wp\/v2\/comments?post=59376"}],"version-history":[{"count":11,"href":"https:\/\/www.urbanbiker.com\/fr\/wp-json\/wp\/v2\/pages\/59376\/revisions"}],"predecessor-version":[{"id":59446,"href":"https:\/\/www.urbanbiker.com\/fr\/wp-json\/wp\/v2\/pages\/59376\/revisions\/59446"}],"wp:attachment":[{"href":"https:\/\/www.urbanbiker.com\/fr\/wp-json\/wp\/v2\/media?parent=59376"}],"curies":[{"name":"wp","href":"https:\/\/api.w.org\/{rel}","templated":true}]}}