{"id":42326,"date":"2025-04-07T09:22:44","date_gmt":"2025-04-07T07:22:44","guid":{"rendered":"https:\/\/www.urbanbiker.com\/?page_id=42326"},"modified":"2026-04-06T10:48:58","modified_gmt":"2026-04-06T08:48:58","slug":"modes-de-paiement","status":"publish","type":"page","link":"https:\/\/www.urbanbiker.com\/fr\/modes-de-paiement\/","title":{"rendered":"Modes de paiement"},"content":{"rendered":"\t\t<div data-elementor-type=\"wp-page\" data-elementor-id=\"42326\" class=\"elementor elementor-42326 elementor-42225\">\n\t\t\t\t\t\t<div class=\"elementor-section elementor-top-section elementor-element elementor-element-2e11527 elementor-section-stretched elementor-section-boxed elementor-section-height-default elementor-section-height-default\" data-id=\"2e11527\" data-element_type=\"section\" data-e-type=\"section\" data-settings=\"{&quot;stretch_section&quot;:&quot;section-stretched&quot;}\">\n\t\t\t\t\t\t<div class=\"elementor-container elementor-column-gap-no\">\n\t\t\t\t\t<div class=\"elementor-column elementor-col-100 elementor-top-column elementor-element elementor-element-d2bd899\" data-id=\"d2bd899\" data-element_type=\"column\" data-e-type=\"column\">\n\t\t\t<div class=\"elementor-widget-wrap elementor-element-populated\">\n\t\t\t\t\n\t\t<div class=\"elementor-element elementor-element-a637689 elementor-widget elementor-widget-text-editor\" data-id=\"a637689\" data-element_type=\"widget\" data-e-type=\"widget\" data-widget_type=\"text-editor.default\">\n\t\t\t\t<div class=\"elementor-widget-container\">\n\t\t\t\t\t\t\t\t\t<h2>Conditions de paiement<\/h2><h3>Carte de cr\u00e9dit<\/h3><p>UrbanBiker accepte les cartes de cr\u00e9dit suivantes pour traiter votre commande :<\/p><p>Visa<br \/>Mastercard<br \/>American Express<br \/>Belfius<br \/>Bancontact<br \/>IDEAL<br \/>Sofort<br \/>MB Way<br \/>Multibanco<\/p><p>Nous vous garantissons que les donn\u00e9es de votre carte de cr\u00e9dit sont crypt\u00e9es gr\u00e2ce au protocole SSL (Secure Socket Layer) et ne transitent jamais en clair sur le r\u00e9seau ou les serveurs de UrbanBiker.com. Le paiement est effectu\u00e9 directement \u00e0 la banque et vos coordonn\u00e9es bancaires ne transitent jamais par nos serveurs.<\/p><h3>Paypal<\/h3><p>Paiement facile et s\u00e9curis\u00e9 : le processus est le suivant.<\/p><ul><li>Il vous suffit de vous inscrire<\/li><li>Inscrivez-vous gratuitement aupr\u00e8s de PayPal et ne saisissez vos coordonn\u00e9es bancaires qu&rsquo;une seule fois. Chaque fois que vous effectuerez un achat avec PayPal, vous n&rsquo;aurez besoin que de votre adresse \u00e9lectronique et de votre mot de passe. Ainsi, vous n&rsquo;aurez pas \u00e0 saisir \u00e0 nouveau vos coordonn\u00e9es bancaires lors de votre prochain achat.<\/li><li>Agir en toute s\u00e9curit\u00e9<\/li><li>Vos donn\u00e9es sont stock\u00e9es chez nous de mani\u00e8re aussi s\u00fbre que dans un coffre-fort. En outre, nous avons mis en place la protection gratuite des acheteurs de PayPal : en cas de probl\u00e8me, nous vous remboursons.<\/li><li>Soyez flexible<\/li><li>De A comme Alternate \u00e0 Z comme Zalando, PayPal vous permet de payer dans de nombreux magasins en ligne. Et si vous d\u00e9posez votre carte de cr\u00e9dit avec le programme de bonus sur votre compte PayPal, vous continuerez bien s\u00fbr \u00e0 accumuler vos points.<\/li><\/ul><h3>Virement bancaire<\/h3><p>Il est n\u00e9cessaire d&rsquo;indiquer le NUM\u00c9RO D&rsquo;ORDRE dans le motif du virement bancaire.<\/p><p>Banque : BANCO SABADELL S.A.<br \/>Num\u00e9ro de compte bancaire : 0081 5721 9200 0137 3241<br \/>IBAN : ES64 0081 5721 9200 0137 3241<br \/>BIC : BSABESBBXXX<\/p><div><h3>Alma<\/h3><p>Gr\u00e2ce \u00e0 nos solutions de paiement, vos clients peuvent r\u00e9gler leurs achats en 2, 3, 4 fois ou plus, voire de mani\u00e8re diff\u00e9r\u00e9e.<\/p><p><strong>Quelles cartes de paiement Alma accepte-t-il ?<\/strong><\/p><p>Alma accepte les cartes bancaires \u00e9mises par les banques des pays suivants :<\/p><ul><li>France<\/li><li>Belgique<\/li><li>Espagne<\/li><li>Allemagne<\/li><li>Italie<\/li><li>Autriche<\/li><li>Irlande<\/li><li>Luxembourg<\/li><li>Pays-Bas<\/li><\/ul><p>Cependant, certains types de cartes ne permettent pas de payer en plusieurs fois ou de mani\u00e8re diff\u00e9r\u00e9e avec Alma. Il s&rsquo;agit notamment :<\/p><ul><li>Des cartes \u00e9mises par des banques \u00e9trang\u00e8res.<\/li><li>Les cartes pr\u00e9pay\u00e9es, telles que Correos, MoneyToPay, Spark, etc.<\/li><\/ul><p>En effet, la plupart de ces cartes ne disposent pas de proc\u00e9dures d&rsquo;authentification suffisamment s\u00e9curis\u00e9es pour permettre le paiement \u00e9chelonn\u00e9 ou diff\u00e9r\u00e9 avec Alma.<\/p><p>Enfin, veuillez noter que certains commerces n&rsquo;acceptent pas les <strong>cartes Business ni American Express<\/strong>.<\/p><h3>Google Pay<\/h3><p>Ce n&rsquo;est pas un simple portefeuille. C&rsquo;est Google Wallet.<\/p><p>Gr\u00e2ce \u00e0 la nouvelle application Google Wallet, vous pouvez conserver tous vos documents essentiels dans un endroit s\u00fbr, o\u00f9 que vous soyez. Vous pouvez d\u00e9sormais acc\u00e9der \u00e0 vos cartes de paiement, billets de voyage, billets de concert et bien plus encore \u00e0 partir de votre t\u00e9l\u00e9phone Android. Ce n&rsquo;est pas seulement un portefeuille num\u00e9rique, c&rsquo;est votre cl\u00e9 de tous les jours.<\/p><h3>Apple Pay<\/h3><p>Il faut quelques secondes pour l&rsquo;installer. Il n&rsquo;y a pas de myst\u00e8re pour commencer \u00e0 utiliser Apple Pay. Il suffit d&rsquo;ajouter une carte de cr\u00e9dit ou de d\u00e9bit dans l&rsquo;application Wallet sur l&rsquo;iPhone. Vous continuerez \u00e0 b\u00e9n\u00e9ficier de tous les avantages associ\u00e9s \u00e0 vos cartes sans perdre de points ou de r\u00e9compenses.<\/p><\/div>\t\t\t\t\t\t\t\t<\/div>\n\t\t\t\t<\/div>\n\t\t\t\t\t<\/div>\n\t\t<\/div>\n\t\t\t\t\t<\/div>\n\t\t<\/div>\n\t\t\t\t<\/div>\n\t\t","protected":false},"excerpt":{"rendered":"<p>Conditions de paiement Carte de cr\u00e9dit UrbanBiker accepte les cartes de cr\u00e9dit suivantes pour traiter votre commande : VisaMastercardAmerican ExpressBelfiusBancontactIDEALSofortMB WayMultibanco Nous vous garantissons que les donn\u00e9es de votre carte de cr\u00e9dit sont crypt\u00e9es gr\u00e2ce au protocole SSL (Secure Socket Layer) et ne transitent jamais en clair sur le r\u00e9seau ou les serveurs de UrbanBiker.com. [&hellip;]<\/p>\n","protected":false},"author":1,"featured_media":0,"parent":0,"menu_order":0,"comment_status":"closed","ping_status":"closed","template":"","meta":{"footnotes":""},"class_list":["post-42326","page","type-page","status-publish","hentry"],"yoast_head":"<!-- This site is optimized with the Yoast SEO plugin v27.5 - https:\/\/yoast.com\/product\/yoast-seo-wordpress\/ -->\n<title>Modes de paiement UrbanBiker<\/title>\n<meta name=\"description\" content=\"Modes de paiement UrbanBiker\" \/>\n<meta name=\"robots\" content=\"noindex, nofollow\" \/>\n<meta property=\"og:locale\" content=\"fr_FR\" \/>\n<meta property=\"og:type\" content=\"article\" \/>\n<meta property=\"og:title\" content=\"Modes de paiement UrbanBiker\" \/>\n<meta property=\"og:description\" content=\"Modes de paiement UrbanBiker\" \/>\n<meta property=\"og:url\" content=\"https:\/\/www.urbanbiker.com\/fr\/modes-de-paiement\/\" \/>\n<meta property=\"og:site_name\" content=\"UrbanBiker\" \/>\n<meta property=\"article:publisher\" content=\"https:\/\/www.facebook.com\/Urbanbikerbiciselectricas\" \/>\n<meta property=\"article:modified_time\" content=\"2026-04-06T08:48:58+00:00\" \/>\n<meta name=\"twitter:card\" content=\"summary_large_image\" \/>\n<meta name=\"twitter:label1\" content=\"Dur\u00e9e de lecture estim\u00e9e\" \/>\n\t<meta name=\"twitter:data1\" content=\"3 minutes\" \/>\n<script type=\"application\/ld+json\" class=\"yoast-schema-graph\">{\"@context\":\"https:\\\/\\\/schema.org\",\"@graph\":[{\"@type\":\"WebPage\",\"@id\":\"https:\\\/\\\/www.urbanbiker.com\\\/fr\\\/modes-de-paiement\\\/\",\"url\":\"https:\\\/\\\/www.urbanbiker.com\\\/fr\\\/modes-de-paiement\\\/\",\"name\":\"Modes de paiement UrbanBiker\",\"isPartOf\":{\"@id\":\"https:\\\/\\\/www.urbanbiker.com\\\/fr\\\/#website\"},\"datePublished\":\"2025-04-07T07:22:44+00:00\",\"dateModified\":\"2026-04-06T08:48:58+00:00\",\"description\":\"Modes de paiement UrbanBiker\",\"breadcrumb\":{\"@id\":\"https:\\\/\\\/www.urbanbiker.com\\\/fr\\\/modes-de-paiement\\\/#breadcrumb\"},\"inLanguage\":\"fr-FR\",\"potentialAction\":[{\"@type\":\"ReadAction\",\"target\":[\"https:\\\/\\\/www.urbanbiker.com\\\/fr\\\/modes-de-paiement\\\/\"]}]},{\"@type\":\"BreadcrumbList\",\"@id\":\"https:\\\/\\\/www.urbanbiker.com\\\/fr\\\/modes-de-paiement\\\/#breadcrumb\",\"itemListElement\":[{\"@type\":\"ListItem\",\"position\":1,\"name\":\"Portada\",\"item\":\"https:\\\/\\\/www.urbanbiker.com\\\/fr\\\/\"},{\"@type\":\"ListItem\",\"position\":2,\"name\":\"Modes de paiement\"}]},{\"@type\":\"WebSite\",\"@id\":\"https:\\\/\\\/www.urbanbiker.com\\\/fr\\\/#website\",\"url\":\"https:\\\/\\\/www.urbanbiker.com\\\/fr\\\/\",\"name\":\"UrbanBiker\",\"description\":\"V\u00e9los \u00e9lectriques\",\"publisher\":{\"@id\":\"https:\\\/\\\/www.urbanbiker.com\\\/fr\\\/#organization\"},\"potentialAction\":[{\"@type\":\"SearchAction\",\"target\":{\"@type\":\"EntryPoint\",\"urlTemplate\":\"https:\\\/\\\/www.urbanbiker.com\\\/fr\\\/?s={search_term_string}\"},\"query-input\":{\"@type\":\"PropertyValueSpecification\",\"valueRequired\":true,\"valueName\":\"search_term_string\"}}],\"inLanguage\":\"fr-FR\"},{\"@type\":\"Organization\",\"@id\":\"https:\\\/\\\/www.urbanbiker.com\\\/fr\\\/#organization\",\"name\":\"UrbanBiker\",\"url\":\"https:\\\/\\\/www.urbanbiker.com\\\/fr\\\/\",\"logo\":{\"@type\":\"ImageObject\",\"inLanguage\":\"fr-FR\",\"@id\":\"https:\\\/\\\/www.urbanbiker.com\\\/fr\\\/#\\\/schema\\\/logo\\\/image\\\/\",\"url\":\"https:\\\/\\\/www.urbanbiker.com\\\/wp-content\\\/uploads\\\/2022\\\/09\\\/Logo-principal-sin-fondo.png\",\"contentUrl\":\"https:\\\/\\\/www.urbanbiker.com\\\/wp-content\\\/uploads\\\/2022\\\/09\\\/Logo-principal-sin-fondo.png\",\"width\":2560,\"height\":934,\"caption\":\"UrbanBiker\"},\"image\":{\"@id\":\"https:\\\/\\\/www.urbanbiker.com\\\/fr\\\/#\\\/schema\\\/logo\\\/image\\\/\"},\"sameAs\":[\"https:\\\/\\\/www.facebook.com\\\/Urbanbikerbiciselectricas\",\"https:\\\/\\\/www.instagram.com\\\/urbanbiker_\\\/\",\"https:\\\/\\\/www.linkedin.com\\\/company\\\/2454235\",\"https:\\\/\\\/www.youtube.com\\\/channel\\\/UCWR__uH_RWJF-OhPfz-9-Qw\"]}]}<\/script>\n<!-- \/ Yoast SEO plugin. -->","yoast_head_json":{"title":"Modes de paiement UrbanBiker","description":"Modes de paiement UrbanBiker","robots":{"index":"noindex","follow":"nofollow"},"og_locale":"fr_FR","og_type":"article","og_title":"Modes de paiement UrbanBiker","og_description":"Modes de paiement UrbanBiker","og_url":"https:\/\/www.urbanbiker.com\/fr\/modes-de-paiement\/","og_site_name":"UrbanBiker","article_publisher":"https:\/\/www.facebook.com\/Urbanbikerbiciselectricas","article_modified_time":"2026-04-06T08:48:58+00:00","twitter_card":"summary_large_image","twitter_misc":{"Dur\u00e9e de lecture estim\u00e9e":"3 minutes"},"schema":{"@context":"https:\/\/schema.org","@graph":[{"@type":"WebPage","@id":"https:\/\/www.urbanbiker.com\/fr\/modes-de-paiement\/","url":"https:\/\/www.urbanbiker.com\/fr\/modes-de-paiement\/","name":"Modes de paiement UrbanBiker","isPartOf":{"@id":"https:\/\/www.urbanbiker.com\/fr\/#website"},"datePublished":"2025-04-07T07:22:44+00:00","dateModified":"2026-04-06T08:48:58+00:00","description":"Modes de paiement UrbanBiker","breadcrumb":{"@id":"https:\/\/www.urbanbiker.com\/fr\/modes-de-paiement\/#breadcrumb"},"inLanguage":"fr-FR","potentialAction":[{"@type":"ReadAction","target":["https:\/\/www.urbanbiker.com\/fr\/modes-de-paiement\/"]}]},{"@type":"BreadcrumbList","@id":"https:\/\/www.urbanbiker.com\/fr\/modes-de-paiement\/#breadcrumb","itemListElement":[{"@type":"ListItem","position":1,"name":"Portada","item":"https:\/\/www.urbanbiker.com\/fr\/"},{"@type":"ListItem","position":2,"name":"Modes de paiement"}]},{"@type":"WebSite","@id":"https:\/\/www.urbanbiker.com\/fr\/#website","url":"https:\/\/www.urbanbiker.com\/fr\/","name":"UrbanBiker","description":"V\u00e9los \u00e9lectriques","publisher":{"@id":"https:\/\/www.urbanbiker.com\/fr\/#organization"},"potentialAction":[{"@type":"SearchAction","target":{"@type":"EntryPoint","urlTemplate":"https:\/\/www.urbanbiker.com\/fr\/?s={search_term_string}"},"query-input":{"@type":"PropertyValueSpecification","valueRequired":true,"valueName":"search_term_string"}}],"inLanguage":"fr-FR"},{"@type":"Organization","@id":"https:\/\/www.urbanbiker.com\/fr\/#organization","name":"UrbanBiker","url":"https:\/\/www.urbanbiker.com\/fr\/","logo":{"@type":"ImageObject","inLanguage":"fr-FR","@id":"https:\/\/www.urbanbiker.com\/fr\/#\/schema\/logo\/image\/","url":"https:\/\/www.urbanbiker.com\/wp-content\/uploads\/2022\/09\/Logo-principal-sin-fondo.png","contentUrl":"https:\/\/www.urbanbiker.com\/wp-content\/uploads\/2022\/09\/Logo-principal-sin-fondo.png","width":2560,"height":934,"caption":"UrbanBiker"},"image":{"@id":"https:\/\/www.urbanbiker.com\/fr\/#\/schema\/logo\/image\/"},"sameAs":["https:\/\/www.facebook.com\/Urbanbikerbiciselectricas","https:\/\/www.instagram.com\/urbanbiker_\/","https:\/\/www.linkedin.com\/company\/2454235","https:\/\/www.youtube.com\/channel\/UCWR__uH_RWJF-OhPfz-9-Qw"]}]}},"_links":{"self":[{"href":"https:\/\/www.urbanbiker.com\/fr\/wp-json\/wp\/v2\/pages\/42326","targetHints":{"allow":["GET"]}}],"collection":[{"href":"https:\/\/www.urbanbiker.com\/fr\/wp-json\/wp\/v2\/pages"}],"about":[{"href":"https:\/\/www.urbanbiker.com\/fr\/wp-json\/wp\/v2\/types\/page"}],"author":[{"embeddable":true,"href":"https:\/\/www.urbanbiker.com\/fr\/wp-json\/wp\/v2\/users\/1"}],"replies":[{"embeddable":true,"href":"https:\/\/www.urbanbiker.com\/fr\/wp-json\/wp\/v2\/comments?post=42326"}],"version-history":[{"count":5,"href":"https:\/\/www.urbanbiker.com\/fr\/wp-json\/wp\/v2\/pages\/42326\/revisions"}],"predecessor-version":[{"id":62645,"href":"https:\/\/www.urbanbiker.com\/fr\/wp-json\/wp\/v2\/pages\/42326\/revisions\/62645"}],"wp:attachment":[{"href":"https:\/\/www.urbanbiker.com\/fr\/wp-json\/wp\/v2\/media?parent=42326"}],"curies":[{"name":"wp","href":"https:\/\/api.w.org\/{rel}","templated":true}]}}