{"id":39253,"date":"2024-11-28T16:45:06","date_gmt":"2024-11-28T15:45:06","guid":{"rendered":"https:\/\/www.urbanbiker.com\/?page_id=39253"},"modified":"2025-03-17T13:31:33","modified_gmt":"2025-03-17T12:31:33","slug":"politique-des-cookies","status":"publish","type":"page","link":"https:\/\/www.urbanbiker.com\/fr\/politique-des-cookies\/","title":{"rendered":"Politique des cookies"},"content":{"rendered":"\t\t<div data-elementor-type=\"wp-page\" data-elementor-id=\"39253\" class=\"elementor elementor-39253 elementor-32163\">\n\t\t\t\t\t\t<div class=\"elementor-section elementor-top-section elementor-element elementor-element-2e11527 elementor-section-stretched elementor-section-boxed elementor-section-height-default elementor-section-height-default\" data-id=\"2e11527\" data-element_type=\"section\" data-e-type=\"section\" data-settings=\"{&quot;stretch_section&quot;:&quot;section-stretched&quot;}\">\n\t\t\t\t\t\t<div class=\"elementor-container elementor-column-gap-no\">\n\t\t\t\t\t<div class=\"elementor-column elementor-col-100 elementor-top-column elementor-element elementor-element-d2bd899\" data-id=\"d2bd899\" data-element_type=\"column\" data-e-type=\"column\">\n\t\t\t<div class=\"elementor-widget-wrap elementor-element-populated\">\n\t\t\t\t\n\t\t<div class=\"elementor-element elementor-element-a637689 elementor-widget elementor-widget-text-editor\" data-id=\"a637689\" data-element_type=\"widget\" data-e-type=\"widget\" data-widget_type=\"text-editor.default\">\n\t\t\t\t<div class=\"elementor-widget-container\">\n\t\t\t\t\t\t\t\t\t<h2 data-start=\"0\" data-end=\"30\"><strong data-start=\"0\" data-end=\"28\">Qu\u2019est-ce qu\u2019un cookie ?<\/strong><\/h2><p data-start=\"32\" data-end=\"285\">Un cookie est un petit fichier qui est t\u00e9l\u00e9charg\u00e9 sur l\u2019ordinateur, la tablette ou le smartphone de l\u2019utilisateur afin de stocker des donn\u00e9es et des informations qui peuvent \u00eatre mises \u00e0 jour et r\u00e9cup\u00e9r\u00e9es par l\u2019entit\u00e9 responsable de son installation.<\/p><p data-start=\"287\" data-end=\"464\">Les informations collect\u00e9es via les cookies peuvent inclure la date et l\u2019heure des visites sur le site web, les diff\u00e9rentes sections consult\u00e9es ou le temps pass\u00e9 sur celui-ci.<\/p><h3 data-start=\"466\" data-end=\"521\"><strong data-start=\"466\" data-end=\"519\">Quels types de cookies ce site web utilise-t-il ?<\/strong><\/h3><p data-start=\"523\" data-end=\"545\"><strong data-start=\"523\" data-end=\"543\">Cookies internes<\/strong><\/p><p data-start=\"547\" data-end=\"791\">Ces cookies sont envoy\u00e9s \u00e0 votre ordinateur et g\u00e9r\u00e9s exclusivement par nous pour assurer le bon fonctionnement du site web. Les informations collect\u00e9es sont utilis\u00e9es pour am\u00e9liorer la qualit\u00e9 de notre service et votre exp\u00e9rience utilisateur.<\/p><p data-start=\"793\" data-end=\"812\"><strong data-start=\"793\" data-end=\"810\">Cookies tiers<\/strong><\/p><p data-start=\"814\" data-end=\"1142\">Ce sont des cookies envoy\u00e9s \u00e0 votre appareil depuis un syst\u00e8me ou un domaine qui n&rsquo;est pas g\u00e9r\u00e9 par nous, mais par une entit\u00e9 collaboratrice. Il s\u2019agit par exemple des cookies analytiques utilis\u00e9s par Google ou de ceux des r\u00e9seaux sociaux permettant aux utilisateurs de partager ou de recommander du contenu de notre site web.<\/p><h3 data-start=\"1144\" data-end=\"1185\"><strong data-start=\"1144\" data-end=\"1183\">Quels cookies utilise ce site web ?<\/strong><\/h3><p data-start=\"1187\" data-end=\"1305\">Vous trouverez ci-dessous tous les cookies utilis\u00e9s par ce site web, ainsi que leurs caract\u00e9ristiques et finalit\u00e9s :<\/p><ul data-start=\"1307\" data-end=\"1939\"><li data-start=\"1307\" data-end=\"1425\"><strong data-start=\"1309\" data-end=\"1322\">Connexion<\/strong> : Les cookies de connexion vous permettent de vous connecter et de vous d\u00e9connecter de votre compte.<\/li><li data-start=\"1426\" data-end=\"1623\"><strong data-start=\"1428\" data-end=\"1448\">Personnalisation<\/strong> : Les cookies nous aident \u00e0 m\u00e9moriser avec quelles personnes ou sites web vous avez interagi, afin que nous puissions vous afficher du contenu en lien avec vos pr\u00e9f\u00e9rences.<\/li><li data-start=\"1624\" data-end=\"1779\"><strong data-start=\"1626\" data-end=\"1641\">Pr\u00e9f\u00e9rences<\/strong> : Les cookies nous permettent de m\u00e9moriser vos param\u00e8tres et pr\u00e9f\u00e9rences, comme la langue choisie et vos param\u00e8tres de confidentialit\u00e9.<\/li><li data-start=\"1780\" data-end=\"1939\"><strong data-start=\"1782\" data-end=\"1794\">S\u00e9curit\u00e9<\/strong> : Nous utilisons des cookies pour pr\u00e9venir les risques de s\u00e9curit\u00e9, notamment pour d\u00e9tecter lorsqu\u2019une personne tente de pirater votre compte.<\/li><\/ul><table class=\" alignleft\" width=\"100%\"><tbody><tr><td width=\"19%\"><strong>Propri\u00e9t\u00e9<\/strong><\/td><td width=\"17%\"><strong>Cookie<\/strong><\/td><td><strong>Finalit\u00e9<\/strong><\/td><td width=\"15%\"><strong>Dur\u00e9e<\/strong><\/td><\/tr><tr><td>urbanbiker.com<\/td><td>_ga<\/td><td>ID utilis\u00e9 pour identifier les utilisateurs<\/td><td>2 ans<\/td><\/tr><tr><td>Google<\/td><td>_grecaptcha<\/td><td>Google d\u00e9finit ce cookie. En plus de certains cookies standard de Google, reCAPTCHA d\u00e9finit un cookie n\u00e9cessaire lorsqu\u2019il est ex\u00e9cut\u00e9 pour fournir son analyse de risque.<\/td><td>5 mois<\/td><\/tr><tr><td>WordPress<\/td><td>wordpress_*<\/td><td>Fonctionnel<\/td><td>3 mois<\/td><\/tr><tr><td>WordPress<\/td><td>wordpress_logged_in_*<\/td><td>Connexion des utilisateurs<\/td><td>Fin de session<\/td><\/tr><tr><td><p class=\"elementor-heading-title elementor-size-default\">Google Fonts<\/p><\/td><td>Google Fonts API<\/td><td><p id=\"tw-target-text\" class=\"tw-data-text tw-text-large XcVN5d tw-ta\" dir=\"ltr\" data-placeholder=\"Traducci\u00f3n\">Pour demander l\u2019adresse IP de l\u2019utilisateur<\/p><\/td><td>\u00a0<\/td><\/tr><tr><td>urbanbiker.com<\/td><td>_gid<\/td><td>ID utilis\u00e9 pour identifier les utilisateurs pendant 24 heures apr\u00e8s la derni\u00e8re activit\u00e9<\/td><td>22 heures<\/td><\/tr><tr><td>Google Ads Optimization<\/td><td>SAPISID<\/td><td>Fonctionnel<\/td><td>2 ans<\/td><\/tr><tr><td>Complianz<\/td><td>complianz_policy_id<\/td><td>Pour stocker l\u2019ID de la politique des cookies accept\u00e9e<\/td><td>1 an<\/td><\/tr><tr><td>Complianz<\/td><td>complianz_consent-status<\/td><td>Pour stocker les pr\u00e9f\u00e9rences de consentement des cookies<\/td><td>1 an<\/td><\/tr><tr><td>Google reCAPTCHA<\/td><td>rc::c<\/td><td>Pour filtrer les requ\u00eates des bots<\/td><td>Fin de session<\/td><\/tr><tr><td>Google reCAPTCHA<\/td><td>rc::b<\/td><td>Pour filtrer les requ\u00eates des bots<\/td><td>Fin de session<\/td><\/tr><\/tbody><\/table><h3 data-start=\"2923\" data-end=\"3008\"><strong data-start=\"2923\" data-end=\"3006\">Comment puis-je configurer ou d\u00e9sactiver les cookies utilis\u00e9s par ce site web ?<\/strong><\/h3><p data-start=\"3010\" data-end=\"3254\">Pour restreindre ou bloquer les cookies, vous devez modifier les param\u00e8tres du navigateur que vous utilisez sur votre appareil. En g\u00e9n\u00e9ral, les navigateurs offrent les options de configuration suivantes concernant l\u2019installation des cookies :<\/p><ul data-start=\"3256\" data-end=\"4036\"><li data-start=\"3256\" data-end=\"3416\"><strong data-start=\"3258\" data-end=\"3305\">Param\u00e8tres des cookies pour Google Chrome :<\/strong> <a target=\"_new\" rel=\"noopener\" data-start=\"3306\" data-end=\"3414\">https:\/\/support.google.com\/chrome\/answer\/95647?hl=fr<\/a><\/li><li data-start=\"3417\" data-end=\"3552\"><strong data-start=\"3419\" data-end=\"3465\">Param\u00e8tres des cookies pour Apple Safari :<\/strong> <a href=\"https:\/\/support.apple.com\/fr-fr\/HT201265\" target=\"_new\" rel=\"noopener\" data-start=\"3466\" data-end=\"3550\">https:\/\/support.apple.com\/fr-fr\/HT201265<\/a><\/li><li data-start=\"3553\" data-end=\"3801\"><strong data-start=\"3555\" data-end=\"3606\">Param\u00e8tres des cookies pour Internet Explorer :<\/strong> <a href=\"https:\/\/support.microsoft.com\/fr-fr\/help\/17442\/windows-internet-explorer-delete-manage-cookies\" target=\"_new\" rel=\"noopener\" data-start=\"3607\" data-end=\"3799\">https:\/\/support.microsoft.com\/fr-fr\/help\/17442\/windows-internet-explorer-delete-manage-cookies<\/a><\/li><li data-start=\"3802\" data-end=\"4036\"><strong data-start=\"3804\" data-end=\"3853\">Param\u00e8tres des cookies pour Mozilla Firefox :<\/strong> <a href=\"https:\/\/support.mozilla.org\/fr\/kb\/protection-renforcee-contre-pistage-firefox-ordinateur\" target=\"_new\" rel=\"noopener\" data-start=\"3854\" data-end=\"4034\">https:\/\/support.mozilla.org\/fr\/kb\/protection-renforcee-contre-pistage-firefox-ordinateur<\/a><\/li><\/ul><p data-start=\"4038\" data-end=\"4179\">Si l\u2019installation de tous les cookies du site web est bloqu\u00e9e, certaines fonctionnalit\u00e9s ainsi que certains contenus peuvent \u00eatre affect\u00e9s.<\/p><h3 data-start=\"4181\" data-end=\"4228\"><strong data-start=\"4181\" data-end=\"4226\">Modifications de la Politique des cookies<\/strong><\/h3><p data-start=\"4230\" data-end=\"4471\" data-is-last-node=\"\" data-is-only-node=\"\">Nous pouvons mettre \u00e0 jour la Politique des Cookies de notre site web. Nous vous recommandons donc de consulter cette politique \u00e0 chaque fois que vous acc\u00e9dez \u00e0 notre site afin d\u2019\u00eatre inform\u00e9(e) de l\u2019utilisation et des objectifs des cookies.<\/p>\t\t\t\t\t\t\t\t<\/div>\n\t\t\t\t<\/div>\n\t\t\t\t\t<\/div>\n\t\t<\/div>\n\t\t\t\t\t<\/div>\n\t\t<\/div>\n\t\t\t\t<\/div>\n\t\t","protected":false},"excerpt":{"rendered":"<p>Qu\u2019est-ce qu\u2019un cookie ? Un cookie est un petit fichier qui est t\u00e9l\u00e9charg\u00e9 sur l\u2019ordinateur, la tablette ou le smartphone de l\u2019utilisateur afin de stocker des donn\u00e9es et des informations qui peuvent \u00eatre mises \u00e0 jour et r\u00e9cup\u00e9r\u00e9es par l\u2019entit\u00e9 responsable de son installation. Les informations collect\u00e9es via les cookies peuvent inclure la date et [&hellip;]<\/p>\n","protected":false},"author":1,"featured_media":0,"parent":0,"menu_order":0,"comment_status":"closed","ping_status":"closed","template":"template-homepage.php","meta":{"footnotes":""},"class_list":["post-39253","page","type-page","status-publish","hentry"],"yoast_head":"<!-- This site is optimized with the Yoast SEO plugin v27.5 - https:\/\/yoast.com\/product\/yoast-seo-wordpress\/ -->\n<title>Politique des cookies<\/title>\n<meta name=\"description\" content=\"Politique des cookies\" \/>\n<meta name=\"robots\" content=\"noindex, nofollow\" \/>\n<meta property=\"og:locale\" content=\"fr_FR\" \/>\n<meta property=\"og:type\" content=\"article\" \/>\n<meta property=\"og:title\" content=\"Politique des cookies\" \/>\n<meta property=\"og:description\" content=\"Politique des cookies\" \/>\n<meta property=\"og:url\" content=\"https:\/\/www.urbanbiker.com\/fr\/politique-des-cookies\/\" \/>\n<meta property=\"og:site_name\" content=\"UrbanBiker\" \/>\n<meta property=\"article:publisher\" content=\"https:\/\/www.facebook.com\/Urbanbikerbiciselectricas\" \/>\n<meta property=\"article:modified_time\" content=\"2025-03-17T12:31:33+00:00\" \/>\n<meta name=\"twitter:card\" content=\"summary_large_image\" \/>\n<meta name=\"twitter:label1\" content=\"Dur\u00e9e de lecture estim\u00e9e\" \/>\n\t<meta name=\"twitter:data1\" content=\"3 minutes\" \/>\n<script type=\"application\/ld+json\" class=\"yoast-schema-graph\">{\"@context\":\"https:\\\/\\\/schema.org\",\"@graph\":[{\"@type\":\"WebPage\",\"@id\":\"https:\\\/\\\/www.urbanbiker.com\\\/fr\\\/politique-des-cookies\\\/\",\"url\":\"https:\\\/\\\/www.urbanbiker.com\\\/fr\\\/politique-des-cookies\\\/\",\"name\":\"Politique des cookies\",\"isPartOf\":{\"@id\":\"https:\\\/\\\/www.urbanbiker.com\\\/fr\\\/#website\"},\"datePublished\":\"2024-11-28T15:45:06+00:00\",\"dateModified\":\"2025-03-17T12:31:33+00:00\",\"description\":\"Politique des cookies\",\"breadcrumb\":{\"@id\":\"https:\\\/\\\/www.urbanbiker.com\\\/fr\\\/politique-des-cookies\\\/#breadcrumb\"},\"inLanguage\":\"fr-FR\",\"potentialAction\":[{\"@type\":\"ReadAction\",\"target\":[\"https:\\\/\\\/www.urbanbiker.com\\\/fr\\\/politique-des-cookies\\\/\"]}]},{\"@type\":\"BreadcrumbList\",\"@id\":\"https:\\\/\\\/www.urbanbiker.com\\\/fr\\\/politique-des-cookies\\\/#breadcrumb\",\"itemListElement\":[{\"@type\":\"ListItem\",\"position\":1,\"name\":\"Portada\",\"item\":\"https:\\\/\\\/www.urbanbiker.com\\\/fr\\\/\"},{\"@type\":\"ListItem\",\"position\":2,\"name\":\"Politique des cookies\"}]},{\"@type\":\"WebSite\",\"@id\":\"https:\\\/\\\/www.urbanbiker.com\\\/fr\\\/#website\",\"url\":\"https:\\\/\\\/www.urbanbiker.com\\\/fr\\\/\",\"name\":\"UrbanBiker\",\"description\":\"V\u00e9los \u00e9lectriques\",\"publisher\":{\"@id\":\"https:\\\/\\\/www.urbanbiker.com\\\/fr\\\/#organization\"},\"potentialAction\":[{\"@type\":\"SearchAction\",\"target\":{\"@type\":\"EntryPoint\",\"urlTemplate\":\"https:\\\/\\\/www.urbanbiker.com\\\/fr\\\/?s={search_term_string}\"},\"query-input\":{\"@type\":\"PropertyValueSpecification\",\"valueRequired\":true,\"valueName\":\"search_term_string\"}}],\"inLanguage\":\"fr-FR\"},{\"@type\":\"Organization\",\"@id\":\"https:\\\/\\\/www.urbanbiker.com\\\/fr\\\/#organization\",\"name\":\"UrbanBiker\",\"url\":\"https:\\\/\\\/www.urbanbiker.com\\\/fr\\\/\",\"logo\":{\"@type\":\"ImageObject\",\"inLanguage\":\"fr-FR\",\"@id\":\"https:\\\/\\\/www.urbanbiker.com\\\/fr\\\/#\\\/schema\\\/logo\\\/image\\\/\",\"url\":\"https:\\\/\\\/www.urbanbiker.com\\\/wp-content\\\/uploads\\\/2022\\\/09\\\/Logo-principal-sin-fondo.png\",\"contentUrl\":\"https:\\\/\\\/www.urbanbiker.com\\\/wp-content\\\/uploads\\\/2022\\\/09\\\/Logo-principal-sin-fondo.png\",\"width\":2560,\"height\":934,\"caption\":\"UrbanBiker\"},\"image\":{\"@id\":\"https:\\\/\\\/www.urbanbiker.com\\\/fr\\\/#\\\/schema\\\/logo\\\/image\\\/\"},\"sameAs\":[\"https:\\\/\\\/www.facebook.com\\\/Urbanbikerbiciselectricas\",\"https:\\\/\\\/www.instagram.com\\\/urbanbiker_\\\/\",\"https:\\\/\\\/www.linkedin.com\\\/company\\\/2454235\",\"https:\\\/\\\/www.youtube.com\\\/channel\\\/UCWR__uH_RWJF-OhPfz-9-Qw\"]}]}<\/script>\n<!-- \/ Yoast SEO plugin. -->","yoast_head_json":{"title":"Politique des cookies","description":"Politique des cookies","robots":{"index":"noindex","follow":"nofollow"},"og_locale":"fr_FR","og_type":"article","og_title":"Politique des cookies","og_description":"Politique des cookies","og_url":"https:\/\/www.urbanbiker.com\/fr\/politique-des-cookies\/","og_site_name":"UrbanBiker","article_publisher":"https:\/\/www.facebook.com\/Urbanbikerbiciselectricas","article_modified_time":"2025-03-17T12:31:33+00:00","twitter_card":"summary_large_image","twitter_misc":{"Dur\u00e9e de lecture estim\u00e9e":"3 minutes"},"schema":{"@context":"https:\/\/schema.org","@graph":[{"@type":"WebPage","@id":"https:\/\/www.urbanbiker.com\/fr\/politique-des-cookies\/","url":"https:\/\/www.urbanbiker.com\/fr\/politique-des-cookies\/","name":"Politique des cookies","isPartOf":{"@id":"https:\/\/www.urbanbiker.com\/fr\/#website"},"datePublished":"2024-11-28T15:45:06+00:00","dateModified":"2025-03-17T12:31:33+00:00","description":"Politique des cookies","breadcrumb":{"@id":"https:\/\/www.urbanbiker.com\/fr\/politique-des-cookies\/#breadcrumb"},"inLanguage":"fr-FR","potentialAction":[{"@type":"ReadAction","target":["https:\/\/www.urbanbiker.com\/fr\/politique-des-cookies\/"]}]},{"@type":"BreadcrumbList","@id":"https:\/\/www.urbanbiker.com\/fr\/politique-des-cookies\/#breadcrumb","itemListElement":[{"@type":"ListItem","position":1,"name":"Portada","item":"https:\/\/www.urbanbiker.com\/fr\/"},{"@type":"ListItem","position":2,"name":"Politique des cookies"}]},{"@type":"WebSite","@id":"https:\/\/www.urbanbiker.com\/fr\/#website","url":"https:\/\/www.urbanbiker.com\/fr\/","name":"UrbanBiker","description":"V\u00e9los \u00e9lectriques","publisher":{"@id":"https:\/\/www.urbanbiker.com\/fr\/#organization"},"potentialAction":[{"@type":"SearchAction","target":{"@type":"EntryPoint","urlTemplate":"https:\/\/www.urbanbiker.com\/fr\/?s={search_term_string}"},"query-input":{"@type":"PropertyValueSpecification","valueRequired":true,"valueName":"search_term_string"}}],"inLanguage":"fr-FR"},{"@type":"Organization","@id":"https:\/\/www.urbanbiker.com\/fr\/#organization","name":"UrbanBiker","url":"https:\/\/www.urbanbiker.com\/fr\/","logo":{"@type":"ImageObject","inLanguage":"fr-FR","@id":"https:\/\/www.urbanbiker.com\/fr\/#\/schema\/logo\/image\/","url":"https:\/\/www.urbanbiker.com\/wp-content\/uploads\/2022\/09\/Logo-principal-sin-fondo.png","contentUrl":"https:\/\/www.urbanbiker.com\/wp-content\/uploads\/2022\/09\/Logo-principal-sin-fondo.png","width":2560,"height":934,"caption":"UrbanBiker"},"image":{"@id":"https:\/\/www.urbanbiker.com\/fr\/#\/schema\/logo\/image\/"},"sameAs":["https:\/\/www.facebook.com\/Urbanbikerbiciselectricas","https:\/\/www.instagram.com\/urbanbiker_\/","https:\/\/www.linkedin.com\/company\/2454235","https:\/\/www.youtube.com\/channel\/UCWR__uH_RWJF-OhPfz-9-Qw"]}]}},"_links":{"self":[{"href":"https:\/\/www.urbanbiker.com\/fr\/wp-json\/wp\/v2\/pages\/39253","targetHints":{"allow":["GET"]}}],"collection":[{"href":"https:\/\/www.urbanbiker.com\/fr\/wp-json\/wp\/v2\/pages"}],"about":[{"href":"https:\/\/www.urbanbiker.com\/fr\/wp-json\/wp\/v2\/types\/page"}],"author":[{"embeddable":true,"href":"https:\/\/www.urbanbiker.com\/fr\/wp-json\/wp\/v2\/users\/1"}],"replies":[{"embeddable":true,"href":"https:\/\/www.urbanbiker.com\/fr\/wp-json\/wp\/v2\/comments?post=39253"}],"version-history":[{"count":8,"href":"https:\/\/www.urbanbiker.com\/fr\/wp-json\/wp\/v2\/pages\/39253\/revisions"}],"predecessor-version":[{"id":39261,"href":"https:\/\/www.urbanbiker.com\/fr\/wp-json\/wp\/v2\/pages\/39253\/revisions\/39261"}],"wp:attachment":[{"href":"https:\/\/www.urbanbiker.com\/fr\/wp-json\/wp\/v2\/media?parent=39253"}],"curies":[{"name":"wp","href":"https:\/\/api.w.org\/{rel}","templated":true}]}}