{"id":52737,"date":"2025-02-21T14:28:13","date_gmt":"2025-02-21T13:28:13","guid":{"rendered":"https:\/\/www.urbanbiker.com\/?post_type=product&#038;p=52737"},"modified":"2025-10-22T12:14:24","modified_gmt":"2025-10-22T10:14:24","slug":"reifen-maxxis-forekaster-26-28","status":"publish","type":"product","link":"https:\/\/www.urbanbiker.com\/de\/produkt\/reifen-maxxis-forekaster-26-28\/","title":{"rendered":"Reifen Maxxis Forekaster 26&#8243;\/28&#8243;"},"content":{"rendered":"","protected":false},"excerpt":{"rendered":"<h6><strong>Reifen Maxxis Forekaster 26&#8243;\/28&#8243;<\/strong><\/h6>\n<p><strong>Kompatibel mit den E-Bikes UrbanBiker Viena, Sidney (PLUS) und UB200<\/strong>. Sein abgerundeter Ballon sorgt f\u00fcr Komfort und Wendigkeit. Seine breiten und niedrigen Mittelstollen bieten die n\u00f6tige Leistung, um weit zu kommen, ohne auf der Stra\u00dfe h\u00e4ngen zu bleiben. Schlie\u00dflich sorgt sein geteilter und geriffelter Seitenteil f\u00fcr den n\u00f6tigen Grip unter allen Bedingungen.<\/p>\n","protected":false},"featured_media":0,"template":"","meta":[],"product_cat":[343,416],"product_tag":[],"class_list":{"0":"post-52737","1":"product","2":"type-product","3":"status-publish","5":"product_cat-komponenten","6":"product_cat-raeder","7":"pa_ebike-sidney","8":"pa_ebike-sidney-plus","9":"pa_ebike-ub200","10":"pa_ebike-viena","11":"pa_tamano-rueda-26-de","12":"pa_tamano-rueda-28-de","14":"first","15":"instock","16":"taxable","17":"shipping-taxable","18":"purchasable","19":"product-type-variable"},"atum_controlled":true,"out_stock_date":null,"out_stock_threshold":null,"inheritable":true,"stock_on_hold":0,"sold_today":0,"sales_last_days":0,"out_stock_days":0,"lost_sales":0,"update_date":"2026-04-24T00:27:31","atum_locations":[],"atum_stock_status":"instock","restock_status":false,"low_stock_amount":"","sales_update_date":"2026-04-24T00:27:31","calc_backorders":null,"yoast_head":"<!-- This site is optimized with the Yoast SEO plugin v27.4 - https:\/\/yoast.com\/product\/yoast-seo-wordpress\/ -->\n<title>Maxxis Forekaster 26&quot;\/28&quot; Reifen | UrbanBiker Zubeh\u00f6r<\/title>\n<meta name=\"description\" content=\"Reifen Maxxis Forekaster 26&quot;x2.15 \/ 28&quot;x2.00. Kompatibel mit UrbanBiker Sidney, Sidney PLUS, Viena und UB200 E-Bikes. | UrbanBiker\" \/>\n<meta name=\"robots\" content=\"index, follow, max-snippet:-1, max-image-preview:large, max-video-preview:-1\" \/>\n<link rel=\"canonical\" href=\"https:\/\/www.urbanbiker.com\/de\/produkt\/reifen-maxxis-forekaster-26-28\/\" \/>\n<meta property=\"og:locale\" content=\"de_DE\" \/>\n<meta property=\"og:type\" content=\"article\" \/>\n<meta property=\"og:title\" content=\"Maxxis Forekaster 26&quot;\/28&quot; Reifen | UrbanBiker Zubeh\u00f6r\" \/>\n<meta property=\"og:description\" content=\"Reifen Maxxis Forekaster 26&quot;x2.15 \/ 28&quot;x2.00. Kompatibel mit UrbanBiker Sidney, Sidney PLUS, Viena und UB200 E-Bikes. | UrbanBiker\" \/>\n<meta property=\"og:url\" content=\"https:\/\/www.urbanbiker.com\/de\/produkt\/reifen-maxxis-forekaster-26-28\/\" \/>\n<meta property=\"og:site_name\" content=\"UrbanBiker\" \/>\n<meta property=\"article:publisher\" content=\"https:\/\/www.facebook.com\/Urbanbikerbiciselectricas\" \/>\n<meta property=\"article:modified_time\" content=\"2025-10-22T10:14:24+00:00\" \/>\n<meta name=\"twitter:card\" content=\"summary_large_image\" \/>\n<script type=\"application\/ld+json\" class=\"yoast-schema-graph\">{\"@context\":\"https:\\\/\\\/schema.org\",\"@graph\":[{\"@type\":\"WebPage\",\"@id\":\"https:\\\/\\\/www.urbanbiker.com\\\/de\\\/produkt\\\/reifen-maxxis-forekaster-26-28\\\/\",\"url\":\"https:\\\/\\\/www.urbanbiker.com\\\/de\\\/produkt\\\/reifen-maxxis-forekaster-26-28\\\/\",\"name\":\"Maxxis Forekaster 26\\\"\\\/28\\\" Reifen | UrbanBiker Zubeh\u00f6r\",\"isPartOf\":{\"@id\":\"https:\\\/\\\/www.urbanbiker.com\\\/de\\\/#website\"},\"datePublished\":\"2025-02-21T13:28:13+00:00\",\"dateModified\":\"2025-10-22T10:14:24+00:00\",\"description\":\"Reifen Maxxis Forekaster 26\\\"x2.15 \\\/ 28\\\"x2.00. Kompatibel mit UrbanBiker Sidney, Sidney PLUS, Viena und UB200 E-Bikes. | UrbanBiker\",\"breadcrumb\":{\"@id\":\"https:\\\/\\\/www.urbanbiker.com\\\/de\\\/produkt\\\/reifen-maxxis-forekaster-26-28\\\/#breadcrumb\"},\"inLanguage\":\"de\",\"potentialAction\":[{\"@type\":\"ReadAction\",\"target\":[\"https:\\\/\\\/www.urbanbiker.com\\\/de\\\/produkt\\\/reifen-maxxis-forekaster-26-28\\\/\"]}]},{\"@type\":\"BreadcrumbList\",\"@id\":\"https:\\\/\\\/www.urbanbiker.com\\\/de\\\/produkt\\\/reifen-maxxis-forekaster-26-28\\\/#breadcrumb\",\"itemListElement\":[{\"@type\":\"ListItem\",\"position\":1,\"name\":\"Portada\",\"item\":\"https:\\\/\\\/www.urbanbiker.com\\\/de\\\/\"},{\"@type\":\"ListItem\",\"position\":2,\"name\":\"Elektrofahrr\u00e4der Shop\",\"item\":\"https:\\\/\\\/www.urbanbiker.com\\\/de\\\/ebike-shop\\\/\"},{\"@type\":\"ListItem\",\"position\":3,\"name\":\"Reifen Maxxis Forekaster 26&#8243;\\\/28&#8243;\"}]},{\"@type\":\"WebSite\",\"@id\":\"https:\\\/\\\/www.urbanbiker.com\\\/de\\\/#website\",\"url\":\"https:\\\/\\\/www.urbanbiker.com\\\/de\\\/\",\"name\":\"UrbanBiker\",\"description\":\"Elektrische Fahrr\u00e4der\",\"publisher\":{\"@id\":\"https:\\\/\\\/www.urbanbiker.com\\\/de\\\/#organization\"},\"potentialAction\":[{\"@type\":\"SearchAction\",\"target\":{\"@type\":\"EntryPoint\",\"urlTemplate\":\"https:\\\/\\\/www.urbanbiker.com\\\/de\\\/?s={search_term_string}\"},\"query-input\":{\"@type\":\"PropertyValueSpecification\",\"valueRequired\":true,\"valueName\":\"search_term_string\"}}],\"inLanguage\":\"de\"},{\"@type\":\"Organization\",\"@id\":\"https:\\\/\\\/www.urbanbiker.com\\\/de\\\/#organization\",\"name\":\"UrbanBiker\",\"url\":\"https:\\\/\\\/www.urbanbiker.com\\\/de\\\/\",\"logo\":{\"@type\":\"ImageObject\",\"inLanguage\":\"de\",\"@id\":\"https:\\\/\\\/www.urbanbiker.com\\\/de\\\/#\\\/schema\\\/logo\\\/image\\\/\",\"url\":\"https:\\\/\\\/www.urbanbiker.com\\\/wp-content\\\/uploads\\\/2022\\\/09\\\/Logo-principal-sin-fondo.png\",\"contentUrl\":\"https:\\\/\\\/www.urbanbiker.com\\\/wp-content\\\/uploads\\\/2022\\\/09\\\/Logo-principal-sin-fondo.png\",\"width\":2560,\"height\":934,\"caption\":\"UrbanBiker\"},\"image\":{\"@id\":\"https:\\\/\\\/www.urbanbiker.com\\\/de\\\/#\\\/schema\\\/logo\\\/image\\\/\"},\"sameAs\":[\"https:\\\/\\\/www.facebook.com\\\/Urbanbikerbiciselectricas\",\"https:\\\/\\\/www.instagram.com\\\/urbanbiker_\\\/\",\"https:\\\/\\\/www.linkedin.com\\\/company\\\/2454235\",\"https:\\\/\\\/www.youtube.com\\\/channel\\\/UCWR__uH_RWJF-OhPfz-9-Qw\"]}]}<\/script>\n<!-- \/ Yoast SEO plugin. -->","yoast_head_json":{"title":"Maxxis Forekaster 26\"\/28\" Reifen | UrbanBiker Zubeh\u00f6r","description":"Reifen Maxxis Forekaster 26\"x2.15 \/ 28\"x2.00. Kompatibel mit UrbanBiker Sidney, Sidney PLUS, Viena und UB200 E-Bikes. | UrbanBiker","robots":{"index":"index","follow":"follow","max-snippet":"max-snippet:-1","max-image-preview":"max-image-preview:large","max-video-preview":"max-video-preview:-1"},"canonical":"https:\/\/www.urbanbiker.com\/de\/produkt\/reifen-maxxis-forekaster-26-28\/","og_locale":"de_DE","og_type":"article","og_title":"Maxxis Forekaster 26\"\/28\" Reifen | UrbanBiker Zubeh\u00f6r","og_description":"Reifen Maxxis Forekaster 26\"x2.15 \/ 28\"x2.00. Kompatibel mit UrbanBiker Sidney, Sidney PLUS, Viena und UB200 E-Bikes. | UrbanBiker","og_url":"https:\/\/www.urbanbiker.com\/de\/produkt\/reifen-maxxis-forekaster-26-28\/","og_site_name":"UrbanBiker","article_publisher":"https:\/\/www.facebook.com\/Urbanbikerbiciselectricas","article_modified_time":"2025-10-22T10:14:24+00:00","twitter_card":"summary_large_image","schema":{"@context":"https:\/\/schema.org","@graph":[{"@type":"WebPage","@id":"https:\/\/www.urbanbiker.com\/de\/produkt\/reifen-maxxis-forekaster-26-28\/","url":"https:\/\/www.urbanbiker.com\/de\/produkt\/reifen-maxxis-forekaster-26-28\/","name":"Maxxis Forekaster 26\"\/28\" Reifen | UrbanBiker Zubeh\u00f6r","isPartOf":{"@id":"https:\/\/www.urbanbiker.com\/de\/#website"},"datePublished":"2025-02-21T13:28:13+00:00","dateModified":"2025-10-22T10:14:24+00:00","description":"Reifen Maxxis Forekaster 26\"x2.15 \/ 28\"x2.00. Kompatibel mit UrbanBiker Sidney, Sidney PLUS, Viena und UB200 E-Bikes. | UrbanBiker","breadcrumb":{"@id":"https:\/\/www.urbanbiker.com\/de\/produkt\/reifen-maxxis-forekaster-26-28\/#breadcrumb"},"inLanguage":"de","potentialAction":[{"@type":"ReadAction","target":["https:\/\/www.urbanbiker.com\/de\/produkt\/reifen-maxxis-forekaster-26-28\/"]}]},{"@type":"BreadcrumbList","@id":"https:\/\/www.urbanbiker.com\/de\/produkt\/reifen-maxxis-forekaster-26-28\/#breadcrumb","itemListElement":[{"@type":"ListItem","position":1,"name":"Portada","item":"https:\/\/www.urbanbiker.com\/de\/"},{"@type":"ListItem","position":2,"name":"Elektrofahrr\u00e4der Shop","item":"https:\/\/www.urbanbiker.com\/de\/ebike-shop\/"},{"@type":"ListItem","position":3,"name":"Reifen Maxxis Forekaster 26&#8243;\/28&#8243;"}]},{"@type":"WebSite","@id":"https:\/\/www.urbanbiker.com\/de\/#website","url":"https:\/\/www.urbanbiker.com\/de\/","name":"UrbanBiker","description":"Elektrische Fahrr\u00e4der","publisher":{"@id":"https:\/\/www.urbanbiker.com\/de\/#organization"},"potentialAction":[{"@type":"SearchAction","target":{"@type":"EntryPoint","urlTemplate":"https:\/\/www.urbanbiker.com\/de\/?s={search_term_string}"},"query-input":{"@type":"PropertyValueSpecification","valueRequired":true,"valueName":"search_term_string"}}],"inLanguage":"de"},{"@type":"Organization","@id":"https:\/\/www.urbanbiker.com\/de\/#organization","name":"UrbanBiker","url":"https:\/\/www.urbanbiker.com\/de\/","logo":{"@type":"ImageObject","inLanguage":"de","@id":"https:\/\/www.urbanbiker.com\/de\/#\/schema\/logo\/image\/","url":"https:\/\/www.urbanbiker.com\/wp-content\/uploads\/2022\/09\/Logo-principal-sin-fondo.png","contentUrl":"https:\/\/www.urbanbiker.com\/wp-content\/uploads\/2022\/09\/Logo-principal-sin-fondo.png","width":2560,"height":934,"caption":"UrbanBiker"},"image":{"@id":"https:\/\/www.urbanbiker.com\/de\/#\/schema\/logo\/image\/"},"sameAs":["https:\/\/www.facebook.com\/Urbanbikerbiciselectricas","https:\/\/www.instagram.com\/urbanbiker_\/","https:\/\/www.linkedin.com\/company\/2454235","https:\/\/www.youtube.com\/channel\/UCWR__uH_RWJF-OhPfz-9-Qw"]}]}},"_links":{"self":[{"href":"https:\/\/www.urbanbiker.com\/de\/wp-json\/wp\/v2\/product\/52737","targetHints":{"allow":["GET"]}}],"collection":[{"href":"https:\/\/www.urbanbiker.com\/de\/wp-json\/wp\/v2\/product"}],"about":[{"href":"https:\/\/www.urbanbiker.com\/de\/wp-json\/wp\/v2\/types\/product"}],"version-history":[{"count":4,"href":"https:\/\/www.urbanbiker.com\/de\/wp-json\/wp\/v2\/product\/52737\/revisions"}],"predecessor-version":[{"id":56618,"href":"https:\/\/www.urbanbiker.com\/de\/wp-json\/wp\/v2\/product\/52737\/revisions\/56618"}],"wp:attachment":[{"href":"https:\/\/www.urbanbiker.com\/de\/wp-json\/wp\/v2\/media?parent=52737"}],"wp:term":[{"taxonomy":"product_cat","embeddable":true,"href":"https:\/\/www.urbanbiker.com\/de\/wp-json\/wp\/v2\/product_cat?post=52737"},{"taxonomy":"product_tag","embeddable":true,"href":"https:\/\/www.urbanbiker.com\/de\/wp-json\/wp\/v2\/product_tag?post=52737"}],"curies":[{"name":"wp","href":"https:\/\/api.w.org\/{rel}","templated":true}]}}