{"id":38430,"date":"2025-02-10T09:14:37","date_gmt":"2025-02-10T08:14:37","guid":{"rendered":"https:\/\/www.urbanbiker.com\/producto\/ubk-systems-x2-blauer-sensor\/"},"modified":"2026-04-29T14:18:25","modified_gmt":"2026-04-29T12:18:25","slug":"pas-sensor-ubk-systems-x2-4-pin","status":"publish","type":"product","link":"https:\/\/www.urbanbiker.com\/de\/produkt\/pas-sensor-ubk-systems-x2-4-pin\/","title":{"rendered":"PAS-Sensor UBK Systems X2 (4-Pin)"},"content":{"rendered":"\t\t<div data-elementor-type=\"wp-post\" data-elementor-id=\"38430\" class=\"elementor elementor-38430 elementor-37659\">\n\t\t\t\t\t\t<section class=\"elementor-section elementor-top-section elementor-element elementor-element-929e6f6 elementor-section-boxed elementor-section-height-default elementor-section-height-default\" data-id=\"929e6f6\" data-element_type=\"section\" data-e-type=\"section\">\n\t\t\t\t\t\t<div class=\"elementor-container elementor-column-gap-default\">\n\t\t\t\t\t<div class=\"elementor-column elementor-col-100 elementor-top-column elementor-element elementor-element-7324e5f\" data-id=\"7324e5f\" data-element_type=\"column\" data-e-type=\"column\">\n\t\t\t<div class=\"elementor-widget-wrap elementor-element-populated\">\n\t\t\t\t\n\t\t<div class=\"elementor-element elementor-element-b9c74cb elementor-widget elementor-widget-text-editor\" data-id=\"b9c74cb\" data-element_type=\"widget\" data-e-type=\"widget\" data-widget_type=\"text-editor.default\">\n\t\t\t\t<div class=\"elementor-widget-container\">\n\t\t\t\t\t\t\t\t\t<h4 data-start=\"83\" data-end=\"127\"><strong data-start=\"83\" data-end=\"127\">Wichtig: Vorherige Diagnose erforderlich<\/strong><\/h4><p data-start=\"129\" data-end=\"387\">Um sicherzustellen, dass du das richtige Ersatzteil kaufst, ist eine pr\u00e4zise Diagnose unerl\u00e4sslich. Wenn das Problem nicht eindeutig identifiziert wurde, kann das Bauteil die St\u00f6rung m\u00f6glicherweise nicht beheben oder sogar das elektrische System besch\u00e4digen.<\/p><p data-start=\"389\" data-end=\"540\">\u2757 R\u00fccksendungen werden <strong data-start=\"412\" data-end=\"419\">nur<\/strong> akzeptiert, wenn zuvor eine Diagnose durch unser Team erfolgt ist. Bitte kontaktiere unser Serviceteam <strong data-start=\"523\" data-end=\"539\">vor dem Kauf<\/strong>.<\/p>\t\t\t\t\t\t\t\t<\/div>\n\t\t\t\t<\/div>\n\t\t\t\t\t<\/div>\n\t\t<\/div>\n\t\t\t\t\t<\/div>\n\t\t<\/section>\n\t\t\t\t<\/div>\n\t\t","protected":false},"excerpt":{"rendered":"<h6><strong>PAS-Sensor UBK Systems X2 (4-Pin)<\/strong><\/h6>\n<p>Der <strong>PAS-Sensor <a href=\"https:\/\/www.ubksystems.com\/\" target=\"_blank\" rel=\"noopener\">UBK Systems<\/a> X2 (4-Pin\/Blau)<\/strong>\u00a0ist nur f\u00fcr Modelle mit UBK Systems X2-Motor und <strong>Elektrofahrr\u00e4der, die nach 2022 gekauft wurden<\/strong>, kompatibel. <strong>PAS-Sensor<\/strong> mit 24 Erfassungspunkten. Erm\u00f6glicht ein progressiveres und stabileres Gef\u00fchl beim Fahren mit dem E-Bike. Dieses Design passt sicher auf das E-Bike und ist schnell zu installieren und zu montieren.<\/p>\n","protected":false},"featured_media":56739,"template":"","meta":[],"product_cat":[343,362],"product_tag":[],"class_list":{"0":"post-38430","1":"product","2":"type-product","3":"status-publish","4":"has-post-thumbnail","6":"product_cat-komponenten","7":"product_cat-verkabelung","8":"pa_ebike-mini","9":"pa_ebike-sidney","10":"pa_ebike-viena","12":"first","13":"instock","14":"taxable","15":"shipping-taxable","16":"purchasable","17":"product-type-simple"},"atum_controlled":true,"out_stock_date":null,"out_stock_threshold":null,"inheritable":false,"stock_on_hold":0,"sold_today":0,"sales_last_days":0,"out_stock_days":0,"lost_sales":0,"update_date":"2026-05-05T00:35:19","atum_locations":[],"atum_stock_status":"instock","restock_status":false,"low_stock_amount":"","sales_update_date":"2026-05-05T00:35:19","calc_backorders":null,"yoast_head":"<!-- This site is optimized with the Yoast SEO plugin v27.5 - https:\/\/yoast.com\/product\/yoast-seo-wordpress\/ -->\n<title>PAS-Sensor UBK Systems X2 (4-Pin) | Verkabelung UrbanBiker<\/title>\n<meta name=\"description\" content=\"Der PAS-Sensor UBK Systems X2 (4-Pin\/Blau) ist nur f\u00fcr Modelle mit UBK Systems X2-Motor und Elektrofahrr\u00e4der, die nach 2022 gekauft wurden, kompatibel.\" \/>\n<meta name=\"robots\" content=\"index, follow, max-snippet:-1, max-image-preview:large, max-video-preview:-1\" \/>\n<link rel=\"canonical\" href=\"https:\/\/www.urbanbiker.com\/de\/produkt\/pas-sensor-ubk-systems-x2-4-pin\/\" \/>\n<meta property=\"og:locale\" content=\"de_DE\" \/>\n<meta property=\"og:type\" content=\"article\" \/>\n<meta property=\"og:title\" content=\"PAS-Sensor UBK Systems X2 (4-Pin) | Verkabelung UrbanBiker\" \/>\n<meta property=\"og:description\" content=\"Der PAS-Sensor UBK Systems X2 (4-Pin\/Blau) ist nur f\u00fcr Modelle mit UBK Systems X2-Motor und Elektrofahrr\u00e4der, die nach 2022 gekauft wurden, kompatibel.\" \/>\n<meta property=\"og:url\" content=\"https:\/\/www.urbanbiker.com\/de\/produkt\/pas-sensor-ubk-systems-x2-4-pin\/\" \/>\n<meta property=\"og:site_name\" content=\"UrbanBiker\" \/>\n<meta property=\"article:publisher\" content=\"https:\/\/www.facebook.com\/Urbanbikerbiciselectricas\" \/>\n<meta property=\"article:modified_time\" content=\"2026-04-29T12:18:25+00:00\" \/>\n<meta property=\"og:image\" content=\"https:\/\/www.urbanbiker.com\/wp-content\/uploads\/2025\/02\/Sensor-PAS-Azul-X2-redondo-02.jpg\" \/>\n\t<meta property=\"og:image:width\" content=\"1080\" \/>\n\t<meta property=\"og:image:height\" content=\"1080\" \/>\n\t<meta property=\"og:image:type\" content=\"image\/jpeg\" \/>\n<meta name=\"twitter:card\" content=\"summary_large_image\" \/>\n<meta name=\"twitter:label1\" content=\"Gesch\u00e4tzte Lesezeit\" \/>\n\t<meta name=\"twitter:data1\" content=\"1\u00a0Minute\" \/>\n<script type=\"application\/ld+json\" class=\"yoast-schema-graph\">{\"@context\":\"https:\\\/\\\/schema.org\",\"@graph\":[{\"@type\":\"WebPage\",\"@id\":\"https:\\\/\\\/www.urbanbiker.com\\\/de\\\/produkt\\\/pas-sensor-ubk-systems-x2-4-pin\\\/\",\"url\":\"https:\\\/\\\/www.urbanbiker.com\\\/de\\\/produkt\\\/pas-sensor-ubk-systems-x2-4-pin\\\/\",\"name\":\"PAS-Sensor UBK Systems X2 (4-Pin) | Verkabelung UrbanBiker\",\"isPartOf\":{\"@id\":\"https:\\\/\\\/www.urbanbiker.com\\\/de\\\/#website\"},\"primaryImageOfPage\":{\"@id\":\"https:\\\/\\\/www.urbanbiker.com\\\/de\\\/produkt\\\/pas-sensor-ubk-systems-x2-4-pin\\\/#primaryimage\"},\"image\":{\"@id\":\"https:\\\/\\\/www.urbanbiker.com\\\/de\\\/produkt\\\/pas-sensor-ubk-systems-x2-4-pin\\\/#primaryimage\"},\"thumbnailUrl\":\"https:\\\/\\\/www.urbanbiker.com\\\/wp-content\\\/uploads\\\/2025\\\/02\\\/Sensor-PAS-Azul-X2-redondo-02.jpg\",\"datePublished\":\"2025-02-10T08:14:37+00:00\",\"dateModified\":\"2026-04-29T12:18:25+00:00\",\"description\":\"Der PAS-Sensor UBK Systems X2 (4-Pin\\\/Blau) ist nur f\u00fcr Modelle mit UBK Systems X2-Motor und Elektrofahrr\u00e4der, die nach 2022 gekauft wurden, kompatibel.\",\"breadcrumb\":{\"@id\":\"https:\\\/\\\/www.urbanbiker.com\\\/de\\\/produkt\\\/pas-sensor-ubk-systems-x2-4-pin\\\/#breadcrumb\"},\"inLanguage\":\"de\",\"potentialAction\":[{\"@type\":\"ReadAction\",\"target\":[\"https:\\\/\\\/www.urbanbiker.com\\\/de\\\/produkt\\\/pas-sensor-ubk-systems-x2-4-pin\\\/\"]}]},{\"@type\":\"ImageObject\",\"inLanguage\":\"de\",\"@id\":\"https:\\\/\\\/www.urbanbiker.com\\\/de\\\/produkt\\\/pas-sensor-ubk-systems-x2-4-pin\\\/#primaryimage\",\"url\":\"https:\\\/\\\/www.urbanbiker.com\\\/wp-content\\\/uploads\\\/2025\\\/02\\\/Sensor-PAS-Azul-X2-redondo-02.jpg\",\"contentUrl\":\"https:\\\/\\\/www.urbanbiker.com\\\/wp-content\\\/uploads\\\/2025\\\/02\\\/Sensor-PAS-Azul-X2-redondo-02.jpg\",\"width\":1080,\"height\":1080,\"caption\":\"Sensor PAS Azul X2 4-pins redondo 02\"},{\"@type\":\"BreadcrumbList\",\"@id\":\"https:\\\/\\\/www.urbanbiker.com\\\/de\\\/produkt\\\/pas-sensor-ubk-systems-x2-4-pin\\\/#breadcrumb\",\"itemListElement\":[{\"@type\":\"ListItem\",\"position\":1,\"name\":\"Portada\",\"item\":\"https:\\\/\\\/www.urbanbiker.com\\\/de\\\/\"},{\"@type\":\"ListItem\",\"position\":2,\"name\":\"Elektrofahrr\u00e4der Shop\",\"item\":\"https:\\\/\\\/www.urbanbiker.com\\\/de\\\/ebike-shop\\\/\"},{\"@type\":\"ListItem\",\"position\":3,\"name\":\"PAS-Sensor UBK Systems X2 (4-Pin)\"}]},{\"@type\":\"WebSite\",\"@id\":\"https:\\\/\\\/www.urbanbiker.com\\\/de\\\/#website\",\"url\":\"https:\\\/\\\/www.urbanbiker.com\\\/de\\\/\",\"name\":\"UrbanBiker\",\"description\":\"Elektrische Fahrr\u00e4der\",\"publisher\":{\"@id\":\"https:\\\/\\\/www.urbanbiker.com\\\/de\\\/#organization\"},\"potentialAction\":[{\"@type\":\"SearchAction\",\"target\":{\"@type\":\"EntryPoint\",\"urlTemplate\":\"https:\\\/\\\/www.urbanbiker.com\\\/de\\\/?s={search_term_string}\"},\"query-input\":{\"@type\":\"PropertyValueSpecification\",\"valueRequired\":true,\"valueName\":\"search_term_string\"}}],\"inLanguage\":\"de\"},{\"@type\":\"Organization\",\"@id\":\"https:\\\/\\\/www.urbanbiker.com\\\/de\\\/#organization\",\"name\":\"UrbanBiker\",\"url\":\"https:\\\/\\\/www.urbanbiker.com\\\/de\\\/\",\"logo\":{\"@type\":\"ImageObject\",\"inLanguage\":\"de\",\"@id\":\"https:\\\/\\\/www.urbanbiker.com\\\/de\\\/#\\\/schema\\\/logo\\\/image\\\/\",\"url\":\"https:\\\/\\\/www.urbanbiker.com\\\/wp-content\\\/uploads\\\/2022\\\/09\\\/Logo-principal-sin-fondo.png\",\"contentUrl\":\"https:\\\/\\\/www.urbanbiker.com\\\/wp-content\\\/uploads\\\/2022\\\/09\\\/Logo-principal-sin-fondo.png\",\"width\":2560,\"height\":934,\"caption\":\"UrbanBiker\"},\"image\":{\"@id\":\"https:\\\/\\\/www.urbanbiker.com\\\/de\\\/#\\\/schema\\\/logo\\\/image\\\/\"},\"sameAs\":[\"https:\\\/\\\/www.facebook.com\\\/Urbanbikerbiciselectricas\",\"https:\\\/\\\/www.instagram.com\\\/urbanbiker_\\\/\",\"https:\\\/\\\/www.linkedin.com\\\/company\\\/2454235\",\"https:\\\/\\\/www.youtube.com\\\/channel\\\/UCWR__uH_RWJF-OhPfz-9-Qw\"]}]}<\/script>\n<!-- \/ Yoast SEO plugin. -->","yoast_head_json":{"title":"PAS-Sensor UBK Systems X2 (4-Pin) | Verkabelung UrbanBiker","description":"Der PAS-Sensor UBK Systems X2 (4-Pin\/Blau) ist nur f\u00fcr Modelle mit UBK Systems X2-Motor und Elektrofahrr\u00e4der, die nach 2022 gekauft wurden, kompatibel.","robots":{"index":"index","follow":"follow","max-snippet":"max-snippet:-1","max-image-preview":"max-image-preview:large","max-video-preview":"max-video-preview:-1"},"canonical":"https:\/\/www.urbanbiker.com\/de\/produkt\/pas-sensor-ubk-systems-x2-4-pin\/","og_locale":"de_DE","og_type":"article","og_title":"PAS-Sensor UBK Systems X2 (4-Pin) | Verkabelung UrbanBiker","og_description":"Der PAS-Sensor UBK Systems X2 (4-Pin\/Blau) ist nur f\u00fcr Modelle mit UBK Systems X2-Motor und Elektrofahrr\u00e4der, die nach 2022 gekauft wurden, kompatibel.","og_url":"https:\/\/www.urbanbiker.com\/de\/produkt\/pas-sensor-ubk-systems-x2-4-pin\/","og_site_name":"UrbanBiker","article_publisher":"https:\/\/www.facebook.com\/Urbanbikerbiciselectricas","article_modified_time":"2026-04-29T12:18:25+00:00","og_image":[{"width":1080,"height":1080,"url":"https:\/\/www.urbanbiker.com\/wp-content\/uploads\/2025\/02\/Sensor-PAS-Azul-X2-redondo-02.jpg","type":"image\/jpeg"}],"twitter_card":"summary_large_image","twitter_misc":{"Gesch\u00e4tzte Lesezeit":"1\u00a0Minute"},"schema":{"@context":"https:\/\/schema.org","@graph":[{"@type":"WebPage","@id":"https:\/\/www.urbanbiker.com\/de\/produkt\/pas-sensor-ubk-systems-x2-4-pin\/","url":"https:\/\/www.urbanbiker.com\/de\/produkt\/pas-sensor-ubk-systems-x2-4-pin\/","name":"PAS-Sensor UBK Systems X2 (4-Pin) | Verkabelung UrbanBiker","isPartOf":{"@id":"https:\/\/www.urbanbiker.com\/de\/#website"},"primaryImageOfPage":{"@id":"https:\/\/www.urbanbiker.com\/de\/produkt\/pas-sensor-ubk-systems-x2-4-pin\/#primaryimage"},"image":{"@id":"https:\/\/www.urbanbiker.com\/de\/produkt\/pas-sensor-ubk-systems-x2-4-pin\/#primaryimage"},"thumbnailUrl":"https:\/\/www.urbanbiker.com\/wp-content\/uploads\/2025\/02\/Sensor-PAS-Azul-X2-redondo-02.jpg","datePublished":"2025-02-10T08:14:37+00:00","dateModified":"2026-04-29T12:18:25+00:00","description":"Der PAS-Sensor UBK Systems X2 (4-Pin\/Blau) ist nur f\u00fcr Modelle mit UBK Systems X2-Motor und Elektrofahrr\u00e4der, die nach 2022 gekauft wurden, kompatibel.","breadcrumb":{"@id":"https:\/\/www.urbanbiker.com\/de\/produkt\/pas-sensor-ubk-systems-x2-4-pin\/#breadcrumb"},"inLanguage":"de","potentialAction":[{"@type":"ReadAction","target":["https:\/\/www.urbanbiker.com\/de\/produkt\/pas-sensor-ubk-systems-x2-4-pin\/"]}]},{"@type":"ImageObject","inLanguage":"de","@id":"https:\/\/www.urbanbiker.com\/de\/produkt\/pas-sensor-ubk-systems-x2-4-pin\/#primaryimage","url":"https:\/\/www.urbanbiker.com\/wp-content\/uploads\/2025\/02\/Sensor-PAS-Azul-X2-redondo-02.jpg","contentUrl":"https:\/\/www.urbanbiker.com\/wp-content\/uploads\/2025\/02\/Sensor-PAS-Azul-X2-redondo-02.jpg","width":1080,"height":1080,"caption":"Sensor PAS Azul X2 4-pins redondo 02"},{"@type":"BreadcrumbList","@id":"https:\/\/www.urbanbiker.com\/de\/produkt\/pas-sensor-ubk-systems-x2-4-pin\/#breadcrumb","itemListElement":[{"@type":"ListItem","position":1,"name":"Portada","item":"https:\/\/www.urbanbiker.com\/de\/"},{"@type":"ListItem","position":2,"name":"Elektrofahrr\u00e4der Shop","item":"https:\/\/www.urbanbiker.com\/de\/ebike-shop\/"},{"@type":"ListItem","position":3,"name":"PAS-Sensor UBK Systems X2 (4-Pin)"}]},{"@type":"WebSite","@id":"https:\/\/www.urbanbiker.com\/de\/#website","url":"https:\/\/www.urbanbiker.com\/de\/","name":"UrbanBiker","description":"Elektrische Fahrr\u00e4der","publisher":{"@id":"https:\/\/www.urbanbiker.com\/de\/#organization"},"potentialAction":[{"@type":"SearchAction","target":{"@type":"EntryPoint","urlTemplate":"https:\/\/www.urbanbiker.com\/de\/?s={search_term_string}"},"query-input":{"@type":"PropertyValueSpecification","valueRequired":true,"valueName":"search_term_string"}}],"inLanguage":"de"},{"@type":"Organization","@id":"https:\/\/www.urbanbiker.com\/de\/#organization","name":"UrbanBiker","url":"https:\/\/www.urbanbiker.com\/de\/","logo":{"@type":"ImageObject","inLanguage":"de","@id":"https:\/\/www.urbanbiker.com\/de\/#\/schema\/logo\/image\/","url":"https:\/\/www.urbanbiker.com\/wp-content\/uploads\/2022\/09\/Logo-principal-sin-fondo.png","contentUrl":"https:\/\/www.urbanbiker.com\/wp-content\/uploads\/2022\/09\/Logo-principal-sin-fondo.png","width":2560,"height":934,"caption":"UrbanBiker"},"image":{"@id":"https:\/\/www.urbanbiker.com\/de\/#\/schema\/logo\/image\/"},"sameAs":["https:\/\/www.facebook.com\/Urbanbikerbiciselectricas","https:\/\/www.instagram.com\/urbanbiker_\/","https:\/\/www.linkedin.com\/company\/2454235","https:\/\/www.youtube.com\/channel\/UCWR__uH_RWJF-OhPfz-9-Qw"]}]}},"_links":{"self":[{"href":"https:\/\/www.urbanbiker.com\/de\/wp-json\/wp\/v2\/product\/38430","targetHints":{"allow":["GET"]}}],"collection":[{"href":"https:\/\/www.urbanbiker.com\/de\/wp-json\/wp\/v2\/product"}],"about":[{"href":"https:\/\/www.urbanbiker.com\/de\/wp-json\/wp\/v2\/types\/product"}],"version-history":[{"count":8,"href":"https:\/\/www.urbanbiker.com\/de\/wp-json\/wp\/v2\/product\/38430\/revisions"}],"predecessor-version":[{"id":57094,"href":"https:\/\/www.urbanbiker.com\/de\/wp-json\/wp\/v2\/product\/38430\/revisions\/57094"}],"wp:featuredmedia":[{"embeddable":true,"href":"https:\/\/www.urbanbiker.com\/de\/wp-json\/wp\/v2\/media\/56739"}],"wp:attachment":[{"href":"https:\/\/www.urbanbiker.com\/de\/wp-json\/wp\/v2\/media?parent=38430"}],"wp:term":[{"taxonomy":"product_cat","embeddable":true,"href":"https:\/\/www.urbanbiker.com\/de\/wp-json\/wp\/v2\/product_cat?post=38430"},{"taxonomy":"product_tag","embeddable":true,"href":"https:\/\/www.urbanbiker.com\/de\/wp-json\/wp\/v2\/product_tag?post=38430"}],"curies":[{"name":"wp","href":"https:\/\/api.w.org\/{rel}","templated":true}]}}