{"id":37304,"date":"2025-02-25T10:38:44","date_gmt":"2025-02-25T09:38:44","guid":{"rendered":"https:\/\/www.urbanbiker.com\/tienda-bicicletas-electricas\/dakota-fs-zentrale-stossdaempfer-hochdruckpumpe\/"},"modified":"2025-08-14T08:50:02","modified_gmt":"2025-08-14T06:50:02","slug":"hochdruckpumpe-fuer-zentrale-stossdaempfer","status":"publish","type":"product","link":"https:\/\/www.urbanbiker.com\/de\/produkt\/hochdruckpumpe-fuer-zentrale-stossdaempfer\/","title":{"rendered":"Hochdruckpumpe f\u00fcr zentrale Sto\u00dfd\u00e4mpfer"},"content":{"rendered":"","protected":false},"excerpt":{"rendered":"<h6><strong>Hochdruckpumpe f\u00fcr zentrale Sto\u00dfd\u00e4mpfer<\/strong><\/h6>\n<p>Kompatibel mit den Modellen Dakota FS, UB400 und UB400 FE der Marke UrbanBiker<\/p>\n","protected":false},"featured_media":38007,"template":"","meta":[],"product_cat":[369],"product_tag":[],"class_list":{"0":"post-37304","1":"product","2":"type-product","3":"status-publish","4":"has-post-thumbnail","6":"product_cat-ergaenzungen","7":"pa_ebike-dakota-fs","8":"pa_ebike-ub400","9":"pa_ebike-ub410b","11":"first","12":"instock","13":"taxable","14":"shipping-taxable","15":"purchasable","16":"product-type-simple"},"atum_controlled":true,"out_stock_date":null,"out_stock_threshold":null,"inheritable":false,"stock_on_hold":0,"sold_today":0,"sales_last_days":0,"out_stock_days":0,"lost_sales":0,"update_date":"2026-04-08T00:13:37","atum_locations":[],"atum_stock_status":"instock","restock_status":false,"low_stock_amount":"","sales_update_date":"2026-04-08T00:13:37","calc_backorders":null,"yoast_head":"<!-- This site is optimized with the Yoast SEO plugin v27.3 - https:\/\/yoast.com\/product\/yoast-seo-wordpress\/ -->\n<title>Hochdruckpumpe f\u00fcr zentrale Sto\u00dfd\u00e4mpfer<\/title>\n<meta name=\"description\" content=\"Hochdruckpumpe f\u00fcr zentrale Sto\u00dfd\u00e4mpfer. Kompatibel u.a. mit den Modellen Dakota FS, UB400 und UB400 FE der Marke UrbanBiker.\" \/>\n<meta name=\"robots\" content=\"index, follow, max-snippet:-1, max-image-preview:large, max-video-preview:-1\" \/>\n<link rel=\"canonical\" href=\"https:\/\/www.urbanbiker.com\/de\/produkt\/hochdruckpumpe-fuer-zentrale-stossdaempfer\/\" \/>\n<meta property=\"og:locale\" content=\"de_DE\" \/>\n<meta property=\"og:type\" content=\"article\" \/>\n<meta property=\"og:title\" content=\"Hochdruckpumpe f\u00fcr zentrale Sto\u00dfd\u00e4mpfer\" \/>\n<meta property=\"og:description\" content=\"Hochdruckpumpe f\u00fcr zentrale Sto\u00dfd\u00e4mpfer. Kompatibel u.a. mit den Modellen Dakota FS, UB400 und UB400 FE der Marke UrbanBiker.\" \/>\n<meta property=\"og:url\" content=\"https:\/\/www.urbanbiker.com\/de\/produkt\/hochdruckpumpe-fuer-zentrale-stossdaempfer\/\" \/>\n<meta property=\"og:site_name\" content=\"UrbanBiker\" \/>\n<meta property=\"article:publisher\" content=\"https:\/\/www.facebook.com\/Urbanbikerbiciselectricas\" \/>\n<meta property=\"article:modified_time\" content=\"2025-08-14T06:50:02+00:00\" \/>\n<meta property=\"og:image\" content=\"https:\/\/www.urbanbiker.com\/wp-content\/uploads\/2025\/02\/Bomba-1.jpg\" \/>\n\t<meta property=\"og:image:width\" content=\"1080\" \/>\n\t<meta property=\"og:image:height\" content=\"1080\" \/>\n\t<meta property=\"og:image:type\" content=\"image\/jpeg\" \/>\n<meta name=\"twitter:card\" content=\"summary_large_image\" \/>\n<meta name=\"twitter:label1\" content=\"Gesch\u00e4tzte Lesezeit\" \/>\n\t<meta name=\"twitter:data1\" content=\"1\u00a0Minute\" \/>\n<script type=\"application\/ld+json\" class=\"yoast-schema-graph\">{\"@context\":\"https:\\\/\\\/schema.org\",\"@graph\":[{\"@type\":\"WebPage\",\"@id\":\"https:\\\/\\\/www.urbanbiker.com\\\/de\\\/produkt\\\/hochdruckpumpe-fuer-zentrale-stossdaempfer\\\/\",\"url\":\"https:\\\/\\\/www.urbanbiker.com\\\/de\\\/produkt\\\/hochdruckpumpe-fuer-zentrale-stossdaempfer\\\/\",\"name\":\"Hochdruckpumpe f\u00fcr zentrale Sto\u00dfd\u00e4mpfer\",\"isPartOf\":{\"@id\":\"https:\\\/\\\/www.urbanbiker.com\\\/de\\\/#website\"},\"primaryImageOfPage\":{\"@id\":\"https:\\\/\\\/www.urbanbiker.com\\\/de\\\/produkt\\\/hochdruckpumpe-fuer-zentrale-stossdaempfer\\\/#primaryimage\"},\"image\":{\"@id\":\"https:\\\/\\\/www.urbanbiker.com\\\/de\\\/produkt\\\/hochdruckpumpe-fuer-zentrale-stossdaempfer\\\/#primaryimage\"},\"thumbnailUrl\":\"https:\\\/\\\/www.urbanbiker.com\\\/wp-content\\\/uploads\\\/2025\\\/02\\\/Bomba-1.jpg\",\"datePublished\":\"2025-02-25T09:38:44+00:00\",\"dateModified\":\"2025-08-14T06:50:02+00:00\",\"description\":\"Hochdruckpumpe f\u00fcr zentrale Sto\u00dfd\u00e4mpfer. Kompatibel u.a. mit den Modellen Dakota FS, UB400 und UB400 FE der Marke UrbanBiker.\",\"breadcrumb\":{\"@id\":\"https:\\\/\\\/www.urbanbiker.com\\\/de\\\/produkt\\\/hochdruckpumpe-fuer-zentrale-stossdaempfer\\\/#breadcrumb\"},\"inLanguage\":\"de\",\"potentialAction\":[{\"@type\":\"ReadAction\",\"target\":[\"https:\\\/\\\/www.urbanbiker.com\\\/de\\\/produkt\\\/hochdruckpumpe-fuer-zentrale-stossdaempfer\\\/\"]}]},{\"@type\":\"ImageObject\",\"inLanguage\":\"de\",\"@id\":\"https:\\\/\\\/www.urbanbiker.com\\\/de\\\/produkt\\\/hochdruckpumpe-fuer-zentrale-stossdaempfer\\\/#primaryimage\",\"url\":\"https:\\\/\\\/www.urbanbiker.com\\\/wp-content\\\/uploads\\\/2025\\\/02\\\/Bomba-1.jpg\",\"contentUrl\":\"https:\\\/\\\/www.urbanbiker.com\\\/wp-content\\\/uploads\\\/2025\\\/02\\\/Bomba-1.jpg\",\"width\":1080,\"height\":1080,\"caption\":\"Bomba para Dakota FS\"},{\"@type\":\"BreadcrumbList\",\"@id\":\"https:\\\/\\\/www.urbanbiker.com\\\/de\\\/produkt\\\/hochdruckpumpe-fuer-zentrale-stossdaempfer\\\/#breadcrumb\",\"itemListElement\":[{\"@type\":\"ListItem\",\"position\":1,\"name\":\"Portada\",\"item\":\"https:\\\/\\\/www.urbanbiker.com\\\/de\\\/\"},{\"@type\":\"ListItem\",\"position\":2,\"name\":\"Elektrofahrr\u00e4der Shop\",\"item\":\"https:\\\/\\\/www.urbanbiker.com\\\/de\\\/ebike-shop\\\/\"},{\"@type\":\"ListItem\",\"position\":3,\"name\":\"Hochdruckpumpe f\u00fcr zentrale Sto\u00dfd\u00e4mpfer\"}]},{\"@type\":\"WebSite\",\"@id\":\"https:\\\/\\\/www.urbanbiker.com\\\/de\\\/#website\",\"url\":\"https:\\\/\\\/www.urbanbiker.com\\\/de\\\/\",\"name\":\"UrbanBiker\",\"description\":\"Elektrische Fahrr\u00e4der\",\"publisher\":{\"@id\":\"https:\\\/\\\/www.urbanbiker.com\\\/de\\\/#organization\"},\"potentialAction\":[{\"@type\":\"SearchAction\",\"target\":{\"@type\":\"EntryPoint\",\"urlTemplate\":\"https:\\\/\\\/www.urbanbiker.com\\\/de\\\/?s={search_term_string}\"},\"query-input\":{\"@type\":\"PropertyValueSpecification\",\"valueRequired\":true,\"valueName\":\"search_term_string\"}}],\"inLanguage\":\"de\"},{\"@type\":\"Organization\",\"@id\":\"https:\\\/\\\/www.urbanbiker.com\\\/de\\\/#organization\",\"name\":\"UrbanBiker\",\"url\":\"https:\\\/\\\/www.urbanbiker.com\\\/de\\\/\",\"logo\":{\"@type\":\"ImageObject\",\"inLanguage\":\"de\",\"@id\":\"https:\\\/\\\/www.urbanbiker.com\\\/de\\\/#\\\/schema\\\/logo\\\/image\\\/\",\"url\":\"https:\\\/\\\/www.urbanbiker.com\\\/wp-content\\\/uploads\\\/2022\\\/09\\\/Logo-principal-sin-fondo.png\",\"contentUrl\":\"https:\\\/\\\/www.urbanbiker.com\\\/wp-content\\\/uploads\\\/2022\\\/09\\\/Logo-principal-sin-fondo.png\",\"width\":2560,\"height\":934,\"caption\":\"UrbanBiker\"},\"image\":{\"@id\":\"https:\\\/\\\/www.urbanbiker.com\\\/de\\\/#\\\/schema\\\/logo\\\/image\\\/\"},\"sameAs\":[\"https:\\\/\\\/www.facebook.com\\\/Urbanbikerbiciselectricas\",\"https:\\\/\\\/www.instagram.com\\\/urbanbiker_\\\/\",\"https:\\\/\\\/www.linkedin.com\\\/company\\\/2454235\",\"https:\\\/\\\/www.youtube.com\\\/channel\\\/UCWR__uH_RWJF-OhPfz-9-Qw\"]}]}<\/script>\n<!-- \/ Yoast SEO plugin. -->","yoast_head_json":{"title":"Hochdruckpumpe f\u00fcr zentrale Sto\u00dfd\u00e4mpfer","description":"Hochdruckpumpe f\u00fcr zentrale Sto\u00dfd\u00e4mpfer. Kompatibel u.a. mit den Modellen Dakota FS, UB400 und UB400 FE der Marke UrbanBiker.","robots":{"index":"index","follow":"follow","max-snippet":"max-snippet:-1","max-image-preview":"max-image-preview:large","max-video-preview":"max-video-preview:-1"},"canonical":"https:\/\/www.urbanbiker.com\/de\/produkt\/hochdruckpumpe-fuer-zentrale-stossdaempfer\/","og_locale":"de_DE","og_type":"article","og_title":"Hochdruckpumpe f\u00fcr zentrale Sto\u00dfd\u00e4mpfer","og_description":"Hochdruckpumpe f\u00fcr zentrale Sto\u00dfd\u00e4mpfer. Kompatibel u.a. mit den Modellen Dakota FS, UB400 und UB400 FE der Marke UrbanBiker.","og_url":"https:\/\/www.urbanbiker.com\/de\/produkt\/hochdruckpumpe-fuer-zentrale-stossdaempfer\/","og_site_name":"UrbanBiker","article_publisher":"https:\/\/www.facebook.com\/Urbanbikerbiciselectricas","article_modified_time":"2025-08-14T06:50:02+00:00","og_image":[{"width":1080,"height":1080,"url":"https:\/\/www.urbanbiker.com\/wp-content\/uploads\/2025\/02\/Bomba-1.jpg","type":"image\/jpeg"}],"twitter_card":"summary_large_image","twitter_misc":{"Gesch\u00e4tzte Lesezeit":"1\u00a0Minute"},"schema":{"@context":"https:\/\/schema.org","@graph":[{"@type":"WebPage","@id":"https:\/\/www.urbanbiker.com\/de\/produkt\/hochdruckpumpe-fuer-zentrale-stossdaempfer\/","url":"https:\/\/www.urbanbiker.com\/de\/produkt\/hochdruckpumpe-fuer-zentrale-stossdaempfer\/","name":"Hochdruckpumpe f\u00fcr zentrale Sto\u00dfd\u00e4mpfer","isPartOf":{"@id":"https:\/\/www.urbanbiker.com\/de\/#website"},"primaryImageOfPage":{"@id":"https:\/\/www.urbanbiker.com\/de\/produkt\/hochdruckpumpe-fuer-zentrale-stossdaempfer\/#primaryimage"},"image":{"@id":"https:\/\/www.urbanbiker.com\/de\/produkt\/hochdruckpumpe-fuer-zentrale-stossdaempfer\/#primaryimage"},"thumbnailUrl":"https:\/\/www.urbanbiker.com\/wp-content\/uploads\/2025\/02\/Bomba-1.jpg","datePublished":"2025-02-25T09:38:44+00:00","dateModified":"2025-08-14T06:50:02+00:00","description":"Hochdruckpumpe f\u00fcr zentrale Sto\u00dfd\u00e4mpfer. Kompatibel u.a. mit den Modellen Dakota FS, UB400 und UB400 FE der Marke UrbanBiker.","breadcrumb":{"@id":"https:\/\/www.urbanbiker.com\/de\/produkt\/hochdruckpumpe-fuer-zentrale-stossdaempfer\/#breadcrumb"},"inLanguage":"de","potentialAction":[{"@type":"ReadAction","target":["https:\/\/www.urbanbiker.com\/de\/produkt\/hochdruckpumpe-fuer-zentrale-stossdaempfer\/"]}]},{"@type":"ImageObject","inLanguage":"de","@id":"https:\/\/www.urbanbiker.com\/de\/produkt\/hochdruckpumpe-fuer-zentrale-stossdaempfer\/#primaryimage","url":"https:\/\/www.urbanbiker.com\/wp-content\/uploads\/2025\/02\/Bomba-1.jpg","contentUrl":"https:\/\/www.urbanbiker.com\/wp-content\/uploads\/2025\/02\/Bomba-1.jpg","width":1080,"height":1080,"caption":"Bomba para Dakota FS"},{"@type":"BreadcrumbList","@id":"https:\/\/www.urbanbiker.com\/de\/produkt\/hochdruckpumpe-fuer-zentrale-stossdaempfer\/#breadcrumb","itemListElement":[{"@type":"ListItem","position":1,"name":"Portada","item":"https:\/\/www.urbanbiker.com\/de\/"},{"@type":"ListItem","position":2,"name":"Elektrofahrr\u00e4der Shop","item":"https:\/\/www.urbanbiker.com\/de\/ebike-shop\/"},{"@type":"ListItem","position":3,"name":"Hochdruckpumpe f\u00fcr zentrale Sto\u00dfd\u00e4mpfer"}]},{"@type":"WebSite","@id":"https:\/\/www.urbanbiker.com\/de\/#website","url":"https:\/\/www.urbanbiker.com\/de\/","name":"UrbanBiker","description":"Elektrische Fahrr\u00e4der","publisher":{"@id":"https:\/\/www.urbanbiker.com\/de\/#organization"},"potentialAction":[{"@type":"SearchAction","target":{"@type":"EntryPoint","urlTemplate":"https:\/\/www.urbanbiker.com\/de\/?s={search_term_string}"},"query-input":{"@type":"PropertyValueSpecification","valueRequired":true,"valueName":"search_term_string"}}],"inLanguage":"de"},{"@type":"Organization","@id":"https:\/\/www.urbanbiker.com\/de\/#organization","name":"UrbanBiker","url":"https:\/\/www.urbanbiker.com\/de\/","logo":{"@type":"ImageObject","inLanguage":"de","@id":"https:\/\/www.urbanbiker.com\/de\/#\/schema\/logo\/image\/","url":"https:\/\/www.urbanbiker.com\/wp-content\/uploads\/2022\/09\/Logo-principal-sin-fondo.png","contentUrl":"https:\/\/www.urbanbiker.com\/wp-content\/uploads\/2022\/09\/Logo-principal-sin-fondo.png","width":2560,"height":934,"caption":"UrbanBiker"},"image":{"@id":"https:\/\/www.urbanbiker.com\/de\/#\/schema\/logo\/image\/"},"sameAs":["https:\/\/www.facebook.com\/Urbanbikerbiciselectricas","https:\/\/www.instagram.com\/urbanbiker_\/","https:\/\/www.linkedin.com\/company\/2454235","https:\/\/www.youtube.com\/channel\/UCWR__uH_RWJF-OhPfz-9-Qw"]}]}},"_links":{"self":[{"href":"https:\/\/www.urbanbiker.com\/de\/wp-json\/wp\/v2\/product\/37304","targetHints":{"allow":["GET"]}}],"collection":[{"href":"https:\/\/www.urbanbiker.com\/de\/wp-json\/wp\/v2\/product"}],"about":[{"href":"https:\/\/www.urbanbiker.com\/de\/wp-json\/wp\/v2\/types\/product"}],"version-history":[{"count":2,"href":"https:\/\/www.urbanbiker.com\/de\/wp-json\/wp\/v2\/product\/37304\/revisions"}],"predecessor-version":[{"id":52412,"href":"https:\/\/www.urbanbiker.com\/de\/wp-json\/wp\/v2\/product\/37304\/revisions\/52412"}],"wp:featuredmedia":[{"embeddable":true,"href":"https:\/\/www.urbanbiker.com\/de\/wp-json\/wp\/v2\/media\/38007"}],"wp:attachment":[{"href":"https:\/\/www.urbanbiker.com\/de\/wp-json\/wp\/v2\/media?parent=37304"}],"wp:term":[{"taxonomy":"product_cat","embeddable":true,"href":"https:\/\/www.urbanbiker.com\/de\/wp-json\/wp\/v2\/product_cat?post=37304"},{"taxonomy":"product_tag","embeddable":true,"href":"https:\/\/www.urbanbiker.com\/de\/wp-json\/wp\/v2\/product_tag?post=37304"}],"curies":[{"name":"wp","href":"https:\/\/api.w.org\/{rel}","templated":true}]}}