{"id":37115,"date":"2025-02-20T13:26:39","date_gmt":"2025-02-20T12:26:39","guid":{"rendered":"https:\/\/www.urbanbiker.com\/tienda-bicicletas-electricas\/7-gang-ritzelpaket\/"},"modified":"2025-10-21T09:41:32","modified_gmt":"2025-10-21T07:41:32","slug":"7-gang-ritzelpaket","status":"publish","type":"product","link":"https:\/\/www.urbanbiker.com\/de\/produkt\/7-gang-ritzelpaket\/","title":{"rendered":"7-Gang-Ritzelpaket"},"content":{"rendered":"","protected":false},"excerpt":{"rendered":"<h6><strong>7-Gang-Ritzelpaket<\/strong><\/h6>\n<p>Kompatibel mit den Modellen UrbanBiker Viena, Mini, Mini PLUS, Sidney, Sidney PLUS, FAT F20 und Berna.<\/p>\n","protected":false},"featured_media":36516,"template":"","meta":[],"product_cat":[423,343],"product_tag":[],"class_list":{"0":"post-37115","1":"product","2":"type-product","3":"status-publish","4":"has-post-thumbnail","6":"product_cat-gangschaltung","7":"product_cat-komponenten","8":"pa_ebike-berna","9":"pa_ebike-fat-f20","10":"pa_ebike-mini","11":"pa_ebike-mini-plus","12":"pa_ebike-sidney","13":"pa_ebike-sidney-plus","14":"pa_ebike-viena","16":"first","17":"instock","18":"taxable","19":"shipping-taxable","20":"purchasable","21":"product-type-simple"},"atum_controlled":true,"out_stock_date":null,"out_stock_threshold":null,"inheritable":false,"stock_on_hold":0,"sold_today":0,"sales_last_days":0,"out_stock_days":0,"lost_sales":0,"update_date":"2026-05-02T00:30:26","atum_locations":[],"atum_stock_status":"instock","restock_status":false,"low_stock_amount":"","sales_update_date":"2026-05-02T00:30:25","calc_backorders":null,"yoast_head":"<!-- This site is optimized with the Yoast SEO plugin v27.5 - https:\/\/yoast.com\/product\/yoast-seo-wordpress\/ -->\n<title>7-Gang-Ritzelpaket | Antrieb UrbanBiker<\/title>\n<meta name=\"description\" content=\"7-Gang-Ritzelpaket f\u00fcr Elektrofahrr\u00e4der der Marke UrbanBiker. Kompatibel f\u00fcr verschiedene Modelle von UrbanBiker. | Antrieb UrbanBiker\" \/>\n<meta name=\"robots\" content=\"index, follow, max-snippet:-1, max-image-preview:large, max-video-preview:-1\" \/>\n<link rel=\"canonical\" href=\"https:\/\/www.urbanbiker.com\/de\/produkt\/7-gang-ritzelpaket\/\" \/>\n<meta property=\"og:locale\" content=\"de_DE\" \/>\n<meta property=\"og:type\" content=\"article\" \/>\n<meta property=\"og:title\" content=\"7-Gang-Ritzelpaket | Antrieb UrbanBiker\" \/>\n<meta property=\"og:description\" content=\"7-Gang-Ritzelpaket f\u00fcr Elektrofahrr\u00e4der der Marke UrbanBiker. Kompatibel f\u00fcr verschiedene Modelle von UrbanBiker. | Antrieb UrbanBiker\" \/>\n<meta property=\"og:url\" content=\"https:\/\/www.urbanbiker.com\/de\/produkt\/7-gang-ritzelpaket\/\" \/>\n<meta property=\"og:site_name\" content=\"UrbanBiker\" \/>\n<meta property=\"article:publisher\" content=\"https:\/\/www.facebook.com\/Urbanbikerbiciselectricas\" \/>\n<meta property=\"article:modified_time\" content=\"2025-10-21T07:41:32+00:00\" \/>\n<meta property=\"og:image\" content=\"https:\/\/www.urbanbiker.com\/wp-content\/uploads\/2025\/02\/Pinonera-7-Velocidades.jpg\" \/>\n\t<meta property=\"og:image:width\" content=\"1080\" \/>\n\t<meta property=\"og:image:height\" content=\"1080\" \/>\n\t<meta property=\"og:image:type\" content=\"image\/jpeg\" \/>\n<meta name=\"twitter:card\" content=\"summary_large_image\" \/>\n<meta name=\"twitter:label1\" content=\"Gesch\u00e4tzte Lesezeit\" \/>\n\t<meta name=\"twitter:data1\" content=\"1\u00a0Minute\" \/>\n<script type=\"application\/ld+json\" class=\"yoast-schema-graph\">{\"@context\":\"https:\\\/\\\/schema.org\",\"@graph\":[{\"@type\":\"WebPage\",\"@id\":\"https:\\\/\\\/www.urbanbiker.com\\\/de\\\/produkt\\\/7-gang-ritzelpaket\\\/\",\"url\":\"https:\\\/\\\/www.urbanbiker.com\\\/de\\\/produkt\\\/7-gang-ritzelpaket\\\/\",\"name\":\"7-Gang-Ritzelpaket | Antrieb UrbanBiker\",\"isPartOf\":{\"@id\":\"https:\\\/\\\/www.urbanbiker.com\\\/de\\\/#website\"},\"primaryImageOfPage\":{\"@id\":\"https:\\\/\\\/www.urbanbiker.com\\\/de\\\/produkt\\\/7-gang-ritzelpaket\\\/#primaryimage\"},\"image\":{\"@id\":\"https:\\\/\\\/www.urbanbiker.com\\\/de\\\/produkt\\\/7-gang-ritzelpaket\\\/#primaryimage\"},\"thumbnailUrl\":\"https:\\\/\\\/www.urbanbiker.com\\\/wp-content\\\/uploads\\\/2025\\\/02\\\/Pinonera-7-Velocidades.jpg\",\"datePublished\":\"2025-02-20T12:26:39+00:00\",\"dateModified\":\"2025-10-21T07:41:32+00:00\",\"description\":\"7-Gang-Ritzelpaket f\u00fcr Elektrofahrr\u00e4der der Marke UrbanBiker. Kompatibel f\u00fcr verschiedene Modelle von UrbanBiker. | Antrieb UrbanBiker\",\"breadcrumb\":{\"@id\":\"https:\\\/\\\/www.urbanbiker.com\\\/de\\\/produkt\\\/7-gang-ritzelpaket\\\/#breadcrumb\"},\"inLanguage\":\"de\",\"potentialAction\":[{\"@type\":\"ReadAction\",\"target\":[\"https:\\\/\\\/www.urbanbiker.com\\\/de\\\/produkt\\\/7-gang-ritzelpaket\\\/\"]}]},{\"@type\":\"ImageObject\",\"inLanguage\":\"de\",\"@id\":\"https:\\\/\\\/www.urbanbiker.com\\\/de\\\/produkt\\\/7-gang-ritzelpaket\\\/#primaryimage\",\"url\":\"https:\\\/\\\/www.urbanbiker.com\\\/wp-content\\\/uploads\\\/2025\\\/02\\\/Pinonera-7-Velocidades.jpg\",\"contentUrl\":\"https:\\\/\\\/www.urbanbiker.com\\\/wp-content\\\/uploads\\\/2025\\\/02\\\/Pinonera-7-Velocidades.jpg\",\"width\":1080,\"height\":1080,\"caption\":\"7-Gang-Ritzelpaket\"},{\"@type\":\"BreadcrumbList\",\"@id\":\"https:\\\/\\\/www.urbanbiker.com\\\/de\\\/produkt\\\/7-gang-ritzelpaket\\\/#breadcrumb\",\"itemListElement\":[{\"@type\":\"ListItem\",\"position\":1,\"name\":\"Portada\",\"item\":\"https:\\\/\\\/www.urbanbiker.com\\\/de\\\/\"},{\"@type\":\"ListItem\",\"position\":2,\"name\":\"Elektrofahrr\u00e4der Shop\",\"item\":\"https:\\\/\\\/www.urbanbiker.com\\\/de\\\/ebike-shop\\\/\"},{\"@type\":\"ListItem\",\"position\":3,\"name\":\"7-Gang-Ritzelpaket\"}]},{\"@type\":\"WebSite\",\"@id\":\"https:\\\/\\\/www.urbanbiker.com\\\/de\\\/#website\",\"url\":\"https:\\\/\\\/www.urbanbiker.com\\\/de\\\/\",\"name\":\"UrbanBiker\",\"description\":\"Elektrische Fahrr\u00e4der\",\"publisher\":{\"@id\":\"https:\\\/\\\/www.urbanbiker.com\\\/de\\\/#organization\"},\"potentialAction\":[{\"@type\":\"SearchAction\",\"target\":{\"@type\":\"EntryPoint\",\"urlTemplate\":\"https:\\\/\\\/www.urbanbiker.com\\\/de\\\/?s={search_term_string}\"},\"query-input\":{\"@type\":\"PropertyValueSpecification\",\"valueRequired\":true,\"valueName\":\"search_term_string\"}}],\"inLanguage\":\"de\"},{\"@type\":\"Organization\",\"@id\":\"https:\\\/\\\/www.urbanbiker.com\\\/de\\\/#organization\",\"name\":\"UrbanBiker\",\"url\":\"https:\\\/\\\/www.urbanbiker.com\\\/de\\\/\",\"logo\":{\"@type\":\"ImageObject\",\"inLanguage\":\"de\",\"@id\":\"https:\\\/\\\/www.urbanbiker.com\\\/de\\\/#\\\/schema\\\/logo\\\/image\\\/\",\"url\":\"https:\\\/\\\/www.urbanbiker.com\\\/wp-content\\\/uploads\\\/2022\\\/09\\\/Logo-principal-sin-fondo.png\",\"contentUrl\":\"https:\\\/\\\/www.urbanbiker.com\\\/wp-content\\\/uploads\\\/2022\\\/09\\\/Logo-principal-sin-fondo.png\",\"width\":2560,\"height\":934,\"caption\":\"UrbanBiker\"},\"image\":{\"@id\":\"https:\\\/\\\/www.urbanbiker.com\\\/de\\\/#\\\/schema\\\/logo\\\/image\\\/\"},\"sameAs\":[\"https:\\\/\\\/www.facebook.com\\\/Urbanbikerbiciselectricas\",\"https:\\\/\\\/www.instagram.com\\\/urbanbiker_\\\/\",\"https:\\\/\\\/www.linkedin.com\\\/company\\\/2454235\",\"https:\\\/\\\/www.youtube.com\\\/channel\\\/UCWR__uH_RWJF-OhPfz-9-Qw\"]}]}<\/script>\n<!-- \/ Yoast SEO plugin. -->","yoast_head_json":{"title":"7-Gang-Ritzelpaket | Antrieb UrbanBiker","description":"7-Gang-Ritzelpaket f\u00fcr Elektrofahrr\u00e4der der Marke UrbanBiker. Kompatibel f\u00fcr verschiedene Modelle von UrbanBiker. | Antrieb UrbanBiker","robots":{"index":"index","follow":"follow","max-snippet":"max-snippet:-1","max-image-preview":"max-image-preview:large","max-video-preview":"max-video-preview:-1"},"canonical":"https:\/\/www.urbanbiker.com\/de\/produkt\/7-gang-ritzelpaket\/","og_locale":"de_DE","og_type":"article","og_title":"7-Gang-Ritzelpaket | Antrieb UrbanBiker","og_description":"7-Gang-Ritzelpaket f\u00fcr Elektrofahrr\u00e4der der Marke UrbanBiker. Kompatibel f\u00fcr verschiedene Modelle von UrbanBiker. | Antrieb UrbanBiker","og_url":"https:\/\/www.urbanbiker.com\/de\/produkt\/7-gang-ritzelpaket\/","og_site_name":"UrbanBiker","article_publisher":"https:\/\/www.facebook.com\/Urbanbikerbiciselectricas","article_modified_time":"2025-10-21T07:41:32+00:00","og_image":[{"width":1080,"height":1080,"url":"https:\/\/www.urbanbiker.com\/wp-content\/uploads\/2025\/02\/Pinonera-7-Velocidades.jpg","type":"image\/jpeg"}],"twitter_card":"summary_large_image","twitter_misc":{"Gesch\u00e4tzte Lesezeit":"1\u00a0Minute"},"schema":{"@context":"https:\/\/schema.org","@graph":[{"@type":"WebPage","@id":"https:\/\/www.urbanbiker.com\/de\/produkt\/7-gang-ritzelpaket\/","url":"https:\/\/www.urbanbiker.com\/de\/produkt\/7-gang-ritzelpaket\/","name":"7-Gang-Ritzelpaket | Antrieb UrbanBiker","isPartOf":{"@id":"https:\/\/www.urbanbiker.com\/de\/#website"},"primaryImageOfPage":{"@id":"https:\/\/www.urbanbiker.com\/de\/produkt\/7-gang-ritzelpaket\/#primaryimage"},"image":{"@id":"https:\/\/www.urbanbiker.com\/de\/produkt\/7-gang-ritzelpaket\/#primaryimage"},"thumbnailUrl":"https:\/\/www.urbanbiker.com\/wp-content\/uploads\/2025\/02\/Pinonera-7-Velocidades.jpg","datePublished":"2025-02-20T12:26:39+00:00","dateModified":"2025-10-21T07:41:32+00:00","description":"7-Gang-Ritzelpaket f\u00fcr Elektrofahrr\u00e4der der Marke UrbanBiker. Kompatibel f\u00fcr verschiedene Modelle von UrbanBiker. | Antrieb UrbanBiker","breadcrumb":{"@id":"https:\/\/www.urbanbiker.com\/de\/produkt\/7-gang-ritzelpaket\/#breadcrumb"},"inLanguage":"de","potentialAction":[{"@type":"ReadAction","target":["https:\/\/www.urbanbiker.com\/de\/produkt\/7-gang-ritzelpaket\/"]}]},{"@type":"ImageObject","inLanguage":"de","@id":"https:\/\/www.urbanbiker.com\/de\/produkt\/7-gang-ritzelpaket\/#primaryimage","url":"https:\/\/www.urbanbiker.com\/wp-content\/uploads\/2025\/02\/Pinonera-7-Velocidades.jpg","contentUrl":"https:\/\/www.urbanbiker.com\/wp-content\/uploads\/2025\/02\/Pinonera-7-Velocidades.jpg","width":1080,"height":1080,"caption":"7-Gang-Ritzelpaket"},{"@type":"BreadcrumbList","@id":"https:\/\/www.urbanbiker.com\/de\/produkt\/7-gang-ritzelpaket\/#breadcrumb","itemListElement":[{"@type":"ListItem","position":1,"name":"Portada","item":"https:\/\/www.urbanbiker.com\/de\/"},{"@type":"ListItem","position":2,"name":"Elektrofahrr\u00e4der Shop","item":"https:\/\/www.urbanbiker.com\/de\/ebike-shop\/"},{"@type":"ListItem","position":3,"name":"7-Gang-Ritzelpaket"}]},{"@type":"WebSite","@id":"https:\/\/www.urbanbiker.com\/de\/#website","url":"https:\/\/www.urbanbiker.com\/de\/","name":"UrbanBiker","description":"Elektrische Fahrr\u00e4der","publisher":{"@id":"https:\/\/www.urbanbiker.com\/de\/#organization"},"potentialAction":[{"@type":"SearchAction","target":{"@type":"EntryPoint","urlTemplate":"https:\/\/www.urbanbiker.com\/de\/?s={search_term_string}"},"query-input":{"@type":"PropertyValueSpecification","valueRequired":true,"valueName":"search_term_string"}}],"inLanguage":"de"},{"@type":"Organization","@id":"https:\/\/www.urbanbiker.com\/de\/#organization","name":"UrbanBiker","url":"https:\/\/www.urbanbiker.com\/de\/","logo":{"@type":"ImageObject","inLanguage":"de","@id":"https:\/\/www.urbanbiker.com\/de\/#\/schema\/logo\/image\/","url":"https:\/\/www.urbanbiker.com\/wp-content\/uploads\/2022\/09\/Logo-principal-sin-fondo.png","contentUrl":"https:\/\/www.urbanbiker.com\/wp-content\/uploads\/2022\/09\/Logo-principal-sin-fondo.png","width":2560,"height":934,"caption":"UrbanBiker"},"image":{"@id":"https:\/\/www.urbanbiker.com\/de\/#\/schema\/logo\/image\/"},"sameAs":["https:\/\/www.facebook.com\/Urbanbikerbiciselectricas","https:\/\/www.instagram.com\/urbanbiker_\/","https:\/\/www.linkedin.com\/company\/2454235","https:\/\/www.youtube.com\/channel\/UCWR__uH_RWJF-OhPfz-9-Qw"]}]}},"_links":{"self":[{"href":"https:\/\/www.urbanbiker.com\/de\/wp-json\/wp\/v2\/product\/37115","targetHints":{"allow":["GET"]}}],"collection":[{"href":"https:\/\/www.urbanbiker.com\/de\/wp-json\/wp\/v2\/product"}],"about":[{"href":"https:\/\/www.urbanbiker.com\/de\/wp-json\/wp\/v2\/types\/product"}],"version-history":[{"count":3,"href":"https:\/\/www.urbanbiker.com\/de\/wp-json\/wp\/v2\/product\/37115\/revisions"}],"predecessor-version":[{"id":56482,"href":"https:\/\/www.urbanbiker.com\/de\/wp-json\/wp\/v2\/product\/37115\/revisions\/56482"}],"wp:featuredmedia":[{"embeddable":true,"href":"https:\/\/www.urbanbiker.com\/de\/wp-json\/wp\/v2\/media\/36516"}],"wp:attachment":[{"href":"https:\/\/www.urbanbiker.com\/de\/wp-json\/wp\/v2\/media?parent=37115"}],"wp:term":[{"taxonomy":"product_cat","embeddable":true,"href":"https:\/\/www.urbanbiker.com\/de\/wp-json\/wp\/v2\/product_cat?post=37115"},{"taxonomy":"product_tag","embeddable":true,"href":"https:\/\/www.urbanbiker.com\/de\/wp-json\/wp\/v2\/product_tag?post=37115"}],"curies":[{"name":"wp","href":"https:\/\/api.w.org\/{rel}","templated":true}]}}