{"id":37039,"date":"2025-02-19T14:23:11","date_gmt":"2025-02-19T13:23:11","guid":{"rendered":"https:\/\/www.urbanbiker.com\/tienda-bicicletas-electricas\/36v-2a-batterieladegeraet-1-pin-fuer-sidney-plus-und-mini-plus\/"},"modified":"2025-10-22T16:02:06","modified_gmt":"2025-10-22T14:02:06","slug":"akku-ladegeraet-1-pin-fuer-sidney-plus-mini-plus-und-berna","status":"publish","type":"product","link":"https:\/\/www.urbanbiker.com\/de\/produkt\/akku-ladegeraet-1-pin-fuer-sidney-plus-mini-plus-und-berna\/","title":{"rendered":"Akku-Ladeger\u00e4t 36V 1-Pin f\u00fcr Sidney (PLUS), Mini (PLUS) und Berna"},"content":{"rendered":"\t\t<div data-elementor-type=\"wp-post\" data-elementor-id=\"37039\" class=\"elementor elementor-37039 elementor-36417\">\n\t\t\t\t\n\t\t<section class=\"elementor-section elementor-top-section elementor-element elementor-element-051d992 elementor-section-boxed elementor-section-height-default elementor-section-height-default\" data-id=\"051d992\" data-element_type=\"section\" data-e-type=\"section\">\n\t\t\t\t\t\t<div class=\"elementor-container elementor-column-gap-default\">\n\t\t\t\t\t<div class=\"elementor-column elementor-col-100 elementor-top-column elementor-element elementor-element-e221f43\" data-id=\"e221f43\" data-element_type=\"column\" data-e-type=\"column\">\n\t\t\t<div class=\"elementor-widget-wrap elementor-element-populated\">\n\t\t\t\t\t\t<div class=\"elementor-element elementor-element-5d09ad3 elementor-widget elementor-widget-text-editor\" data-id=\"5d09ad3\" data-element_type=\"widget\" data-e-type=\"widget\" data-widget_type=\"text-editor.default\">\n\t\t\t\t<div class=\"elementor-widget-container\">\n\t\t\t\t\t\t\t\t\t<p data-start=\"0\" data-end=\"36\"><strong data-start=\"0\" data-end=\"34\">Importante: Diagn\u00f3stico previo<\/strong><\/p><p data-start=\"38\" data-end=\"253\">Para garantizar que compras la pieza correcta, es imprescindible un diagn\u00f3stico preciso. Si el problema no est\u00e1 bien identificado, el componente podr\u00eda no solucionar la aver\u00eda o incluso da\u00f1ar el sistema el\u00e9ctrico.<\/p><p data-start=\"255\" data-end=\"383\" data-is-last-node=\"\" data-is-only-node=\"\">\u2757 <strong data-start=\"257\" data-end=\"289\">No se admitir\u00e1n devoluciones<\/strong> sin un diagn\u00f3stico previo con nuestro equipo. Contacta con nuestros agentes antes de comprar.<\/p>\t\t\t\t\t\t\t\t<\/div>\n\t\t\t\t<\/div>\n\t\t\t\t\t<\/div>\n\t\t<\/div>\n\t\t\t\t\t<\/div>\n\t\t<\/section>\n\t\t\t\t<\/div>\n\t\t","protected":false},"excerpt":{"rendered":"<h6><strong>Akku-Ladeger\u00e4t 36V 1-Pin f\u00fcr Sidney (PLUS), Mini (PLUS) und Berna<\/strong><\/h6>\n<p>Akku-Ladeger\u00e4t 36V 1-Pin.<strong> Kompatibel mit <\/strong>den E-Bikes von UrbanBiker: <strong>Sidney (PLUS), Mini (PLUS) und Berna, die ab 2020 gekauft wurden.<\/strong><\/p>\n","protected":false},"featured_media":36422,"template":"","meta":[],"product_cat":[357,343,350],"product_tag":[],"class_list":{"0":"post-37039","1":"product","2":"type-product","3":"status-publish","4":"has-post-thumbnail","6":"product_cat-batterien","7":"product_cat-komponenten","8":"product_cat-zubehoer","9":"pa_ebike-berna","10":"pa_ebike-mini","11":"pa_ebike-mini-plus","12":"pa_ebike-sidney","13":"pa_ebike-sidney-plus","15":"first","16":"instock","17":"taxable","18":"shipping-taxable","19":"purchasable","20":"product-type-simple"},"atum_controlled":true,"out_stock_date":null,"out_stock_threshold":null,"inheritable":false,"stock_on_hold":0,"sold_today":0,"sales_last_days":0,"out_stock_days":0,"lost_sales":0,"update_date":"2026-04-21T00:24:17","atum_locations":[],"atum_stock_status":"instock","restock_status":false,"low_stock_amount":"","sales_update_date":"2026-04-21T00:24:17","calc_backorders":null,"yoast_head":"<!-- This site is optimized with the Yoast SEO plugin v27.4 - https:\/\/yoast.com\/product\/yoast-seo-wordpress\/ -->\n<title>Akku-Ladeger\u00e4t 36V 1-Pin f\u00fcr Sidney (PLUS), Mini (PLUS) und Berna<\/title>\n<meta name=\"description\" content=\"Akku-Ladeger\u00e4t 36V 1-Pin f\u00fcr E-Bikes von UrbanBiker: Sidney (PLUS), Mini (PLUS) und Berna mit UBK Systems Komponenten. | UrbanBiker\" \/>\n<meta name=\"robots\" content=\"index, follow, max-snippet:-1, max-image-preview:large, max-video-preview:-1\" \/>\n<link rel=\"canonical\" href=\"https:\/\/www.urbanbiker.com\/de\/produkt\/akku-ladegeraet-1-pin-fuer-sidney-plus-mini-plus-und-berna\/\" \/>\n<meta property=\"og:locale\" content=\"de_DE\" \/>\n<meta property=\"og:type\" content=\"article\" \/>\n<meta property=\"og:title\" content=\"Akku-Ladeger\u00e4t 36V 1-Pin f\u00fcr Sidney (PLUS), Mini (PLUS) und Berna\" \/>\n<meta property=\"og:description\" content=\"Akku-Ladeger\u00e4t 36V 1-Pin f\u00fcr E-Bikes von UrbanBiker: Sidney (PLUS), Mini (PLUS) und Berna mit UBK Systems Komponenten. | UrbanBiker\" \/>\n<meta property=\"og:url\" content=\"https:\/\/www.urbanbiker.com\/de\/produkt\/akku-ladegeraet-1-pin-fuer-sidney-plus-mini-plus-und-berna\/\" \/>\n<meta property=\"og:site_name\" content=\"UrbanBiker\" \/>\n<meta property=\"article:publisher\" content=\"https:\/\/www.facebook.com\/Urbanbikerbiciselectricas\" \/>\n<meta property=\"article:modified_time\" content=\"2025-10-22T14:02:06+00:00\" \/>\n<meta property=\"og:image\" content=\"https:\/\/www.urbanbiker.com\/wp-content\/uploads\/2025\/02\/CHARGER-36V-2A-1PIN.jpg\" \/>\n\t<meta property=\"og:image:width\" content=\"1000\" \/>\n\t<meta property=\"og:image:height\" content=\"1000\" \/>\n\t<meta property=\"og:image:type\" content=\"image\/jpeg\" \/>\n<meta name=\"twitter:card\" content=\"summary_large_image\" \/>\n<meta name=\"twitter:label1\" content=\"Gesch\u00e4tzte Lesezeit\" \/>\n\t<meta name=\"twitter:data1\" content=\"1\u00a0Minute\" \/>\n<script type=\"application\/ld+json\" class=\"yoast-schema-graph\">{\"@context\":\"https:\\\/\\\/schema.org\",\"@graph\":[{\"@type\":\"WebPage\",\"@id\":\"https:\\\/\\\/www.urbanbiker.com\\\/de\\\/produkt\\\/akku-ladegeraet-1-pin-fuer-sidney-plus-mini-plus-und-berna\\\/\",\"url\":\"https:\\\/\\\/www.urbanbiker.com\\\/de\\\/produkt\\\/akku-ladegeraet-1-pin-fuer-sidney-plus-mini-plus-und-berna\\\/\",\"name\":\"Akku-Ladeger\u00e4t 36V 1-Pin f\u00fcr Sidney (PLUS), Mini (PLUS) und Berna\",\"isPartOf\":{\"@id\":\"https:\\\/\\\/www.urbanbiker.com\\\/de\\\/#website\"},\"primaryImageOfPage\":{\"@id\":\"https:\\\/\\\/www.urbanbiker.com\\\/de\\\/produkt\\\/akku-ladegeraet-1-pin-fuer-sidney-plus-mini-plus-und-berna\\\/#primaryimage\"},\"image\":{\"@id\":\"https:\\\/\\\/www.urbanbiker.com\\\/de\\\/produkt\\\/akku-ladegeraet-1-pin-fuer-sidney-plus-mini-plus-und-berna\\\/#primaryimage\"},\"thumbnailUrl\":\"https:\\\/\\\/www.urbanbiker.com\\\/wp-content\\\/uploads\\\/2025\\\/02\\\/CHARGER-36V-2A-1PIN.jpg\",\"datePublished\":\"2025-02-19T13:23:11+00:00\",\"dateModified\":\"2025-10-22T14:02:06+00:00\",\"description\":\"Akku-Ladeger\u00e4t 36V 1-Pin f\u00fcr E-Bikes von UrbanBiker: Sidney (PLUS), Mini (PLUS) und Berna mit UBK Systems Komponenten. | UrbanBiker\",\"breadcrumb\":{\"@id\":\"https:\\\/\\\/www.urbanbiker.com\\\/de\\\/produkt\\\/akku-ladegeraet-1-pin-fuer-sidney-plus-mini-plus-und-berna\\\/#breadcrumb\"},\"inLanguage\":\"de\",\"potentialAction\":[{\"@type\":\"ReadAction\",\"target\":[\"https:\\\/\\\/www.urbanbiker.com\\\/de\\\/produkt\\\/akku-ladegeraet-1-pin-fuer-sidney-plus-mini-plus-und-berna\\\/\"]}]},{\"@type\":\"ImageObject\",\"inLanguage\":\"de\",\"@id\":\"https:\\\/\\\/www.urbanbiker.com\\\/de\\\/produkt\\\/akku-ladegeraet-1-pin-fuer-sidney-plus-mini-plus-und-berna\\\/#primaryimage\",\"url\":\"https:\\\/\\\/www.urbanbiker.com\\\/wp-content\\\/uploads\\\/2025\\\/02\\\/CHARGER-36V-2A-1PIN.jpg\",\"contentUrl\":\"https:\\\/\\\/www.urbanbiker.com\\\/wp-content\\\/uploads\\\/2025\\\/02\\\/CHARGER-36V-2A-1PIN.jpg\",\"width\":1000,\"height\":1000,\"caption\":\"LADEGER\u00c4T-36V-2A-1PIN\"},{\"@type\":\"BreadcrumbList\",\"@id\":\"https:\\\/\\\/www.urbanbiker.com\\\/de\\\/produkt\\\/akku-ladegeraet-1-pin-fuer-sidney-plus-mini-plus-und-berna\\\/#breadcrumb\",\"itemListElement\":[{\"@type\":\"ListItem\",\"position\":1,\"name\":\"Portada\",\"item\":\"https:\\\/\\\/www.urbanbiker.com\\\/de\\\/\"},{\"@type\":\"ListItem\",\"position\":2,\"name\":\"Elektrofahrr\u00e4der Shop\",\"item\":\"https:\\\/\\\/www.urbanbiker.com\\\/de\\\/ebike-shop\\\/\"},{\"@type\":\"ListItem\",\"position\":3,\"name\":\"Akku-Ladeger\u00e4t 36V 1-Pin f\u00fcr Sidney (PLUS), Mini (PLUS) und Berna\"}]},{\"@type\":\"WebSite\",\"@id\":\"https:\\\/\\\/www.urbanbiker.com\\\/de\\\/#website\",\"url\":\"https:\\\/\\\/www.urbanbiker.com\\\/de\\\/\",\"name\":\"UrbanBiker\",\"description\":\"Elektrische Fahrr\u00e4der\",\"publisher\":{\"@id\":\"https:\\\/\\\/www.urbanbiker.com\\\/de\\\/#organization\"},\"potentialAction\":[{\"@type\":\"SearchAction\",\"target\":{\"@type\":\"EntryPoint\",\"urlTemplate\":\"https:\\\/\\\/www.urbanbiker.com\\\/de\\\/?s={search_term_string}\"},\"query-input\":{\"@type\":\"PropertyValueSpecification\",\"valueRequired\":true,\"valueName\":\"search_term_string\"}}],\"inLanguage\":\"de\"},{\"@type\":\"Organization\",\"@id\":\"https:\\\/\\\/www.urbanbiker.com\\\/de\\\/#organization\",\"name\":\"UrbanBiker\",\"url\":\"https:\\\/\\\/www.urbanbiker.com\\\/de\\\/\",\"logo\":{\"@type\":\"ImageObject\",\"inLanguage\":\"de\",\"@id\":\"https:\\\/\\\/www.urbanbiker.com\\\/de\\\/#\\\/schema\\\/logo\\\/image\\\/\",\"url\":\"https:\\\/\\\/www.urbanbiker.com\\\/wp-content\\\/uploads\\\/2022\\\/09\\\/Logo-principal-sin-fondo.png\",\"contentUrl\":\"https:\\\/\\\/www.urbanbiker.com\\\/wp-content\\\/uploads\\\/2022\\\/09\\\/Logo-principal-sin-fondo.png\",\"width\":2560,\"height\":934,\"caption\":\"UrbanBiker\"},\"image\":{\"@id\":\"https:\\\/\\\/www.urbanbiker.com\\\/de\\\/#\\\/schema\\\/logo\\\/image\\\/\"},\"sameAs\":[\"https:\\\/\\\/www.facebook.com\\\/Urbanbikerbiciselectricas\",\"https:\\\/\\\/www.instagram.com\\\/urbanbiker_\\\/\",\"https:\\\/\\\/www.linkedin.com\\\/company\\\/2454235\",\"https:\\\/\\\/www.youtube.com\\\/channel\\\/UCWR__uH_RWJF-OhPfz-9-Qw\"]}]}<\/script>\n<!-- \/ Yoast SEO plugin. -->","yoast_head_json":{"title":"Akku-Ladeger\u00e4t 36V 1-Pin f\u00fcr Sidney (PLUS), Mini (PLUS) und Berna","description":"Akku-Ladeger\u00e4t 36V 1-Pin f\u00fcr E-Bikes von UrbanBiker: Sidney (PLUS), Mini (PLUS) und Berna mit UBK Systems Komponenten. | UrbanBiker","robots":{"index":"index","follow":"follow","max-snippet":"max-snippet:-1","max-image-preview":"max-image-preview:large","max-video-preview":"max-video-preview:-1"},"canonical":"https:\/\/www.urbanbiker.com\/de\/produkt\/akku-ladegeraet-1-pin-fuer-sidney-plus-mini-plus-und-berna\/","og_locale":"de_DE","og_type":"article","og_title":"Akku-Ladeger\u00e4t 36V 1-Pin f\u00fcr Sidney (PLUS), Mini (PLUS) und Berna","og_description":"Akku-Ladeger\u00e4t 36V 1-Pin f\u00fcr E-Bikes von UrbanBiker: Sidney (PLUS), Mini (PLUS) und Berna mit UBK Systems Komponenten. | UrbanBiker","og_url":"https:\/\/www.urbanbiker.com\/de\/produkt\/akku-ladegeraet-1-pin-fuer-sidney-plus-mini-plus-und-berna\/","og_site_name":"UrbanBiker","article_publisher":"https:\/\/www.facebook.com\/Urbanbikerbiciselectricas","article_modified_time":"2025-10-22T14:02:06+00:00","og_image":[{"width":1000,"height":1000,"url":"https:\/\/www.urbanbiker.com\/wp-content\/uploads\/2025\/02\/CHARGER-36V-2A-1PIN.jpg","type":"image\/jpeg"}],"twitter_card":"summary_large_image","twitter_misc":{"Gesch\u00e4tzte Lesezeit":"1\u00a0Minute"},"schema":{"@context":"https:\/\/schema.org","@graph":[{"@type":"WebPage","@id":"https:\/\/www.urbanbiker.com\/de\/produkt\/akku-ladegeraet-1-pin-fuer-sidney-plus-mini-plus-und-berna\/","url":"https:\/\/www.urbanbiker.com\/de\/produkt\/akku-ladegeraet-1-pin-fuer-sidney-plus-mini-plus-und-berna\/","name":"Akku-Ladeger\u00e4t 36V 1-Pin f\u00fcr Sidney (PLUS), Mini (PLUS) und Berna","isPartOf":{"@id":"https:\/\/www.urbanbiker.com\/de\/#website"},"primaryImageOfPage":{"@id":"https:\/\/www.urbanbiker.com\/de\/produkt\/akku-ladegeraet-1-pin-fuer-sidney-plus-mini-plus-und-berna\/#primaryimage"},"image":{"@id":"https:\/\/www.urbanbiker.com\/de\/produkt\/akku-ladegeraet-1-pin-fuer-sidney-plus-mini-plus-und-berna\/#primaryimage"},"thumbnailUrl":"https:\/\/www.urbanbiker.com\/wp-content\/uploads\/2025\/02\/CHARGER-36V-2A-1PIN.jpg","datePublished":"2025-02-19T13:23:11+00:00","dateModified":"2025-10-22T14:02:06+00:00","description":"Akku-Ladeger\u00e4t 36V 1-Pin f\u00fcr E-Bikes von UrbanBiker: Sidney (PLUS), Mini (PLUS) und Berna mit UBK Systems Komponenten. | UrbanBiker","breadcrumb":{"@id":"https:\/\/www.urbanbiker.com\/de\/produkt\/akku-ladegeraet-1-pin-fuer-sidney-plus-mini-plus-und-berna\/#breadcrumb"},"inLanguage":"de","potentialAction":[{"@type":"ReadAction","target":["https:\/\/www.urbanbiker.com\/de\/produkt\/akku-ladegeraet-1-pin-fuer-sidney-plus-mini-plus-und-berna\/"]}]},{"@type":"ImageObject","inLanguage":"de","@id":"https:\/\/www.urbanbiker.com\/de\/produkt\/akku-ladegeraet-1-pin-fuer-sidney-plus-mini-plus-und-berna\/#primaryimage","url":"https:\/\/www.urbanbiker.com\/wp-content\/uploads\/2025\/02\/CHARGER-36V-2A-1PIN.jpg","contentUrl":"https:\/\/www.urbanbiker.com\/wp-content\/uploads\/2025\/02\/CHARGER-36V-2A-1PIN.jpg","width":1000,"height":1000,"caption":"LADEGER\u00c4T-36V-2A-1PIN"},{"@type":"BreadcrumbList","@id":"https:\/\/www.urbanbiker.com\/de\/produkt\/akku-ladegeraet-1-pin-fuer-sidney-plus-mini-plus-und-berna\/#breadcrumb","itemListElement":[{"@type":"ListItem","position":1,"name":"Portada","item":"https:\/\/www.urbanbiker.com\/de\/"},{"@type":"ListItem","position":2,"name":"Elektrofahrr\u00e4der Shop","item":"https:\/\/www.urbanbiker.com\/de\/ebike-shop\/"},{"@type":"ListItem","position":3,"name":"Akku-Ladeger\u00e4t 36V 1-Pin f\u00fcr Sidney (PLUS), Mini (PLUS) und Berna"}]},{"@type":"WebSite","@id":"https:\/\/www.urbanbiker.com\/de\/#website","url":"https:\/\/www.urbanbiker.com\/de\/","name":"UrbanBiker","description":"Elektrische Fahrr\u00e4der","publisher":{"@id":"https:\/\/www.urbanbiker.com\/de\/#organization"},"potentialAction":[{"@type":"SearchAction","target":{"@type":"EntryPoint","urlTemplate":"https:\/\/www.urbanbiker.com\/de\/?s={search_term_string}"},"query-input":{"@type":"PropertyValueSpecification","valueRequired":true,"valueName":"search_term_string"}}],"inLanguage":"de"},{"@type":"Organization","@id":"https:\/\/www.urbanbiker.com\/de\/#organization","name":"UrbanBiker","url":"https:\/\/www.urbanbiker.com\/de\/","logo":{"@type":"ImageObject","inLanguage":"de","@id":"https:\/\/www.urbanbiker.com\/de\/#\/schema\/logo\/image\/","url":"https:\/\/www.urbanbiker.com\/wp-content\/uploads\/2022\/09\/Logo-principal-sin-fondo.png","contentUrl":"https:\/\/www.urbanbiker.com\/wp-content\/uploads\/2022\/09\/Logo-principal-sin-fondo.png","width":2560,"height":934,"caption":"UrbanBiker"},"image":{"@id":"https:\/\/www.urbanbiker.com\/de\/#\/schema\/logo\/image\/"},"sameAs":["https:\/\/www.facebook.com\/Urbanbikerbiciselectricas","https:\/\/www.instagram.com\/urbanbiker_\/","https:\/\/www.linkedin.com\/company\/2454235","https:\/\/www.youtube.com\/channel\/UCWR__uH_RWJF-OhPfz-9-Qw"]}]}},"_links":{"self":[{"href":"https:\/\/www.urbanbiker.com\/de\/wp-json\/wp\/v2\/product\/37039","targetHints":{"allow":["GET"]}}],"collection":[{"href":"https:\/\/www.urbanbiker.com\/de\/wp-json\/wp\/v2\/product"}],"about":[{"href":"https:\/\/www.urbanbiker.com\/de\/wp-json\/wp\/v2\/types\/product"}],"version-history":[{"count":6,"href":"https:\/\/www.urbanbiker.com\/de\/wp-json\/wp\/v2\/product\/37039\/revisions"}],"predecessor-version":[{"id":56675,"href":"https:\/\/www.urbanbiker.com\/de\/wp-json\/wp\/v2\/product\/37039\/revisions\/56675"}],"wp:featuredmedia":[{"embeddable":true,"href":"https:\/\/www.urbanbiker.com\/de\/wp-json\/wp\/v2\/media\/36422"}],"wp:attachment":[{"href":"https:\/\/www.urbanbiker.com\/de\/wp-json\/wp\/v2\/media?parent=37039"}],"wp:term":[{"taxonomy":"product_cat","embeddable":true,"href":"https:\/\/www.urbanbiker.com\/de\/wp-json\/wp\/v2\/product_cat?post=37039"},{"taxonomy":"product_tag","embeddable":true,"href":"https:\/\/www.urbanbiker.com\/de\/wp-json\/wp\/v2\/product_tag?post=37039"}],"curies":[{"name":"wp","href":"https:\/\/api.w.org\/{rel}","templated":true}]}}