{"id":36902,"date":"2025-02-21T10:18:22","date_gmt":"2025-02-21T09:18:22","guid":{"rendered":"https:\/\/www.urbanbiker.com\/tienda-bicicletas-electricas\/hutchinson-haussmann-26-28-reifen\/"},"modified":"2025-12-09T10:55:08","modified_gmt":"2025-12-09T09:55:08","slug":"reifen-hutchinson-haussmann-26-28","status":"publish","type":"product","link":"https:\/\/www.urbanbiker.com\/de\/produkt\/reifen-hutchinson-haussmann-26-28\/","title":{"rendered":"Reifen Hutchinson Haussmann 26&#8243;\/28&#8243;"},"content":{"rendered":"","protected":false},"excerpt":{"rendered":"<h6><strong>Reifen Hutchinson Haussmann 26&#8243;\/28&#8243;<\/strong><\/h6>\n<p>Hutchinson Haussmann 26\u2033 und 28\u2033 Reifen. <strong>Nur g\u00fcltig f\u00fcr Sydney, Sydney PLUS, UB100, UB100B und Viena, die ab 2020 gekauft werden. <\/strong>Sein abgerundeter Ball sorgt f\u00fcr Komfort und Man\u00f6vrierf\u00e4higkeit. Seine breiten, niedrigen Mittelstollen bieten die Leistung, die Sie brauchen, um weit zu kommen, ohne auf der Stra\u00dfe bleiben zu m\u00fcssen. Und schlie\u00dflich sorgt seine gespaltene und gerillte Seitenwand f\u00fcr den n\u00f6tigen Grip bei allen Bedingungen.<\/p>\n","protected":false},"featured_media":36582,"template":"","meta":[],"product_cat":[343,416],"product_tag":[],"class_list":{"0":"post-36902","1":"product","2":"type-product","3":"status-publish","4":"has-post-thumbnail","6":"product_cat-komponenten","7":"product_cat-raeder","8":"pa_ebike-sidney","9":"pa_ebike-sidney-plus","10":"pa_ebike-ub100","11":"pa_ebike-viena","12":"pa_tamano-rueda-26-de","13":"pa_tamano-rueda-28-de","15":"first","16":"outofstock","17":"taxable","18":"shipping-taxable","19":"purchasable","20":"product-type-variable"},"atum_controlled":true,"out_stock_date":null,"out_stock_threshold":null,"inheritable":true,"stock_on_hold":0,"sold_today":0,"sales_last_days":0,"out_stock_days":0,"lost_sales":0,"update_date":"2026-04-13T00:15:16","atum_locations":[],"atum_stock_status":"outofstock","restock_status":false,"low_stock_amount":"","sales_update_date":"2026-04-13T00:15:15","calc_backorders":null,"yoast_head":"<!-- This site is optimized with the Yoast SEO plugin v27.3 - https:\/\/yoast.com\/product\/yoast-seo-wordpress\/ -->\n<title>Reifen Hutchinson Haussmann 26&quot;\/28&quot; | Erg\u00e4nzungen UrbanBiker<\/title>\n<meta name=\"description\" content=\"Reifen Hutchinson Haussmann 26&quot;\/28&quot;1.75. Kompatibel mit UrbanBiker Sidney, Sidney PLUS, UB100, UB100B und Viena E-Bikes. | UrbanBiker\" \/>\n<meta name=\"robots\" content=\"index, follow, max-snippet:-1, max-image-preview:large, max-video-preview:-1\" \/>\n<link rel=\"canonical\" href=\"https:\/\/www.urbanbiker.com\/de\/produkt\/reifen-hutchinson-haussmann-26-28\/\" \/>\n<meta property=\"og:locale\" content=\"de_DE\" \/>\n<meta property=\"og:type\" content=\"article\" \/>\n<meta property=\"og:title\" content=\"Reifen Hutchinson Haussmann 26&quot;\/28&quot; | Erg\u00e4nzungen UrbanBiker\" \/>\n<meta property=\"og:description\" content=\"Reifen Hutchinson Haussmann 26&quot;\/28&quot;1.75. Kompatibel mit UrbanBiker Sidney, Sidney PLUS, UB100, UB100B und Viena E-Bikes. | UrbanBiker\" \/>\n<meta property=\"og:url\" content=\"https:\/\/www.urbanbiker.com\/de\/produkt\/reifen-hutchinson-haussmann-26-28\/\" \/>\n<meta property=\"og:site_name\" content=\"UrbanBiker\" \/>\n<meta property=\"article:publisher\" content=\"https:\/\/www.facebook.com\/Urbanbikerbiciselectricas\" \/>\n<meta property=\"article:modified_time\" content=\"2025-12-09T09:55:08+00:00\" \/>\n<meta property=\"og:image\" content=\"https:\/\/www.urbanbiker.com\/wp-content\/uploads\/2025\/02\/city-trekking-bike-tire-hutchinson-haussmann-1.png\" \/>\n\t<meta property=\"og:image:width\" content=\"1125\" \/>\n\t<meta property=\"og:image:height\" content=\"1200\" \/>\n\t<meta property=\"og:image:type\" content=\"image\/png\" \/>\n<meta name=\"twitter:card\" content=\"summary_large_image\" \/>\n<meta name=\"twitter:label1\" content=\"Gesch\u00e4tzte Lesezeit\" \/>\n\t<meta name=\"twitter:data1\" content=\"1\u00a0Minute\" \/>\n<script type=\"application\/ld+json\" class=\"yoast-schema-graph\">{\"@context\":\"https:\\\/\\\/schema.org\",\"@graph\":[{\"@type\":\"WebPage\",\"@id\":\"https:\\\/\\\/www.urbanbiker.com\\\/de\\\/produkt\\\/reifen-hutchinson-haussmann-26-28\\\/\",\"url\":\"https:\\\/\\\/www.urbanbiker.com\\\/de\\\/produkt\\\/reifen-hutchinson-haussmann-26-28\\\/\",\"name\":\"Reifen Hutchinson Haussmann 26\\\"\\\/28\\\" | Erg\u00e4nzungen UrbanBiker\",\"isPartOf\":{\"@id\":\"https:\\\/\\\/www.urbanbiker.com\\\/de\\\/#website\"},\"primaryImageOfPage\":{\"@id\":\"https:\\\/\\\/www.urbanbiker.com\\\/de\\\/produkt\\\/reifen-hutchinson-haussmann-26-28\\\/#primaryimage\"},\"image\":{\"@id\":\"https:\\\/\\\/www.urbanbiker.com\\\/de\\\/produkt\\\/reifen-hutchinson-haussmann-26-28\\\/#primaryimage\"},\"thumbnailUrl\":\"https:\\\/\\\/www.urbanbiker.com\\\/wp-content\\\/uploads\\\/2025\\\/02\\\/city-trekking-bike-tire-hutchinson-haussmann-1.png\",\"datePublished\":\"2025-02-21T09:18:22+00:00\",\"dateModified\":\"2025-12-09T09:55:08+00:00\",\"description\":\"Reifen Hutchinson Haussmann 26\\\"\\\/28\\\"1.75. Kompatibel mit UrbanBiker Sidney, Sidney PLUS, UB100, UB100B und Viena E-Bikes. | UrbanBiker\",\"breadcrumb\":{\"@id\":\"https:\\\/\\\/www.urbanbiker.com\\\/de\\\/produkt\\\/reifen-hutchinson-haussmann-26-28\\\/#breadcrumb\"},\"inLanguage\":\"de\",\"potentialAction\":[{\"@type\":\"ReadAction\",\"target\":[\"https:\\\/\\\/www.urbanbiker.com\\\/de\\\/produkt\\\/reifen-hutchinson-haussmann-26-28\\\/\"]}]},{\"@type\":\"ImageObject\",\"inLanguage\":\"de\",\"@id\":\"https:\\\/\\\/www.urbanbiker.com\\\/de\\\/produkt\\\/reifen-hutchinson-haussmann-26-28\\\/#primaryimage\",\"url\":\"https:\\\/\\\/www.urbanbiker.com\\\/wp-content\\\/uploads\\\/2025\\\/02\\\/city-trekking-bike-tire-hutchinson-haussmann-1.png\",\"contentUrl\":\"https:\\\/\\\/www.urbanbiker.com\\\/wp-content\\\/uploads\\\/2025\\\/02\\\/city-trekking-bike-tire-hutchinson-haussmann-1.png\",\"width\":1125,\"height\":1200,\"caption\":\"City Trekking Fahrradreifen Hutchinson Haussmann\"},{\"@type\":\"BreadcrumbList\",\"@id\":\"https:\\\/\\\/www.urbanbiker.com\\\/de\\\/produkt\\\/reifen-hutchinson-haussmann-26-28\\\/#breadcrumb\",\"itemListElement\":[{\"@type\":\"ListItem\",\"position\":1,\"name\":\"Portada\",\"item\":\"https:\\\/\\\/www.urbanbiker.com\\\/de\\\/\"},{\"@type\":\"ListItem\",\"position\":2,\"name\":\"Elektrofahrr\u00e4der Shop\",\"item\":\"https:\\\/\\\/www.urbanbiker.com\\\/de\\\/ebike-shop\\\/\"},{\"@type\":\"ListItem\",\"position\":3,\"name\":\"Reifen Hutchinson Haussmann 26&#8243;\\\/28&#8243;\"}]},{\"@type\":\"WebSite\",\"@id\":\"https:\\\/\\\/www.urbanbiker.com\\\/de\\\/#website\",\"url\":\"https:\\\/\\\/www.urbanbiker.com\\\/de\\\/\",\"name\":\"UrbanBiker\",\"description\":\"Elektrische Fahrr\u00e4der\",\"publisher\":{\"@id\":\"https:\\\/\\\/www.urbanbiker.com\\\/de\\\/#organization\"},\"potentialAction\":[{\"@type\":\"SearchAction\",\"target\":{\"@type\":\"EntryPoint\",\"urlTemplate\":\"https:\\\/\\\/www.urbanbiker.com\\\/de\\\/?s={search_term_string}\"},\"query-input\":{\"@type\":\"PropertyValueSpecification\",\"valueRequired\":true,\"valueName\":\"search_term_string\"}}],\"inLanguage\":\"de\"},{\"@type\":\"Organization\",\"@id\":\"https:\\\/\\\/www.urbanbiker.com\\\/de\\\/#organization\",\"name\":\"UrbanBiker\",\"url\":\"https:\\\/\\\/www.urbanbiker.com\\\/de\\\/\",\"logo\":{\"@type\":\"ImageObject\",\"inLanguage\":\"de\",\"@id\":\"https:\\\/\\\/www.urbanbiker.com\\\/de\\\/#\\\/schema\\\/logo\\\/image\\\/\",\"url\":\"https:\\\/\\\/www.urbanbiker.com\\\/wp-content\\\/uploads\\\/2022\\\/09\\\/Logo-principal-sin-fondo.png\",\"contentUrl\":\"https:\\\/\\\/www.urbanbiker.com\\\/wp-content\\\/uploads\\\/2022\\\/09\\\/Logo-principal-sin-fondo.png\",\"width\":2560,\"height\":934,\"caption\":\"UrbanBiker\"},\"image\":{\"@id\":\"https:\\\/\\\/www.urbanbiker.com\\\/de\\\/#\\\/schema\\\/logo\\\/image\\\/\"},\"sameAs\":[\"https:\\\/\\\/www.facebook.com\\\/Urbanbikerbiciselectricas\",\"https:\\\/\\\/www.instagram.com\\\/urbanbiker_\\\/\",\"https:\\\/\\\/www.linkedin.com\\\/company\\\/2454235\",\"https:\\\/\\\/www.youtube.com\\\/channel\\\/UCWR__uH_RWJF-OhPfz-9-Qw\"]}]}<\/script>\n<!-- \/ Yoast SEO plugin. -->","yoast_head_json":{"title":"Reifen Hutchinson Haussmann 26\"\/28\" | Erg\u00e4nzungen UrbanBiker","description":"Reifen Hutchinson Haussmann 26\"\/28\"1.75. Kompatibel mit UrbanBiker Sidney, Sidney PLUS, UB100, UB100B und Viena E-Bikes. | UrbanBiker","robots":{"index":"index","follow":"follow","max-snippet":"max-snippet:-1","max-image-preview":"max-image-preview:large","max-video-preview":"max-video-preview:-1"},"canonical":"https:\/\/www.urbanbiker.com\/de\/produkt\/reifen-hutchinson-haussmann-26-28\/","og_locale":"de_DE","og_type":"article","og_title":"Reifen Hutchinson Haussmann 26\"\/28\" | Erg\u00e4nzungen UrbanBiker","og_description":"Reifen Hutchinson Haussmann 26\"\/28\"1.75. Kompatibel mit UrbanBiker Sidney, Sidney PLUS, UB100, UB100B und Viena E-Bikes. | UrbanBiker","og_url":"https:\/\/www.urbanbiker.com\/de\/produkt\/reifen-hutchinson-haussmann-26-28\/","og_site_name":"UrbanBiker","article_publisher":"https:\/\/www.facebook.com\/Urbanbikerbiciselectricas","article_modified_time":"2025-12-09T09:55:08+00:00","og_image":[{"width":1125,"height":1200,"url":"https:\/\/www.urbanbiker.com\/wp-content\/uploads\/2025\/02\/city-trekking-bike-tire-hutchinson-haussmann-1.png","type":"image\/png"}],"twitter_card":"summary_large_image","twitter_misc":{"Gesch\u00e4tzte Lesezeit":"1\u00a0Minute"},"schema":{"@context":"https:\/\/schema.org","@graph":[{"@type":"WebPage","@id":"https:\/\/www.urbanbiker.com\/de\/produkt\/reifen-hutchinson-haussmann-26-28\/","url":"https:\/\/www.urbanbiker.com\/de\/produkt\/reifen-hutchinson-haussmann-26-28\/","name":"Reifen Hutchinson Haussmann 26\"\/28\" | Erg\u00e4nzungen UrbanBiker","isPartOf":{"@id":"https:\/\/www.urbanbiker.com\/de\/#website"},"primaryImageOfPage":{"@id":"https:\/\/www.urbanbiker.com\/de\/produkt\/reifen-hutchinson-haussmann-26-28\/#primaryimage"},"image":{"@id":"https:\/\/www.urbanbiker.com\/de\/produkt\/reifen-hutchinson-haussmann-26-28\/#primaryimage"},"thumbnailUrl":"https:\/\/www.urbanbiker.com\/wp-content\/uploads\/2025\/02\/city-trekking-bike-tire-hutchinson-haussmann-1.png","datePublished":"2025-02-21T09:18:22+00:00","dateModified":"2025-12-09T09:55:08+00:00","description":"Reifen Hutchinson Haussmann 26\"\/28\"1.75. Kompatibel mit UrbanBiker Sidney, Sidney PLUS, UB100, UB100B und Viena E-Bikes. | UrbanBiker","breadcrumb":{"@id":"https:\/\/www.urbanbiker.com\/de\/produkt\/reifen-hutchinson-haussmann-26-28\/#breadcrumb"},"inLanguage":"de","potentialAction":[{"@type":"ReadAction","target":["https:\/\/www.urbanbiker.com\/de\/produkt\/reifen-hutchinson-haussmann-26-28\/"]}]},{"@type":"ImageObject","inLanguage":"de","@id":"https:\/\/www.urbanbiker.com\/de\/produkt\/reifen-hutchinson-haussmann-26-28\/#primaryimage","url":"https:\/\/www.urbanbiker.com\/wp-content\/uploads\/2025\/02\/city-trekking-bike-tire-hutchinson-haussmann-1.png","contentUrl":"https:\/\/www.urbanbiker.com\/wp-content\/uploads\/2025\/02\/city-trekking-bike-tire-hutchinson-haussmann-1.png","width":1125,"height":1200,"caption":"City Trekking Fahrradreifen Hutchinson Haussmann"},{"@type":"BreadcrumbList","@id":"https:\/\/www.urbanbiker.com\/de\/produkt\/reifen-hutchinson-haussmann-26-28\/#breadcrumb","itemListElement":[{"@type":"ListItem","position":1,"name":"Portada","item":"https:\/\/www.urbanbiker.com\/de\/"},{"@type":"ListItem","position":2,"name":"Elektrofahrr\u00e4der Shop","item":"https:\/\/www.urbanbiker.com\/de\/ebike-shop\/"},{"@type":"ListItem","position":3,"name":"Reifen Hutchinson Haussmann 26&#8243;\/28&#8243;"}]},{"@type":"WebSite","@id":"https:\/\/www.urbanbiker.com\/de\/#website","url":"https:\/\/www.urbanbiker.com\/de\/","name":"UrbanBiker","description":"Elektrische Fahrr\u00e4der","publisher":{"@id":"https:\/\/www.urbanbiker.com\/de\/#organization"},"potentialAction":[{"@type":"SearchAction","target":{"@type":"EntryPoint","urlTemplate":"https:\/\/www.urbanbiker.com\/de\/?s={search_term_string}"},"query-input":{"@type":"PropertyValueSpecification","valueRequired":true,"valueName":"search_term_string"}}],"inLanguage":"de"},{"@type":"Organization","@id":"https:\/\/www.urbanbiker.com\/de\/#organization","name":"UrbanBiker","url":"https:\/\/www.urbanbiker.com\/de\/","logo":{"@type":"ImageObject","inLanguage":"de","@id":"https:\/\/www.urbanbiker.com\/de\/#\/schema\/logo\/image\/","url":"https:\/\/www.urbanbiker.com\/wp-content\/uploads\/2022\/09\/Logo-principal-sin-fondo.png","contentUrl":"https:\/\/www.urbanbiker.com\/wp-content\/uploads\/2022\/09\/Logo-principal-sin-fondo.png","width":2560,"height":934,"caption":"UrbanBiker"},"image":{"@id":"https:\/\/www.urbanbiker.com\/de\/#\/schema\/logo\/image\/"},"sameAs":["https:\/\/www.facebook.com\/Urbanbikerbiciselectricas","https:\/\/www.instagram.com\/urbanbiker_\/","https:\/\/www.linkedin.com\/company\/2454235","https:\/\/www.youtube.com\/channel\/UCWR__uH_RWJF-OhPfz-9-Qw"]}]}},"_links":{"self":[{"href":"https:\/\/www.urbanbiker.com\/de\/wp-json\/wp\/v2\/product\/36902","targetHints":{"allow":["GET"]}}],"collection":[{"href":"https:\/\/www.urbanbiker.com\/de\/wp-json\/wp\/v2\/product"}],"about":[{"href":"https:\/\/www.urbanbiker.com\/de\/wp-json\/wp\/v2\/types\/product"}],"version-history":[{"count":4,"href":"https:\/\/www.urbanbiker.com\/de\/wp-json\/wp\/v2\/product\/36902\/revisions"}],"predecessor-version":[{"id":56617,"href":"https:\/\/www.urbanbiker.com\/de\/wp-json\/wp\/v2\/product\/36902\/revisions\/56617"}],"wp:featuredmedia":[{"embeddable":true,"href":"https:\/\/www.urbanbiker.com\/de\/wp-json\/wp\/v2\/media\/36582"}],"wp:attachment":[{"href":"https:\/\/www.urbanbiker.com\/de\/wp-json\/wp\/v2\/media?parent=36902"}],"wp:term":[{"taxonomy":"product_cat","embeddable":true,"href":"https:\/\/www.urbanbiker.com\/de\/wp-json\/wp\/v2\/product_cat?post=36902"},{"taxonomy":"product_tag","embeddable":true,"href":"https:\/\/www.urbanbiker.com\/de\/wp-json\/wp\/v2\/product_tag?post=36902"}],"curies":[{"name":"wp","href":"https:\/\/api.w.org\/{rel}","templated":true}]}}