{"id":42332,"date":"2025-04-07T09:22:44","date_gmt":"2025-04-07T07:22:44","guid":{"rendered":"https:\/\/www.urbanbiker.com\/?page_id=42332"},"modified":"2026-04-06T10:49:54","modified_gmt":"2026-04-06T08:49:54","slug":"zahlungsarten","status":"publish","type":"page","link":"https:\/\/www.urbanbiker.com\/de\/zahlungsarten\/","title":{"rendered":"Zahlungsarten"},"content":{"rendered":"\t\t<div data-elementor-type=\"wp-page\" data-elementor-id=\"42332\" class=\"elementor elementor-42332 elementor-42225\">\n\t\t\t\t\t\t<div class=\"elementor-section elementor-top-section elementor-element elementor-element-2e11527 elementor-section-stretched elementor-section-boxed elementor-section-height-default elementor-section-height-default\" data-id=\"2e11527\" data-element_type=\"section\" data-e-type=\"section\" data-settings=\"{&quot;stretch_section&quot;:&quot;section-stretched&quot;}\">\n\t\t\t\t\t\t<div class=\"elementor-container elementor-column-gap-no\">\n\t\t\t\t\t<div class=\"elementor-column elementor-col-100 elementor-top-column elementor-element elementor-element-d2bd899\" data-id=\"d2bd899\" data-element_type=\"column\" data-e-type=\"column\">\n\t\t\t<div class=\"elementor-widget-wrap elementor-element-populated\">\n\t\t\t\t\n\t\t<div class=\"elementor-element elementor-element-a637689 elementor-widget elementor-widget-text-editor\" data-id=\"a637689\" data-element_type=\"widget\" data-e-type=\"widget\" data-widget_type=\"text-editor.default\">\n\t\t\t\t<div class=\"elementor-widget-container\">\n\t\t\t\t\t\t\t\t\t<h2>Zahlungsbedingungen<\/h2><h3>Kreditkarte<\/h3><p>UrbanBiker akzeptiert die folgenden Kreditkarten zur Bearbeitung Ihrer Bestellung:<\/p><p>Visa<br \/>Mastercard<br \/>American Express<br \/>Belfius<br \/>Bancontact<br \/>IDEAL<br \/>Sofort<br \/>MB Way<br \/>Multibanco<\/p><p>Wir garantieren, dass Ihre Kreditkartendaten mit dem SSL-Protokoll (Secure Socket Layer) verschl\u00fcsselt werden und niemals unverschl\u00fcsselt durch das Netzwerk oder die Server von UrbanBiker.com \u00fcbertragen werden. Die Zahlung erfolgt direkt an die Bank und Ihre Bankdaten werden niemals \u00fcber unsere Server geleitet.<\/p><h3>Paypal<\/h3><p>Einfaches und sicheres Bezahlen: Der Ablauf ist wie folgt.<\/p><ul><li>Alles, was Sie tun m\u00fcssen, ist sich zu registrieren<\/li><li>Registrieren Sie sich kostenlos bei PayPal und geben Sie Ihre Bankdaten nur einmal ein. Jedes Mal, wenn Sie einen Kauf mit PayPal t\u00e4tigen, ben\u00f6tigen Sie nur Ihre E-Mail-Adresse und Ihr Passwort. Auf diese Weise m\u00fcssen Sie Ihre Finanzdaten bei Ihrem n\u00e4chsten Einkauf nicht erneut eingeben.<\/li><li>Handeln Sie in v\u00f6lliger Sicherheit<\/li><li>Ihre Daten sind bei uns so sicher wie in einem Tresor gespeichert. Dar\u00fcber hinaus haben wir den kostenlosen PayPal-K\u00e4uferschutz eingerichtet: Wenn etwas schief geht, geben wir Ihnen Ihr Geld zur\u00fcck.<\/li><li>Flexibel sein<\/li><li>Von A wie Alternate bis Z wie Zalando, mit PayPal k\u00f6nnen Sie in vielen Online-Shops bezahlen. Und wenn Sie Ihre Kreditkarte mit dem Bonusprogramm auf Ihr PayPal-Konto einzahlen, sammeln Sie nat\u00fcrlich weiterhin Punkte.<\/li><\/ul><h3>Bank\u00fcberweisung<\/h3><p>Im Verwendungszweck der \u00dcberweisung m\u00fcssen Sie die Auftragsnummer angeben.<\/p><p>Bank: BANCO SABADELL S.A.<br \/>Kontonummer: 0081 5721 9200 0137 3241<br \/>IBAN: ES64 0081 5721 9200 0137 3241<br \/>BIC: BSABESBBXXX<\/p><div><h3>Alma<\/h3><p>Dank unserer Zahlungsl\u00f6sungen k\u00f6nnen Ihre Kunden ihre Eink\u00e4ufe in 2, 3, 4 oder mehr Raten oder sogar aufgeschoben bezahlen.<\/p><p><strong>Welche Zahlungskarten akzeptiert Alma?<\/strong><\/p><p>Alma akzeptiert Bankkarten, die von Banken aus den folgenden L\u00e4ndern ausgestellt wurden:<\/p><ul><li>Frankreich<\/li><li>Belgien<\/li><li>Spanien<\/li><li>Deutschland<\/li><li>Italien<\/li><li>\u00d6sterreich<\/li><li>Irland<\/li><li>Luxemburg<\/li><li>Niederlande<\/li><\/ul><p>Einige Kartentypen erlauben jedoch keine Raten- oder aufgeschobene Zahlung mit Alma. Insbesondere:<\/p><ul><li>Karten, die von ausl\u00e4ndischen Banken ausgestellt wurden.<\/li><li>Prepaid-Karten, wie z. B. Correos, MoneyToPay, Spark usw.<\/li><\/ul><p>Tats\u00e4chlich verf\u00fcgen die meisten dieser Karten nicht \u00fcber ausreichend sichere Authentifizierungsverfahren, um Raten- oder Zahlungsaufschub bei Alma zu erm\u00f6glichen.<\/p><p>Beachten Sie schlie\u00dflich, dass einige H\u00e4ndler keine <strong>Business- oder American-Express-Karten<\/strong> akzeptieren.<\/p><h3>Google Pay<\/h3><p>Es ist nicht nur eine Brieftasche. Es ist Google Wallet.<\/p><p>Mit der neuen Google Wallet App k\u00f6nnen Sie alle Ihre wichtigen Dinge an einem sicheren Ort aufbewahren, egal wo Sie sind. Jetzt k\u00f6nnen Sie von Ihrem Android-Telefon aus auf Ihre Zahlungskarten, Reisetickets, Konzertkarten und mehr zugreifen. Es ist nicht nur ein digitales Portemonnaie, sondern auch Ihr t\u00e4glicher Schl\u00fcssel.<\/p><h3>Apple Pay<\/h3><p>Die Einrichtung dauert nur Sekunden. Die ersten Schritte mit Apple Pay sind ganz einfach. F\u00fcgen Sie einfach eine Kredit- oder Debitkarte in der Wallet-App auf dem iPhone hinzu. Sie genie\u00dfen weiterhin alle Vorteile, die mit Ihren Karten verbunden sind, ohne auf Punkte oder Belohnungen verzichten zu m\u00fcssen.<\/p><\/div>\t\t\t\t\t\t\t\t<\/div>\n\t\t\t\t<\/div>\n\t\t\t\t\t<\/div>\n\t\t<\/div>\n\t\t\t\t\t<\/div>\n\t\t<\/div>\n\t\t\t\t<\/div>\n\t\t","protected":false},"excerpt":{"rendered":"<p>Zahlungsbedingungen Kreditkarte UrbanBiker akzeptiert die folgenden Kreditkarten zur Bearbeitung Ihrer Bestellung: VisaMastercardAmerican ExpressBelfiusBancontactIDEALSofortMB WayMultibanco Wir garantieren, dass Ihre Kreditkartendaten mit dem SSL-Protokoll (Secure Socket Layer) verschl\u00fcsselt werden und niemals unverschl\u00fcsselt durch das Netzwerk oder die Server von UrbanBiker.com \u00fcbertragen werden. Die Zahlung erfolgt direkt an die Bank und Ihre Bankdaten werden niemals \u00fcber unsere Server [&hellip;]<\/p>\n","protected":false},"author":1,"featured_media":0,"parent":0,"menu_order":0,"comment_status":"closed","ping_status":"closed","template":"","meta":{"footnotes":""},"class_list":["post-42332","page","type-page","status-publish","hentry"],"yoast_head":"<!-- This site is optimized with the Yoast SEO plugin v27.5 - https:\/\/yoast.com\/product\/yoast-seo-wordpress\/ -->\n<title>Zahlungsarten UrbanBiker<\/title>\n<meta name=\"description\" content=\"Zahlungsarten, die beim Kauf in unserem Online-Shop auf www.urbanbiker.com akzeptiert werden. | Zahlungsarten UrbanBiker\" \/>\n<meta name=\"robots\" content=\"noindex, nofollow\" \/>\n<meta property=\"og:locale\" content=\"de_DE\" \/>\n<meta property=\"og:type\" content=\"article\" \/>\n<meta property=\"og:title\" content=\"Zahlungsarten UrbanBiker\" \/>\n<meta property=\"og:description\" content=\"Zahlungsarten, die beim Kauf in unserem Online-Shop auf www.urbanbiker.com akzeptiert werden. | Zahlungsarten UrbanBiker\" \/>\n<meta property=\"og:url\" content=\"https:\/\/www.urbanbiker.com\/de\/zahlungsarten\/\" \/>\n<meta property=\"og:site_name\" content=\"UrbanBiker\" \/>\n<meta property=\"article:publisher\" content=\"https:\/\/www.facebook.com\/Urbanbikerbiciselectricas\" \/>\n<meta property=\"article:modified_time\" content=\"2026-04-06T08:49:54+00:00\" \/>\n<meta name=\"twitter:card\" content=\"summary_large_image\" \/>\n<meta name=\"twitter:label1\" content=\"Gesch\u00e4tzte Lesezeit\" \/>\n\t<meta name=\"twitter:data1\" content=\"3\u00a0Minute\" \/>\n<script type=\"application\/ld+json\" class=\"yoast-schema-graph\">{\"@context\":\"https:\\\/\\\/schema.org\",\"@graph\":[{\"@type\":\"WebPage\",\"@id\":\"https:\\\/\\\/www.urbanbiker.com\\\/de\\\/zahlungsarten\\\/\",\"url\":\"https:\\\/\\\/www.urbanbiker.com\\\/de\\\/zahlungsarten\\\/\",\"name\":\"Zahlungsarten UrbanBiker\",\"isPartOf\":{\"@id\":\"https:\\\/\\\/www.urbanbiker.com\\\/de\\\/#website\"},\"datePublished\":\"2025-04-07T07:22:44+00:00\",\"dateModified\":\"2026-04-06T08:49:54+00:00\",\"description\":\"Zahlungsarten, die beim Kauf in unserem Online-Shop auf www.urbanbiker.com akzeptiert werden. | Zahlungsarten UrbanBiker\",\"breadcrumb\":{\"@id\":\"https:\\\/\\\/www.urbanbiker.com\\\/de\\\/zahlungsarten\\\/#breadcrumb\"},\"inLanguage\":\"de\",\"potentialAction\":[{\"@type\":\"ReadAction\",\"target\":[\"https:\\\/\\\/www.urbanbiker.com\\\/de\\\/zahlungsarten\\\/\"]}]},{\"@type\":\"BreadcrumbList\",\"@id\":\"https:\\\/\\\/www.urbanbiker.com\\\/de\\\/zahlungsarten\\\/#breadcrumb\",\"itemListElement\":[{\"@type\":\"ListItem\",\"position\":1,\"name\":\"Portada\",\"item\":\"https:\\\/\\\/www.urbanbiker.com\\\/de\\\/\"},{\"@type\":\"ListItem\",\"position\":2,\"name\":\"Zahlungsarten\"}]},{\"@type\":\"WebSite\",\"@id\":\"https:\\\/\\\/www.urbanbiker.com\\\/de\\\/#website\",\"url\":\"https:\\\/\\\/www.urbanbiker.com\\\/de\\\/\",\"name\":\"UrbanBiker\",\"description\":\"Elektrische Fahrr\u00e4der\",\"publisher\":{\"@id\":\"https:\\\/\\\/www.urbanbiker.com\\\/de\\\/#organization\"},\"potentialAction\":[{\"@type\":\"SearchAction\",\"target\":{\"@type\":\"EntryPoint\",\"urlTemplate\":\"https:\\\/\\\/www.urbanbiker.com\\\/de\\\/?s={search_term_string}\"},\"query-input\":{\"@type\":\"PropertyValueSpecification\",\"valueRequired\":true,\"valueName\":\"search_term_string\"}}],\"inLanguage\":\"de\"},{\"@type\":\"Organization\",\"@id\":\"https:\\\/\\\/www.urbanbiker.com\\\/de\\\/#organization\",\"name\":\"UrbanBiker\",\"url\":\"https:\\\/\\\/www.urbanbiker.com\\\/de\\\/\",\"logo\":{\"@type\":\"ImageObject\",\"inLanguage\":\"de\",\"@id\":\"https:\\\/\\\/www.urbanbiker.com\\\/de\\\/#\\\/schema\\\/logo\\\/image\\\/\",\"url\":\"https:\\\/\\\/www.urbanbiker.com\\\/wp-content\\\/uploads\\\/2022\\\/09\\\/Logo-principal-sin-fondo.png\",\"contentUrl\":\"https:\\\/\\\/www.urbanbiker.com\\\/wp-content\\\/uploads\\\/2022\\\/09\\\/Logo-principal-sin-fondo.png\",\"width\":2560,\"height\":934,\"caption\":\"UrbanBiker\"},\"image\":{\"@id\":\"https:\\\/\\\/www.urbanbiker.com\\\/de\\\/#\\\/schema\\\/logo\\\/image\\\/\"},\"sameAs\":[\"https:\\\/\\\/www.facebook.com\\\/Urbanbikerbiciselectricas\",\"https:\\\/\\\/www.instagram.com\\\/urbanbiker_\\\/\",\"https:\\\/\\\/www.linkedin.com\\\/company\\\/2454235\",\"https:\\\/\\\/www.youtube.com\\\/channel\\\/UCWR__uH_RWJF-OhPfz-9-Qw\"]}]}<\/script>\n<!-- \/ Yoast SEO plugin. -->","yoast_head_json":{"title":"Zahlungsarten UrbanBiker","description":"Zahlungsarten, die beim Kauf in unserem Online-Shop auf www.urbanbiker.com akzeptiert werden. | Zahlungsarten UrbanBiker","robots":{"index":"noindex","follow":"nofollow"},"og_locale":"de_DE","og_type":"article","og_title":"Zahlungsarten UrbanBiker","og_description":"Zahlungsarten, die beim Kauf in unserem Online-Shop auf www.urbanbiker.com akzeptiert werden. | Zahlungsarten UrbanBiker","og_url":"https:\/\/www.urbanbiker.com\/de\/zahlungsarten\/","og_site_name":"UrbanBiker","article_publisher":"https:\/\/www.facebook.com\/Urbanbikerbiciselectricas","article_modified_time":"2026-04-06T08:49:54+00:00","twitter_card":"summary_large_image","twitter_misc":{"Gesch\u00e4tzte Lesezeit":"3\u00a0Minute"},"schema":{"@context":"https:\/\/schema.org","@graph":[{"@type":"WebPage","@id":"https:\/\/www.urbanbiker.com\/de\/zahlungsarten\/","url":"https:\/\/www.urbanbiker.com\/de\/zahlungsarten\/","name":"Zahlungsarten UrbanBiker","isPartOf":{"@id":"https:\/\/www.urbanbiker.com\/de\/#website"},"datePublished":"2025-04-07T07:22:44+00:00","dateModified":"2026-04-06T08:49:54+00:00","description":"Zahlungsarten, die beim Kauf in unserem Online-Shop auf www.urbanbiker.com akzeptiert werden. | Zahlungsarten UrbanBiker","breadcrumb":{"@id":"https:\/\/www.urbanbiker.com\/de\/zahlungsarten\/#breadcrumb"},"inLanguage":"de","potentialAction":[{"@type":"ReadAction","target":["https:\/\/www.urbanbiker.com\/de\/zahlungsarten\/"]}]},{"@type":"BreadcrumbList","@id":"https:\/\/www.urbanbiker.com\/de\/zahlungsarten\/#breadcrumb","itemListElement":[{"@type":"ListItem","position":1,"name":"Portada","item":"https:\/\/www.urbanbiker.com\/de\/"},{"@type":"ListItem","position":2,"name":"Zahlungsarten"}]},{"@type":"WebSite","@id":"https:\/\/www.urbanbiker.com\/de\/#website","url":"https:\/\/www.urbanbiker.com\/de\/","name":"UrbanBiker","description":"Elektrische Fahrr\u00e4der","publisher":{"@id":"https:\/\/www.urbanbiker.com\/de\/#organization"},"potentialAction":[{"@type":"SearchAction","target":{"@type":"EntryPoint","urlTemplate":"https:\/\/www.urbanbiker.com\/de\/?s={search_term_string}"},"query-input":{"@type":"PropertyValueSpecification","valueRequired":true,"valueName":"search_term_string"}}],"inLanguage":"de"},{"@type":"Organization","@id":"https:\/\/www.urbanbiker.com\/de\/#organization","name":"UrbanBiker","url":"https:\/\/www.urbanbiker.com\/de\/","logo":{"@type":"ImageObject","inLanguage":"de","@id":"https:\/\/www.urbanbiker.com\/de\/#\/schema\/logo\/image\/","url":"https:\/\/www.urbanbiker.com\/wp-content\/uploads\/2022\/09\/Logo-principal-sin-fondo.png","contentUrl":"https:\/\/www.urbanbiker.com\/wp-content\/uploads\/2022\/09\/Logo-principal-sin-fondo.png","width":2560,"height":934,"caption":"UrbanBiker"},"image":{"@id":"https:\/\/www.urbanbiker.com\/de\/#\/schema\/logo\/image\/"},"sameAs":["https:\/\/www.facebook.com\/Urbanbikerbiciselectricas","https:\/\/www.instagram.com\/urbanbiker_\/","https:\/\/www.linkedin.com\/company\/2454235","https:\/\/www.youtube.com\/channel\/UCWR__uH_RWJF-OhPfz-9-Qw"]}]}},"_links":{"self":[{"href":"https:\/\/www.urbanbiker.com\/de\/wp-json\/wp\/v2\/pages\/42332","targetHints":{"allow":["GET"]}}],"collection":[{"href":"https:\/\/www.urbanbiker.com\/de\/wp-json\/wp\/v2\/pages"}],"about":[{"href":"https:\/\/www.urbanbiker.com\/de\/wp-json\/wp\/v2\/types\/page"}],"author":[{"embeddable":true,"href":"https:\/\/www.urbanbiker.com\/de\/wp-json\/wp\/v2\/users\/1"}],"replies":[{"embeddable":true,"href":"https:\/\/www.urbanbiker.com\/de\/wp-json\/wp\/v2\/comments?post=42332"}],"version-history":[{"count":5,"href":"https:\/\/www.urbanbiker.com\/de\/wp-json\/wp\/v2\/pages\/42332\/revisions"}],"predecessor-version":[{"id":62648,"href":"https:\/\/www.urbanbiker.com\/de\/wp-json\/wp\/v2\/pages\/42332\/revisions\/62648"}],"wp:attachment":[{"href":"https:\/\/www.urbanbiker.com\/de\/wp-json\/wp\/v2\/media?parent=42332"}],"curies":[{"name":"wp","href":"https:\/\/api.w.org\/{rel}","templated":true}]}}