{"id":40119,"date":"2024-11-28T15:20:43","date_gmt":"2024-11-28T14:20:43","guid":{"rendered":"https:\/\/www.urbanbiker.com\/versand\/"},"modified":"2025-11-06T11:39:13","modified_gmt":"2025-11-06T10:39:13","slug":"versand","status":"publish","type":"page","link":"https:\/\/www.urbanbiker.com\/de\/versand\/","title":{"rendered":"Versand"},"content":{"rendered":"\t\t<div data-elementor-type=\"wp-page\" data-elementor-id=\"40119\" class=\"elementor elementor-40119 elementor-32106\">\n\t\t\t\t\t\t<div class=\"elementor-section elementor-top-section elementor-element elementor-element-2e11527 elementor-section-stretched elementor-section-boxed elementor-section-height-default elementor-section-height-default\" data-id=\"2e11527\" data-element_type=\"section\" data-e-type=\"section\" data-settings=\"{&quot;stretch_section&quot;:&quot;section-stretched&quot;}\">\n\t\t\t\t\t\t<div class=\"elementor-container elementor-column-gap-no\">\n\t\t\t\t\t<div class=\"elementor-column elementor-col-100 elementor-top-column elementor-element elementor-element-d2bd899\" data-id=\"d2bd899\" data-element_type=\"column\" data-e-type=\"column\">\n\t\t\t<div class=\"elementor-widget-wrap elementor-element-populated\">\n\t\t\t\t\n\t\t<div class=\"elementor-element elementor-element-a637689 elementor-widget elementor-widget-text-editor\" data-id=\"a637689\" data-element_type=\"widget\" data-e-type=\"widget\" data-widget_type=\"text-editor.default\">\n\t\t\t\t<div class=\"elementor-widget-container\">\n\t\t\t\t\t\t\t\t\t<h2>Versandinformationen<\/h2><h3>Kosten f\u00fcr den Versand<\/h3><p>Die Versandkosten betragen 15 Euro f\u00fcr Bestellungen unter 100 Euro.<\/p><p>Der Versand ist ab einem Bestellwert von 100 Euro kostenlos.<\/p><h3>Verf\u00fcgbarkeit<\/h3><p>Wenn das Produkt verf\u00fcgbar ist, wird es je nach Land innerhalb von 2\/5 Arbeitstagen f\u00fcr Fahrr\u00e4der und 1\/4 Arbeitstag f\u00fcr Ersatzteile oder Zubeh\u00f6r verschickt.<\/p><p>Im Falle der Nichtverf\u00fcgbarkeit wird die Meldung &#8222;Nicht auf Lager&#8220; angezeigt.<\/p><p>Die Lieferzeiten sind ungef\u00e4hre Angaben und k\u00f6nnen von den Transportunternehmen selbst ge\u00e4ndert werden. Es ist in keinem Fall m\u00f6glich, eine Lieferzeit anzugeben. <\/p><p>Hinweis: Bestellungen werden bei Urbanbiker.com ausschlie\u00dflich von Montag bis Freitag entgegengenommen. An Wochenenden und Feiertagen werden keine Bestellungen bearbeitet. <\/p><h3>Verpackung<\/h3><p>Die meisten Fahrr\u00e4der werden vormontiert in einem gro\u00dfen Karton geliefert (den Sie bitte aufbewahren). Lenker, Sattel und Pedale sind normalerweise demontiert, um Platz zu sparen. <\/p><h3>Montage<\/h3><p>Im Allgemeinen ist es ein einfacher Prozess, aber er muss korrekt durchgef\u00fchrt werden, damit das Fahrrad 100%ig perfekt ist. Wir empfehlen Ihnen, sich die Videos auf dem YouTube-Kanal anzusehen, den jede Marke in der Regel betreibt, und die Montage- und Wartungsanleitung, die jedem Fahrrad beiliegt, sorgf\u00e4ltig zu lesen. <\/p><h3>Bestellung verfolgen<\/h3><p>Unsere Bestellungen verwenden ein Tracking-System mit einer vom Transportunternehmen bereitgestellten Versandnummer, die Sie erhalten, sobald Ihre Bestellung abgeschlossen ist. Jedes Transportunternehmen hat seine eigenen Merkmale. Sobald die Bestellung unsere Einrichtungen verlassen hat, ist das Transportunternehmen selbst f\u00fcr die Koordination der Lieferdetails Ihrer Bestellung verantwortlich. <\/p><p>Es ist ratsam, die bei der Bestellung angegebene E-Mail-Adresse und Mobiltelefonnummer zu \u00fcberpr\u00fcfen, um Informationen zur Sendungsverfolgung zu erhalten.<\/p><p>Wir arbeiten ausschlie\u00dflich mit f\u00fchrenden internationalen Unternehmen wie:<\/p><p><strong>FEDEX<\/strong>: <a href=\"https:\/\/www.fedex.com\/es-es\/tracking.html\" target=\"_blank\" rel=\"noopener\">https:\/\/www.fedex.com\/es-es\/tracking.html<\/a><br><strong>DHL<\/strong>: <a href=\"https:\/\/www.dhl.com\/es-es\/home\/seguimiento.html\" target=\"_blank\" rel=\"noopener\">https:\/\/www.dhl.com\/es-es\/home\/seguimiento.html<\/a><br><strong>DHL Parcel<\/strong>: <a href=\"https:\/\/clientesparcel.dhl.es\/LiveTracking\/seguimiento-envio-empresas\" target=\"_blank\" rel=\"noopener\">https:\/\/clientesparcel.dhl.es\/LiveTracking\/seguimiento-envio-empresas<\/a><br><strong>GLS<\/strong>: <a href=\"https:\/\/www.gls-spain.es\/es\/recibir-paquetes\/seguimiento-envio\/\" target=\"_blank\" rel=\"noopener\">https:\/\/www.gls-spain.es\/es\/recibir-paquetes\/seguimiento-envio\/<\/a><br><strong>UPS<\/strong>: <a href=\"https:\/\/www.ups.com\/track?loc=es_ES&amp;requester=ST\/\" target=\"_blank\" rel=\"noopener\">https:\/\/www.ups.com\/track?loc=es_ES&amp;requester=ST\/<\/a><br>y otros socios log\u00edsticos en funci\u00f3n del CP de entrega, lo que garantiza un seguimiento fiable de los env\u00edos de nuestros clientes finales.<\/p><h3>Beschwerden \u00fcber die Sendung<\/h3><p>Wenn Sie Ihre Bestellung erhalten, \u00fcberpr\u00fcfen Sie, ob die Verpackung in einwandfreiem Zustand ist und ob die Anzahl der Pakete korrekt ist. Wenn Sie eine Anomalie feststellen, vermerken Sie diese auf dem Lieferschein, den Sie dem Spediteur unterschreiben. Vermerken Sie auf dem Lieferschein alle Anzeichen einer unsachgem\u00e4\u00dfen Behandlung der Waren, einer Besch\u00e4digung oder Ver\u00e4nderung der Verpackung, auch wenn das Material in gutem Zustand zu sein scheint, damit Sie gegebenenfalls eine Reklamation einreichen k\u00f6nnen.  <\/p><p>Bitte beachten Sie, dass jede Reklamation wegen Besch\u00e4digung und\/oder Bruch innerhalb von 24 Stunden nach Erhalt der Ware beim Spediteur eingereicht werden muss. Nach Ablauf dieser Frist k\u00f6nnen weder der Spediteur noch Ebikestock f\u00fcr Sch\u00e4den haftbar gemacht werden, die w\u00e4hrend des Transports entstanden sind, und der K\u00e4ufer ist f\u00fcr die entstandenen Kosten oder Verluste verantwortlich. <\/p>\t\t\t\t\t\t\t\t<\/div>\n\t\t\t\t<\/div>\n\t\t\t\t\t<\/div>\n\t\t<\/div>\n\t\t\t\t\t<\/div>\n\t\t<\/div>\n\t\t\t\t<\/div>\n\t\t","protected":false},"excerpt":{"rendered":"<p>Versandinformationen Kosten f\u00fcr den Versand Die Versandkosten betragen 15 Euro f\u00fcr Bestellungen unter 100 Euro. Der Versand ist ab einem Bestellwert von 100 Euro kostenlos. Verf\u00fcgbarkeit Wenn das Produkt verf\u00fcgbar ist, wird es je nach Land innerhalb von 2\/5 Arbeitstagen f\u00fcr Fahrr\u00e4der und 1\/4 Arbeitstag f\u00fcr Ersatzteile oder Zubeh\u00f6r verschickt. Im Falle der Nichtverf\u00fcgbarkeit wird [&hellip;]<\/p>\n","protected":false},"author":1,"featured_media":0,"parent":0,"menu_order":0,"comment_status":"closed","ping_status":"closed","template":"template-homepage.php","meta":{"footnotes":""},"class_list":["post-40119","page","type-page","status-publish","hentry"],"yoast_head":"<!-- This site is optimized with the Yoast SEO plugin v27.3 - https:\/\/yoast.com\/product\/yoast-seo-wordpress\/ -->\n<title>Versand UrbanBiker<\/title>\n<meta name=\"description\" content=\"Versand UrbanBiker\" \/>\n<meta name=\"robots\" content=\"noindex, nofollow\" \/>\n<meta property=\"og:locale\" content=\"de_DE\" \/>\n<meta property=\"og:type\" content=\"article\" \/>\n<meta property=\"og:title\" content=\"Versand UrbanBiker\" \/>\n<meta property=\"og:description\" content=\"Versand UrbanBiker\" \/>\n<meta property=\"og:url\" content=\"https:\/\/www.urbanbiker.com\/de\/versand\/\" \/>\n<meta property=\"og:site_name\" content=\"UrbanBiker\" \/>\n<meta property=\"article:publisher\" content=\"https:\/\/www.facebook.com\/Urbanbikerbiciselectricas\" \/>\n<meta property=\"article:modified_time\" content=\"2025-11-06T10:39:13+00:00\" \/>\n<meta name=\"twitter:card\" content=\"summary_large_image\" \/>\n<meta name=\"twitter:label1\" content=\"Gesch\u00e4tzte Lesezeit\" \/>\n\t<meta name=\"twitter:data1\" content=\"3\u00a0Minute\" \/>\n<script type=\"application\/ld+json\" class=\"yoast-schema-graph\">{\"@context\":\"https:\\\/\\\/schema.org\",\"@graph\":[{\"@type\":\"WebPage\",\"@id\":\"https:\\\/\\\/www.urbanbiker.com\\\/de\\\/versand\\\/\",\"url\":\"https:\\\/\\\/www.urbanbiker.com\\\/de\\\/versand\\\/\",\"name\":\"Versand UrbanBiker\",\"isPartOf\":{\"@id\":\"https:\\\/\\\/www.urbanbiker.com\\\/de\\\/#website\"},\"datePublished\":\"2024-11-28T14:20:43+00:00\",\"dateModified\":\"2025-11-06T10:39:13+00:00\",\"description\":\"Versand UrbanBiker\",\"breadcrumb\":{\"@id\":\"https:\\\/\\\/www.urbanbiker.com\\\/de\\\/versand\\\/#breadcrumb\"},\"inLanguage\":\"de\",\"potentialAction\":[{\"@type\":\"ReadAction\",\"target\":[\"https:\\\/\\\/www.urbanbiker.com\\\/de\\\/versand\\\/\"]}]},{\"@type\":\"BreadcrumbList\",\"@id\":\"https:\\\/\\\/www.urbanbiker.com\\\/de\\\/versand\\\/#breadcrumb\",\"itemListElement\":[{\"@type\":\"ListItem\",\"position\":1,\"name\":\"Portada\",\"item\":\"https:\\\/\\\/www.urbanbiker.com\\\/de\\\/\"},{\"@type\":\"ListItem\",\"position\":2,\"name\":\"Versand\"}]},{\"@type\":\"WebSite\",\"@id\":\"https:\\\/\\\/www.urbanbiker.com\\\/de\\\/#website\",\"url\":\"https:\\\/\\\/www.urbanbiker.com\\\/de\\\/\",\"name\":\"UrbanBiker\",\"description\":\"Elektrische Fahrr\u00e4der\",\"publisher\":{\"@id\":\"https:\\\/\\\/www.urbanbiker.com\\\/de\\\/#organization\"},\"potentialAction\":[{\"@type\":\"SearchAction\",\"target\":{\"@type\":\"EntryPoint\",\"urlTemplate\":\"https:\\\/\\\/www.urbanbiker.com\\\/de\\\/?s={search_term_string}\"},\"query-input\":{\"@type\":\"PropertyValueSpecification\",\"valueRequired\":true,\"valueName\":\"search_term_string\"}}],\"inLanguage\":\"de\"},{\"@type\":\"Organization\",\"@id\":\"https:\\\/\\\/www.urbanbiker.com\\\/de\\\/#organization\",\"name\":\"UrbanBiker\",\"url\":\"https:\\\/\\\/www.urbanbiker.com\\\/de\\\/\",\"logo\":{\"@type\":\"ImageObject\",\"inLanguage\":\"de\",\"@id\":\"https:\\\/\\\/www.urbanbiker.com\\\/de\\\/#\\\/schema\\\/logo\\\/image\\\/\",\"url\":\"https:\\\/\\\/www.urbanbiker.com\\\/wp-content\\\/uploads\\\/2022\\\/09\\\/Logo-principal-sin-fondo.png\",\"contentUrl\":\"https:\\\/\\\/www.urbanbiker.com\\\/wp-content\\\/uploads\\\/2022\\\/09\\\/Logo-principal-sin-fondo.png\",\"width\":2560,\"height\":934,\"caption\":\"UrbanBiker\"},\"image\":{\"@id\":\"https:\\\/\\\/www.urbanbiker.com\\\/de\\\/#\\\/schema\\\/logo\\\/image\\\/\"},\"sameAs\":[\"https:\\\/\\\/www.facebook.com\\\/Urbanbikerbiciselectricas\",\"https:\\\/\\\/www.instagram.com\\\/urbanbiker_\\\/\",\"https:\\\/\\\/www.linkedin.com\\\/company\\\/2454235\",\"https:\\\/\\\/www.youtube.com\\\/channel\\\/UCWR__uH_RWJF-OhPfz-9-Qw\"]}]}<\/script>\n<!-- \/ Yoast SEO plugin. -->","yoast_head_json":{"title":"Versand UrbanBiker","description":"Versand UrbanBiker","robots":{"index":"noindex","follow":"nofollow"},"og_locale":"de_DE","og_type":"article","og_title":"Versand UrbanBiker","og_description":"Versand UrbanBiker","og_url":"https:\/\/www.urbanbiker.com\/de\/versand\/","og_site_name":"UrbanBiker","article_publisher":"https:\/\/www.facebook.com\/Urbanbikerbiciselectricas","article_modified_time":"2025-11-06T10:39:13+00:00","twitter_card":"summary_large_image","twitter_misc":{"Gesch\u00e4tzte Lesezeit":"3\u00a0Minute"},"schema":{"@context":"https:\/\/schema.org","@graph":[{"@type":"WebPage","@id":"https:\/\/www.urbanbiker.com\/de\/versand\/","url":"https:\/\/www.urbanbiker.com\/de\/versand\/","name":"Versand UrbanBiker","isPartOf":{"@id":"https:\/\/www.urbanbiker.com\/de\/#website"},"datePublished":"2024-11-28T14:20:43+00:00","dateModified":"2025-11-06T10:39:13+00:00","description":"Versand UrbanBiker","breadcrumb":{"@id":"https:\/\/www.urbanbiker.com\/de\/versand\/#breadcrumb"},"inLanguage":"de","potentialAction":[{"@type":"ReadAction","target":["https:\/\/www.urbanbiker.com\/de\/versand\/"]}]},{"@type":"BreadcrumbList","@id":"https:\/\/www.urbanbiker.com\/de\/versand\/#breadcrumb","itemListElement":[{"@type":"ListItem","position":1,"name":"Portada","item":"https:\/\/www.urbanbiker.com\/de\/"},{"@type":"ListItem","position":2,"name":"Versand"}]},{"@type":"WebSite","@id":"https:\/\/www.urbanbiker.com\/de\/#website","url":"https:\/\/www.urbanbiker.com\/de\/","name":"UrbanBiker","description":"Elektrische Fahrr\u00e4der","publisher":{"@id":"https:\/\/www.urbanbiker.com\/de\/#organization"},"potentialAction":[{"@type":"SearchAction","target":{"@type":"EntryPoint","urlTemplate":"https:\/\/www.urbanbiker.com\/de\/?s={search_term_string}"},"query-input":{"@type":"PropertyValueSpecification","valueRequired":true,"valueName":"search_term_string"}}],"inLanguage":"de"},{"@type":"Organization","@id":"https:\/\/www.urbanbiker.com\/de\/#organization","name":"UrbanBiker","url":"https:\/\/www.urbanbiker.com\/de\/","logo":{"@type":"ImageObject","inLanguage":"de","@id":"https:\/\/www.urbanbiker.com\/de\/#\/schema\/logo\/image\/","url":"https:\/\/www.urbanbiker.com\/wp-content\/uploads\/2022\/09\/Logo-principal-sin-fondo.png","contentUrl":"https:\/\/www.urbanbiker.com\/wp-content\/uploads\/2022\/09\/Logo-principal-sin-fondo.png","width":2560,"height":934,"caption":"UrbanBiker"},"image":{"@id":"https:\/\/www.urbanbiker.com\/de\/#\/schema\/logo\/image\/"},"sameAs":["https:\/\/www.facebook.com\/Urbanbikerbiciselectricas","https:\/\/www.instagram.com\/urbanbiker_\/","https:\/\/www.linkedin.com\/company\/2454235","https:\/\/www.youtube.com\/channel\/UCWR__uH_RWJF-OhPfz-9-Qw"]}]}},"_links":{"self":[{"href":"https:\/\/www.urbanbiker.com\/de\/wp-json\/wp\/v2\/pages\/40119","targetHints":{"allow":["GET"]}}],"collection":[{"href":"https:\/\/www.urbanbiker.com\/de\/wp-json\/wp\/v2\/pages"}],"about":[{"href":"https:\/\/www.urbanbiker.com\/de\/wp-json\/wp\/v2\/types\/page"}],"author":[{"embeddable":true,"href":"https:\/\/www.urbanbiker.com\/de\/wp-json\/wp\/v2\/users\/1"}],"replies":[{"embeddable":true,"href":"https:\/\/www.urbanbiker.com\/de\/wp-json\/wp\/v2\/comments?post=40119"}],"version-history":[{"count":5,"href":"https:\/\/www.urbanbiker.com\/de\/wp-json\/wp\/v2\/pages\/40119\/revisions"}],"predecessor-version":[{"id":57337,"href":"https:\/\/www.urbanbiker.com\/de\/wp-json\/wp\/v2\/pages\/40119\/revisions\/57337"}],"wp:attachment":[{"href":"https:\/\/www.urbanbiker.com\/de\/wp-json\/wp\/v2\/media?parent=40119"}],"curies":[{"name":"wp","href":"https:\/\/api.w.org\/{rel}","templated":true}]}}