{"id":39264,"date":"2024-11-28T16:45:06","date_gmt":"2024-11-28T15:45:06","guid":{"rendered":"https:\/\/www.urbanbiker.com\/?page_id=39264"},"modified":"2025-03-17T13:41:08","modified_gmt":"2025-03-17T12:41:08","slug":"cookie-richtlinien","status":"publish","type":"page","link":"https:\/\/www.urbanbiker.com\/de\/cookie-richtlinien\/","title":{"rendered":"Cookie-Richtlinien"},"content":{"rendered":"\t\t<div data-elementor-type=\"wp-page\" data-elementor-id=\"39264\" class=\"elementor elementor-39264 elementor-32163\">\n\t\t\t\t\t\t<div class=\"elementor-section elementor-top-section elementor-element elementor-element-2e11527 elementor-section-stretched elementor-section-boxed elementor-section-height-default elementor-section-height-default\" data-id=\"2e11527\" data-element_type=\"section\" data-e-type=\"section\" data-settings=\"{&quot;stretch_section&quot;:&quot;section-stretched&quot;}\">\n\t\t\t\t\t\t<div class=\"elementor-container elementor-column-gap-no\">\n\t\t\t\t\t<div class=\"elementor-column elementor-col-100 elementor-top-column elementor-element elementor-element-d2bd899\" data-id=\"d2bd899\" data-element_type=\"column\" data-e-type=\"column\">\n\t\t\t<div class=\"elementor-widget-wrap elementor-element-populated\">\n\t\t\t\t\n\t\t<div class=\"elementor-element elementor-element-a637689 elementor-widget elementor-widget-text-editor\" data-id=\"a637689\" data-element_type=\"widget\" data-e-type=\"widget\" data-widget_type=\"text-editor.default\">\n\t\t\t\t<div class=\"elementor-widget-container\">\n\t\t\t\t\t\t\t\t\t<h2 data-start=\"0\" data-end=\"25\"><strong data-start=\"0\" data-end=\"23\">Was ist ein Cookie?<\/strong><\/h2><p data-start=\"27\" data-end=\"289\">Ein Cookie ist eine kleine Datei, die auf den Computer, das Tablet oder das Smartphone des Nutzers heruntergeladen wird, um Daten und Informationen zu speichern, die von der f\u00fcr die Installation verantwortlichen Stelle aktualisiert und abgerufen werden k\u00f6nnen.<\/p><p data-start=\"291\" data-end=\"483\">Die durch Cookies gesammelten Informationen k\u00f6nnen das Datum und die Uhrzeit der Besuche auf der Website, die verschiedenen angesehenen Bereiche oder die Verweildauer auf der Seite umfassen.<\/p><h3 data-start=\"485\" data-end=\"540\"><strong data-start=\"485\" data-end=\"538\">Welche Arten von Cookies verwendet diese Website?<\/strong><\/h3><p data-start=\"542\" data-end=\"562\"><strong data-start=\"542\" data-end=\"560\">Eigene Cookies<\/strong><\/p><p data-start=\"564\" data-end=\"833\">Diese Cookies werden an Ihr Ger\u00e4t gesendet und ausschlie\u00dflich von uns verwaltet, um das ordnungsgem\u00e4\u00dfe Funktionieren der Website zu gew\u00e4hrleisten. Die gesammelten Informationen werden genutzt, um die Qualit\u00e4t unseres Services und Ihre Benutzererfahrung zu verbessern.<\/p><p data-start=\"835\" data-end=\"862\"><strong data-start=\"835\" data-end=\"860\">Drittanbieter-Cookies<\/strong><\/p><p data-start=\"864\" data-end=\"1179\">Diese Cookies werden von einem System oder einer Domain gesendet, die nicht von uns verwaltet wird, sondern von einer kooperierenden Stelle. Dazu geh\u00f6ren beispielsweise Analyse-Cookies von Google oder Cookies sozialer Netzwerke, die es den Nutzern erm\u00f6glichen, Inhalte unserer Website zu teilen oder zu empfehlen.<\/p><h3 data-start=\"1181\" data-end=\"1226\"><strong data-start=\"1181\" data-end=\"1224\">Welche Cookies verwendet diese Website?<\/strong><\/h3><p data-start=\"1228\" data-end=\"1357\">Nachfolgend finden Sie eine Liste aller Cookies, die von dieser Website verwendet werden, sowie deren Eigenschaften und Zwecke:<\/p><ul data-start=\"1359\" data-end=\"1951\"><li data-start=\"1359\" data-end=\"1455\"><strong data-start=\"1361\" data-end=\"1375\">Anmeldung:<\/strong> Anmelde-Cookies erm\u00f6glichen es Ihnen, sich in Ihr Konto ein- und auszuloggen.<\/li><li data-start=\"1456\" data-end=\"1634\"><strong data-start=\"1458\" data-end=\"1479\">Personalisierung:<\/strong> Cookies helfen uns, sich daran zu erinnern, mit welchen Personen oder Websites Sie interagiert haben, damit wir Ihnen relevante Inhalte anzeigen k\u00f6nnen.<\/li><li data-start=\"1635\" data-end=\"1799\"><strong data-start=\"1637\" data-end=\"1655\">Einstellungen:<\/strong> Cookies erm\u00f6glichen es uns, Ihre Einstellungen und Pr\u00e4ferenzen zu speichern, z. B. Ihre bevorzugte Sprache und Ihre Datenschutzeinstellungen.<\/li><li data-start=\"1800\" data-end=\"1951\"><strong data-start=\"1802\" data-end=\"1817\">Sicherheit:<\/strong> Wir verwenden Cookies, um Sicherheitsrisiken zu verhindern, insbesondere um zu erkennen, wenn jemand versucht, Ihr Konto zu hacken.<\/li><\/ul><table class=\" alignleft\" width=\"100%\"><tbody><tr><td width=\"19%\"><strong>Eigenschaft<\/strong><\/td><td width=\"17%\"><strong>Cookie<\/strong><\/td><td><strong>Zweck<\/strong><\/td><td width=\"15%\"><strong>Dauer<\/strong><\/td><\/tr><tr><td>urbanbiker.com<\/td><td>_ga<\/td><td>ID wird zur Identifizierung der Nutzer verwendet<\/td><td>2 Jahre<\/td><\/tr><tr><td>Google<\/td><td>_grecaptcha<\/td><td>Google setzt dieses Cookie. Zus\u00e4tzlich zu bestimmten Standard-Cookies von Google setzt reCAPTCHA ein erforderliches Cookie, wenn es ausgef\u00fchrt wird, um seine Risikoanalyse bereitzustellen.<\/td><td>5 Monate<\/td><\/tr><tr><td>WordPress<\/td><td>wordpress_*<\/td><td>Funktional<\/td><td>3 Monate<\/td><\/tr><tr><td>WordPress<\/td><td>wordpress_logged_in_*<\/td><td>Benutzer-Login<\/td><td>Sitzungsende<\/td><\/tr><tr><td><p class=\"elementor-heading-title elementor-size-default\">Google Fonts<\/p><\/td><td>Google Fonts API<\/td><td><p id=\"tw-target-text\" class=\"tw-data-text tw-text-large XcVN5d tw-ta\" dir=\"ltr\" data-placeholder=\"Traducci\u00f3n\">Zum Anfordern der IP-Adresse des Nutzers<\/p><\/td><td>\u00a0<\/td><\/tr><tr><td>urbanbiker.com<\/td><td>_gid<\/td><td>ID wird zur Identifizierung der Nutzer f\u00fcr 24 Stunden nach der letzten Aktivit\u00e4t verwendet<\/td><td>22 Stunden<\/td><\/tr><tr><td>Google Ads Optimization<\/td><td>SAPISID<\/td><td>Funktional<\/td><td>2 Jahre<\/td><\/tr><tr><td>Complianz<\/td><td>complianz_policy_id<\/td><td>Zum Speichern der akzeptierten Cookie-Richtlinien-ID<\/td><td>1 Jahr<\/td><\/tr><tr><td>Complianz<\/td><td>complianz_consent-status<\/td><td>Zum Speichern der Cookie-Zustimmungspr\u00e4ferenzen<\/td><td>1 Jahr<\/td><\/tr><tr><td>Google reCAPTCHA<\/td><td>rc::c<\/td><td>Zum Filtern von Bot-Anfragen<\/td><td>Sitzungsende<\/td><\/tr><tr><td>Google reCAPTCHA<\/td><td>rc::b<\/td><td>Zum Filtern von Bot-Anfragen<\/td><td>Sitzungsende<\/td><\/tr><\/tbody><\/table><h3 data-start=\"2947\" data-end=\"3041\"><strong data-start=\"2947\" data-end=\"3039\">Wie kann ich die auf dieser Website verwendeten Cookies konfigurieren oder deaktivieren?<\/strong><\/h3><p data-start=\"3043\" data-end=\"3275\">Um Cookies einzuschr\u00e4nken oder zu blockieren, m\u00fcssen Sie die Einstellungen des Browsers \u00e4ndern, den Sie auf Ihrem Ger\u00e4t verwenden. Generell bieten Browser die folgenden Konfigurationsm\u00f6glichkeiten f\u00fcr die Installation von Cookies:<\/p><ul data-start=\"3277\" data-end=\"4037\"><li data-start=\"3277\" data-end=\"3433\"><strong data-start=\"3279\" data-end=\"3322\">Cookie-Einstellungen f\u00fcr Google Chrome:<\/strong> <a target=\"_new\" rel=\"noopener\" data-start=\"3323\" data-end=\"3431\">https:\/\/support.google.com\/chrome\/answer\/95647?hl=de<\/a><\/li><li data-start=\"3434\" data-end=\"3565\"><strong data-start=\"3436\" data-end=\"3478\">Cookie-Einstellungen f\u00fcr Apple Safari:<\/strong> <a href=\"https:\/\/support.apple.com\/de-de\/HT201265\" target=\"_new\" rel=\"noopener\" data-start=\"3479\" data-end=\"3563\">https:\/\/support.apple.com\/de-de\/HT201265<\/a><\/li><li data-start=\"3566\" data-end=\"3810\"><strong data-start=\"3568\" data-end=\"3615\">Cookie-Einstellungen f\u00fcr Internet Explorer:<\/strong> <a href=\"https:\/\/support.microsoft.com\/de-de\/help\/17442\/windows-internet-explorer-delete-manage-cookies\" target=\"_new\" rel=\"noopener\" data-start=\"3616\" data-end=\"3808\">https:\/\/support.microsoft.com\/de-de\/help\/17442\/windows-internet-explorer-delete-manage-cookies<\/a><\/li><li data-start=\"3811\" data-end=\"4037\"><strong data-start=\"3813\" data-end=\"3858\">Cookie-Einstellungen f\u00fcr Mozilla Firefox:<\/strong> <a href=\"https:\/\/support.mozilla.org\/de\/kb\/verbesserter-schutz-gegen-verfolgung-firefox-desktop\" target=\"_new\" rel=\"noopener\" data-start=\"3859\" data-end=\"4035\">https:\/\/support.mozilla.org\/de\/kb\/verbesserter-schutz-gegen-verfolgung-firefox-desktop<\/a><\/li><\/ul><p data-start=\"4039\" data-end=\"4168\">Wenn die Installation aller Cookies auf der Website blockiert wird, k\u00f6nnen einige Funktionen und Inhalte beeintr\u00e4chtigt werden.<\/p><h3 data-start=\"4170\" data-end=\"4211\"><strong data-start=\"4170\" data-end=\"4209\">\u00c4nderungen an der Cookie-Richtlinie<\/strong><\/h3><p data-start=\"4213\" data-end=\"4465\" data-is-last-node=\"\" data-is-only-node=\"\">Es ist m\u00f6glich, dass wir unsere Cookie-Richtlinie aktualisieren. Daher empfehlen wir Ihnen, diese Richtlinie jedes Mal zu \u00fcberpr\u00fcfen, wenn Sie auf unsere Website zugreifen, um sich dar\u00fcber zu informieren, wie und zu welchem Zweck wir Cookies verwenden.<\/p>\t\t\t\t\t\t\t\t<\/div>\n\t\t\t\t<\/div>\n\t\t\t\t\t<\/div>\n\t\t<\/div>\n\t\t\t\t\t<\/div>\n\t\t<\/div>\n\t\t\t\t<\/div>\n\t\t","protected":false},"excerpt":{"rendered":"<p>Was ist ein Cookie? Ein Cookie ist eine kleine Datei, die auf den Computer, das Tablet oder das Smartphone des Nutzers heruntergeladen wird, um Daten und Informationen zu speichern, die von der f\u00fcr die Installation verantwortlichen Stelle aktualisiert und abgerufen werden k\u00f6nnen. Die durch Cookies gesammelten Informationen k\u00f6nnen das Datum und die Uhrzeit der Besuche [&hellip;]<\/p>\n","protected":false},"author":1,"featured_media":0,"parent":0,"menu_order":0,"comment_status":"closed","ping_status":"closed","template":"template-homepage.php","meta":{"footnotes":""},"class_list":["post-39264","page","type-page","status-publish","hentry"],"yoast_head":"<!-- This site is optimized with the Yoast SEO plugin v27.5 - https:\/\/yoast.com\/product\/yoast-seo-wordpress\/ -->\n<title>Cookie-Richtlinien<\/title>\n<meta name=\"description\" content=\"Cookie-Richtlinien\" \/>\n<meta name=\"robots\" content=\"noindex, nofollow\" \/>\n<meta property=\"og:locale\" content=\"de_DE\" \/>\n<meta property=\"og:type\" content=\"article\" \/>\n<meta property=\"og:title\" content=\"Cookie-Richtlinien\" \/>\n<meta property=\"og:description\" content=\"Cookie-Richtlinien\" \/>\n<meta property=\"og:url\" content=\"https:\/\/www.urbanbiker.com\/de\/cookie-richtlinien\/\" \/>\n<meta property=\"og:site_name\" content=\"UrbanBiker\" \/>\n<meta property=\"article:publisher\" content=\"https:\/\/www.facebook.com\/Urbanbikerbiciselectricas\" \/>\n<meta property=\"article:modified_time\" content=\"2025-03-17T12:41:08+00:00\" \/>\n<meta name=\"twitter:card\" content=\"summary_large_image\" \/>\n<meta name=\"twitter:label1\" content=\"Gesch\u00e4tzte Lesezeit\" \/>\n\t<meta name=\"twitter:data1\" content=\"3\u00a0Minute\" \/>\n<script type=\"application\/ld+json\" class=\"yoast-schema-graph\">{\"@context\":\"https:\\\/\\\/schema.org\",\"@graph\":[{\"@type\":\"WebPage\",\"@id\":\"https:\\\/\\\/www.urbanbiker.com\\\/de\\\/cookie-richtlinien\\\/\",\"url\":\"https:\\\/\\\/www.urbanbiker.com\\\/de\\\/cookie-richtlinien\\\/\",\"name\":\"Cookie-Richtlinien\",\"isPartOf\":{\"@id\":\"https:\\\/\\\/www.urbanbiker.com\\\/de\\\/#website\"},\"datePublished\":\"2024-11-28T15:45:06+00:00\",\"dateModified\":\"2025-03-17T12:41:08+00:00\",\"description\":\"Cookie-Richtlinien\",\"breadcrumb\":{\"@id\":\"https:\\\/\\\/www.urbanbiker.com\\\/de\\\/cookie-richtlinien\\\/#breadcrumb\"},\"inLanguage\":\"de\",\"potentialAction\":[{\"@type\":\"ReadAction\",\"target\":[\"https:\\\/\\\/www.urbanbiker.com\\\/de\\\/cookie-richtlinien\\\/\"]}]},{\"@type\":\"BreadcrumbList\",\"@id\":\"https:\\\/\\\/www.urbanbiker.com\\\/de\\\/cookie-richtlinien\\\/#breadcrumb\",\"itemListElement\":[{\"@type\":\"ListItem\",\"position\":1,\"name\":\"Portada\",\"item\":\"https:\\\/\\\/www.urbanbiker.com\\\/de\\\/\"},{\"@type\":\"ListItem\",\"position\":2,\"name\":\"Cookie-Richtlinien\"}]},{\"@type\":\"WebSite\",\"@id\":\"https:\\\/\\\/www.urbanbiker.com\\\/de\\\/#website\",\"url\":\"https:\\\/\\\/www.urbanbiker.com\\\/de\\\/\",\"name\":\"UrbanBiker\",\"description\":\"Elektrische Fahrr\u00e4der\",\"publisher\":{\"@id\":\"https:\\\/\\\/www.urbanbiker.com\\\/de\\\/#organization\"},\"potentialAction\":[{\"@type\":\"SearchAction\",\"target\":{\"@type\":\"EntryPoint\",\"urlTemplate\":\"https:\\\/\\\/www.urbanbiker.com\\\/de\\\/?s={search_term_string}\"},\"query-input\":{\"@type\":\"PropertyValueSpecification\",\"valueRequired\":true,\"valueName\":\"search_term_string\"}}],\"inLanguage\":\"de\"},{\"@type\":\"Organization\",\"@id\":\"https:\\\/\\\/www.urbanbiker.com\\\/de\\\/#organization\",\"name\":\"UrbanBiker\",\"url\":\"https:\\\/\\\/www.urbanbiker.com\\\/de\\\/\",\"logo\":{\"@type\":\"ImageObject\",\"inLanguage\":\"de\",\"@id\":\"https:\\\/\\\/www.urbanbiker.com\\\/de\\\/#\\\/schema\\\/logo\\\/image\\\/\",\"url\":\"https:\\\/\\\/www.urbanbiker.com\\\/wp-content\\\/uploads\\\/2022\\\/09\\\/Logo-principal-sin-fondo.png\",\"contentUrl\":\"https:\\\/\\\/www.urbanbiker.com\\\/wp-content\\\/uploads\\\/2022\\\/09\\\/Logo-principal-sin-fondo.png\",\"width\":2560,\"height\":934,\"caption\":\"UrbanBiker\"},\"image\":{\"@id\":\"https:\\\/\\\/www.urbanbiker.com\\\/de\\\/#\\\/schema\\\/logo\\\/image\\\/\"},\"sameAs\":[\"https:\\\/\\\/www.facebook.com\\\/Urbanbikerbiciselectricas\",\"https:\\\/\\\/www.instagram.com\\\/urbanbiker_\\\/\",\"https:\\\/\\\/www.linkedin.com\\\/company\\\/2454235\",\"https:\\\/\\\/www.youtube.com\\\/channel\\\/UCWR__uH_RWJF-OhPfz-9-Qw\"]}]}<\/script>\n<!-- \/ Yoast SEO plugin. -->","yoast_head_json":{"title":"Cookie-Richtlinien","description":"Cookie-Richtlinien","robots":{"index":"noindex","follow":"nofollow"},"og_locale":"de_DE","og_type":"article","og_title":"Cookie-Richtlinien","og_description":"Cookie-Richtlinien","og_url":"https:\/\/www.urbanbiker.com\/de\/cookie-richtlinien\/","og_site_name":"UrbanBiker","article_publisher":"https:\/\/www.facebook.com\/Urbanbikerbiciselectricas","article_modified_time":"2025-03-17T12:41:08+00:00","twitter_card":"summary_large_image","twitter_misc":{"Gesch\u00e4tzte Lesezeit":"3\u00a0Minute"},"schema":{"@context":"https:\/\/schema.org","@graph":[{"@type":"WebPage","@id":"https:\/\/www.urbanbiker.com\/de\/cookie-richtlinien\/","url":"https:\/\/www.urbanbiker.com\/de\/cookie-richtlinien\/","name":"Cookie-Richtlinien","isPartOf":{"@id":"https:\/\/www.urbanbiker.com\/de\/#website"},"datePublished":"2024-11-28T15:45:06+00:00","dateModified":"2025-03-17T12:41:08+00:00","description":"Cookie-Richtlinien","breadcrumb":{"@id":"https:\/\/www.urbanbiker.com\/de\/cookie-richtlinien\/#breadcrumb"},"inLanguage":"de","potentialAction":[{"@type":"ReadAction","target":["https:\/\/www.urbanbiker.com\/de\/cookie-richtlinien\/"]}]},{"@type":"BreadcrumbList","@id":"https:\/\/www.urbanbiker.com\/de\/cookie-richtlinien\/#breadcrumb","itemListElement":[{"@type":"ListItem","position":1,"name":"Portada","item":"https:\/\/www.urbanbiker.com\/de\/"},{"@type":"ListItem","position":2,"name":"Cookie-Richtlinien"}]},{"@type":"WebSite","@id":"https:\/\/www.urbanbiker.com\/de\/#website","url":"https:\/\/www.urbanbiker.com\/de\/","name":"UrbanBiker","description":"Elektrische Fahrr\u00e4der","publisher":{"@id":"https:\/\/www.urbanbiker.com\/de\/#organization"},"potentialAction":[{"@type":"SearchAction","target":{"@type":"EntryPoint","urlTemplate":"https:\/\/www.urbanbiker.com\/de\/?s={search_term_string}"},"query-input":{"@type":"PropertyValueSpecification","valueRequired":true,"valueName":"search_term_string"}}],"inLanguage":"de"},{"@type":"Organization","@id":"https:\/\/www.urbanbiker.com\/de\/#organization","name":"UrbanBiker","url":"https:\/\/www.urbanbiker.com\/de\/","logo":{"@type":"ImageObject","inLanguage":"de","@id":"https:\/\/www.urbanbiker.com\/de\/#\/schema\/logo\/image\/","url":"https:\/\/www.urbanbiker.com\/wp-content\/uploads\/2022\/09\/Logo-principal-sin-fondo.png","contentUrl":"https:\/\/www.urbanbiker.com\/wp-content\/uploads\/2022\/09\/Logo-principal-sin-fondo.png","width":2560,"height":934,"caption":"UrbanBiker"},"image":{"@id":"https:\/\/www.urbanbiker.com\/de\/#\/schema\/logo\/image\/"},"sameAs":["https:\/\/www.facebook.com\/Urbanbikerbiciselectricas","https:\/\/www.instagram.com\/urbanbiker_\/","https:\/\/www.linkedin.com\/company\/2454235","https:\/\/www.youtube.com\/channel\/UCWR__uH_RWJF-OhPfz-9-Qw"]}]}},"_links":{"self":[{"href":"https:\/\/www.urbanbiker.com\/de\/wp-json\/wp\/v2\/pages\/39264","targetHints":{"allow":["GET"]}}],"collection":[{"href":"https:\/\/www.urbanbiker.com\/de\/wp-json\/wp\/v2\/pages"}],"about":[{"href":"https:\/\/www.urbanbiker.com\/de\/wp-json\/wp\/v2\/types\/page"}],"author":[{"embeddable":true,"href":"https:\/\/www.urbanbiker.com\/de\/wp-json\/wp\/v2\/users\/1"}],"replies":[{"embeddable":true,"href":"https:\/\/www.urbanbiker.com\/de\/wp-json\/wp\/v2\/comments?post=39264"}],"version-history":[{"count":8,"href":"https:\/\/www.urbanbiker.com\/de\/wp-json\/wp\/v2\/pages\/39264\/revisions"}],"predecessor-version":[{"id":39272,"href":"https:\/\/www.urbanbiker.com\/de\/wp-json\/wp\/v2\/pages\/39264\/revisions\/39272"}],"wp:attachment":[{"href":"https:\/\/www.urbanbiker.com\/de\/wp-json\/wp\/v2\/media?parent=39264"}],"curies":[{"name":"wp","href":"https:\/\/api.w.org\/{rel}","templated":true}]}}