{"id":38720,"date":"2024-11-28T16:09:07","date_gmt":"2024-11-28T15:09:07","guid":{"rendered":"https:\/\/www.urbanbiker.com\/?page_id=38720"},"modified":"2025-04-12T15:19:34","modified_gmt":"2025-04-12T13:19:34","slug":"rueckgabebedingungen","status":"publish","type":"page","link":"https:\/\/www.urbanbiker.com\/de\/rueckgabebedingungen\/","title":{"rendered":"R\u00fcckgabebedingungen"},"content":{"rendered":"\t\t<div data-elementor-type=\"wp-page\" data-elementor-id=\"38720\" class=\"elementor elementor-38720 elementor-32129\">\n\t\t\t\t\t\t<div class=\"elementor-section elementor-top-section elementor-element elementor-element-2e11527 elementor-section-stretched elementor-section-boxed elementor-section-height-default elementor-section-height-default\" data-id=\"2e11527\" data-element_type=\"section\" data-e-type=\"section\" data-settings=\"{&quot;stretch_section&quot;:&quot;section-stretched&quot;}\">\n\t\t\t\t\t\t<div class=\"elementor-container elementor-column-gap-no\">\n\t\t\t\t\t<div class=\"elementor-column elementor-col-100 elementor-top-column elementor-element elementor-element-d2bd899\" data-id=\"d2bd899\" data-element_type=\"column\" data-e-type=\"column\">\n\t\t\t<div class=\"elementor-widget-wrap elementor-element-populated\">\n\t\t\t\t\n\t\t<div class=\"elementor-element elementor-element-a637689 elementor-widget elementor-widget-text-editor\" data-id=\"a637689\" data-element_type=\"widget\" data-e-type=\"widget\" data-widget_type=\"text-editor.default\">\n\t\t\t\t<div class=\"elementor-widget-container\">\n\t\t\t\t\t\t\t\t\t<h2><strong>R\u00fcckgabebedingungen UrbanBiker<\/strong><\/h2><p>Sie haben <strong>30 Tage <\/strong> Zeit (ab dem Tag, an dem Sie den Artikel erhalten haben), um ihn zur\u00fcckzugeben, wenn Sie mit ihm nicht zufrieden sind oder wenn Sie einfach Ihre Meinung \u00e4ndern.<\/p><p>Sie <strong>sind f\u00fcr die Kosten des Versands<\/strong> des Produkts durch einen Spediteur Ihrer Wahl <strong>verantwortlich<\/strong>.<\/p><p>Der Umtausch oder die R\u00fcckerstattung unterliegt den folgenden Bedingungen:<\/p><ul><li>Der Artikel, im Falle eines Zubeh\u00f6r- oder Ersatzteils, <strong>darf keine Anzeichen aufweisen, dass er benutzt oder<\/strong> an ein Fahrrad <strong>montiert wurde<\/strong>. Im Falle eines Elektrofahrrads darf es au\u00dfer f\u00fcr eine Probefahrt (maximal 10 km) nicht benutzt worden sein.   <strong>Schicken Sie unbedingt ein Foto der Gesamtkilometerzahl mit.<\/strong><\/li><li>Alle Artikel m\u00fcssen in der <strong>Originalverpackung und in einwandfreiem Zustand<\/strong> f\u00fcr den Wiederverkauf zur\u00fcckgegeben werden, mit allem Zubeh\u00f6r und allen Anleitungen.<\/li><li>Die <strong>Kosten f\u00fcr die R\u00fccksendung gehen zu Lasten des Kunden<\/strong>, es sei denn, die R\u00fccksendung ist auf einen Fehler unsererseits zur\u00fcckzuf\u00fchren, f\u00fcr den Sie einen Nachweis erbringen m\u00fcssen (besch\u00e4digter Artikel, defekt, falsch versandt, usw.).<\/li><li>Der zur\u00fcckgesendete Artikel muss sich <strong>in der Originalverpackung <\/strong>befinden <strong>, <\/strong>so wie er erhalten wurde.<\/li><li>Um g\u00fcltig zu sein, <strong>m\u00fcssen alle R\u00fccksendungen im Voraus <\/strong>vom Kundendienst von UrbanBiker <strong>per E-Mail<\/strong> <strong>genehmigt werden <\/strong>, wobei die Annahme der R\u00fccksendung zu best\u00e4tigen ist, sowie die relevanten Informationen zur Identifizierung der Bestellung (Bestellnummer), des Kunden (Name) und des Grundes f\u00fcr die R\u00fccksendung.<\/li><\/ul><p><strong>Keine Erstattungstransaktion wird vor Erhalt und Pr\u00fcfung der zur\u00fcckgesandten Waren vorgenommen<\/strong>. F\u00fcr die R\u00fcckzahlung wird dasselbe Zahlungsmittel verwendet, das Sie bei der urspr\u00fcnglichen Transaktion eingesetzt haben, es sei denn, mit Ihnen wurde ausdr\u00fccklich etwas anderes vereinbart. <\/p><p>Der Kunde haftet f\u00fcr jede Wertminderung des Produkts, die sich aus einer Handhabung ergibt, die \u00fcber das hinausgeht, was zur Feststellung der ordnungsgem\u00e4\u00dfen Funktion des Produkts erforderlich ist.<\/p><p>Bei R\u00fccksendungen, die diese Kriterien nicht erf\u00fcllen, wird je nach Art der Wertminderung ein <strong>Teil<\/strong> des Artikels <strong>erstattet<\/strong>.<\/p><h3><strong>GARANTIEN, FALSCHE BESTELLUNG ODER DEFEKTES PRODUKT<\/strong><\/h3><p>Trotz aller Sorgfalt, die wir bei der Vorbereitung Ihrer Bestellung walten lassen, ist es m\u00f6glich, dass eine Abweichung auftritt. Haben Sie ein besch\u00e4digtes, fehlerhaftes oder falsches Produkt erhalten? <\/p><p>Nehmen Sie so schnell wie m\u00f6glich Kontakt mit uns auf und teilen Sie uns alle Informationen zu dieser Bestellung und dem falschen oder fehlerhaften Produkt mit. Informationen dazu finden Sie im Kundenbereich, Abschnitt &#8222;Meine Bestellungen&#8220;. <\/p><p>Im Falle einer Garantie werden Fotos und Beweise zur Beurteilung ben\u00f6tigt.<\/p>\t\t\t\t\t\t\t\t<\/div>\n\t\t\t\t<\/div>\n\t\t\t\t\t<\/div>\n\t\t<\/div>\n\t\t\t\t\t<\/div>\n\t\t<\/div>\n\t\t\t\t<\/div>\n\t\t","protected":false},"excerpt":{"rendered":"<p>R\u00fcckgabebedingungen UrbanBiker Sie haben 30 Tage Zeit (ab dem Tag, an dem Sie den Artikel erhalten haben), um ihn zur\u00fcckzugeben, wenn Sie mit ihm nicht zufrieden sind oder wenn Sie einfach Ihre Meinung \u00e4ndern. Sie sind f\u00fcr die Kosten des Versands des Produkts durch einen Spediteur Ihrer Wahl verantwortlich. Der Umtausch oder die R\u00fcckerstattung unterliegt [&hellip;]<\/p>\n","protected":false},"author":1,"featured_media":0,"parent":0,"menu_order":0,"comment_status":"closed","ping_status":"closed","template":"template-homepage.php","meta":{"footnotes":""},"class_list":["post-38720","page","type-page","status-publish","hentry"],"yoast_head":"<!-- This site is optimized with the Yoast SEO plugin v27.4 - https:\/\/yoast.com\/product\/yoast-seo-wordpress\/ -->\n<title>R\u00fcckgabebedingungen<\/title>\n<meta name=\"description\" content=\"R\u00fcckgabebedingungen\" \/>\n<meta name=\"robots\" content=\"noindex, nofollow\" \/>\n<meta property=\"og:locale\" content=\"de_DE\" \/>\n<meta property=\"og:type\" content=\"article\" \/>\n<meta property=\"og:title\" content=\"R\u00fcckgabebedingungen\" \/>\n<meta property=\"og:description\" content=\"R\u00fcckgabebedingungen\" \/>\n<meta property=\"og:url\" content=\"https:\/\/www.urbanbiker.com\/de\/rueckgabebedingungen\/\" \/>\n<meta property=\"og:site_name\" content=\"UrbanBiker\" \/>\n<meta property=\"article:publisher\" content=\"https:\/\/www.facebook.com\/Urbanbikerbiciselectricas\" \/>\n<meta property=\"article:modified_time\" content=\"2025-04-12T13:19:34+00:00\" \/>\n<meta name=\"twitter:card\" content=\"summary_large_image\" \/>\n<meta name=\"twitter:label1\" content=\"Gesch\u00e4tzte Lesezeit\" \/>\n\t<meta name=\"twitter:data1\" content=\"3\u00a0Minute\" \/>\n<script type=\"application\/ld+json\" class=\"yoast-schema-graph\">{\"@context\":\"https:\\\/\\\/schema.org\",\"@graph\":[{\"@type\":\"WebPage\",\"@id\":\"https:\\\/\\\/www.urbanbiker.com\\\/de\\\/rueckgabebedingungen\\\/\",\"url\":\"https:\\\/\\\/www.urbanbiker.com\\\/de\\\/rueckgabebedingungen\\\/\",\"name\":\"R\u00fcckgabebedingungen\",\"isPartOf\":{\"@id\":\"https:\\\/\\\/www.urbanbiker.com\\\/de\\\/#website\"},\"datePublished\":\"2024-11-28T15:09:07+00:00\",\"dateModified\":\"2025-04-12T13:19:34+00:00\",\"description\":\"R\u00fcckgabebedingungen\",\"breadcrumb\":{\"@id\":\"https:\\\/\\\/www.urbanbiker.com\\\/de\\\/rueckgabebedingungen\\\/#breadcrumb\"},\"inLanguage\":\"de\",\"potentialAction\":[{\"@type\":\"ReadAction\",\"target\":[\"https:\\\/\\\/www.urbanbiker.com\\\/de\\\/rueckgabebedingungen\\\/\"]}]},{\"@type\":\"BreadcrumbList\",\"@id\":\"https:\\\/\\\/www.urbanbiker.com\\\/de\\\/rueckgabebedingungen\\\/#breadcrumb\",\"itemListElement\":[{\"@type\":\"ListItem\",\"position\":1,\"name\":\"Portada\",\"item\":\"https:\\\/\\\/www.urbanbiker.com\\\/de\\\/\"},{\"@type\":\"ListItem\",\"position\":2,\"name\":\"R\u00fcckgabebedingungen\"}]},{\"@type\":\"WebSite\",\"@id\":\"https:\\\/\\\/www.urbanbiker.com\\\/de\\\/#website\",\"url\":\"https:\\\/\\\/www.urbanbiker.com\\\/de\\\/\",\"name\":\"UrbanBiker\",\"description\":\"Elektrische Fahrr\u00e4der\",\"publisher\":{\"@id\":\"https:\\\/\\\/www.urbanbiker.com\\\/de\\\/#organization\"},\"potentialAction\":[{\"@type\":\"SearchAction\",\"target\":{\"@type\":\"EntryPoint\",\"urlTemplate\":\"https:\\\/\\\/www.urbanbiker.com\\\/de\\\/?s={search_term_string}\"},\"query-input\":{\"@type\":\"PropertyValueSpecification\",\"valueRequired\":true,\"valueName\":\"search_term_string\"}}],\"inLanguage\":\"de\"},{\"@type\":\"Organization\",\"@id\":\"https:\\\/\\\/www.urbanbiker.com\\\/de\\\/#organization\",\"name\":\"UrbanBiker\",\"url\":\"https:\\\/\\\/www.urbanbiker.com\\\/de\\\/\",\"logo\":{\"@type\":\"ImageObject\",\"inLanguage\":\"de\",\"@id\":\"https:\\\/\\\/www.urbanbiker.com\\\/de\\\/#\\\/schema\\\/logo\\\/image\\\/\",\"url\":\"https:\\\/\\\/www.urbanbiker.com\\\/wp-content\\\/uploads\\\/2022\\\/09\\\/Logo-principal-sin-fondo.png\",\"contentUrl\":\"https:\\\/\\\/www.urbanbiker.com\\\/wp-content\\\/uploads\\\/2022\\\/09\\\/Logo-principal-sin-fondo.png\",\"width\":2560,\"height\":934,\"caption\":\"UrbanBiker\"},\"image\":{\"@id\":\"https:\\\/\\\/www.urbanbiker.com\\\/de\\\/#\\\/schema\\\/logo\\\/image\\\/\"},\"sameAs\":[\"https:\\\/\\\/www.facebook.com\\\/Urbanbikerbiciselectricas\",\"https:\\\/\\\/www.instagram.com\\\/urbanbiker_\\\/\",\"https:\\\/\\\/www.linkedin.com\\\/company\\\/2454235\",\"https:\\\/\\\/www.youtube.com\\\/channel\\\/UCWR__uH_RWJF-OhPfz-9-Qw\"]}]}<\/script>\n<!-- \/ Yoast SEO plugin. -->","yoast_head_json":{"title":"R\u00fcckgabebedingungen","description":"R\u00fcckgabebedingungen","robots":{"index":"noindex","follow":"nofollow"},"og_locale":"de_DE","og_type":"article","og_title":"R\u00fcckgabebedingungen","og_description":"R\u00fcckgabebedingungen","og_url":"https:\/\/www.urbanbiker.com\/de\/rueckgabebedingungen\/","og_site_name":"UrbanBiker","article_publisher":"https:\/\/www.facebook.com\/Urbanbikerbiciselectricas","article_modified_time":"2025-04-12T13:19:34+00:00","twitter_card":"summary_large_image","twitter_misc":{"Gesch\u00e4tzte Lesezeit":"3\u00a0Minute"},"schema":{"@context":"https:\/\/schema.org","@graph":[{"@type":"WebPage","@id":"https:\/\/www.urbanbiker.com\/de\/rueckgabebedingungen\/","url":"https:\/\/www.urbanbiker.com\/de\/rueckgabebedingungen\/","name":"R\u00fcckgabebedingungen","isPartOf":{"@id":"https:\/\/www.urbanbiker.com\/de\/#website"},"datePublished":"2024-11-28T15:09:07+00:00","dateModified":"2025-04-12T13:19:34+00:00","description":"R\u00fcckgabebedingungen","breadcrumb":{"@id":"https:\/\/www.urbanbiker.com\/de\/rueckgabebedingungen\/#breadcrumb"},"inLanguage":"de","potentialAction":[{"@type":"ReadAction","target":["https:\/\/www.urbanbiker.com\/de\/rueckgabebedingungen\/"]}]},{"@type":"BreadcrumbList","@id":"https:\/\/www.urbanbiker.com\/de\/rueckgabebedingungen\/#breadcrumb","itemListElement":[{"@type":"ListItem","position":1,"name":"Portada","item":"https:\/\/www.urbanbiker.com\/de\/"},{"@type":"ListItem","position":2,"name":"R\u00fcckgabebedingungen"}]},{"@type":"WebSite","@id":"https:\/\/www.urbanbiker.com\/de\/#website","url":"https:\/\/www.urbanbiker.com\/de\/","name":"UrbanBiker","description":"Elektrische Fahrr\u00e4der","publisher":{"@id":"https:\/\/www.urbanbiker.com\/de\/#organization"},"potentialAction":[{"@type":"SearchAction","target":{"@type":"EntryPoint","urlTemplate":"https:\/\/www.urbanbiker.com\/de\/?s={search_term_string}"},"query-input":{"@type":"PropertyValueSpecification","valueRequired":true,"valueName":"search_term_string"}}],"inLanguage":"de"},{"@type":"Organization","@id":"https:\/\/www.urbanbiker.com\/de\/#organization","name":"UrbanBiker","url":"https:\/\/www.urbanbiker.com\/de\/","logo":{"@type":"ImageObject","inLanguage":"de","@id":"https:\/\/www.urbanbiker.com\/de\/#\/schema\/logo\/image\/","url":"https:\/\/www.urbanbiker.com\/wp-content\/uploads\/2022\/09\/Logo-principal-sin-fondo.png","contentUrl":"https:\/\/www.urbanbiker.com\/wp-content\/uploads\/2022\/09\/Logo-principal-sin-fondo.png","width":2560,"height":934,"caption":"UrbanBiker"},"image":{"@id":"https:\/\/www.urbanbiker.com\/de\/#\/schema\/logo\/image\/"},"sameAs":["https:\/\/www.facebook.com\/Urbanbikerbiciselectricas","https:\/\/www.instagram.com\/urbanbiker_\/","https:\/\/www.linkedin.com\/company\/2454235","https:\/\/www.youtube.com\/channel\/UCWR__uH_RWJF-OhPfz-9-Qw"]}]}},"_links":{"self":[{"href":"https:\/\/www.urbanbiker.com\/de\/wp-json\/wp\/v2\/pages\/38720","targetHints":{"allow":["GET"]}}],"collection":[{"href":"https:\/\/www.urbanbiker.com\/de\/wp-json\/wp\/v2\/pages"}],"about":[{"href":"https:\/\/www.urbanbiker.com\/de\/wp-json\/wp\/v2\/types\/page"}],"author":[{"embeddable":true,"href":"https:\/\/www.urbanbiker.com\/de\/wp-json\/wp\/v2\/users\/1"}],"replies":[{"embeddable":true,"href":"https:\/\/www.urbanbiker.com\/de\/wp-json\/wp\/v2\/comments?post=38720"}],"version-history":[{"count":16,"href":"https:\/\/www.urbanbiker.com\/de\/wp-json\/wp\/v2\/pages\/38720\/revisions"}],"predecessor-version":[{"id":42616,"href":"https:\/\/www.urbanbiker.com\/de\/wp-json\/wp\/v2\/pages\/38720\/revisions\/42616"}],"wp:attachment":[{"href":"https:\/\/www.urbanbiker.com\/de\/wp-json\/wp\/v2\/media?parent=38720"}],"curies":[{"name":"wp","href":"https:\/\/api.w.org\/{rel}","templated":true}]}}