{"id":38627,"date":"2024-11-28T16:00:58","date_gmt":"2024-11-28T15:00:58","guid":{"rendered":"https:\/\/www.urbanbiker.com\/?page_id=38627"},"modified":"2025-07-04T10:28:37","modified_gmt":"2025-07-04T08:28:37","slug":"einkaufsbedingungen","status":"publish","type":"page","link":"https:\/\/www.urbanbiker.com\/de\/einkaufsbedingungen\/","title":{"rendered":"Einkaufsbedingungen | UrbanBiker"},"content":{"rendered":"\t\t<div data-elementor-type=\"wp-page\" data-elementor-id=\"38627\" class=\"elementor elementor-38627 elementor-32121\">\n\t\t\t\t\t\t<div class=\"elementor-section elementor-top-section elementor-element elementor-element-2e11527 elementor-section-stretched elementor-section-boxed elementor-section-height-default elementor-section-height-default\" data-id=\"2e11527\" data-element_type=\"section\" data-e-type=\"section\" data-settings=\"{&quot;stretch_section&quot;:&quot;section-stretched&quot;}\">\n\t\t\t\t\t\t<div class=\"elementor-container elementor-column-gap-no\">\n\t\t\t\t\t<div class=\"elementor-column elementor-col-100 elementor-top-column elementor-element elementor-element-d2bd899\" data-id=\"d2bd899\" data-element_type=\"column\" data-e-type=\"column\">\n\t\t\t<div class=\"elementor-widget-wrap elementor-element-populated\">\n\t\t\t\t\n\t\t<div class=\"elementor-element elementor-element-a637689 elementor-widget elementor-widget-text-editor\" data-id=\"a637689\" data-element_type=\"widget\" data-e-type=\"widget\" data-widget_type=\"text-editor.default\">\n\t\t\t\t<div class=\"elementor-widget-container\">\n\t\t\t\t\t\t\t\t\t<h2><strong>ALLGEMEINE EINKAUFSBEDINGUNGEN URBANBIKER TRADING SL<\/strong><\/h2><p>Diese allgemeinen Verkaufsbedingungen gelten f\u00fcr alle Verk\u00e4ufe auf der Website <strong>www.urbanbiker.com<\/strong>.<\/p><h3><strong>Allgemeine Einkaufsbedingungen<\/strong><\/h3><p>Diese Bedingungen gelten f\u00fcr die Beziehung zwischen UrbanBiker S.L. und den Benutzern bei der Nutzung des Online-Shops <a href=\"http:\/\/www.urbanbiker.com\"><strong>www.urbanbiker.com<\/strong><\/a> f\u00fcr den Kauf von Produkten und Dienstleistungen \u00fcber diesen Shop.<\/p><p>Die Annahme der Einkaufsbedingungen setzt voraus, dass der Nutzer die hier aufgef\u00fchrten Informationen gelesen und verstanden hat und dass er als voll gesch\u00e4ftsf\u00e4hige Person die hier aufgef\u00fchrten Verpflichtungen \u00fcbernimmt. F\u00fcr die Best\u00e4tigung ist keine handschriftliche Unterschrift erforderlich, sondern es gen\u00fcgt, auf die Schaltfl\u00e4che &#8222;Meine Bestellung best\u00e4tigen&#8220; zu klicken.<\/p><p>Der Kaufvertrag f\u00fcr eine auf <strong>www.urbanbiker.com<\/strong> gekaufte Immobilie besteht ausschlie\u00dflich aus den zum Zeitpunkt der Bestellung geltenden allgemeinen Kaufbedingungen und dem Bestellformular.<\/p><p>Kontakt mit<strong> URBANBIKER TRADING SL<\/strong>:<\/p><p>C\/ Cementerio 43T, 24227 Valdelafuente (Le\u00f3n) \u2013 Espa\u00f1a, NIF ESB75551739<br \/>Tel: <a href=\"tel:+34987229760\">+34 987 229 760<\/a><\/p><p>Service: <a href=\"mailto:contact@urbanbiker.com\">contact@urbanbiker.com<\/a><\/p><h3>Die Verf\u00fcgbarkeit von Produkten<\/h3><p>Unsere Produkt- und Preisangebote sind so lange g\u00fcltig, wie sie auf der Website sichtbar sind, im Rahmen des verf\u00fcgbaren Bestands.<\/p><p>Die Informationen zur Produktverf\u00fcgbarkeit werden zum Zeitpunkt Ihrer Bestellung bereitgestellt, wobei in Ausnahmef\u00e4llen Fehler oder \u00c4nderungen auftreten k\u00f6nnen. Wenn die Artikel nach Ihrer Bestellung nicht verf\u00fcgbar sind oder die Zeit bis zum Erhalt der Artikel f\u00fcr den Verbraucher zu lang ist, k\u00f6nnen Sie Ihre Bestellung kostenlos stornieren und eine Erstattung erhalten.<\/p><p><strong>Urbanbiker.com<\/strong> beh\u00e4lt sich das Recht vor, jede Bestellung ganz oder teilweise zu stornieren, wenn die betreffenden Produkte f\u00fcr einen l\u00e4ngeren Zeitraum nicht verf\u00fcgbar sind.<\/p><p>Sollte sich jedoch herausstellen, dass das\/die <u>vor\u00fcbergehend<\/u> nicht verf\u00fcgbare(n) Produkt(e) <u>dauerhaft<\/u> nicht verf\u00fcgbar ist\/sind, wird der Kunde so schnell wie m\u00f6glich informiert, um ein gleichwertiges Produkt anzubieten, das der Kunde annehmen oder ablehnen kann.<\/p><h3>Produktkonformit\u00e4t und Garantie<\/h3><p>Die Fotos, Texte, Grafiken und Datenbl\u00e4tter sind gr\u00f6\u00dftenteils der Dokumentation des Herstellers <strong>URBANBIKER TRADING SL\u00a0entnommen <\/strong> <strong>und werden <\/strong>unter seiner Kontrolle und mit seiner Zustimmung <strong>wiedergegeben <\/strong>.<\/p><p>Die Hersteller aller von uns angebotenen Produkte garantieren die Einhaltung der in Spanien geltenden Gesetze und Normen.<\/p><p>Die von <strong>urbanbiker.com<\/strong> angebotenen Artikel sind neu und haben zum Zeitpunkt der Lieferung eine Garantie gegen jegliche M\u00e4ngel. Die Garantien f\u00fcr jedes Produkt werden vom Hersteller gew\u00e4hrt. Diese Garantien k\u00f6nnen f\u00fcr jedes Produkt unterschiedlich sein.<\/p><h3>Validierung der Transaktion<\/h3><p>Sobald Ihre Bestellung registriert ist, erhalten Sie per E-Mail einen Lieferschein mit Einzelheiten zu Ihrer Bestellung. Dieser Lieferschein enth\u00e4lt den genauen Rechnungsbetrag und die Lieferbedingungen Ihrer Bestellung. Dieser Lieferschein stellt die Annahme Ihrer Bestellung durch <strong>urbanbiker.com<\/strong> dar und best\u00e4tigt die Transaktion.<\/p><p>Sollten Sie diesen Lieferschein nicht erhalten, bitten wir Sie, in Ihrem Kundenbereich zu \u00fcberpr\u00fcfen, ob Ihre Bestellung bearbeitet wurde.<\/p><p>Bei Betrugsverdacht beh\u00e4lt sich <strong>urbanbiker.com<\/strong> das Recht vor, den K\u00e4ufer um einen Identit\u00e4tsnachweis zu bitten, entsprechende \u00dcberpr\u00fcfungen vorzunehmen und\/oder die Zahlung per Bank\u00fcberweisung vorzunehmen und die Ausf\u00fchrung der Bestellung von der Einhaltung dieser Bedingungen abh\u00e4ngig zu machen.<\/p><h3>Die Preise<\/h3><p>Die Preise auf der <strong>urbanbiker.com<\/strong>-Website sind in Euro angegeben, einschlie\u00dflich aller Steuern, ausschlie\u00dflich Versand- und Nebenkosten.<\/p><p>Die Preise k\u00f6nnen sich im Laufe des Jahres \u00e4ndern, wobei die Produkte zu den Preisen in Rechnung gestellt und bezahlt werden, die zum Zeitpunkt der Bestellung gelten.<\/p><h3>Zahlungsmodalit\u00e4ten<\/h3><p>Um Ihre Bestellung zu bezahlen, akzeptiert <strong>URBANBIKER TRADING SL <\/strong>neben der Zahlung per PayPal auch die folgenden Kreditkarten<\/p><ul><li>Kreditkarten: Visa, Mastercard, American Express und CB<\/li><li>Debitkarten: Maestro und Bancointact<\/li><li>iDEAL<\/li><li>Sofort<\/li><li>Giropay<\/li><li>EPS<\/li><li>Bank\u00fcberweisung<\/li><li>Belfius<\/li><li>PayPal<\/li><li>Apple Pay<\/li><li>Google Pay<\/li><\/ul><p>Wir best\u00e4tigen, dass Ihre Kreditkartendaten mit dem SSL-Protokoll (Secure Socket Layer) verschl\u00fcsselt werden und niemals unverschl\u00fcsselt durch das Netzwerk oder auf die Server von <strong>urbanbiker.com<\/strong> gelangen <strong>.<\/strong> Die Zahlung erfolgt direkt an die Bank und Ihre Bankdaten werden niemals \u00fcber unsere Server geleitet.<\/p><h3>Art der Lieferung von Waren<\/h3><p>Die Produkte werden an die Adresse geliefert, die Sie auf dem Bestellformular angegeben haben.<\/p><p>Vor der Best\u00e4tigung der Bestellung werden verschiedene Liefermethoden angeboten. Der Beitrag zu den Versandkosten, der mit jeder Liefermethode verbunden ist, wird ebenfalls detailliert und vor der Validierung der Bestellung angegeben. Nach der Best\u00e4tigung und Bezahlung der Bestellung ist es nicht mehr m\u00f6glich, die Liefermethode zu \u00e4ndern.<\/p><p>Lieferung von Montag bis Freitag, normalerweise von 8:30 bis 18:30 Uhr, je nach den Bedingungen des beauftragten Transportunternehmens. Die Lieferung kann den ganzen Tag \u00fcber erfolgen und es ist nicht m\u00f6glich, die Tageszeit festzulegen.<\/p><p>Im Falle einer Lieferverz\u00f6gerung innerhalb von acht Arbeitstagen nach dem Versanddatum, das in der E-Mail, die Sie \u00fcber den Versand Ihrer Bestellung informiert, angegeben ist, empfehlen wir Ihnen, sich per E-Mail an unseren Kundendienst zu wenden.<\/p><p>Wenn die Ware gefunden wird, wird sie so schnell wie m\u00f6glich an die Adresse der Bestellung zur\u00fcckgeschickt. Andernfalls und nach Erhalt der vom Spediteur ausgestellten Verlustmeldung werden wir dieses (diese) Produkt(e) erneut versenden oder Ihnen im Falle einer endg\u00fcltigen Nichtverf\u00fcgbarkeit die in Rechnung gestellten Betr\u00e4ge gem\u00e4\u00df den Bedingungen dieser allgemeinen Einkaufsbedingungen zur\u00fcckerstatten.<\/p><p>Wir empfehlen dem K\u00e4ufer, ein besch\u00e4digtes, ge\u00f6ffnetes oder verschmutztes Paket abzulehnen. Er kann, wenn er m\u00f6chte, vor der Unterzeichnung des Empfangsformulars den Inhalt in Anwesenheit des Zustellers \u00fcberpr\u00fcfen.<\/p><p>Im Zweifelsfall ist es ratsam, das Paket abzulehnen und den Vorfall so schnell wie m\u00f6glich an <strong>urbanbiker.com<\/strong> zu melden.<\/p><h3><strong>Garantien <\/strong><\/h3><h4><strong>Garantien des Herstellers<\/strong><\/h4><p>F\u00fcr die auf unserer Website gekauften Produkte gilt die Garantie des Herstellers, die auf jedem Produktblatt angegeben ist. Die Garantien der verschiedenen Hersteller k\u00f6nnen variieren. Die Garantie tritt am Tag des Erhalts der Verpackung w\u00e4hrend des auf dem Produktblatt angegebenen Zeitraums in Kraft.<\/p><p>Weitere Informationen finden Sie unter <a href=\"https:\/\/www.urbanbiker.com\/de\/garantiebedingungen\/\" target=\"_blank\" rel=\"noopener\">Garantiebedingungen<\/a>.<\/p><p><strong>Um die Produktgarantie in Anspruch nehmen zu k\u00f6nnen, m\u00fcssen Sie die Kaufrechnung und die gesamte Verpackung aufbewahren.<\/strong><\/p><p>Um sicherzugehen, dass Sie die richtigen Schritte mit dem Kundendienst befolgen, oder wenn Sie Probleme mit einem Artikel haben, k\u00f6nnen Sie direkt schreiben an:<strong> <a href=\"mailto:contact@urbanbiker.com\">contact@urbanbiker.com<\/a><\/strong><\/p><h4><strong>R\u00fccknahme<\/strong><\/h4><p>Der Kunde hat <strong>ab dem Tag, an dem er den Artikel erh\u00e4lt, 30 Tage Zeit f\u00fcr den R\u00fccktritt<\/strong>. <strong>Der Kunde ist verantwortlich f\u00fcr den Versand und die Lieferung des Produkts durch das Transportunternehmen, das er\/sie f\u00fcr am g\u00fcnstigsten h\u00e4lt, einschlie\u00dflich der Versandkosten.<\/strong><\/p><p>Dar\u00fcber hinaus:<\/p><ul><li>Der Gegenstand darf nicht f\u00fcr andere Zwecke als eine Veranstaltung verwendet werden <strong>(maximal 10 km im Falle eines Fahrrads<\/strong>). Ein Foto der Gesamtkilometer wird verlangt.<\/li><li>Es muss in der <strong>Originalverpackung (gesch\u00fctzt in der gleichen Art und Weise, wie es verschickt wurde)<\/strong> und ohne <strong>jegliche Besch\u00e4digung<\/strong> versendet werden.<\/li><li>Sie m\u00fcssen das <strong>komplette Produkt<\/strong> zur\u00fcckschicken, einschlie\u00dflich Anleitung, Werkzeug, Schraubenschl\u00fcssel, Zubeh\u00f6r usw..<\/li><\/ul><p>Keine Erstattungstransaktion wird vor Erhalt und Pr\u00fcfung der zur\u00fcckgesandten Waren vorgenommen. <strong>F\u00fcr die R\u00fcckzahlung wird dasselbe Zahlungsmittel verwendet,<\/strong> das Sie bei der urspr\u00fcnglichen Transaktion eingesetzt haben, es sei denn, mit Ihnen wurde ausdr\u00fccklich etwas anderes vereinbart.<\/p><p>Der Kunde haftet f\u00fcr jede Wertminderung des Fahrzeugs, die sich aus einer anderen als der zur Feststellung der ordnungsgem\u00e4\u00dfen Funktion des Artikels erforderlichen Handhabung ergibt.<\/p><p><strong>Bei R\u00fccksendungen, die diese Kriterien nicht erf\u00fcllen, wird<\/strong> je nach Art der Wertminderung <strong>ein Teil des Artikels erstattet<\/strong>.<\/p><h4><strong>Pers\u00f6nliche Daten<\/strong><\/h4><p>Nach spanischem Recht und gem\u00e4\u00df der RGPD haben Sie ein Recht auf Zugang und Berichtigung der Sie betreffenden Daten, und Sie k\u00f6nnen dieses Recht wie folgt aus\u00fcben:<\/p><p>Indem Sie einen Brief an die folgende Adresse schicken: <strong><a href=\"mailto:contact@urbanbiker.com\">contact@urbanbiker.com<\/a><\/strong><\/p><h4><strong>Nachweis der Transaktion<\/strong><\/h4><p>Bis zum Beweis des Gegenteils werden unsere Computeraufzeichnungen, die unter angemessenen Sicherheitsbedingungen aufbewahrt werden, als Nachweis f\u00fcr Mitteilungen, Bestellungen und get\u00e4tigte Zahlungen dienen.<\/p><p>Wir archivieren Bestellungen und Rechnungen auf einem zuverl\u00e4ssigen und dauerhaften Medium, das rechtlich als Beweismittel vorgelegt werden kann.<\/p><p><a href=\"http:\/\/www.urbanbiker.com\">www.urbanbiker.com<\/a><\/p><p>C\/ Cementerio 43T, 24227 Valdelafuente (Le\u00f3n) \u2013 Espa\u00f1a, NIF ESB75551739<br \/>Tel: <a href=\"tel:+34987229760\">+34 987 229 760<\/a><\/p><h4><strong>Geltendes Recht<\/strong><\/h4><p>Alle in diesen allgemeinen Verkaufsbedingungen enthaltenen Klauseln sowie alle darin erw\u00e4hnten Transaktionen und alle Streitigkeiten, die im Zusammenhang mit einer Bestellung oder deren Folgen entstehen k\u00f6nnen, unterliegen dem spanischen Recht.<\/p><p>Wenn eine oder mehrere Bestimmungen dieser Allgemeinen Gesch\u00e4ftsbedingungen aufgrund eines Gesetzes, einer Verordnung oder einer rechtskr\u00e4ftigen Entscheidung eines zust\u00e4ndigen Gerichts f\u00fcr nichtig erkl\u00e4rt werden, bleiben die \u00fcbrigen Bestimmungen in vollem Umfang in Kraft und wirksam.<\/p>\t\t\t\t\t\t\t\t<\/div>\n\t\t\t\t<\/div>\n\t\t\t\t\t<\/div>\n\t\t<\/div>\n\t\t\t\t\t<\/div>\n\t\t<\/div>\n\t\t\t\t<\/div>\n\t\t","protected":false},"excerpt":{"rendered":"<p>ALLGEMEINE EINKAUFSBEDINGUNGEN URBANBIKER TRADING SL Diese allgemeinen Verkaufsbedingungen gelten f\u00fcr alle Verk\u00e4ufe auf der Website www.urbanbiker.com. Allgemeine Einkaufsbedingungen Diese Bedingungen gelten f\u00fcr die Beziehung zwischen UrbanBiker S.L. und den Benutzern bei der Nutzung des Online-Shops www.urbanbiker.com f\u00fcr den Kauf von Produkten und Dienstleistungen \u00fcber diesen Shop. Die Annahme der Einkaufsbedingungen setzt voraus, dass der Nutzer [&hellip;]<\/p>\n","protected":false},"author":1,"featured_media":0,"parent":0,"menu_order":0,"comment_status":"closed","ping_status":"closed","template":"template-homepage.php","meta":{"footnotes":""},"class_list":["post-38627","page","type-page","status-publish","hentry"],"yoast_head":"<!-- This site is optimized with the Yoast SEO plugin v27.5 - https:\/\/yoast.com\/product\/yoast-seo-wordpress\/ -->\n<title>Einkaufsbedingungen | UrbanBiker | UrbanBiker<\/title>\n<meta name=\"description\" content=\"Einkaufsbedingungen | UrbanBiker\" \/>\n<meta name=\"robots\" content=\"noindex, nofollow\" \/>\n<meta property=\"og:locale\" content=\"de_DE\" \/>\n<meta property=\"og:type\" content=\"article\" \/>\n<meta property=\"og:title\" content=\"Einkaufsbedingungen | UrbanBiker | UrbanBiker\" \/>\n<meta property=\"og:description\" content=\"Einkaufsbedingungen | UrbanBiker\" \/>\n<meta property=\"og:url\" content=\"https:\/\/www.urbanbiker.com\/de\/einkaufsbedingungen\/\" \/>\n<meta property=\"og:site_name\" content=\"UrbanBiker\" \/>\n<meta property=\"article:publisher\" content=\"https:\/\/www.facebook.com\/Urbanbikerbiciselectricas\" \/>\n<meta property=\"article:modified_time\" content=\"2025-07-04T08:28:37+00:00\" \/>\n<meta name=\"twitter:card\" content=\"summary_large_image\" \/>\n<meta name=\"twitter:label1\" content=\"Gesch\u00e4tzte Lesezeit\" \/>\n\t<meta name=\"twitter:data1\" content=\"8\u00a0Minute\" \/>\n<script type=\"application\/ld+json\" class=\"yoast-schema-graph\">{\"@context\":\"https:\\\/\\\/schema.org\",\"@graph\":[{\"@type\":\"WebPage\",\"@id\":\"https:\\\/\\\/www.urbanbiker.com\\\/de\\\/einkaufsbedingungen\\\/\",\"url\":\"https:\\\/\\\/www.urbanbiker.com\\\/de\\\/einkaufsbedingungen\\\/\",\"name\":\"Einkaufsbedingungen | UrbanBiker | UrbanBiker\",\"isPartOf\":{\"@id\":\"https:\\\/\\\/www.urbanbiker.com\\\/de\\\/#website\"},\"datePublished\":\"2024-11-28T15:00:58+00:00\",\"dateModified\":\"2025-07-04T08:28:37+00:00\",\"description\":\"Einkaufsbedingungen | UrbanBiker\",\"breadcrumb\":{\"@id\":\"https:\\\/\\\/www.urbanbiker.com\\\/de\\\/einkaufsbedingungen\\\/#breadcrumb\"},\"inLanguage\":\"de\",\"potentialAction\":[{\"@type\":\"ReadAction\",\"target\":[\"https:\\\/\\\/www.urbanbiker.com\\\/de\\\/einkaufsbedingungen\\\/\"]}]},{\"@type\":\"BreadcrumbList\",\"@id\":\"https:\\\/\\\/www.urbanbiker.com\\\/de\\\/einkaufsbedingungen\\\/#breadcrumb\",\"itemListElement\":[{\"@type\":\"ListItem\",\"position\":1,\"name\":\"Portada\",\"item\":\"https:\\\/\\\/www.urbanbiker.com\\\/de\\\/\"},{\"@type\":\"ListItem\",\"position\":2,\"name\":\"Einkaufsbedingungen | UrbanBiker\"}]},{\"@type\":\"WebSite\",\"@id\":\"https:\\\/\\\/www.urbanbiker.com\\\/de\\\/#website\",\"url\":\"https:\\\/\\\/www.urbanbiker.com\\\/de\\\/\",\"name\":\"UrbanBiker\",\"description\":\"Elektrische Fahrr\u00e4der\",\"publisher\":{\"@id\":\"https:\\\/\\\/www.urbanbiker.com\\\/de\\\/#organization\"},\"potentialAction\":[{\"@type\":\"SearchAction\",\"target\":{\"@type\":\"EntryPoint\",\"urlTemplate\":\"https:\\\/\\\/www.urbanbiker.com\\\/de\\\/?s={search_term_string}\"},\"query-input\":{\"@type\":\"PropertyValueSpecification\",\"valueRequired\":true,\"valueName\":\"search_term_string\"}}],\"inLanguage\":\"de\"},{\"@type\":\"Organization\",\"@id\":\"https:\\\/\\\/www.urbanbiker.com\\\/de\\\/#organization\",\"name\":\"UrbanBiker\",\"url\":\"https:\\\/\\\/www.urbanbiker.com\\\/de\\\/\",\"logo\":{\"@type\":\"ImageObject\",\"inLanguage\":\"de\",\"@id\":\"https:\\\/\\\/www.urbanbiker.com\\\/de\\\/#\\\/schema\\\/logo\\\/image\\\/\",\"url\":\"https:\\\/\\\/www.urbanbiker.com\\\/wp-content\\\/uploads\\\/2022\\\/09\\\/Logo-principal-sin-fondo.png\",\"contentUrl\":\"https:\\\/\\\/www.urbanbiker.com\\\/wp-content\\\/uploads\\\/2022\\\/09\\\/Logo-principal-sin-fondo.png\",\"width\":2560,\"height\":934,\"caption\":\"UrbanBiker\"},\"image\":{\"@id\":\"https:\\\/\\\/www.urbanbiker.com\\\/de\\\/#\\\/schema\\\/logo\\\/image\\\/\"},\"sameAs\":[\"https:\\\/\\\/www.facebook.com\\\/Urbanbikerbiciselectricas\",\"https:\\\/\\\/www.instagram.com\\\/urbanbiker_\\\/\",\"https:\\\/\\\/www.linkedin.com\\\/company\\\/2454235\",\"https:\\\/\\\/www.youtube.com\\\/channel\\\/UCWR__uH_RWJF-OhPfz-9-Qw\"]}]}<\/script>\n<!-- \/ Yoast SEO plugin. -->","yoast_head_json":{"title":"Einkaufsbedingungen | UrbanBiker | UrbanBiker","description":"Einkaufsbedingungen | UrbanBiker","robots":{"index":"noindex","follow":"nofollow"},"og_locale":"de_DE","og_type":"article","og_title":"Einkaufsbedingungen | UrbanBiker | UrbanBiker","og_description":"Einkaufsbedingungen | UrbanBiker","og_url":"https:\/\/www.urbanbiker.com\/de\/einkaufsbedingungen\/","og_site_name":"UrbanBiker","article_publisher":"https:\/\/www.facebook.com\/Urbanbikerbiciselectricas","article_modified_time":"2025-07-04T08:28:37+00:00","twitter_card":"summary_large_image","twitter_misc":{"Gesch\u00e4tzte Lesezeit":"8\u00a0Minute"},"schema":{"@context":"https:\/\/schema.org","@graph":[{"@type":"WebPage","@id":"https:\/\/www.urbanbiker.com\/de\/einkaufsbedingungen\/","url":"https:\/\/www.urbanbiker.com\/de\/einkaufsbedingungen\/","name":"Einkaufsbedingungen | UrbanBiker | UrbanBiker","isPartOf":{"@id":"https:\/\/www.urbanbiker.com\/de\/#website"},"datePublished":"2024-11-28T15:00:58+00:00","dateModified":"2025-07-04T08:28:37+00:00","description":"Einkaufsbedingungen | UrbanBiker","breadcrumb":{"@id":"https:\/\/www.urbanbiker.com\/de\/einkaufsbedingungen\/#breadcrumb"},"inLanguage":"de","potentialAction":[{"@type":"ReadAction","target":["https:\/\/www.urbanbiker.com\/de\/einkaufsbedingungen\/"]}]},{"@type":"BreadcrumbList","@id":"https:\/\/www.urbanbiker.com\/de\/einkaufsbedingungen\/#breadcrumb","itemListElement":[{"@type":"ListItem","position":1,"name":"Portada","item":"https:\/\/www.urbanbiker.com\/de\/"},{"@type":"ListItem","position":2,"name":"Einkaufsbedingungen | UrbanBiker"}]},{"@type":"WebSite","@id":"https:\/\/www.urbanbiker.com\/de\/#website","url":"https:\/\/www.urbanbiker.com\/de\/","name":"UrbanBiker","description":"Elektrische Fahrr\u00e4der","publisher":{"@id":"https:\/\/www.urbanbiker.com\/de\/#organization"},"potentialAction":[{"@type":"SearchAction","target":{"@type":"EntryPoint","urlTemplate":"https:\/\/www.urbanbiker.com\/de\/?s={search_term_string}"},"query-input":{"@type":"PropertyValueSpecification","valueRequired":true,"valueName":"search_term_string"}}],"inLanguage":"de"},{"@type":"Organization","@id":"https:\/\/www.urbanbiker.com\/de\/#organization","name":"UrbanBiker","url":"https:\/\/www.urbanbiker.com\/de\/","logo":{"@type":"ImageObject","inLanguage":"de","@id":"https:\/\/www.urbanbiker.com\/de\/#\/schema\/logo\/image\/","url":"https:\/\/www.urbanbiker.com\/wp-content\/uploads\/2022\/09\/Logo-principal-sin-fondo.png","contentUrl":"https:\/\/www.urbanbiker.com\/wp-content\/uploads\/2022\/09\/Logo-principal-sin-fondo.png","width":2560,"height":934,"caption":"UrbanBiker"},"image":{"@id":"https:\/\/www.urbanbiker.com\/de\/#\/schema\/logo\/image\/"},"sameAs":["https:\/\/www.facebook.com\/Urbanbikerbiciselectricas","https:\/\/www.instagram.com\/urbanbiker_\/","https:\/\/www.linkedin.com\/company\/2454235","https:\/\/www.youtube.com\/channel\/UCWR__uH_RWJF-OhPfz-9-Qw"]}]}},"_links":{"self":[{"href":"https:\/\/www.urbanbiker.com\/de\/wp-json\/wp\/v2\/pages\/38627","targetHints":{"allow":["GET"]}}],"collection":[{"href":"https:\/\/www.urbanbiker.com\/de\/wp-json\/wp\/v2\/pages"}],"about":[{"href":"https:\/\/www.urbanbiker.com\/de\/wp-json\/wp\/v2\/types\/page"}],"author":[{"embeddable":true,"href":"https:\/\/www.urbanbiker.com\/de\/wp-json\/wp\/v2\/users\/1"}],"replies":[{"embeddable":true,"href":"https:\/\/www.urbanbiker.com\/de\/wp-json\/wp\/v2\/comments?post=38627"}],"version-history":[{"count":49,"href":"https:\/\/www.urbanbiker.com\/de\/wp-json\/wp\/v2\/pages\/38627\/revisions"}],"predecessor-version":[{"id":50873,"href":"https:\/\/www.urbanbiker.com\/de\/wp-json\/wp\/v2\/pages\/38627\/revisions\/50873"}],"wp:attachment":[{"href":"https:\/\/www.urbanbiker.com\/de\/wp-json\/wp\/v2\/media?parent=38627"}],"curies":[{"name":"wp","href":"https:\/\/api.w.org\/{rel}","templated":true}]}}